{"id":3788,"date":"2019-07-12T22:17:24","date_gmt":"2019-07-12T20:17:24","guid":{"rendered":"https:\/\/quantum.com.pl\/?post_type=product&#038;p=3788"},"modified":"2020-12-04T14:53:52","modified_gmt":"2020-12-04T13:53:52","slug":"compact-military-avionics-edge-device-low-profile","status":"publish","type":"product","link":"https:\/\/quantum.com.pl\/pl\/product\/compact-military-avionics-edge-device-low-profile\/","title":{"rendered":"Compact, Military Avionics Edge Device (Low Profile)"},"content":{"rendered":"<p>Compact, Military Avionics Edge Device (Low Profile) zosta\u0142 opracowany na podstawie poprzedniego niestandardowego projektu. To kompaktowe urz\u0105dzenie posiada MILCOTS \u00bc Brick Power Supply do kompatybilno\u015bci napi\u0119cia z dost\u0119pn\u0105 wojskow\u0105 Avionics Power. Mo\u017cesz teraz wykorzysta\u0107 swoje oryginalne oprogramowanie do zastosowa\u0144 cyberbezpiecze\u0144stwa w nowym \u015brodowisku.<\/p>\n<p>Istniej\u0105 r\u00f3\u017cne opcje do wyboru. Niezale\u017cnie od tego, czy d\u0105\u017cysz do uzyskania ultra p\u0142askiej konstrukcji w pionie, czy te\u017c rozmiar systemu jest ograniczony w wymiarach, kontrolery SBC firmy ADL Embedded Solutions s\u0105 dost\u0119pne w r\u00f3\u017cnych rozmiarach i dostosuj\u0105 si\u0119 do twoich oczekiwa\u0144!<\/p>\n<p>Naszym celem jest twoje zadowolenie dzi\u0119ki solidnym i bezpiecznym systemom. W zwi\u0105zku z tym, integralno\u015b\u0107 sygna\u0142u, solidna funkcja i d\u0142uga niezawodno\u015b\u0107 musz\u0105 by\u0107 brane pod uwag\u0119 przy wyborze p\u0142yty procesora i karty rozszerze\u0144. Zapytaj nas o wymagane rozszerzenia \u2013 razem wdro\u017cymy tw\u00f3j odpowiedni system.<\/p>\n<h4>KORZY\u015aCI DLA KLIENT\u00d3W:<\/h4>\n<ul>\n<li>Kompaktowy rozmiar<\/li>\n<li>Dostosowany MILCOTS Power Supply<\/li>\n<li>Szeroka temperatura robocza (-40C do 85 \u00b0C)<\/li>\n<li>D\u0142ugoterminowa dost\u0119pno\u015b\u0107 \u2013 15 lat<\/li>\n<\/ul>\n","protected":false},"excerpt":{"rendered":"<p>Compact, Military Avionics Edge Device (Low Profile) zosta\u0142 opracowany na podstawie poprzedniego niestandardowego projektu. To kompaktowe urz\u0105dzenie posiada MILCOTS \u00bc Brick Power Supply do kompatybilno\u015bci napi\u0119cia z dost\u0119pn\u0105 wojskow\u0105 Avionics Power. Mo\u017cesz teraz wykorzysta\u0107 swoje oryginalne oprogramowanie do zastosowa\u0144 cyberbezpiecze\u0144stwa w nowym \u015brodowisku.<\/p>\n","protected":false},"featured_media":10781,"template":"","meta":{"_acf_changed":false,"inline_featured_image":false,"_monsterinsights_skip_tracking":false,"_monsterinsights_sitenote_active":false,"_monsterinsights_sitenote_note":"","_monsterinsights_sitenote_category":0},"product_brand":[],"product_cat":[106,246],"product_tag":[],"class_list":{"0":"post-3788","1":"product","2":"type-product","3":"status-publish","4":"has-post-thumbnail","6":"product_cat-adl-embedded-solutions","7":"product_cat-komputery-kompaktowe","9":"first","10":"instock","11":"shipping-taxable","12":"product-type-simple"},"acf":[],"_links":{"self":[{"href":"https:\/\/quantum.com.pl\/pl\/wp-json\/wp\/v2\/product\/3788","targetHints":{"allow":["GET"]}}],"collection":[{"href":"https:\/\/quantum.com.pl\/pl\/wp-json\/wp\/v2\/product"}],"about":[{"href":"https:\/\/quantum.com.pl\/pl\/wp-json\/wp\/v2\/types\/product"}],"wp:featuredmedia":[{"embeddable":true,"href":"https:\/\/quantum.com.pl\/pl\/wp-json\/wp\/v2\/media\/10781"}],"wp:attachment":[{"href":"https:\/\/quantum.com.pl\/pl\/wp-json\/wp\/v2\/media?parent=3788"}],"wp:term":[{"taxonomy":"product_brand","embeddable":true,"href":"https:\/\/quantum.com.pl\/pl\/wp-json\/wp\/v2\/product_brand?post=3788"},{"taxonomy":"product_cat","embeddable":true,"href":"https:\/\/quantum.com.pl\/pl\/wp-json\/wp\/v2\/product_cat?post=3788"},{"taxonomy":"product_tag","embeddable":true,"href":"https:\/\/quantum.com.pl\/pl\/wp-json\/wp\/v2\/product_tag?post=3788"}],"curies":[{"name":"wp","href":"https:\/\/api.w.org\/{rel}","templated":true}]}}