{"id":3794,"date":"2019-07-14T16:24:46","date_gmt":"2019-07-14T14:24:46","guid":{"rendered":"https:\/\/quantum.com.pl\/?post_type=product&#038;p=3794"},"modified":"2020-12-04T14:11:01","modified_gmt":"2020-12-04T13:11:01","slug":"adlmes9200-high-ip-67-rugged-modular-enclosure-system","status":"publish","type":"product","link":"https:\/\/quantum.com.pl\/pl\/product\/adlmes9200-high-ip-67-rugged-modular-enclosure-system\/","title":{"rendered":"ADLMES9200 High-IP (67+) Rugged Modular Enclosure System"},"content":{"rendered":"<h4>Cechy produktu:<\/h4>\n<ul>\n<li>Two sizes available to reduce time to market<\/li>\n<li>Support for Passive Fanless and High-Power Conductive-Cooled Designs<\/li>\n<li>Compatible with all ADL PC\/104 and 3.5 Single Board Computers and Power Supplies<\/li>\n<li>Uni-body design with minimal Gasket Interfaces Ensure Reliable Ingress Protection<\/li>\n<li>SWaP-Optimized for Size, Weight or Power Constrained Applications<\/li>\n<li>Front I\/O Plate can be easily customized for feature and function<\/li>\n<li>EMC-Compliance Gasket Kit for IP67<\/li>\n<li>Designed for MIL-STD 810 Rugged Applications<\/li>\n<li>Optional MIL-COTS Filter for MIL-STD 461 EMI Compliance<\/li>\n<li>Optional MIL-COTS Filter for MIL-STD 704\/1275 Power for Military Ground Vehicles and Avionics<\/li>\n<li>Optional Removable Hard Drive Options with MIL-STD 810 and Secure-Erase Storage<\/li>\n<\/ul>\n<p>Wytrzyma\u0142a obudowa ADLMES9200 IP67 jest nast\u0119pc\u0105 popularnego systemu ADLMES8200 IP65 podwozia ADL. Udoskonalenia obejmuj\u0105 mniejsz\u0105 mas\u0119, ni\u017cszy koszt, szybk\u0105 i niezawodn\u0105 integracj\u0119 IP67, do trudnych warunk\u00f3w wojskowych i przemys\u0142owych. Cechy konstrukcyjne systemu wojskowego\/obronnego obejmuj\u0105 tolerancj\u0119 MIL-STD 810 i zgodno\u015b\u0107 z MIL-STD 461\/704\/1275.<\/p>\n<p>ADLMES9200 jest kompatybilny ze wszystkimi pe\u0142nymi zakresami ADL PC\/ 104 i 3.5 BC SBC firmy Intel, pocz\u0105wszy od ATOM o niskim poborze mocy po najnowsze procesory Intel Core i5 \/ i7. Opcje zasilania obejmuj\u0105 zakres trwa\u0142o\u015bci ADL (MTBF&gt; 500 000 godzin) z opcjami filtrowania zgodnego z MIL-STD 461\/704\/1275. Jednolita konstrukcja, z minimaln\u0105, niezawodn\u0105 uszczelk\u0105 zgodn\u0105 z EMC, zapewnia lepsz\u0105 ochron\u0119 IP67 oraz monta\u017c. Dost\u0119pne s\u0105 pe\u0142ne us\u0142ugi projektowe i programistyczne do dostosowywania podwozia, okablowania, integracji i modelowania.<\/p>\n<h4>Zastosowanie:<\/h4>\n<p>Ci\u0119\u017ckie militaria\/obrona: pojazdy naziemne, obliczenia misji\/\u0142adunku, bezpieczna komunikacja, systemy SWaP dla urz\u0105dze\u0144 mobilnych, lotniczych i pojazd\u00f3w<\/p>\n<p>Ci\u0119\u017cki przemys\u0142: ropa i gaz, budowa i inspekcja dr\u00f3g, g\u00f3rnictwo, rolnictwo<\/p>\n<p>&nbsp;<\/p>\n<h4>Informacje o zamawianiu:<\/h4>\n\n<table id=\"tablepress-45\" class=\"tablepress tablepress-id-45 tbody-has-connected-cells\">\n<thead>\n<tr class=\"row-1\">\n\t<th class=\"column-1\"><strong>Item Codes\t<\/strong><\/th><th class=\"column-2\"><strong>Part#\t<\/strong><\/th><th class=\"column-3\"><strong>Description<\/strong><\/th>\n<\/tr>\n<\/thead>\n<tbody class=\"row-striping row-hover\">\n<tr class=\"row-2\">\n\t<td colspan=\"3\" class=\"column-1\"><strong style=\"display: block; text-align: center;\">Base<\/strong><\/td>\n<\/tr>\n<tr class=\"row-3\">\n\t<td class=\"column-1\">ADLMES9200-P1PA<\/td><td class=\"column-2\">9200-P1PA<\/td><td class=\"column-3\">Passive Finned with Flanged Base<br \/>\n<\/td>\n<\/tr>\n<tr class=\"row-4\">\n\t<td class=\"column-1\">ADLMES9200-P1PB<\/td><td class=\"column-2\">9200-P1PB<\/td><td class=\"column-3\">Passive Finned with Active Fan and Flanged Base<br \/>\n<\/td>\n<\/tr>\n<tr class=\"row-5\">\n\t<td class=\"column-1\">ADLMES9200-P1PC<\/td><td class=\"column-2\">9200-P1PC<\/td><td class=\"column-3\">Passive Finned with Active Fan; No Flanged Base<br \/>\n<\/td>\n<\/tr>\n<tr class=\"row-6\">\n\t<td class=\"column-1\">ADLMES9200-P1PD<\/td><td class=\"column-2\">9200-P1PD<\/td><td class=\"column-3\">Passive Finned; No Flanged Base<br \/>\n<\/td>\n<\/tr>\n<tr class=\"row-7\">\n\t<td class=\"column-1\">ADLMES9200-P1PE<\/td><td class=\"column-2\">9200-P1PE<\/td><td class=\"column-3\">Conduction Cooled with Flanged Base<br \/>\n<\/td>\n<\/tr>\n<tr class=\"row-8\">\n\t<td colspan=\"3\" class=\"column-1\"><strong style=\"display: block; text-align: center;\">Cables &amp; Accessories<\/strong><\/td>\n<\/tr>\n<tr class=\"row-9\">\n\t<td class=\"column-1\">ADLMES9200-IP67-KIT<\/td><td class=\"column-2\">ADLMES9200-IP67-KIT<\/td><td class=\"column-3\">EMC-compliant IP67 Gasket Kit for IP67 Option<br \/>\n<\/td>\n<\/tr>\n<\/tbody>\n<\/table>\n<!-- #tablepress-45 from cache -->\n","protected":false},"excerpt":{"rendered":"<p>ADLMES9200 jest nast\u0119pc\u0105 popularnego systemu podwozi ADLMES8200 firmy ADL. Udoskonalenia obejmuj\u0105 mniejsz\u0105 wag\u0119, ni\u017cszy koszt, szybk\u0105 i niezawodn\u0105 integracj\u0119 IP67, a tak\u017ce funkcje projektowania MIL-COTS, takie jak wytrzyma\u0142o\u015b\u0107 MIL-STD 810 i zgodno\u015b\u0107 z MIL-STD 461\/704\/1275. Jest kompatybilny ze wszystkimi komputerami SBC i zasilaczami PC\/104 i 3,5\u201d ADL.<\/p>\n","protected":false},"featured_media":10775,"template":"","meta":{"_acf_changed":false,"inline_featured_image":false,"_monsterinsights_skip_tracking":false,"_monsterinsights_sitenote_active":false,"_monsterinsights_sitenote_note":"","_monsterinsights_sitenote_category":0},"product_brand":[],"product_cat":[106,246],"product_tag":[],"class_list":{"0":"post-3794","1":"product","2":"type-product","3":"status-publish","4":"has-post-thumbnail","6":"product_cat-adl-embedded-solutions","7":"product_cat-komputery-kompaktowe","9":"first","10":"instock","11":"shipping-taxable","12":"product-type-simple"},"acf":[],"_links":{"self":[{"href":"https:\/\/quantum.com.pl\/pl\/wp-json\/wp\/v2\/product\/3794","targetHints":{"allow":["GET"]}}],"collection":[{"href":"https:\/\/quantum.com.pl\/pl\/wp-json\/wp\/v2\/product"}],"about":[{"href":"https:\/\/quantum.com.pl\/pl\/wp-json\/wp\/v2\/types\/product"}],"wp:featuredmedia":[{"embeddable":true,"href":"https:\/\/quantum.com.pl\/pl\/wp-json\/wp\/v2\/media\/10775"}],"wp:attachment":[{"href":"https:\/\/quantum.com.pl\/pl\/wp-json\/wp\/v2\/media?parent=3794"}],"wp:term":[{"taxonomy":"product_brand","embeddable":true,"href":"https:\/\/quantum.com.pl\/pl\/wp-json\/wp\/v2\/product_brand?post=3794"},{"taxonomy":"product_cat","embeddable":true,"href":"https:\/\/quantum.com.pl\/pl\/wp-json\/wp\/v2\/product_cat?post=3794"},{"taxonomy":"product_tag","embeddable":true,"href":"https:\/\/quantum.com.pl\/pl\/wp-json\/wp\/v2\/product_tag?post=3794"}],"curies":[{"name":"wp","href":"https:\/\/api.w.org\/{rel}","templated":true}]}}