{"id":3802,"date":"2019-07-14T17:10:27","date_gmt":"2019-07-14T15:10:27","guid":{"rendered":"https:\/\/quantum.com.pl\/?post_type=product&#038;p=3802"},"modified":"2020-12-04T14:08:14","modified_gmt":"2020-12-04T13:08:14","slug":"adlmes8200-high-ip-60-rugged-modular-enclosure-system","status":"publish","type":"product","link":"https:\/\/quantum.com.pl\/pl\/product\/adlmes8200-high-ip-60-rugged-modular-enclosure-system\/","title":{"rendered":"ADLMES8200 High-IP (60+) Rugged Modular Enclosure System"},"content":{"rendered":"<h4>Cechy produktu:<\/h4>\n<ul>\n<li>Modular Design Supports Variable Stack Heights<\/li>\n<li>Three Basic Size Profiles Available To Reduce Time To Market<\/li>\n<li>Front I\/O Plate Can Be Easily Customized For Feature and Function<\/li>\n<li>High and Low Ingress Protection (IP) Systems Possible via High IP Modular Chassis Design Coupled With Full<\/li>\n<li>Custom, Quick-Turn Faceplate\/Backplate and High IP Connectors<\/li>\n<li>Thermally Conductive Base, Ribbed Sidewalls and Finned Top For Superior Conductive and Radiative Cooling<\/li>\n<li>Easily Support Changes To Long-Running Projects Without Replacing Entire Enclosure<\/li>\n<li>Only Available as Part of Full System Design<\/li>\n<\/ul>\n<p>ADLMES 8200 to innowacja w obudowie wbudowanej. Jego wysoce konfigurowalna modu\u0142owo\u015b\u0107 umo\u017cliwia rozbudow\u0119 lub redukcj\u0119 systemu bez konieczno\u015bci wymiany ca\u0142ej obudowy. Modu\u0142y boczne mo\u017cna dodawa\u0107 lub usuwa\u0107 w miar\u0119 ewolucji wymaga\u0144 systemowych. Trzy podstawowe profile rozmiar\u00f3w zapewniaj\u0105 punkt pocz\u0105tkowy du\u017cej dost\u0119pno\u015bci do spe\u0142nienia specyfikacji. Po zintegrowaniu, ADLMES 8200 pozwala na wyd\u0142u\u017cenie \u017cywotno\u015bci istniej\u0105cych produkt\u00f3w, umo\u017cliwiaj\u0105c modyfikacj\u0119 obudowy przy minimalnym wp\u0142ywie; przek\u0142ada si\u0119 na ni\u017csze koszty rozwoju i utrzymania oraz kr\u00f3tsze cykle rozwoju.<\/p>\n<p>Podstawa termoprzewodz\u0105ca ADLMES 8200, \u017cebrowane \u015bciany boczne i \u017cebrowane g\u00f3rne zapewniaj\u0105 radiacyjne i przewodz\u0105ce \u015bcie\u017cki ch\u0142odz\u0105ce dla lepszego zarz\u0105dzania temperatur\u0105 na zewn\u0105trz obudowy. P\u0142yta czo\u0142owa ADLMES mo\u017ce by\u0107 szybko obracana i dostosowywana do niestandardowych specyfikacji w celu obs\u0142ugi wi\u0119kszo\u015bci typ\u00f3w z\u0142\u0105czy I\/O. Je\u015bli wymagane s\u0105 dodatkowe z\u0142\u0105cza, p\u0142yt\u0119 tyln\u0105 MES mo\u017cna r\u00f3wnie\u017c dostosowa\u0107 w minimalnej konfiguracji.<\/p>\n<p>ADLMES 8200 mo\u017ce by\u0107 dodatkowo dostosowany do wysokich wymaga\u0144 IP poprzez wymian\u0119 przedniej p\u0142yty I\/O i ramki na niestandardowy frezowany panel czo\u0142owy, kt\u00f3ry obs\u0142uguje wst\u0119pnie specyfikowane wysokie z\u0142\u0105cza IP. Obs\u0142ugiwane przez zesp\u00f3\u0142 ADL Embedded Solutions, z zespo\u0142u in\u017cynier\u00f3w projektuj\u0105cych i modeluj\u0105cych SolidWorks, dostosowania s\u0105 obs\u0142ugiwane fachowo i wydajnie.<\/p>\n<p>Komponenty modu\u0142owe oznaczaj\u0105 wysok\u0105 dost\u0119pno\u015b\u0107 i skr\u00f3cenie czasu wprowadzania na rynek.<\/p>\n<p>&nbsp;<\/p>\n<h4>Informacje o zamawianiu:<\/h4>\n\n<table id=\"tablepress-46\" class=\"tablepress tablepress-id-46 tbody-has-connected-cells\">\n<thead>\n<tr class=\"row-1\">\n\t<th class=\"column-1\"><strong>Item Codes\t<\/strong><\/th><th class=\"column-2\"><strong>Part#\t<\/strong><\/th><th class=\"column-3\"><strong>Description<\/strong><br \/>\n<\/th>\n<\/tr>\n<\/thead>\n<tbody class=\"row-striping row-hover\">\n<tr class=\"row-2\">\n\t<td colspan=\"3\" class=\"column-1\"><strong style=\"display: block; text-align: center;\">Base<\/strong><\/td>\n<\/tr>\n<tr class=\"row-3\">\n\t<td class=\"column-1\">ADLMES 8200-LP<\/td><td class=\"column-2\">8200-LP<\/td><td class=\"column-3\">Modular Enclosure, Low Profile, 2 Card<br \/>\n<\/td>\n<\/tr>\n<tr class=\"row-4\">\n\t<td class=\"column-1\">ADLMES 8200-P1<\/td><td class=\"column-2\">8200-P1<\/td><td class=\"column-3\">Modular Enclosure, Plus 1, 4 Card<br \/>\n<\/td>\n<\/tr>\n<tr class=\"row-5\">\n\t<td class=\"column-1\">ADLMES 8200-P2<\/td><td class=\"column-2\">8200-P2<\/td><td class=\"column-3\">Modular Enclosure, Plus 2, 6 Card<br \/>\n<\/td>\n<\/tr>\n<tr class=\"row-6\">\n\t<td colspan=\"3\" class=\"column-1\"><strong style=\"display: block; text-align: center;\">Cables &amp; Accessories<\/strong><\/td>\n<\/tr>\n<tr class=\"row-7\">\n\t<td class=\"column-1\">ADLMES-8200-CK<\/td><td class=\"column-2\"><\/td><td class=\"column-3\">Cable Kit, IP-55<br \/>\n<\/td>\n<\/tr>\n<tr class=\"row-8\">\n\t<td class=\"column-1\">AD180-AAAN1-RDN2<\/td><td class=\"column-2\">AD180-AAAN1-RDN2<\/td><td class=\"column-3\">+24VOUT CEC Compliant AC to DC Converter<br \/>\n<\/td>\n<\/tr>\n<\/tbody>\n<\/table>\n<!-- #tablepress-46 from cache -->\n","protected":false},"excerpt":{"rendered":"<p>ADLMES 8200 jest wysoce konfigurowalnym, modu\u0142owym systemem szaf sterowniczych, przeznaczonym do szybkiego dostarczania wytrzyma\u0142ych i rozszerzonej obudowy temperaturowej do r\u00f3\u017cnych zastosowa\u0144.<\/p>\n","protected":false},"featured_media":10773,"template":"","meta":{"_acf_changed":false,"inline_featured_image":false,"_monsterinsights_skip_tracking":false,"_monsterinsights_sitenote_active":false,"_monsterinsights_sitenote_note":"","_monsterinsights_sitenote_category":0},"product_brand":[],"product_cat":[106,246],"product_tag":[],"class_list":{"0":"post-3802","1":"product","2":"type-product","3":"status-publish","4":"has-post-thumbnail","6":"product_cat-adl-embedded-solutions","7":"product_cat-komputery-kompaktowe","9":"first","10":"instock","11":"shipping-taxable","12":"product-type-simple"},"acf":[],"_links":{"self":[{"href":"https:\/\/quantum.com.pl\/pl\/wp-json\/wp\/v2\/product\/3802","targetHints":{"allow":["GET"]}}],"collection":[{"href":"https:\/\/quantum.com.pl\/pl\/wp-json\/wp\/v2\/product"}],"about":[{"href":"https:\/\/quantum.com.pl\/pl\/wp-json\/wp\/v2\/types\/product"}],"wp:featuredmedia":[{"embeddable":true,"href":"https:\/\/quantum.com.pl\/pl\/wp-json\/wp\/v2\/media\/10773"}],"wp:attachment":[{"href":"https:\/\/quantum.com.pl\/pl\/wp-json\/wp\/v2\/media?parent=3802"}],"wp:term":[{"taxonomy":"product_brand","embeddable":true,"href":"https:\/\/quantum.com.pl\/pl\/wp-json\/wp\/v2\/product_brand?post=3802"},{"taxonomy":"product_cat","embeddable":true,"href":"https:\/\/quantum.com.pl\/pl\/wp-json\/wp\/v2\/product_cat?post=3802"},{"taxonomy":"product_tag","embeddable":true,"href":"https:\/\/quantum.com.pl\/pl\/wp-json\/wp\/v2\/product_tag?post=3802"}],"curies":[{"name":"wp","href":"https:\/\/api.w.org\/{rel}","templated":true}]}}