{"id":3810,"date":"2019-07-14T18:09:03","date_gmt":"2019-07-14T16:09:03","guid":{"rendered":"https:\/\/quantum.com.pl\/?post_type=product&#038;p=3810"},"modified":"2020-12-04T14:30:25","modified_gmt":"2020-12-04T13:30:25","slug":"adlrhd-1650-removable-hard-drive-mil-std-810-for-adlmes","status":"publish","type":"product","link":"https:\/\/quantum.com.pl\/pl\/product\/adlrhd-1650-removable-hard-drive-mil-std-810-for-adlmes\/","title":{"rendered":"ADLRHD-1650 Removable Hard Drive (MIL-STD 810) for ADLMES"},"content":{"rendered":"<h4>Cechy produktu:<\/h4>\n<ul>\n<li>Designed for MIL-STD 810 Operation<\/li>\n<li>Durable Milled Aluminum Construction<\/li>\n<li>Durable Hyperboloid SATA Connector<\/li>\n<li>Rated for 100,000 SSD Insertions<\/li>\n<li>Rugged Mounted for MIL-STD 810 Shock and Vibration<\/li>\n<li>Positive Mating Action<\/li>\n<li>Ultra-Low Electrical Resistance<\/li>\n<li>32GB to 640GB 2.5\u201d SATA With Milled Aluminum Casing, SLC\/MLC, Industrial Temp Range<\/li>\n<li>Support for Military-Erase Protocols<\/li>\n<li>DOD NISPOM 5220.22-M<\/li>\n<li>NSA\/CSS 9-12<\/li>\n<li>NSA\/CSS 130-2<\/li>\n<li>ARMY AR 390-19<\/li>\n<li>-40C to +85C Operation<\/li>\n<\/ul>\n<p>ADLRHD-1650 zosta\u0142 opracowany do zastosowa\u0144 wojskowych i przemys\u0142owych, kt\u00f3re mog\u0105 wykorzystywa\u0107 mo\u017cliwo\u015b\u0107 wytrzyma\u0142o\u015bci na wstrz\u0105sy i wibracje MIL-STD 810, ale wymagaj\u0105 r\u00f3wnie\u017c cz\u0119stego wyjmowania lub wymiany dysku SATA w celu pobierania danych, konserwacji, bezpiecze\u0144stwa i innych.<\/p>\n<p>ADLRHD-1650 jest wyposa\u017cony w wytrzyma\u0142e z\u0142\u0105cze hiperboloidalne z odporno\u015bci\u0105 na wstrz\u0105sy i wibracje MIL-STD 810, pozytywne dzia\u0142anie \u0142\u0105cz\u0105ce, nisk\u0105 rezystancj\u0119 elektryczn\u0105 i do 100 000 2,5-calowych wk\u0142adek SATA. Ponadto ADLRHD-1650 wyposa\u017cony jest w dyski SSD SATA III klasy wojskowej 2,5 \u201dz frezowan\u0105 aluminiow\u0105 obudow\u0105, solidnie zamontowan\u0105 wewn\u0119trzn\u0105 p\u0142ytk\u0105 drukowan\u0105, trwa\u0142\u0105 pami\u0119ci\u0105 flash NAND SLC, obs\u0142ug\u0105 od -40C do + 85C oraz obs\u0142ug\u0105 protoko\u0142u Military Erase. Obs\u0142ugiwane protoko\u0142y bezpiecznego usuwania obejmuj\u0105 DOD NISPOM 5220.22-M, NSA \/ CSS 9-12, NSA \/ CSS 130-2, ARMY AR 390-19 i inne.<\/p>\n<p>&nbsp;<\/p>\n<h4>Informacje o zamawianiu:<\/h4>\n\n<table id=\"tablepress-47\" class=\"tablepress tablepress-id-47 tbody-has-connected-cells\">\n<thead>\n<tr class=\"row-1\">\n\t<th class=\"column-1\"><strong>Item Codes\t<\/strong><\/th><th class=\"column-2\"><strong>Part#\t<\/strong><\/th><th class=\"column-3\"><strong>Description<\/strong><br \/>\n<\/th>\n<\/tr>\n<\/thead>\n<tbody class=\"row-striping row-hover\">\n<tr class=\"row-2\">\n\t<td colspan=\"3\" class=\"column-1\"><strong style=\"display: block; text-align: center;\">Base<\/strong><\/td>\n<\/tr>\n<tr class=\"row-3\">\n\t<td class=\"column-1\">ADLRHD-1650<\/td><td class=\"column-2\"><\/td><td class=\"column-3\">Base RHD Assembly: Milled Mechanism, Interface PCB, Cablin<br \/>\n<\/td>\n<\/tr>\n<\/tbody>\n<\/table>\n<!-- #tablepress-47 from cache -->\n<p>&nbsp;<\/p>\n<p>&nbsp;<\/p>\n","protected":false},"excerpt":{"rendered":"<p>ADLRHD-1650 zosta\u0142 opracowany do zastosowa\u0144 wojskowych i przemys\u0142owych, kt\u00f3re mog\u0105 wykorzystywa\u0107 mo\u017cliwo\u015b\u0107 wytrzyma\u0142o\u015bci na wstrz\u0105sy i wibracje MIL-STD 810, ale wymagaj\u0105 r\u00f3wnie\u017c cz\u0119stego wyjmowania lub wymiany dysku SATA w celu pobierania danych, konserwacji, bezpiecze\u0144stwa i innych.<\/p>\n","protected":false},"featured_media":10777,"template":"","meta":{"_acf_changed":false,"inline_featured_image":false,"_monsterinsights_skip_tracking":false,"_monsterinsights_sitenote_active":false,"_monsterinsights_sitenote_note":"","_monsterinsights_sitenote_category":0},"product_brand":[],"product_cat":[106,246],"product_tag":[],"class_list":{"0":"post-3810","1":"product","2":"type-product","3":"status-publish","4":"has-post-thumbnail","6":"product_cat-adl-embedded-solutions","7":"product_cat-komputery-kompaktowe","9":"first","10":"instock","11":"shipping-taxable","12":"product-type-simple"},"acf":[],"_links":{"self":[{"href":"https:\/\/quantum.com.pl\/pl\/wp-json\/wp\/v2\/product\/3810","targetHints":{"allow":["GET"]}}],"collection":[{"href":"https:\/\/quantum.com.pl\/pl\/wp-json\/wp\/v2\/product"}],"about":[{"href":"https:\/\/quantum.com.pl\/pl\/wp-json\/wp\/v2\/types\/product"}],"wp:featuredmedia":[{"embeddable":true,"href":"https:\/\/quantum.com.pl\/pl\/wp-json\/wp\/v2\/media\/10777"}],"wp:attachment":[{"href":"https:\/\/quantum.com.pl\/pl\/wp-json\/wp\/v2\/media?parent=3810"}],"wp:term":[{"taxonomy":"product_brand","embeddable":true,"href":"https:\/\/quantum.com.pl\/pl\/wp-json\/wp\/v2\/product_brand?post=3810"},{"taxonomy":"product_cat","embeddable":true,"href":"https:\/\/quantum.com.pl\/pl\/wp-json\/wp\/v2\/product_cat?post=3810"},{"taxonomy":"product_tag","embeddable":true,"href":"https:\/\/quantum.com.pl\/pl\/wp-json\/wp\/v2\/product_tag?post=3810"}],"curies":[{"name":"wp","href":"https:\/\/api.w.org\/{rel}","templated":true}]}}