{"id":3822,"date":"2019-07-16T23:38:51","date_gmt":"2019-07-16T21:38:51","guid":{"rendered":"https:\/\/quantum.com.pl\/?post_type=product&#038;p=3822"},"modified":"2020-12-04T14:38:38","modified_gmt":"2020-12-04T13:38:38","slug":"adlvis-1700-vision-system","status":"publish","type":"product","link":"https:\/\/quantum.com.pl\/pl\/product\/adlvis-1700-vision-system\/","title":{"rendered":"ADLVIS-1700 (VISION SYSTEM)"},"content":{"rendered":"<h4>Cechy produktu:<\/h4>\n<ul>\n<li>CPU: Intel\u00ae Core&#x2122; Celeron\/I5\/I7 Processor (Haswell)<\/li>\n<li>CPU Choice: Celeron 2000E, i5-4400E, i7-4700EQ<\/li>\n<li>Chipset: Intel\u00ae QM87 Lynx Point-M<\/li>\n<li>RAM: Up to 8GB DDR3L 1600MHz<\/li>\n<\/ul>\n<p>Od maszynowych system\u00f3w wizyjnych do automatyzacji, przez robotyk\u0119 lub komercyjne zastosowania dron\u00f3w po nauk\u0119 i rolnictwo oraz nadz\u00f3r wojskowy. Rozwi\u0105zania ADL Embedded Solutions s\u0105 dobrze osadzone we wszystkich aspektach projektowania wizyjnego, t.j. szybkie framegrabbers, przechowywanie, przetwarzanie, projektowanie systemu i zarz\u0105dzanie termiczne. ADL Embedded Solutions od wielu lat \u0142\u0105czy rozwi\u0105zania wizyjne dla klient\u00f3w. Obejmuje to systemy wykorzystuj\u0105ce NTSC\/PAL, SDI i HD-SDI do wydajnych framegrabber\u00f3w wykorzystuj\u0105cych najnowsze interfejsy przechwytywania obraz\u00f3w, takie jak CoaXPress i technologie Cameralink.<\/p>\n<h4>Zastosowanie:<\/h4>\n<ul>\n<li>Machine Vision dla automatyzacji fabryki<\/li>\n<li>Commercial Drone Payload Computers do Hyperspectral, Multispectral, SWIR lub LiDAR<\/li>\n<li>Nadz\u00f3r ruchu<\/li>\n<li>Kontrola i monitorowanie bezpiecze\u0144stwa<\/li>\n<li>Systemy bezza\u0142ogowe &#8211; przechwytywanie obrazu\/wideo o wysokiej rozdzielczo\u015bci<\/li>\n<li>Szybka zautomatyzowana kontrola optyczna<\/li>\n<li>Akwizycja obrazu liniowego o bardzo wysokiej rozdzielczo\u015bci<\/li>\n<li>ISR wojska i obrony<\/li>\n<li>Analiza ruchu i nagrywanie z du\u017c\u0105 szybko\u015bci\u0105 klatek<\/li>\n<\/ul>\n<p>&nbsp;<\/p>\n<h4>Informacje o zamawianiu:<\/h4>\n\n<table id=\"tablepress-48\" class=\"tablepress tablepress-id-48 tbody-has-connected-cells\">\n<thead>\n<tr class=\"row-1\">\n\t<th class=\"column-1\"><strong>Item Codes\t<\/strong><\/th><th class=\"column-2\"><strong>Part#\t<\/strong><\/th><th class=\"column-3\"><strong>Description<\/strong><br \/>\n<\/th>\n<\/tr>\n<\/thead>\n<tbody class=\"row-striping row-hover\">\n<tr class=\"row-2\">\n\t<td colspan=\"3\" class=\"column-1\"><strong style=\"display: block; text-align: center;\">Base<\/strong><\/td>\n<\/tr>\n<tr class=\"row-3\">\n\t<td class=\"column-1\">ADLVIS-1700-CL<\/td><td class=\"column-2\">tbd.<\/td><td class=\"column-3\">ADLVIS-1700 IPC with 2 Camera Link Ports<br \/>\n<\/td>\n<\/tr>\n<tr class=\"row-4\">\n\t<td class=\"column-1\">ADLVIS-1700-CXP<\/td><td class=\"column-2\">tbd.<\/td><td class=\"column-3\">ADLVIS-1700 IPC with 2 CoaXpress Ports<br \/>\n<\/td>\n<\/tr>\n<tr class=\"row-5\">\n\t<td colspan=\"3\" class=\"column-1\"><strong style=\"display: block; text-align: center;\">Cables &amp; Accessories<\/strong><\/td>\n<\/tr>\n<tr class=\"row-6\">\n\t<td class=\"column-1\">ADLVIS-1700-KIT<\/td><td class=\"column-2\">tbd.<\/td><td class=\"column-3\">Cable-Kit Option<br \/>\n<\/td>\n<\/tr>\n<\/tbody>\n<\/table>\n<!-- #tablepress-48 from cache -->\n<p>&nbsp;<\/p>\n","protected":false},"excerpt":{"rendered":"<p>Od maszynowych system\u00f3w wizyjnych do automatyzacji, przez robotyk\u0119 lub komercyjne zastosowania dron\u00f3w po nauk\u0119 i rolnictwo oraz nadz\u00f3r wojskowy. Rozwi\u0105zania ADL Embedded Solutions s\u0105 dobrze osadzone we wszystkich aspektach projektowania wizyjnego, t.j. szybkie framegrabbers, przechowywanie, przetwarzanie, projektowanie systemu i zarz\u0105dzanie termiczne.<\/p>\n","protected":false},"featured_media":10779,"template":"","meta":{"_acf_changed":false,"inline_featured_image":false,"_monsterinsights_skip_tracking":false,"_monsterinsights_sitenote_active":false,"_monsterinsights_sitenote_note":"","_monsterinsights_sitenote_category":0},"product_brand":[],"product_cat":[106,246,1585],"product_tag":[],"class_list":{"0":"post-3822","1":"product","2":"type-product","3":"status-publish","4":"has-post-thumbnail","6":"product_cat-adl-embedded-solutions","7":"product_cat-komputery-kompaktowe","8":"product_cat-komputery-kompatkowe-boxpc","10":"first","11":"instock","12":"shipping-taxable","13":"product-type-simple"},"acf":[],"_links":{"self":[{"href":"https:\/\/quantum.com.pl\/pl\/wp-json\/wp\/v2\/product\/3822","targetHints":{"allow":["GET"]}}],"collection":[{"href":"https:\/\/quantum.com.pl\/pl\/wp-json\/wp\/v2\/product"}],"about":[{"href":"https:\/\/quantum.com.pl\/pl\/wp-json\/wp\/v2\/types\/product"}],"wp:featuredmedia":[{"embeddable":true,"href":"https:\/\/quantum.com.pl\/pl\/wp-json\/wp\/v2\/media\/10779"}],"wp:attachment":[{"href":"https:\/\/quantum.com.pl\/pl\/wp-json\/wp\/v2\/media?parent=3822"}],"wp:term":[{"taxonomy":"product_brand","embeddable":true,"href":"https:\/\/quantum.com.pl\/pl\/wp-json\/wp\/v2\/product_brand?post=3822"},{"taxonomy":"product_cat","embeddable":true,"href":"https:\/\/quantum.com.pl\/pl\/wp-json\/wp\/v2\/product_cat?post=3822"},{"taxonomy":"product_tag","embeddable":true,"href":"https:\/\/quantum.com.pl\/pl\/wp-json\/wp\/v2\/product_tag?post=3822"}],"curies":[{"name":"wp","href":"https:\/\/api.w.org\/{rel}","templated":true}]}}