{"id":3852,"date":"2019-08-07T20:24:03","date_gmt":"2019-08-07T18:24:03","guid":{"rendered":"https:\/\/quantum.com.pl\/?post_type=product&#038;p=3852"},"modified":"2020-05-08T21:52:16","modified_gmt":"2020-05-08T19:52:16","slug":"5-portowa-przemyslowa-gigabitowa-zapora-ogniowa-router","status":"publish","type":"product","link":"https:\/\/quantum.com.pl\/pl\/product\/5-portowa-przemyslowa-gigabitowa-zapora-ogniowa-router\/","title":{"rendered":"5-portowy przemys\u0142owy gigabitowy firewall \/ router"},"content":{"rendered":"<h4>GUARD-F2<\/h4>\n<p id=\"tw-target-text\" class=\"tw-data-text tw-ta tw-text-small\" dir=\"ltr\" data-placeholder=\"T\u0142umaczenie\"><span lang=\"pl\" tabindex=\"0\">GUARD-F2 dodaje do gamy produkt\u00f3w MPL Networking dodatkow\u0105 wytrzyma\u0142\u0105 przemys\u0142ow\u0105 zapor\u0119 gigabitow\u0105 i router VPN. GUARD-F2 jest wyposa\u017cony w 5 interfejs\u00f3w Gigabit Ethernet. Sprawdzona obudowa GUARD pozwala obs\u0142ugiwa\u0107 firewall w trudnych warunkach bez wentylator\u00f3w lub otwor\u00f3w wentylacyjnych i mo\u017cna j\u0105 \u0142atwo zamontowa\u0107 na szynie DIN 35 mm lub \u015bcianie. Kompaktowa obudowa oferuje wystarczaj\u0105c\u0105 ilo\u015b\u0107 miejsca, aby doda\u0107 MAGBES (Managed Gigabit Switch) lub inne urz\u0105dzenia peryferyjne. GUARD-F2 mo\u017ce by\u0107 dostosowany do twoich potrzeb, nawet z obudow\u0105 IP67 i z\u0142\u0105czami MIL lub otwart\u0105 ram\u0105 z g\u0142owicami blokuj\u0105cymi.\u00a0<\/span><\/p>\n<h4 id=\"tw-target-text\" class=\"tw-data-text tw-ta tw-text-medium\" dir=\"ltr\" data-placeholder=\"T\u0142umaczenie\"><span lang=\"pl\" tabindex=\"0\">Najwa\u017cniejsze cechy GUARD-F2<\/span><\/h4>\n<p>Zakres temperatur pracy wynosi od -20\u00b0C do +60\u00b0C i opcjonalnie do -40\u00b0C do +85\u00b0C bez wentylatora lub otwor\u00f3w obudowy. Mo\u017cliwo\u015b\u0107 oferowania port\u00f3w miedzianych oraz SFP dla r\u00f3\u017cnych rozwi\u0105za\u0144 \u015bwiat\u0142owodowych sprawia, \u017ce\u00a0 ten produkt jest uniwersalny. Wewn\u0119trzne gniazdo miniPCIe umo\u017cliwia r\u00f3\u017cne rozszerzenia (WLAN, GPRS &#8230;).<\/p>\n<ul>\n<li>Szeroki zakres napi\u0119cia wej\u015bciowego (8 &#8211; 36 VDC)<\/li>\n<li>5 port\u00f3w Ethernet 1 GBit (opcjonalnie porty \u015bwiat\u0142owodowe)<\/li>\n<li>Obs\u0142uguje modu\u0142y SFP zgodnie z umow\u0105 SFP Multi Source (MSA)<\/li>\n<li>Kompatybilny z Ethernetem 10 \/ 100Base-FX lub 1000Base-FX Ethernet (jedno- i wielomodowy)<\/li>\n<li>Obs\u0142uga EAL4 (opcjonalnie)<\/li>\n<\/ul>\n<p id=\"tw-target-text\" class=\"tw-data-text tw-ta tw-text-small\" dir=\"ltr\" data-placeholder=\"T\u0142umaczenie\"><span lang=\"pl\" tabindex=\"0\">Te cechy sprawiaj\u0105, \u017ce GUARD-F2 jest idealnym i najbezpieczniejszym rozwi\u0105zaniem dla wszystkich wytrzyma\u0142ych aplikacji przemys\u0142owych i obronnych, w kt\u00f3rych jako\u015b\u0107, niezawodno\u015b\u0107, niskie zu\u017cycie energii i d\u0142ugoterminowa dost\u0119pno\u015b\u0107 s\u0105 kluczowe. GUARD-F2 mo\u017ce by\u0107 u\u017cywany np. do zastosowa\u0144 kolejowych, morskich lub obronnych, a OpenWRT zapewnia bezpiecze\u0144stwo, kt\u00f3rego potrzebujesz w swoim \u015brodowisku.\u00a0<\/span><\/p>\n<p dir=\"ltr\" data-placeholder=\"T\u0142umaczenie\">GUARD-F2 jest dost\u0119pny dla r\u00f3\u017cnych bran\u017c i jest idealnym rozwi\u0105zaniem dla \u015brodowisk przemys\u0142owych, aplikacji kolejowych, aplikacji MIL \/ COTS lub wsz\u0119dzie tam, gdzie potrzebna jest trwa\u0142y firewall \/ router.<\/p>\n<div id=\"tw-target-text-container\" class=\"tw-ta-container tw-nfl\">\n<h4 id=\"tw-target-text\" class=\"tw-data-text tw-ta tw-text-medium\" dir=\"ltr\" data-placeholder=\"T\u0142umaczenie\"><span lang=\"pl\" tabindex=\"0\">W\u0142a\u015bciwo\u015bci techniczne:<\/span><\/h4>\n\n<table id=\"tablepress-51\" class=\"tablepress tablepress-id-51 tbody-has-connected-cells\">\n<thead>\n<tr class=\"row-1\">\n\t<th class=\"column-1\">Reference<\/th><th class=\"column-2\">Descriptions<br \/>\n<\/th>\n<\/tr>\n<\/thead>\n<tbody class=\"row-striping row-hover\">\n<tr class=\"row-2\">\n\t<td class=\"column-1\">GUARD-F1<\/td><td class=\"column-2\">Rugged Industrial Firewall\/Router with 3 Gigabit Ethernet ports ( 1 x RJ45 and 2 x RJ45\/SFP slots), preinstalled OpenWRT embedded Linux distribution. (Housing has to be added separately)<br \/>\n<\/td>\n<\/tr>\n<tr class=\"row-3\">\n\t<td class=\"column-1\">GUARD-F12<\/td><td class=\"column-2\">Rugged Industrial Firewall\/Router with 3 Fast Ethernet ports on M12 connectors, pre-installed OpenWRT embedded Linux distribution. For Railways with EN50155 Class Tx Certificate.<br \/>\n<\/td>\n<\/tr>\n<tr class=\"row-4\">\n\t<td class=\"column-1\">GUARD-FS1<\/td><td class=\"column-2\">Rugged Industrial Firewall\/Router with 2 Gigabit Ethernet ports (2x RJ45 or 2x SFP) and a 4 port switch (MAGBES-13) with 3x RJ45 and 1x SFP port, preinstalled OpenWRT embedded Linux. (Housing has to be added separately)<br \/>\n<\/td>\n<\/tr>\n<tr class=\"row-5\">\n\t<td class=\"column-1\">GUARD-FS2<\/td><td class=\"column-2\">Rugged Industrial Firewall\/Router with 2 Gigabit Ethernet ports (2x RJ45 or 2x SFP) and a 4 port Switch (MAGBES-12) with 2x RJ45 and 2x SFP ports, preinstalled OpenWRT embedded Linux. (Housing has to be added separately)<br \/>\n<\/td>\n<\/tr>\n<tr class=\"row-6\">\n\t<td class=\"column-1\">GUARD-FS3<\/td><td class=\"column-2\">Rugged Industrial Firewall\/Router with 2 Gigabit Ethernet ports (2x RJ45 or 2x SFP) and a 4 port switch (MAGBES-11) with 4x RJ45, preinstalled OpenWRT embedded Linux. (Housing has to be added separately)<br \/>\n<\/td>\n<\/tr>\n<tr class=\"row-7\">\n\t<td class=\"column-1\">GUARD-Cx<\/td><td class=\"column-2\">GUARD Solution assembled &amp; mounted according the customer needs &amp; requirements (e.g. with special housing, depopulated parts, installing a customers application, ....)<br \/>\n<\/td>\n<\/tr>\n<tr class=\"row-8\">\n\t<td colspan=\"2\" class=\"column-1\">GUARD Housing<br \/>\n<\/td>\n<\/tr>\n<tr class=\"row-9\">\n\t<td class=\"column-1\">GUARD 62-1<\/td><td class=\"column-2\">Ultra Compact Housing with internally chromated Aluminum and stainless steel plates.<br \/>\nHousing size: 62.1 x 162.1 x 118mm (W x D x H), DIN-Rail, external Aluminum is RAL7016 powder coated.<\/td>\n<\/tr>\n<tr class=\"row-10\">\n\t<td class=\"column-1\">GUARD 62-2<\/td><td class=\"column-2\">Ultra Compact Housing with internally chromated Aluminum and stainless steel plates. <br \/>\nHousing size: 62.1 x 162.1 x 118mm (W x D x H); Wall mounting plate for 4 screws<\/td>\n<\/tr>\n<\/tbody>\n<\/table>\n<!-- #tablepress-51 from cache -->\n<div id=\"tw-target-text-container\" class=\"tw-ta-container tw-nfl\">\n<h4 id=\"tw-target-text\" class=\"tw-data-text tw-ta tw-text-medium\" dir=\"ltr\" data-placeholder=\"T\u0142umaczenie\"><span lang=\"pl\" tabindex=\"0\">Oprogramowanie:<\/span><\/h4>\n<p>GUARD-F2 jest fabrycznie wyposa\u017cony w dostosowan\u0105 wersj\u0119 OpenWrt (www.openwrt.org). Ta wbudowana dystrybucja oparta na systemie Linux zapewnia wszystkie funkcje wymagane do dzia\u0142ania jako zapora i router IPV4 i \/ lub IPV6. Ogromna liczba dodatkowych pakiet\u00f3w dost\u0119pnych w po\u0142\u0105czeniu z obs\u0142ug\u0105 MPL pozwala stworzy\u0107 rozwi\u0105zanie dla ka\u017cdego projektu routingu lub firewallu.<\/p>\n<div id=\"tw-target-text-container\" class=\"tw-ta-container tw-nfl\">\n<h4 id=\"tw-target-text\" class=\"tw-data-text tw-ta tw-text-medium\" dir=\"ltr\" data-placeholder=\"T\u0142umaczenie\"><span lang=\"pl\" tabindex=\"0\">Funkcje i protoko\u0142y:<\/span><\/h4>\n<ul class=\"lessmargin\">\n<li>TCP\/IP V4 and V6, IPsec<\/li>\n<li>QoS (Quality Of Service) capable<\/li>\n<li>SIIT(IPV4-over-IPV6 translation)<\/li>\n<li>Miredo\/Teredo (IPV6 over IPV4 tunneling)<\/li>\n<li>PPP (Point-to-Point Protocol)<\/li>\n<li>Network address translation<\/li>\n<li>Multi WAN Setup (failover and load balancing)<\/li>\n<li>DHCP Server for IPV4 and IPV6<\/li>\n<li>DNS server\/forwarder<\/li>\n<li>Support for dynamic DNS providers<\/li>\n<li>OpenVPN support<\/li>\n<li>OpenConnect client support<\/li>\n<li>Firewall based on Linux iptables<\/li>\n<li>SSH and telnet device access<\/li>\n<li>Snort (lightweight intrusion detection)<\/li>\n<li>Routing daemons (OSPF, RIP, BGP, &#8230;)<\/li>\n<\/ul>\n<pre class=\"tw-ta tw-text-medium\" lang=\"pl\"><\/pre>\n<\/div>\n<div id=\"z6maec\" class=\"tw-ta-container tw-nfl\">\n<pre id=\"tw-target-rmn\" class=\"tw-data-placeholder tw-ta tw-text-small\" dir=\"ltr\" data-placeholder=\"\"><\/pre>\n<pre class=\"tw-ta tw-text-small\"><\/pre>\n<\/div>\n<pre class=\"tw-ta tw-text-large\" lang=\"pl\"><\/pre>\n<\/div>\n<div id=\"z6maec\" class=\"tw-ta-container tw-nfl\">\n<pre id=\"tw-target-rmn\" class=\"tw-data-placeholder tw-ta tw-text-small\" dir=\"ltr\" data-placeholder=\"\"><\/pre>\n<pre class=\"tw-ta tw-text-small\"><\/pre>\n<\/div>\n<p>&nbsp;<\/p>\n<pre class=\"tw-ta tw-text-medium\" lang=\"pl\"><\/pre>\n<\/div>\n<div id=\"z6maec\" class=\"tw-ta-container tw-nfl\">\n<pre id=\"tw-target-rmn\" class=\"tw-data-placeholder tw-ta tw-text-small\" dir=\"ltr\" data-placeholder=\"\"><\/pre>\n<pre class=\"tw-ta tw-text-small\"><\/pre>\n<\/div>\n","protected":false},"excerpt":{"rendered":"<p><span lang=\"pl\" tabindex=\"0\">GUARD-F2 jest wyposa\u017cony w 5 interfejs\u00f3w Gigabit Ethernet. Sprawdzona obudowa GUARD pozwala obs\u0142ugiwa\u0107 zapor\u0119 ogniow\u0105 w trudnych warunkach bez wentylator\u00f3w lub otwor\u00f3w wentylacyjnych i mo\u017cna j\u0105 \u0142atwo zamontowa\u0107 na szynie DIN 35 mm lub \u015bcianie. Kompaktowa obudowa oferuje wystarczaj\u0105c\u0105 ilo\u015b\u0107 miejsca, aby doda\u0107 MAGBES (Managed Gigabit Switch) lub inne urz\u0105dzenia peryferyjne.<\/span><\/p>\n","protected":false},"featured_media":10865,"template":"","meta":{"_acf_changed":false,"inline_featured_image":false,"_monsterinsights_skip_tracking":false,"_monsterinsights_sitenote_active":false,"_monsterinsights_sitenote_note":"","_monsterinsights_sitenote_category":0},"product_brand":[],"product_cat":[360],"product_tag":[],"class_list":{"0":"post-3852","1":"product","2":"type-product","3":"status-publish","4":"has-post-thumbnail","6":"product_cat-rozwiazania-norma-en50155","8":"first","9":"instock","10":"shipping-taxable","11":"product-type-simple"},"acf":[],"_links":{"self":[{"href":"https:\/\/quantum.com.pl\/pl\/wp-json\/wp\/v2\/product\/3852","targetHints":{"allow":["GET"]}}],"collection":[{"href":"https:\/\/quantum.com.pl\/pl\/wp-json\/wp\/v2\/product"}],"about":[{"href":"https:\/\/quantum.com.pl\/pl\/wp-json\/wp\/v2\/types\/product"}],"wp:featuredmedia":[{"embeddable":true,"href":"https:\/\/quantum.com.pl\/pl\/wp-json\/wp\/v2\/media\/10865"}],"wp:attachment":[{"href":"https:\/\/quantum.com.pl\/pl\/wp-json\/wp\/v2\/media?parent=3852"}],"wp:term":[{"taxonomy":"product_brand","embeddable":true,"href":"https:\/\/quantum.com.pl\/pl\/wp-json\/wp\/v2\/product_brand?post=3852"},{"taxonomy":"product_cat","embeddable":true,"href":"https:\/\/quantum.com.pl\/pl\/wp-json\/wp\/v2\/product_cat?post=3852"},{"taxonomy":"product_tag","embeddable":true,"href":"https:\/\/quantum.com.pl\/pl\/wp-json\/wp\/v2\/product_tag?post=3852"}],"curies":[{"name":"wp","href":"https:\/\/api.w.org\/{rel}","templated":true}]}}