{"id":3868,"date":"2019-08-08T15:36:20","date_gmt":"2019-08-08T13:36:20","guid":{"rendered":"https:\/\/quantum.com.pl\/?post_type=product&#038;p=3868"},"modified":"2020-05-08T22:06:20","modified_gmt":"2020-05-08T20:06:20","slug":"firewall-router-z-certyfikatem-en-50155-klasy-tx","status":"publish","type":"product","link":"https:\/\/quantum.com.pl\/pl\/product\/firewall-router-z-certyfikatem-en-50155-klasy-tx\/","title":{"rendered":"Firewall \/ Router z certyfikatem EN 50155 klasy Tx"},"content":{"rendered":"<h4 class=\"title2\">GUARD-F12<\/h4>\n<div id=\"tw-target-text-container\" class=\"tw-ta-container tw-nfl\">\n<p id=\"tw-target-text\" class=\"tw-data-text tw-ta tw-text-small\" dir=\"ltr\" data-placeholder=\"T\u0142umaczenie\"><span lang=\"pl\" tabindex=\"0\">GUARD-F12 posiada certyfikat EN50155 klasy Tx do stosowania w kolejnictwie. Jest to rozszerzenie istniej\u0105cej oferty produkt\u00f3w GUARD. GUARD zosta\u0142 zaprojektowany przez MPL do u\u017cytku jako przemys\u0142owy firewall gigabitowy i router VPN. GUARD-F12 jest wyposa\u017cony w 3 interfejsy Fast lub Gbit Ethernet na z\u0142\u0105czach M12, gotowe do zastosowa\u0144 przemys\u0142owych, kolejowych lub samochodowych. Specjalnie zaprojektowana obudowa GUARD pozwala obs\u0142ugiwa\u0107 firewall w trudnych warunkach bez wentylator\u00f3w lub otwor\u00f3w wentylacyjnych i mo\u017ce by\u0107 \u0142atwo zamontowana na szynie DIN 35 mm, w szafie lub na \u015bcianie. Kompaktowa obudowa oferuje wystarczaj\u0105c\u0105 ilo\u015b\u0107 miejsca na dodanie innych urz\u0105dze\u0144 peryferyjnych. GUARD-F12 mo\u017cna dostosowa\u0107 do konkretnych zastosowa\u0144 lub potrzeb klienta.<br \/>\n<\/span><\/p>\n<h4 dir=\"ltr\" data-placeholder=\"T\u0142umaczenie\">Najwa\u017cniejsze cechy GUARD-F12<\/h4>\n<p>Zakres temperatur roboczych wynosi od -20\u00b0C do +60\u00b0C, a opcjonalnie nawet od -40\u00b0C do +85\u00b0C bez wentylatora lub otwor\u00f3w obudowy. Wewn\u0119trzne gniazdo miniPCIe umo\u017cliwia r\u00f3\u017cne rozszerzenia (WLAN, GPRS &#8230;). Dodatkowo dost\u0119pne jest zewn\u0119trzne z\u0142\u0105cze USB i gniazdo karty pami\u0119ci microSD dla \u0142atwego logowania i \/ lub konfiguracji.<\/p>\n<ul>\n<li>Szeroki zakres napi\u0119cia wej\u015bciowego 8-36 VDC<br \/>\n(inne na \u017cyczenie)<\/li>\n<li>Wyb\u00f3r 3x port\u00f3w Gbit lub 3x Fast Ethernet<br \/>\nZ\u0142\u0105cza M12<\/li>\n<li>Interfejs USB i SD (opcjonalnie)<\/li>\n<\/ul>\n<p>Te cechy sprawiaj\u0105, \u017ce GUARD-F12 jest idealnym rozwi\u0105zaniem dla wszystkich trudnych zastosowa\u0144 przemys\u0142owych, kolejowych i pojazd\u00f3w, w kt\u00f3rych bezpiecze\u0144stwo, jako\u015b\u0107, niezawodno\u015b\u0107, niskie zu\u017cycie energii i d\u0142ugoterminowa dost\u0119pno\u015b\u0107 s\u0105 kluczowe.<\/p>\n<h4>Dane techniczne:<\/h4>\n\n<table id=\"tablepress-55\" class=\"tablepress tablepress-id-55 tbody-has-connected-cells\">\n<tbody class=\"row-striping row-hover\">\n<tr class=\"row-1\">\n\t<td colspan=\"3\" class=\"column-1\"><strong style=\"display: block; text-align: center;\">Board Key Data<\/strong><\/td>\n<\/tr>\n<tr class=\"row-2\">\n\t<td class=\"column-1\">Processor<\/td><td class=\"column-2\">RISC SoC 1.2GHz<\/td><td class=\"column-3\">Low Power CPU<br \/>\n<\/td>\n<\/tr>\n<tr class=\"row-3\">\n\t<td class=\"column-1\">Memory \/ Firmware<\/td><td class=\"column-2\">512MByte DDR2 \/ 512MByte NAND Flash<\/td><td class=\"column-3\">Soldered OnBoard<br \/>\n<\/td>\n<\/tr>\n<tr class=\"row-4\">\n\t<td colspan=\"3\" class=\"column-1\"><strong style=\"display: block; text-align: center;\">Interfaces<\/strong><\/td>\n<\/tr>\n<tr class=\"row-5\">\n\t<td class=\"column-1\">Firewall ports<\/td><td class=\"column-2\">\t2 x RJ45 ports, auto negotiation, auto MDI MDIX<br \/>\nor 2 x SFP Slot<\/td><td class=\"column-3\">Either 10BaseT \/100BaseTX \/1000BaseTX or<br \/>\n100Base-FX or 1000Base-LX SFP Modules<\/td>\n<\/tr>\n<tr class=\"row-6\">\n\t<td class=\"column-1\">Switch ports<\/td><td class=\"column-2\">*4 x RJ45 copper ports or<br \/>\n*2 x RJ45 and 2 x SFP<br \/>\n* configuration depends on version ordered<\/td><td class=\"column-3\">Either 10BaseT \/100BaseTX \/1000BaseTX or<br \/>\n100Base-FX or 1000Base-LX SFP Modules<\/td>\n<\/tr>\n<tr class=\"row-7\">\n\t<td class=\"column-1\">Mini PCI-Express<\/td><td class=\"column-2\">For WLAN, GPRS, UMTS, etc.<\/td><td class=\"column-3\">Minicard Slot<\/td>\n<\/tr>\n<tr class=\"row-8\">\n\t<td colspan=\"3\" class=\"column-1\"><strong style=\"display: block; text-align: center;\">Physical \/ Power<\/strong><\/td>\n<\/tr>\n<tr class=\"row-9\">\n\t<td class=\"column-1\">Chassis<\/td><td colspan=\"2\" class=\"column-2\">Compact rugged chromated Aluminum with stainless steel plates no ventilation holes<br \/>\n<\/td>\n<\/tr>\n<tr class=\"row-10\">\n\t<td class=\"column-1\">Size &amp; Weight<\/td><td class=\"column-2\">62.1 x 162.1 x 118mm<\/td><td class=\"column-3\">0.94kg \/ 2lb including housing<br \/>\n<\/td>\n<\/tr>\n<tr class=\"row-11\">\n\t<td class=\"column-1\">Power<\/td><td class=\"column-2\">8 - 36VDC<\/td><td class=\"column-3\">Power consumption < 9 W, reverse polarity protection<br \/>\n<\/td>\n<\/tr>\n<tr class=\"row-12\">\n\t<td colspan=\"3\" class=\"column-1\"><strong style=\"display: block; text-align: center;\">Environment<\/strong><\/td>\n<\/tr>\n<tr class=\"row-13\">\n\t<td class=\"column-1\">Temperature Range<\/td><td class=\"column-2\">-20\u00b0C to +60\u00b0C optionally -40\u00b0C to +85\u00b0C<\/td><td class=\"column-3\">No fan, no openings, values at full CPU load<br \/>\n<\/td>\n<\/tr>\n<tr class=\"row-14\">\n\t<td class=\"column-1\">Humidity<\/td><td class=\"column-2\">5% - 95% non-condensing<\/td><td class=\"column-3\">Optional coating available<br \/>\n<\/td>\n<\/tr>\n<tr class=\"row-15\">\n\t<td colspan=\"3\" class=\"column-1\"><strong style=\"display: block; text-align: center;\">Standard Compliance<\/strong><\/td>\n<\/tr>\n<tr class=\"row-16\">\n\t<td colspan=\"3\" class=\"column-1\"><span style=\"font-weight: normal;\">The GUARD-FS is designed to meet or exceed the most common standards. Particular references are:<\/span><\/td>\n<\/tr>\n<tr class=\"row-17\">\n\t<td class=\"column-1\">EMC<\/td><td colspan=\"2\" class=\"column-2\">EN 55022, EN 55024, EN 61000, MIL-STD-461E<br \/>\n<\/td>\n<\/tr>\n<tr class=\"row-18\">\n\t<td class=\"column-1\">Shock &amp; Vibration<\/td><td colspan=\"2\" class=\"column-2\">EN 60068<br \/>\n<\/td>\n<\/tr>\n<tr class=\"row-19\">\n\t<td class=\"column-1\">Environmental &amp; Safety<\/td><td class=\"column-2\">EN 50155, MIL-STD-810-F, EN 60601, EN 60950<br \/>\n<\/td><td class=\"column-3\"><\/td>\n<\/tr>\n<\/tbody>\n<\/table>\n<!-- #tablepress-55 from cache -->\n<h4>Oprogramowanie:<\/h4>\n<p>GUARD-F12 jest fabrycznie wyposa\u017cony w dostosowan\u0105 wersj\u0119 OpenWRT (www.openwrt.org). Ta wbudowana dystrybucja oparta na systemie Linux zapewnia wszystkie funkcje wymagane do dzia\u0142ania jako zapora i router IPV4 i \/ lub IPV6. Ogromna liczba dodatkowych pakiet\u00f3w dost\u0119pnych w po\u0142\u0105czeniu z obs\u0142ug\u0105 MPL pozwala stworzy\u0107 rozwi\u0105zanie dla ka\u017cdego projektu routingu lub firewallu. Wi\u0119kszo\u015b\u0107 konfiguracji zainstalowanego oprogramowania uk\u0142adowego mo\u017cna wykona\u0107 za pomoc\u0105 interfejsu internetowego. Dla bardziej wyspecjalizowanych wymaga\u0144 dost\u0119pne jest narz\u0119dzie konfiguracyjne oparte na konsoli. Ca\u0142a konfiguracja jest przechowywana na urz\u0105dzeniu w przyjaznym formacie tekstowym i mo\u017cna j\u0105 r\u00f3wnie\u017c modyfikowa\u0107 za pomoc\u0105 edytora tekstu.<\/p>\n<h4>Funkcje i protoko\u0142y:<\/h4>\n<ul>\n<li>TCP\/IP V4 and V6, IPsec<\/li>\n<li>QoS (Quality Of Service) capable<\/li>\n<li>SIIT(IPV4-over-IPV6 translation)<\/li>\n<li>Miredo\/Teredo (IPV6 over IPV4 tunneling)<\/li>\n<li>PPP (Point-to-Point Protocol)<\/li>\n<li>Network address translation<\/li>\n<li>Multi WAN Setup (failover and load balancing)<\/li>\n<li>DHCP Server for IPV4 and IPV6<\/li>\n<li>DNS server\/forwarder<\/li>\n<li>Support for dynamic DNS providers<\/li>\n<li>OpenVPN support<\/li>\n<li>OpenConnect client support<\/li>\n<li>Firewall based on linux iptables<\/li>\n<li>SSH and telnet device access<\/li>\n<li>Snort (lightweight intrusion detection)<\/li>\n<li>Routing daemons (OSPF, RIP, BGP, &#8230;)<\/li>\n<\/ul>\n<p>Dalsz\u0105 funkcjonalno\u015b\u0107 mo\u017cna zainstalowa\u0107 za pomoc\u0105 repozytorium pakiet\u00f3w, kt\u00f3re zawiera ponad 2000 wst\u0119pnie skompilowanych aplikacji gotowych do zainstalowania. Dost\u0119pny jest r\u00f3wnie\u017c zestaw programistyczny (SDK), umo\u017cliwiaj\u0105cy wdra\u017canie aplikacji specyficznych dla klienta.<\/p>\n<h4>Opcje GUARD-F12<\/h4>\n<ul>\n<li>Monta\u017c na\u015bcienny zamiast na szynie DIN<\/li>\n<li>Wytrzyma\u0142e obudowy (MIL IP67) ze z\u0142\u0105czami MIL<\/li>\n<li>Rozszerzona temperatura \/ pokrycie<\/li>\n<li>Dostosowane wersje i rozszerzenia<\/li>\n<\/ul>\n<h4>Wersje GUARD<\/h4>\n\n<table id=\"tablepress-56\" class=\"tablepress tablepress-id-56 tbody-has-connected-cells\">\n<tbody class=\"row-striping row-hover\">\n<tr class=\"row-1\">\n\t<td class=\"column-1\">Reference<\/td><td class=\"column-2\">Descriptions<br \/>\n<\/td>\n<\/tr>\n<tr class=\"row-2\">\n\t<td class=\"column-1\">GUARD-F1<\/td><td class=\"column-2\">Rugged Industrial Firewall\/Router with 3 Gigabit Ethernet ports ( 1 x RJ45 and 2 x RJ45\/SFP slots), preinstalled OpenWRT embedded Linux distribution. (Housing has to be added separately)<br \/>\n<\/td>\n<\/tr>\n<tr class=\"row-3\">\n\t<td class=\"column-1\">GUARD-F12<\/td><td class=\"column-2\">Rugged Industrial Firewall\/Router with 3 Fast Ethernet ports on M12 connectors, pre-installed OpenWRT embedded Linux distribution. For Railways with EN50155 Class Tx Certificate.<br \/>\n<\/td>\n<\/tr>\n<tr class=\"row-4\">\n\t<td class=\"column-1\">GUARD-FS1<\/td><td class=\"column-2\">Rugged Industrial Firewall\/Router with 2 Gigabit Ethernet ports (2x RJ45 or 2x SFP) and a 4 port switch (MAGBES-13) with 3x RJ45 and 1x SFP port, preinstalled OpenWRT embedded Linux. (Housing has to be added separately)<br \/>\n<\/td>\n<\/tr>\n<tr class=\"row-5\">\n\t<td class=\"column-1\">GUARD-FS2<\/td><td class=\"column-2\">Rugged Industrial Firewall\/Router with 2 Gigabit Ethernet ports (2x RJ45 or 2x SFP) and a 4 port Switch (MAGBES-12) with 2x RJ45 and 2x SFP ports, preinstalled OpenWRT embedded Linux. (Housing has to be added separately)<br \/>\n<\/td>\n<\/tr>\n<tr class=\"row-6\">\n\t<td class=\"column-1\">GUARD-FS3<\/td><td class=\"column-2\">Rugged Industrial Firewall\/Router with 2 Gigabit Ethernet ports (2x RJ45 or 2x SFP) and a 4 port switch (MAGBES-11) with 4x RJ45, preinstalled OpenWRT embedded Linux. (Housing has to be added separately)<br \/>\n<\/td>\n<\/tr>\n<tr class=\"row-7\">\n\t<td class=\"column-1\">GUARD-Cx<\/td><td class=\"column-2\">GUARD Solution assembled &amp; mounted according the customer needs &amp; requirements (e.g. with special housing, depopulated parts, installing a customers application, ....)<br \/>\n<\/td>\n<\/tr>\n<tr class=\"row-8\">\n\t<td colspan=\"2\" class=\"column-1\"><strong style=\"display: block; text-align: center;\">GUARD Housing<\/strong><\/td>\n<\/tr>\n<tr class=\"row-9\">\n\t<td class=\"column-1\">GUARD 62-1<\/td><td class=\"column-2\">Ultra Compact Housing with internally chromated Aluminum and stainless steel plates.<br \/>\nHousing size: 62.1 x 162.1 x 118mm (W x D x H), DIN-Rail, external Aluminum is RAL7016 powder coated.<\/td>\n<\/tr>\n<tr class=\"row-10\">\n\t<td class=\"column-1\">GUARD 62-2<\/td><td class=\"column-2\">Ultra Compact Housing with internally chromated Aluminum and stainless steel plates. <br \/>\nHousing size: 62.1 x 162.1 x 118mm (W x D x H); Wall mounting plate for 4 screws<\/td>\n<\/tr>\n<\/tbody>\n<\/table>\n<!-- #tablepress-56 from cache -->\n<p>&nbsp;<\/p>\n<p>&nbsp;<\/p>\n<\/div>\n<div id=\"z6maec\" class=\"tw-ta-container tw-nfl\">\n<pre id=\"tw-target-rmn\" class=\"tw-data-placeholder tw-ta tw-text-small\" dir=\"ltr\" data-placeholder=\"\"><\/pre>\n<pre class=\"tw-ta tw-text-small\"><\/pre>\n<\/div>\n","protected":false},"excerpt":{"rendered":"<p><span lang=\"pl\" tabindex=\"0\">GUARD-F12 posiada certyfikat EN50155 klasy Tx do stosowania w kolejnictwie. Jest to rozszerzenie istniej\u0105cej oferty produkt\u00f3w GUARD. GUARD zosta\u0142 zaprojektowany przez MPL do u\u017cytku jako przemys\u0142owy firewall gigabitowy i router VPN. GUARD-F12 jest wyposa\u017cony w 3 interfejsy Fast lub Gbit Ethernet na z\u0142\u0105czach M12, gotowe do zastosowa\u0144 przemys\u0142owych, kolejowych lub samochodowych.<\/span><\/p>\n","protected":false},"featured_media":10879,"template":"","meta":{"_acf_changed":false,"inline_featured_image":false,"_monsterinsights_skip_tracking":false,"_monsterinsights_sitenote_active":false,"_monsterinsights_sitenote_note":"","_monsterinsights_sitenote_category":0},"product_brand":[],"product_cat":[360],"product_tag":[],"class_list":{"0":"post-3868","1":"product","2":"type-product","3":"status-publish","4":"has-post-thumbnail","6":"product_cat-rozwiazania-norma-en50155","8":"first","9":"instock","10":"shipping-taxable","11":"product-type-simple"},"acf":[],"_links":{"self":[{"href":"https:\/\/quantum.com.pl\/pl\/wp-json\/wp\/v2\/product\/3868","targetHints":{"allow":["GET"]}}],"collection":[{"href":"https:\/\/quantum.com.pl\/pl\/wp-json\/wp\/v2\/product"}],"about":[{"href":"https:\/\/quantum.com.pl\/pl\/wp-json\/wp\/v2\/types\/product"}],"wp:featuredmedia":[{"embeddable":true,"href":"https:\/\/quantum.com.pl\/pl\/wp-json\/wp\/v2\/media\/10879"}],"wp:attachment":[{"href":"https:\/\/quantum.com.pl\/pl\/wp-json\/wp\/v2\/media?parent=3868"}],"wp:term":[{"taxonomy":"product_brand","embeddable":true,"href":"https:\/\/quantum.com.pl\/pl\/wp-json\/wp\/v2\/product_brand?post=3868"},{"taxonomy":"product_cat","embeddable":true,"href":"https:\/\/quantum.com.pl\/pl\/wp-json\/wp\/v2\/product_cat?post=3868"},{"taxonomy":"product_tag","embeddable":true,"href":"https:\/\/quantum.com.pl\/pl\/wp-json\/wp\/v2\/product_tag?post=3868"}],"curies":[{"name":"wp","href":"https:\/\/api.w.org\/{rel}","templated":true}]}}