{"id":3886,"date":"2019-08-09T19:28:38","date_gmt":"2019-08-09T17:28:38","guid":{"rendered":"https:\/\/quantum.com.pl\/?post_type=product&#038;p=3886"},"modified":"2020-05-08T22:01:45","modified_gmt":"2020-05-08T20:01:45","slug":"konwerter-mediow-ethernet-na-swiatlowod-tx2fx","status":"publish","type":"product","link":"https:\/\/quantum.com.pl\/pl\/product\/konwerter-mediow-ethernet-na-swiatlowod-tx2fx\/","title":{"rendered":"Media konwerter Ethernet na \u015bwiat\u0142ow\u00f3d TX2FX"},"content":{"rendered":"<p>TX2FX to media konwerter Ethernet, t\u0142umacz\u0105cym sygna\u0142y z 10\/100\/1000 Base-TX Cable do 100 Base-FX lub 1000 Base-X Fiber Optic Cable. Rozszerza on dystans transmisji danych sieciowych od 100-metrowego limitu do ponad 10 kilometr\u00f3w dzi\u0119ki u\u017cyciu przewodu \u015bwiat\u0142owodowego.<\/p>\n<p>Dla portu \u015bwiat\u0142owodowego dowolny standardowy modu\u0142 transceivera Small Form Factor (SFP) mo\u017ce by\u0107 u\u017cywany na TX2FX. Modu\u0142y nadawczo-odbiorcze SFP s\u0105 dost\u0119pne w r\u00f3\u017cnych typach nadajnik\u00f3w i odbiornik\u00f3w, dzi\u0119ki czemu u\u017cytkownicy mog\u0105 wybra\u0107 odpowiednie urz\u0105dzenie nadawczo-odbiorcze dla wymaganego \u015bwiat\u0142owodowego interfejsu.<\/p>\n<p>Ponadto TX2FX zapewnia automatyczne wykrywanie oraz inicjowanie modu\u0142u SFP, a tak\u017ce posiada \u0142atwe do odczytania diagnostyczne diody LED dla ci\u0105g\u0142ego raportowania o szybko\u015bci sieci, ruchu i stanie port\u00f3w \u015bwiat\u0142owodowych.<\/p>\n<h4>Cechy produktu:<\/h4>\n<ul>\n<li>Potr\u00f3jna pr\u0119dko\u015b\u0107 (10\/100\/1000Mbit) copper Ethernet interface<\/li>\n<li>Automatyczne wykrywanie i inicjowanie modu\u0142u SFP (100Mbit-FX, 1000Mbit-X)<\/li>\n<li>Pojedyncze szerokie wej\u015bcie zasilania (5 do 36V)<\/li>\n<li>R\u00f3\u017cne wersje mechaniczne<\/li>\n<li>Rozszerzona temperatura -40\u00b0C do +85\u00b0C<\/li>\n<li>Konfigurowalna kontrola przep\u0142ywu, przekierowanie strat \u0142\u0105cza i przekierowanie pr\u0119dko\u015bci \u0142\u0105cza Obs\u0142uga<\/li>\n<li>Jumbo Frame<\/li>\n<li>Prze\u0142\u0105cznik niezarz\u0105dzany (tylko TX2FX-13\/TX2FX-14)<\/li>\n<\/ul>\n<p>Te cechy sprawiaj\u0105, \u017ce TX2FX idealnie nadaje si\u0119 do ka\u017cdego zastosowania przemys\u0142owego. Dzi\u0119ki niskiemu poborowi mocy oraz solidnej i elastycznej konstrukcji, produkt mo\u017ce by\u0107 stosowany w ka\u017cdym wbudowanym systemie. Niezale\u017cnie od tego, czy jest on u\u017cywany w trudnych, gor\u0105cych lub innych ekstremalnych warunkach, TX2FX pomaga rozszerzy\u0107 zasi\u0119g twojej sieci!<\/p>\n<p>&nbsp;<\/p>\n<h4>Dane techniczne:<\/h4>\n\n<table id=\"tablepress-60\" class=\"tablepress tablepress-id-60 tbody-has-connected-cells\">\n<thead>\n<tr class=\"row-1\">\n\t<th class=\"column-1\"><strong>Board Key Data<\/strong><br \/>\n<\/th><td class=\"column-2\"><\/td><td class=\"column-3\"><\/td>\n<\/tr>\n<\/thead>\n<tbody class=\"row-striping row-hover\">\n<tr class=\"row-2\">\n\t<td class=\"column-1\">Switch lookup Engine<\/td><td colspan=\"2\" class=\"column-2\">support up to 1024 MAC entries with automatic learning and aging<br \/>\nsupports auto crossover (Auto MDI\/MDIX)<br \/>\nsupport polarity correction<\/td>\n<\/tr>\n<tr class=\"row-3\">\n\t<td class=\"column-1\">Jumbo Frame support<\/td><td class=\"column-2\">up to 10k Byte<br \/>\n<\/td><td class=\"column-3\"><\/td>\n<\/tr>\n<tr class=\"row-4\">\n\t<td class=\"column-1\">Status LED<\/td><td colspan=\"2\" class=\"column-2\">2 LEDs for each copper port (Link\/Activity and Speed indicators)<br \/>\n1 LED for each SFP (Link\/Activity indicators)<\/td>\n<\/tr>\n<tr class=\"row-5\">\n\t<td class=\"column-1\"><strong>Interfaces<\/strong><br \/>\n<\/td><td class=\"column-2\"><\/td><td class=\"column-3\"><\/td>\n<\/tr>\n<tr class=\"row-6\">\n\t<td class=\"column-1\">Copper Ports<\/td><td colspan=\"2\" class=\"column-2\">High quality RJ45 or M12 connectors (X-coded or D-coded) with lockable headers<br \/>\n<\/td>\n<\/tr>\n<tr class=\"row-7\">\n\t<td class=\"column-1\">Up to 2\/4 Fiber Ports<\/td><td colspan=\"2\" class=\"column-2\">Supports standard SFP Modules (Single and Multimode) at a data rate of 100Mbit and 1Gbit<br \/>\n<\/td>\n<\/tr>\n<tr class=\"row-8\">\n\t<td class=\"column-1\"><strong>Management Software<\/strong><br \/>\n<\/td><td class=\"column-2\"><\/td><td class=\"column-3\"><\/td>\n<\/tr>\n<tr class=\"row-9\">\n\t<td class=\"column-1\">MPL developed and maintains a management SW with easy to use web interface.<br \/>\n<\/td><td class=\"column-2\"><\/td><td class=\"column-3\"><\/td>\n<\/tr>\n<tr class=\"row-10\">\n\t<td class=\"column-1\">Management supports:\t(Layer 2 Management)<\/td><td class=\"column-2\">IEEE 802.1X MAC Address Checking<br \/>\nIEEE 802.1Q VLAN<br \/>\n IEEE 802.1D RSTP support<br \/>\nSNMP V1, V2c, V3 support<br \/>\nIGMPv3 snooping<br \/>\nDHCP Client<br \/>\nPort monitoring<\/td><td class=\"column-3\">Switch statistic<br \/>\nPort Based VLAN<br \/>\nQuality of Service<br \/>\nAccessible via https, Telnet, RS232<br \/>\nFirmware Update via HTTP or TFTP<br \/>\nTLS (HTTPS)<br \/>\nTrunking support (planned)<br \/>\n<\/td>\n<\/tr>\n<tr class=\"row-11\">\n\t<td class=\"column-1\"><strong>Power<\/strong><br \/>\n<\/td><td class=\"column-2\"><\/td><td class=\"column-3\"><\/td>\n<\/tr>\n<tr class=\"row-12\">\n\t<td class=\"column-1\">Input  (MAGBES-20)<\/td><td class=\"column-2\">5VDC - 36VDC Input range<\/td><td class=\"column-3\">Input over 4-pin power connector<br \/>\n<\/td>\n<\/tr>\n<tr class=\"row-13\">\n\t<td class=\"column-1\">Input  (MAGBES-10)<\/td><td class=\"column-2\">5VDC<\/td><td class=\"column-3\">Input over 3-pin power connector or PC\/104 bus interface<br \/>\n<\/td>\n<\/tr>\n<tr class=\"row-14\">\n\t<td class=\"column-1\">Power consumption<\/td><td class=\"column-2\">Typically 4W \/ 8W<\/td><td class=\"column-3\">5-port \/ 8-port versions<br \/>\n<\/td>\n<\/tr>\n<tr class=\"row-15\">\n\t<td class=\"column-1\"><strong>Environment<\/strong><\/td><td class=\"column-2\"><\/td><td class=\"column-3\"><\/td>\n<\/tr>\n<tr class=\"row-16\">\n\t<td class=\"column-1\">Storage Temperature<\/td><td colspan=\"2\" class=\"column-2\">-45\u00b0C up to +85\u00b0C (-49\u00b0F to +185\u00b0F)<br \/>\n<\/td>\n<\/tr>\n<tr class=\"row-17\">\n\t<td class=\"column-1\">Operating Temperature<\/td><td colspan=\"2\" class=\"column-2\">-20\u00b0C to +60\u00b0C (-4\u00b0F to +140\u00b0F) at full operation<br \/>\noptionally -40\u00b0C to +85\u00b0C (-40\u00b0F to +185\u00b0F) at full operation<\/td>\n<\/tr>\n<tr class=\"row-18\">\n\t<td class=\"column-1\">Relative Humidity<\/td><td colspan=\"2\" class=\"column-2\">5% to 95% non condensing<br \/>\n<\/td>\n<\/tr>\n<tr class=\"row-19\">\n\t<td class=\"column-1\"><strong>Standard Compliance<\/strong><br \/>\n<\/td><td class=\"column-2\"><\/td><td class=\"column-3\"><\/td>\n<\/tr>\n<tr class=\"row-20\">\n\t<td class=\"column-1\">The MAGBES is designed to meet or even exceed the most common standard Particular references are:<br \/>\n<\/td><td class=\"column-2\"><\/td><td class=\"column-3\"><\/td>\n<\/tr>\n<tr class=\"row-21\">\n\t<td class=\"column-1\">EMC<\/td><td colspan=\"2\" class=\"column-2\">EN 55022, EN 55024, EN 61000, MIL-STD-461E<br \/>\n<\/td>\n<\/tr>\n<tr class=\"row-22\">\n\t<td class=\"column-1\">Shock &amp; Vibration<\/td><td colspan=\"2\" class=\"column-2\">EN 60068<br \/>\n<\/td>\n<\/tr>\n<tr class=\"row-23\">\n\t<td class=\"column-1\">Environmental &amp; Safety<\/td><td colspan=\"2\" class=\"column-2\">EN 50155, MIL-STD-810-F, EN 60601, EN 60950<br \/>\n<\/td>\n<\/tr>\n<tr class=\"row-24\">\n\t<td class=\"column-1\">Approval List<\/td><td colspan=\"2\" class=\"column-2\">CE, IEC 60945, IACS E10<br \/>\n<\/td>\n<\/tr>\n<tr class=\"row-25\">\n\t<td class=\"column-1\">The MAGBES family has been successfully tested according EN50155, MIL-STD-810-G as well as CE marking<br \/>\n<\/td><td class=\"column-2\"><\/td><td class=\"column-3\"><\/td>\n<\/tr>\n<\/tbody>\n<\/table>\n<!-- #tablepress-60 from cache -->\n<p><img loading=\"lazy\" decoding=\"async\" class=\"aligncenter wp-image-3893 size-full\" src=\"https:\/\/quantum.com.pl\/wp-content\/uploads\/2019\/08\/tx2fx-versions.gif\" alt=\"wersje TX2FX\" width=\"800\" height=\"198\" \/><\/p>\n<h4>Akcesoria:<\/h4>\n\n<table id=\"tablepress-61\" class=\"tablepress tablepress-id-61 tbody-has-connected-cells\">\n<thead>\n<tr class=\"row-1\">\n\t<th class=\"column-1\"><strong>Board Key Data<\/strong><\/th><td class=\"column-2\"><\/td><td class=\"column-3\"><\/td>\n<\/tr>\n<\/thead>\n<tbody class=\"row-striping row-hover\">\n<tr class=\"row-2\">\n\t<td class=\"column-1\">Switch lookup Engine<\/td><td colspan=\"2\" class=\"column-2\">supports up to 1024 MAC entries with automatic learning and aging<br \/>\nsupports auto crossover (Auto MDI\/MDIX)<br \/>\nsupport polarity correction<\/td>\n<\/tr>\n<tr class=\"row-3\">\n\t<td class=\"column-1\">Jumbo Frame support<\/td><td colspan=\"2\" class=\"column-2\">up to 10k Byte<\/td>\n<\/tr>\n<tr class=\"row-4\">\n\t<td class=\"column-1\">Status LED<\/td><td colspan=\"2\" class=\"column-2\">2 LEDs for each copper port (Link\/Activity and Speed indicators)<\/td>\n<\/tr>\n<tr class=\"row-5\">\n\t<td class=\"column-1\"><strong>Interfaces<\/strong><\/td><td class=\"column-2\"><\/td><td class=\"column-3\"><\/td>\n<\/tr>\n<tr class=\"row-6\">\n\t<td class=\"column-1\">LAN<\/td><td colspan=\"2\" class=\"column-2\">\t\u00b5MAGBES-A10 - 10-port Gigabit on RJ45 connectors or 2mm lockable header<br \/>\n\u00b5MAGBES-A19 - 19-port Gigabit on RJ45 connectors or 2mm lockable header<br \/>\n\u00b5MAGBES-A28 - 28-port Gigabit on 2mm lockable header<br \/>\nhousing &amp; connector kits for M12, RJ45, and Fiber<\/td>\n<\/tr>\n<tr class=\"row-7\">\n\t<td class=\"column-1\">CLI<\/td><td colspan=\"2\" class=\"column-2\">Optional CLI interface over Micro USB connector<\/td>\n<\/tr>\n<tr class=\"row-8\">\n\t<td class=\"column-1\"><strong>Management Software<\/strong><\/td><td class=\"column-2\"><\/td><td class=\"column-3\"><\/td>\n<\/tr>\n<tr class=\"row-9\">\n\t<td colspan=\"3\" class=\"column-1\">MPL developed and maintains a management SW with easy to use web interface.<\/td>\n<\/tr>\n<tr class=\"row-10\">\n\t<td class=\"column-1\">Management supports:\t<br \/>\n(Layer 2 Management)\t<\/td><td class=\"column-2\">\u2022 IEEE 802.1X MAC Address Checking\t<br \/>\n\u2022 IEEE 802.1Q VLAN\t<br \/>\n\u2022 IEEE 802.1D RSTP support\t<br \/>\n\u2022 SNMP V1, V2c, V3 support\t<br \/>\n\u2022 IGMPv3 snooping\t<br \/>\n\u2022 DHCP Client\t<br \/>\n\u2022 Port monitoring\t<\/td><td class=\"column-3\">\u2022 Switch statistic<br \/>\n\u2022 Port Based VLAN<br \/>\n\u2022 Quality of Service<br \/>\n\u2022 Accessible via https, Telnet, RS232<br \/>\n\u2022 Firmware Update via HTTP or TFTP<br \/>\n\u2022 TLS (HTTPS)<br \/>\n\u2022 Trunking support (planned)<\/td>\n<\/tr>\n<tr class=\"row-11\">\n\t<td class=\"column-1\"><strong>Power<\/strong><\/td><td class=\"column-2\"><\/td><td class=\"column-3\"><\/td>\n<\/tr>\n<tr class=\"row-12\">\n\t<td class=\"column-1\">Input voltage<\/td><td class=\"column-2\">5VDC- 36VDC Input range<\/td><td class=\"column-3\">input over 4-pin power connector<\/td>\n<\/tr>\n<tr class=\"row-13\">\n\t<td class=\"column-1\">Power consumption<\/td><td class=\"column-2\">Typically 6W per 10 ports<\/td><td class=\"column-3\"><\/td>\n<\/tr>\n<tr class=\"row-14\">\n\t<td class=\"column-1\"><strong>Environment<\/strong><\/td><td class=\"column-2\"><\/td><td class=\"column-3\"><\/td>\n<\/tr>\n<tr class=\"row-15\">\n\t<td class=\"column-1\">Storage Temperature<\/td><td colspan=\"2\" class=\"column-2\">-45\u00b0C up to +85\u00b0C (-49\u00b0F to +185\u00b0F)<\/td>\n<\/tr>\n<tr class=\"row-16\">\n\t<td class=\"column-1\">Operating Temperature<\/td><td colspan=\"2\" class=\"column-2\">-20\u00b0C to +60\u00b0C (-4\u00b0F to +140\u00b0F) at full operation<br \/>\noptionally -40\u00b0C to +85\u00b0C (-40\u00b0F to +185\u00b0F) at full operation<\/td>\n<\/tr>\n<tr class=\"row-17\">\n\t<td class=\"column-1\">Relative Humidity<\/td><td colspan=\"2\" class=\"column-2\">5% to 95% non condensing<\/td>\n<\/tr>\n<tr class=\"row-18\">\n\t<td class=\"column-1\"><strong>Standard Compliance<\/strong><\/td><td class=\"column-2\"><\/td><td class=\"column-3\"><\/td>\n<\/tr>\n<tr class=\"row-19\">\n\t<td colspan=\"3\" class=\"column-1\">The \u00b5MAGBES is designed to meet or even exceed the most common standard, particular references are:<\/td>\n<\/tr>\n<tr class=\"row-20\">\n\t<td class=\"column-1\">EMC<\/td><td colspan=\"2\" class=\"column-2\">EN 55022, EN 55024, EN 61000, MIL-STD-461E<\/td>\n<\/tr>\n<tr class=\"row-21\">\n\t<td class=\"column-1\">Shock &amp; Vibration<\/td><td colspan=\"2\" class=\"column-2\">EN 60068<\/td>\n<\/tr>\n<tr class=\"row-22\">\n\t<td class=\"column-1\">Environmental &amp; Safety<\/td><td colspan=\"2\" class=\"column-2\">EN 50155, MIL-STD-810-F, EN 60601, EN 60950<\/td>\n<\/tr>\n<tr class=\"row-23\">\n\t<td class=\"column-1\">Approval List<\/td><td colspan=\"2\" class=\"column-2\">CE, IEC 60945, IACS E10<\/td>\n<\/tr>\n<\/tbody>\n<\/table>\n<!-- #tablepress-61 from cache -->\n","protected":false},"excerpt":{"rendered":"<p>TX2FX to konwerter medi\u00f3w Ethernet, t\u0142umacz\u0105cym sygna\u0142y z 10\/100\/1000 Base-TX Cable do 100 Base-FX lub 1000 Base-X Fiber Optic Cable. Rozszerza on dystans transmisji danych sieciowych od 100-metrowego limitu do ponad 10 kilometr\u00f3w dzi\u0119ki u\u017cyciu przewodu \u015bwiat\u0142owodowego.<\/p>\n","protected":false},"featured_media":10867,"template":"","meta":{"_acf_changed":false,"inline_featured_image":false,"_monsterinsights_skip_tracking":false,"_monsterinsights_sitenote_active":false,"_monsterinsights_sitenote_note":"","_monsterinsights_sitenote_category":0},"product_brand":[],"product_cat":[360],"product_tag":[],"class_list":{"0":"post-3886","1":"product","2":"type-product","3":"status-publish","4":"has-post-thumbnail","6":"product_cat-rozwiazania-norma-en50155","8":"first","9":"instock","10":"shipping-taxable","11":"product-type-simple"},"acf":[],"_links":{"self":[{"href":"https:\/\/quantum.com.pl\/pl\/wp-json\/wp\/v2\/product\/3886","targetHints":{"allow":["GET"]}}],"collection":[{"href":"https:\/\/quantum.com.pl\/pl\/wp-json\/wp\/v2\/product"}],"about":[{"href":"https:\/\/quantum.com.pl\/pl\/wp-json\/wp\/v2\/types\/product"}],"wp:featuredmedia":[{"embeddable":true,"href":"https:\/\/quantum.com.pl\/pl\/wp-json\/wp\/v2\/media\/10867"}],"wp:attachment":[{"href":"https:\/\/quantum.com.pl\/pl\/wp-json\/wp\/v2\/media?parent=3886"}],"wp:term":[{"taxonomy":"product_brand","embeddable":true,"href":"https:\/\/quantum.com.pl\/pl\/wp-json\/wp\/v2\/product_brand?post=3886"},{"taxonomy":"product_cat","embeddable":true,"href":"https:\/\/quantum.com.pl\/pl\/wp-json\/wp\/v2\/product_cat?post=3886"},{"taxonomy":"product_tag","embeddable":true,"href":"https:\/\/quantum.com.pl\/pl\/wp-json\/wp\/v2\/product_tag?post=3886"}],"curies":[{"name":"wp","href":"https:\/\/api.w.org\/{rel}","templated":true}]}}