{"id":3890,"date":"2019-08-09T19:28:27","date_gmt":"2019-08-09T17:28:27","guid":{"rendered":"https:\/\/quantum.com.pl\/?post_type=product&#038;p=3890"},"modified":"2020-05-08T21:55:02","modified_gmt":"2020-05-08T19:55:02","slug":"zapora-przemyslowa-router-z-przelacznikiem-gigabit-guard-fs3","status":"publish","type":"product","link":"https:\/\/quantum.com.pl\/pl\/product\/zapora-przemyslowa-router-z-przelacznikiem-gigabit-guard-fs3\/","title":{"rendered":"Firewall \/ router ze switchem Gigabit GUARD-FS3"},"content":{"rendered":"<h4 class=\"title2\">GUARD-FS3<\/h4>\n<div id=\"tw-target-text-container\" class=\"tw-ta-container tw-nfl\">\n<p class=\"tw-data-text tw-ta tw-text-small\" dir=\"ltr\" data-placeholder=\"T\u0142umaczenie\"><span lang=\"pl\" tabindex=\"0\">Za pomoc\u0105 GUARD-FS, MPL zintegrowa\u0142 kilka system\u00f3w w jednej obudowie, firewallu, bramie VPN, routerze, a tak\u017ce switchu Ethernet z wyborem port\u00f3w miedzianych i \/ lub \u015bwiat\u0142owodowych. Mo\u017cesz sobie wyobrazi\u0107 szerokie zastosowanie GUARD-FS dzi\u0119ki tej funkcjonalno\u015bci. Dzisiaj wszystko si\u0119 automatyzuje, d<\/span>latego bezpiecze\u0144stwo w tym zautomatyzowanym \u015bwiecie staje si\u0119 coraz wa\u017cniejsze. Kluczowe r\u00f3\u017cnice w zastosowaniach przemys\u0142owych polegaj\u0105 na tym, \u017ce wymagaj\u0105 one d\u0142ugoterminowej dost\u0119pno\u015bci ze wzgl\u0119du na zarz\u0105dzanie cyklem \u017cycia inwestycji.<\/p>\n<h4 dir=\"ltr\" data-placeholder=\"T\u0142umaczenie\">Najwa\u017cniejsze cechy GUARD-FS3<\/h4>\n<p>System mo\u017ce pracowa\u0107 w temperaturach od -20\u00b0C do +60\u00b0C (opcjonalnie od -40\u00b0C do +85\u00b0C), bez potrzeby wentylatora lub otwierania obudowy. Mo\u017cliwo\u015b\u0107 oferowania port\u00f3w miedzianych oraz SFP dla r\u00f3\u017cnych rozwi\u0105za\u0144 \u015bwiat\u0142owodowych czyni ten produkt uniwersalnym. Ta wszechstronno\u015b\u0107 jest wspierana przez dost\u0119pno\u015b\u0107 zestawu programistycznego, wydajnego procesora ARM 1,2 GHz i wbudowanej pami\u0119ci flash 512 MB, kt\u00f3ra pozwala na rozszerzenia specyficzne kierowane do klienta.<\/p>\n<ul>\n<li>Szeroki zakres napi\u0119cia wej\u015bciowego (8 &#8211; 36 VDC)<\/li>\n<li>Niski pob\u00f3r mocy (bez wentylatora)<\/li>\n<li>Wszystkie z\u0142\u0105cza po jednej stronie<\/li>\n<li>Dopasowana obudowa<\/li>\n<li>Firewall \/ Router z 3x Gbit (miedziany lub SFP)<\/li>\n<li>Opcjonalny switch (miedziany i \/ lub \u015bwiat\u0142owodowy)<\/li>\n<li>Switch wersji zarz\u0105dzanej lub niezarz\u0105dzanej<\/li>\n<\/ul>\n<p>Dzi\u0119ki tym cechom GUARD-FS jest idealnym rozwi\u0105zaniem do zastosowa\u0144 przemys\u0142owych, transportowych i obronnych, w kt\u00f3rych bezpiecze\u0144stwo, jako\u015b\u0107, niezawodno\u015b\u0107, niskie zu\u017cycie energii i d\u0142ugoterminowa dost\u0119pno\u015b\u0107 s\u0105 kluczowe. GUARD-FS mo\u017ce by\u0107 u\u017cywany do aplikacji takich jak zdalne monitorowanie i konserwacja, bezpieczna komunikacja w automatyce itp.<\/p>\n<h4>Dane techniczne:<\/h4>\n\n<table id=\"tablepress-57\" class=\"tablepress tablepress-id-57 tbody-has-connected-cells\">\n<tbody class=\"row-striping row-hover\">\n<tr class=\"row-1\">\n\t<td colspan=\"2\" class=\"column-1\"><strong style=\"display: block; text-align: center;\">SFP (optical transceiver) in stock<\/strong><\/td>\n<\/tr>\n<tr class=\"row-2\">\n\t<td colspan=\"2\" class=\"column-1\"><span style=\"font-weight: normal;\">Optional: MPL offers following SFP modules (others on request)<\/span><\/td>\n<\/tr>\n<tr class=\"row-3\">\n\t<td class=\"column-1\">SFP-1X<\/td><td class=\"column-2\">1Gb SFP 850nm optical transceiver, 1000BASE-SX, multi mode, up to 500m, with standard LC connector, case temp. -40 to +85\u00b0C<br \/>\n<\/td>\n<\/tr>\n<tr class=\"row-4\">\n\t<td class=\"column-1\">SFP-2X<\/td><td class=\"column-2\">1Gb SFP 1310nm optical transceiver, 1000BASE-LX, single mode, up to 10km, with standard LC connector, case temp. -40 to +85\u00b0C<br \/>\n<\/td>\n<\/tr>\n<tr class=\"row-5\">\n\t<td class=\"column-1\">SFP-3X<\/td><td class=\"column-2\">100Mb SFP 1310nm optical transceiver, 100BASE-FX, multi mode, up to 2km, with standard LC connector, case temp. -40 to +85\u00b0C<br \/>\n<\/td>\n<\/tr>\n<tr class=\"row-6\">\n\t<td colspan=\"2\" class=\"column-1\"><span style=\"font-weight: normal;\">or any other standard SFP in accordance to MSA &amp; Ethernet compatible<\/span><\/td>\n<\/tr>\n<\/tbody>\n<\/table>\n<!-- #tablepress-57 from cache -->\n<h4>Oprogramowanie:<\/h4>\n<p>GUARD-FS jest fabrycznie wyposa\u017cony w dostosowan\u0105 wersj\u0119 OpenWRT (www.openwrt.org). Ta wbudowana dystrybucja oparta na systemie Linux zapewnia wszystkie funkcje wymagane do dzia\u0142ania jako zapora i router IPV4 i \/ lub IPV6. Ogromna liczba dodatkowych pakiet\u00f3w dost\u0119pnych w po\u0142\u0105czeniu z obs\u0142ug\u0105 MPL pozwala stworzy\u0107 rozwi\u0105zanie dla ka\u017cdego projektu routingu lub firewallu. Wi\u0119kszo\u015b\u0107 konfiguracji zainstalowanego oprogramowania uk\u0142adowego mo\u017cna wykona\u0107 za pomoc\u0105 interfejsu internetowego. Dla bardziej wyspecjalizowanych wymaga\u0144 dost\u0119pne jest narz\u0119dzie konfiguracyjne oparte na konsoli. Ca\u0142a konfiguracja jest przechowywana na urz\u0105dzeniu w przyjaznym formacie tekstowym i mo\u017cna j\u0105 r\u00f3wnie\u017c modyfikowa\u0107 za pomoc\u0105 edytora tekstu.<\/p>\n<h4>Funkcje i protoko\u0142y:<\/h4>\n<ul>\n<li>TCP\/IP V4 and V6, IPsec<\/li>\n<li>QoS (Quality Of Service) capable<\/li>\n<li>SIIT(IPV4-over-IPV6 translation)<\/li>\n<li>Miredo\/Teredo (IPV6 over IPV4 tunneling)<\/li>\n<li>PPP (Point-to-Point Protocol)<\/li>\n<li>Network address translation<\/li>\n<li>Multi WAN Setup (failover and load balancing)<\/li>\n<li>DHCP Server for IPV4 and IPV6<\/li>\n<li>DNS server\/forwarder<\/li>\n<li>Support for dynamic DNS providers<\/li>\n<li>OpenVPN support<\/li>\n<li>OpenConnect client support<\/li>\n<li>Firewall based on linux iptables<\/li>\n<li>SSH and telnet device access<\/li>\n<li>Snort (lightweight intrusion detection)<\/li>\n<li>Routing daemons (OSPF, RIP, BGP, &#8230;)<\/li>\n<\/ul>\n<p>Dalsz\u0105 funkcjonalno\u015b\u0107 mo\u017cna zainstalowa\u0107 za pomoc\u0105 repozytorium pakiet\u00f3w, kt\u00f3re zawiera ponad 2000 wst\u0119pnie skompilowanych aplikacji gotowych do zainstalowania. Dost\u0119pny jest r\u00f3wnie\u017c zestaw programistyczny (SDK), umo\u017cliwiaj\u0105cy wdra\u017canie aplikacji specyficznych dla klienta.<\/p>\n<h4>Wersje GUARD<\/h4>\n\n<table id=\"tablepress-58\" class=\"tablepress tablepress-id-58\">\n<thead>\n<tr class=\"row-1\">\n\t<th class=\"column-1\"><strong>Board Key Data<\/strong><\/th><td class=\"column-2\"><\/td>\n<\/tr>\n<\/thead>\n<tbody class=\"row-striping row-hover\">\n<tr class=\"row-2\">\n\t<td class=\"column-1\">Copper Port<\/td><td class=\"column-2\">on RJ45 (10\/100\/1000Mbit)<br \/>\nsupports auto crossover, polarity correction<\/td>\n<\/tr>\n<tr class=\"row-3\">\n\t<td class=\"column-1\">Fiber Optic Port<\/td><td class=\"column-2\">over standard SFP transceivers, supports single- and<br \/>\nmulti-mode, 100Mbit-FX or 1000Mbit-X<\/td>\n<\/tr>\n<tr class=\"row-4\">\n\t<td class=\"column-1\">Status LEDs<\/td><td class=\"column-2\">2 LEDs for each RJ45 port \/ 2 LEDs for each SFP port<\/td>\n<\/tr>\n<tr class=\"row-5\">\n\t<td class=\"column-1\"><strong>Physical \/ Power<\/strong><\/td><td class=\"column-2\"><\/td>\n<\/tr>\n<tr class=\"row-6\">\n\t<td class=\"column-1\">Size (L x W x H)<\/td><td class=\"column-2\">75.7 x 50.0 x 16.0 mm<\/td>\n<\/tr>\n<tr class=\"row-7\">\n\t<td class=\"column-1\"><strong>Power<\/strong><\/td><td class=\"column-2\">5VDC to 36VDC<\/td>\n<\/tr>\n<tr class=\"row-8\">\n\t<td class=\"column-1\">Power consumpt.<\/td><td class=\"column-2\">1.8W 1Gbit copper\/optical link<\/td>\n<\/tr>\n<tr class=\"row-9\">\n\t<td class=\"column-1\"><strong>Environment<\/strong><\/td><td class=\"column-2\"><\/td>\n<\/tr>\n<tr class=\"row-10\">\n\t<td class=\"column-1\">Temp. Range<\/td><td class=\"column-2\">Standard -20\u00b0C to 60\u00b0C, optional -40\u00b0C to 85\u00b0C<\/td>\n<\/tr>\n<tr class=\"row-11\">\n\t<td class=\"column-1\">Humidity<\/td><td class=\"column-2\">\t5 - 95% non condensing, optional coating available<\/td>\n<\/tr>\n<\/tbody>\n<\/table>\n<!-- #tablepress-58 from cache -->\n<h4>Akcesoria:<\/h4>\n\n<table id=\"tablepress-59\" class=\"tablepress tablepress-id-59 tbody-has-connected-cells\">\n<thead>\n<tr class=\"row-1\">\n\t<th colspan=\"2\" class=\"column-1\"><strong>SFP (optical transceiver) in stock<\/strong><\/th>\n<\/tr>\n<\/thead>\n<tbody class=\"row-striping row-hover\">\n<tr class=\"row-2\">\n\t<td colspan=\"2\" class=\"column-1\">Optional: MPL offers following SFP modules (others on request)<\/td>\n<\/tr>\n<tr class=\"row-3\">\n\t<td class=\"column-1\">SFP-1X<\/td><td class=\"column-2\">1Gb SFP 850nm optical transceiver, 1000BASE-SX, multi mode, up to 500m, with standard LC connector, case temp. -40 to +85\u00b0C<\/td>\n<\/tr>\n<tr class=\"row-4\">\n\t<td class=\"column-1\">SFP-2X<\/td><td class=\"column-2\">1Gb SFP 1310nm optical transceiver, 1000BASE-LX, single mode, up to 10km, with standard LC connector, case temp. -40 to +85\u00b0C<\/td>\n<\/tr>\n<tr class=\"row-5\">\n\t<td class=\"column-1\">SFP-3X<\/td><td class=\"column-2\">100Mb SFP 1310nm optical transceiver, 100BASE-FX, multi mode, up to 2km, with standard LC connector, case temp. -40 to +85\u00b0C<\/td>\n<\/tr>\n<tr class=\"row-6\">\n\t<td colspan=\"2\" class=\"column-1\">or any other standard SFP in accordance to MSA &amp; Ethernet compatible<\/td>\n<\/tr>\n<\/tbody>\n<\/table>\n<!-- #tablepress-59 from cache -->\n<p>&nbsp;<\/p>\n<\/div>\n<div id=\"tw-target-text-container\" class=\"tw-ta-container tw-nfl\">\n<p>&nbsp;<\/p>\n<div id=\"tw-target-text-container\" class=\"tw-ta-container tw-nfl\">\n<pre class=\"tw-ta tw-text-small\" lang=\"pl\"><\/pre>\n<\/div>\n<div id=\"z6maec\" class=\"tw-ta-container tw-nfl\">\n<pre id=\"tw-target-rmn\" class=\"tw-data-placeholder tw-ta tw-text-small\" dir=\"ltr\" data-placeholder=\"\"><\/pre>\n<pre class=\"tw-ta tw-text-small\"><\/pre>\n<\/div>\n<p>&nbsp;<\/p>\n<pre class=\"tw-ta tw-text-small\" lang=\"pl\"><\/pre>\n<\/div>\n<div id=\"z6maec\" class=\"tw-ta-container tw-nfl\">\n<pre id=\"tw-target-rmn\" class=\"tw-data-placeholder tw-ta tw-text-small\" dir=\"ltr\" data-placeholder=\"\"><\/pre>\n<pre class=\"tw-ta tw-text-small\"><\/pre>\n<\/div>\n","protected":false},"excerpt":{"rendered":"<p><span lang=\"pl\" tabindex=\"0\">Za pomoc\u0105 GUARD-FS, MPL zintegrowa\u0142 kilka system\u00f3w w jednej obudowie, firewallu, bramie VPN, routerze, a tak\u017ce switchu Ethernet z wyborem port\u00f3w miedzianych i \/ lub \u015bwiat\u0142owodowych. Mo\u017cesz sobie wyobrazi\u0107 szerokie zastosowanie GUARD-FS dzi\u0119ki tej funkcjonalno\u015bci.<\/span><\/p>\n","protected":false},"featured_media":10869,"template":"","meta":{"_acf_changed":false,"inline_featured_image":false,"_monsterinsights_skip_tracking":false,"_monsterinsights_sitenote_active":false,"_monsterinsights_sitenote_note":"","_monsterinsights_sitenote_category":0},"product_brand":[],"product_cat":[360],"product_tag":[],"class_list":{"0":"post-3890","1":"product","2":"type-product","3":"status-publish","4":"has-post-thumbnail","6":"product_cat-rozwiazania-norma-en50155","8":"first","9":"instock","10":"shipping-taxable","11":"product-type-simple"},"acf":[],"_links":{"self":[{"href":"https:\/\/quantum.com.pl\/pl\/wp-json\/wp\/v2\/product\/3890","targetHints":{"allow":["GET"]}}],"collection":[{"href":"https:\/\/quantum.com.pl\/pl\/wp-json\/wp\/v2\/product"}],"about":[{"href":"https:\/\/quantum.com.pl\/pl\/wp-json\/wp\/v2\/types\/product"}],"wp:featuredmedia":[{"embeddable":true,"href":"https:\/\/quantum.com.pl\/pl\/wp-json\/wp\/v2\/media\/10869"}],"wp:attachment":[{"href":"https:\/\/quantum.com.pl\/pl\/wp-json\/wp\/v2\/media?parent=3890"}],"wp:term":[{"taxonomy":"product_brand","embeddable":true,"href":"https:\/\/quantum.com.pl\/pl\/wp-json\/wp\/v2\/product_brand?post=3890"},{"taxonomy":"product_cat","embeddable":true,"href":"https:\/\/quantum.com.pl\/pl\/wp-json\/wp\/v2\/product_cat?post=3890"},{"taxonomy":"product_tag","embeddable":true,"href":"https:\/\/quantum.com.pl\/pl\/wp-json\/wp\/v2\/product_tag?post=3890"}],"curies":[{"name":"wp","href":"https:\/\/api.w.org\/{rel}","templated":true}]}}