{"id":3906,"date":"2019-08-09T20:35:12","date_gmt":"2019-08-09T18:35:12","guid":{"rendered":"https:\/\/quantum.com.pl\/?post_type=product&#038;p=3906"},"modified":"2020-05-08T22:03:00","modified_gmt":"2020-05-08T20:03:00","slug":"uniwersalny-przelacznik-gigabitowy-wspierajacy-10-28-portow","status":"publish","type":"product","link":"https:\/\/quantum.com.pl\/pl\/product\/uniwersalny-przelacznik-gigabitowy-wspierajacy-10-28-portow\/","title":{"rendered":"Uniwersalny switch gigabitowy 10-28 portowy \u00b5MAGBES-A10"},"content":{"rendered":"<p>Rodzina \u03bcMAGBES to porty 10-28 umo\u017cliwiaj\u0105ce zarz\u0105dzanie Gigabit Ethernet IV generacji switch\u00f3w MPL. Solidna konstrukcja, niskie zu\u017cycie energii i r\u00f3\u017cne konfiguracje mechaniczne sprawiaj\u0105, \u017ce switch idealnie nadaje si\u0119 do ka\u017cdego zastosowania, kt\u00f3re wymaga solidnych i niezawodnych rozwi\u0105za\u0144.<\/p>\n<p>Opr\u00f3cz zarz\u0105dzania funkcjami, takimi jak Quality of Service, Port Based VLAN i IEEE 802.1Q VLAN, \u03bcMAGBES obs\u0142uguje r\u00f3wnie\u017c technologi\u0119 Rapid Spanning Tree IEEE 802.1D 2004 oraz umo\u017cliwia korzystanie z nadmiarowych po\u0142\u0105cze\u0144 Ethernet bez wprowadzania p\u0119tli sieciowych. Wszystkie porty maj\u0105 diody LED stanu, wskazuj\u0105ce aktywno\u015b\u0107 i szybko\u015b\u0107 ka\u017cdego portu. Te informacje s\u0105 r\u00f3wnie\u017c dost\u0119pne zdalnie, jak i resetowanie oraz domy\u015blne ustawianie.<\/p>\n<p>Rozwi\u0105zanie \u03bcMAGBES jest bardzo kompaktowe, a ponadto mo\u017ce by\u0107 u\u017cywane w wersji pude\u0142kowej ze z\u0142\u0105czami RJ45 lub M12, jako deska wyposa\u017cona w lockable headers lub jako otwarta wersja ramy na p\u0142ycie ch\u0142odz\u0105cej. Nawet obudowa MIL jest ze z\u0142\u0105czami MIL 38999 do wyboru. Zasilanie 5-36VDC wykorzystuje w ka\u017cdym przypadku mniej ni\u017c 6W (10-porty). Produkt mo\u017ce by\u0107 eksploatowany w temperaturze od-20\u00b0C do 60\u00b0C.<\/p>\n<h4>Najwa\u017cniejsze cechy \u00b5MAGBES-A10:<\/h4>\n<ul>\n<li>High-End RJ45 lub lockable headers dla wszystkich port\u00f3w<\/li>\n<li>Szerokie wej\u015bcie 5-36VDC<\/li>\n<li>W pe\u0142ni zarz\u0105dzane przez interfejs www lub Telnet<\/li>\n<li>Praca bez wentylatora<\/li>\n<li>Wersje dla rozszerzonej temperatury -40\u00b0C do +85\u00b0C<\/li>\n<li>D\u0142ugoterminowa dost\u0119pno\u015b\u0107<\/li>\n<\/ul>\n<p>Funkcje te sprawiaj\u0105, \u017ce switch \u03bcMAGBES idealnie nadaje si\u0119 do wszelkich trudnych lub przemys\u0142owych aplikacji sieciowych. Ze wzgl\u0119du na niski pob\u00f3r mocy oraz solidn\u0105 i elastyczn\u0105 konstrukcj\u0119, produkt jest dobrze dostosowany do bran\u017c takich, jak kolej, \u017cegluga morska czy obrona. \u039cMAGBES sprawia, \u017ce \u0142atwo sprosta\u0107 wymagaj\u0105cym sieciom!<\/p>\n<p>&nbsp;<\/p>\n<h4>Dane techniczne:<\/h4>\n\n<table id=\"tablepress-63\" class=\"tablepress tablepress-id-63\">\n<thead>\n<tr class=\"row-1\">\n\t<th class=\"column-1\"><strong>Chassis version\t<\/strong><\/th><th class=\"column-2\"><strong>length x width x heights\t<\/strong><\/th><th class=\"column-3\"><strong>weight\t<\/strong><\/th><td class=\"column-4\"><\/td>\n<\/tr>\n<\/thead>\n<tbody class=\"row-striping row-hover\">\n<tr class=\"row-2\">\n\t<td class=\"column-1\">DIN-Rail\/Flange<\/td><td class=\"column-2\">62.0 x 118 x 162 mm<\/td><td class=\"column-3\">900g<\/td><td class=\"column-4\">custom color or foil available<br \/>\n<\/td>\n<\/tr>\n<tr class=\"row-3\">\n\t<td class=\"column-1\">IP67 MIL<\/td><td class=\"column-2\">175 x 182 x 66 mm<\/td><td class=\"column-3\">2.1kg<\/td><td class=\"column-4\">custom housings and connectors available<br \/>\n<\/td>\n<\/tr>\n<tr class=\"row-4\">\n\t<td class=\"column-1\">5-port Open Frame<\/td><td class=\"column-2\">90.2 x 95.9 x 15.4 mm<\/td><td class=\"column-3\">90g<\/td><td class=\"column-4\">PC\/104 size<br \/>\n<\/td>\n<\/tr>\n<tr class=\"row-5\">\n\t<td class=\"column-1\">8-port Open Frame with RJ45<\/td><td class=\"column-2\">90.2 x 95.9 x 30.8 mm<\/td><td class=\"column-3\">180g<\/td><td class=\"column-4\">PC\/104 size<br \/>\n<\/td>\n<\/tr>\n<tr class=\"row-6\">\n\t<td class=\"column-1\">8-port Open Frame with Header<\/td><td class=\"column-2\">90.2 x 95.9 x 22.5 mm<\/td><td class=\"column-3\">180g<\/td><td class=\"column-4\">PC\/104 size<br \/>\n<\/td>\n<\/tr>\n<\/tbody>\n<\/table>\n<!-- #tablepress-63 from cache -->\n<p>&nbsp;<\/p>\n<h4>Wymiary:<\/h4>\n\n<table id=\"tablepress-64\" class=\"tablepress tablepress-id-64\">\n<thead>\n<tr class=\"row-1\">\n\t<th class=\"column-1\"><strong>Reference\t<\/strong><\/th><th class=\"column-2\"><strong>Description<\/strong><br \/>\n<\/th>\n<\/tr>\n<\/thead>\n<tbody class=\"row-striping row-hover\">\n<tr class=\"row-2\">\n\t<td class=\"column-1\">XTEST-1<\/td><td class=\"column-2\">Extended temperature test, -40\u00b0C up to +85\u00b0C<br \/>\n<\/td>\n<\/tr>\n<\/tbody>\n<\/table>\n<!-- #tablepress-64 from cache -->\n","protected":false},"excerpt":{"rendered":"<p>Rodzina \u03bcMAGBES to porty 10-28 umo\u017cliwiaj\u0105ce zarz\u0105dzanie Gigabit Ethernet IV generacji switch\u00f3w MPL. Solidna konstrukcja, niskie zu\u017cycie energii i r\u00f3\u017cne konfiguracje mechaniczne sprawiaj\u0105, \u017ce switch idealnie nadaje si\u0119 do ka\u017cdego zastosowania, kt\u00f3re wymaga solidnych i niezawodnych rozwi\u0105za\u0144.<\/p>\n","protected":false},"featured_media":10875,"template":"","meta":{"_acf_changed":false,"inline_featured_image":false,"_monsterinsights_skip_tracking":false,"_monsterinsights_sitenote_active":false,"_monsterinsights_sitenote_note":"","_monsterinsights_sitenote_category":0},"product_brand":[],"product_cat":[360],"product_tag":[],"class_list":{"0":"post-3906","1":"product","2":"type-product","3":"status-publish","4":"has-post-thumbnail","6":"product_cat-rozwiazania-norma-en50155","8":"first","9":"instock","10":"shipping-taxable","11":"product-type-simple"},"acf":[],"_links":{"self":[{"href":"https:\/\/quantum.com.pl\/pl\/wp-json\/wp\/v2\/product\/3906","targetHints":{"allow":["GET"]}}],"collection":[{"href":"https:\/\/quantum.com.pl\/pl\/wp-json\/wp\/v2\/product"}],"about":[{"href":"https:\/\/quantum.com.pl\/pl\/wp-json\/wp\/v2\/types\/product"}],"wp:featuredmedia":[{"embeddable":true,"href":"https:\/\/quantum.com.pl\/pl\/wp-json\/wp\/v2\/media\/10875"}],"wp:attachment":[{"href":"https:\/\/quantum.com.pl\/pl\/wp-json\/wp\/v2\/media?parent=3906"}],"wp:term":[{"taxonomy":"product_brand","embeddable":true,"href":"https:\/\/quantum.com.pl\/pl\/wp-json\/wp\/v2\/product_brand?post=3906"},{"taxonomy":"product_cat","embeddable":true,"href":"https:\/\/quantum.com.pl\/pl\/wp-json\/wp\/v2\/product_cat?post=3906"},{"taxonomy":"product_tag","embeddable":true,"href":"https:\/\/quantum.com.pl\/pl\/wp-json\/wp\/v2\/product_tag?post=3906"}],"curies":[{"name":"wp","href":"https:\/\/api.w.org\/{rel}","templated":true}]}}