{"id":3964,"date":"2019-08-26T18:20:06","date_gmt":"2019-08-26T16:20:06","guid":{"rendered":"https:\/\/quantum.com.pl\/?post_type=product&#038;p=3964"},"modified":"2020-05-08T11:45:25","modified_gmt":"2020-05-08T09:45:25","slug":"wytrzymale-rozwiazanie-komputerowe-dla-kolejnictwa-procesor-intelcore-i7-i-celeron-pip32","status":"publish","type":"product","link":"https:\/\/quantum.com.pl\/pl\/product\/wytrzymale-rozwiazanie-komputerowe-dla-kolejnictwa-procesor-intelcore-i7-i-celeron-pip32\/","title":{"rendered":"Wytrzyma\u0142e rozwi\u0105zanie komputerowe dla kolejnictwa Procesor Intel\u00aeCore&#x2122; i7 i Celeron\u00ae | PIP32"},"content":{"rendered":"<h4>Rodzina PIP30<\/h4>\n<div id=\"tw-target-text-container\" class=\"tw-ta-container tw-nfl\">\n<p id=\"tw-target-text\" class=\"tw-data-text tw-text-large tw-ta\" dir=\"ltr\" data-placeholder=\"T\u0142umaczenie\"><span lang=\"pl\" tabindex=\"0\">Rodzina produkt\u00f3w PIP30 to wysokowydajne, energooszcz\u0119dne i wysoce zintegrowane, wytrzyma\u0142e komputery wbudowane, zaprojektowane do pracy na kolei. Produkt dost\u0119pny jest w kompaktowej aluminiowej obudowie z mocowaniem ko\u0142nierzowym. Unikalne rozwi\u0105zania podwozia pozwalaj\u0105 na obs\u0142ug\u0119 PIP30 zar\u00f3wno w umiarkowanym, jak i trudnym otoczeniu, bez potrzeby stosowania wentylatora lub otwor\u00f3w wentylacyjnych. Konstrukcja zawiera standardowe z\u0142\u0105cza w celu \u0142atwego pod\u0142\u0105czenia lub w postaci blokowanych nag\u0142\u00f3wk\u00f3w, w zale\u017cno\u015bci od potrzeb projektu.<\/span><\/p>\n<p>&nbsp;<\/p>\n<h4 dir=\"ltr\" data-placeholder=\"T\u0142umaczenie\">Najwa\u017cniejsze cechy rodziny PIP30<\/h4>\n<p>Obudowy PIP zapewniaj\u0105 wystarczaj\u0105c\u0105 przestrze\u0144 dla maksymalnie czterech dysk\u00f3w twardych 2,5&#8243;\/ SSD lub innych rozszerze\u0144, takich jak UPS, RAID ..). Dwa gniazda mPCIe pozwalaj\u0105 na \u0142atw\u0105 rozbudow\u0119 systemu. Wewn\u0119trzna magistrala rozszerze\u0144 pozwala na integracj\u0119 kart PCI lub PCIe. Opcja rozbudowy daje maksymaln\u0105 mo\u017cliwo\u015b\u0107 dostosowania do dodatkowych interfejs\u00f3w i funkcji. Podczas projektowania uwzgl\u0119dniono szczeg\u00f3lne \u015brodki ostro\u017cno\u015bci, aby EMC ca\u0142ego systemu mie\u015bci\u0142a si\u0119 w granicach CE i FCC, a normy takie jak EN50155, IEC 60945 lub MIL-STD-810 mog\u0142y zosta\u0107 spe\u0142nione.<\/p>\n<h4>Kluczowe cechy:<\/h4>\n<div id=\"tw-target-text-container\" class=\"tw-ta-container tw-nfl\">\n<ul>\n<li id=\"tw-target-text\" class=\"tw-data-text tw-text-large tw-ta\" dir=\"ltr\" data-placeholder=\"T\u0142umaczenie\"><span lang=\"pl\" tabindex=\"0\">Wbudowany lutowany DDR3 ECC RAM do 4 GB (Do 12 GB przez gniazdo SO-DIMM)<\/span><\/li>\n<li dir=\"ltr\" data-placeholder=\"T\u0142umaczenie\">4 porty GigE na RJ45 (opcjonalnie na M12, \u015bwiat\u0142ow\u00f3d, PoE +)<\/li>\n<li dir=\"ltr\" data-placeholder=\"T\u0142umaczenie\">Praca bez wentylatora, r\u00f3wnie\u017c w temperaturach od -40\u00b0C do 75\u00b0C<\/li>\n<li dir=\"ltr\" data-placeholder=\"T\u0142umaczenie\">Dost\u0119pno\u015b\u0107 d\u0142ugoterminowa*<\/li>\n<li dir=\"ltr\" data-placeholder=\"T\u0142umaczenie\">Niezwykle elastyczny<\/li>\n<\/ul>\n<p>Rodzina PIP30 zosta\u0142a zaprojektowana do pracy w trudnych warunkach \u015brodowiskowych i ekstremalnych temperaturach. Specjalna wytrzyma\u0142a konstrukcja w po\u0142\u0105czeniu z najlepszymi komponentami przemys\u0142owymi oferuje wysok\u0105 niezawodno\u015b\u0107 i d\u0142ugoterminow\u0105 wydajno\u015b\u0107.<br \/>\n* Zazwyczaj 10 lat lub wi\u0119cej, ponad 20 lat mo\u017cliwo\u015bci naprawy<\/p>\n<p>Rozwi\u0105zania kolejowe MPL posiadaj\u0105 certyfikat EN50155, a wszystkie jednostki przechodz\u0105 surowe testy \u015brodowiskowe w celu zapewnienia niezawodnej wydajno\u015bci w r\u00f3\u017cnych warunkach zasilania, takich jak zmiany napi\u0119cia, przerwy w zasilaniu i zmiany \u017ar\u00f3de\u0142 zasilania. Systemy s\u0105 r\u00f3wnie\u017c testowane pod k\u0105tem odporno\u015bci na zak\u0142\u00f3cenia \u015brodowiskowe, takie jak wibracje, wstrz\u0105sy i ekstremalne temperatury.<\/p>\n<h4>Dane techniczne <strong>PIP32<\/strong><\/h4>\n\n<table id=\"tablepress-68\" class=\"tablepress tablepress-id-68\">\n<thead>\n<tr class=\"row-1\">\n\t<th class=\"column-1\"><strong>Referencje<\/strong><\/th><th class=\"column-2\"><strong>Opis<\/strong><\/th>\n<\/tr>\n<\/thead>\n<tbody class=\"row-striping row-hover\">\n<tr class=\"row-2\">\n\t<td class=\"column-1\">PIP31-1<\/td><td class=\"column-2\">Niskoenergetyczny wbudowany procesor Intel Celeron 927UE (Ivy Bridge) 1,5 GHz z 1 MB pami\u0119ci L3 Cache, 4 GB pami\u0119ci DDR3 ECC RAM na pok\u0142adzie i gniazdem pami\u0119ci DDR (maks. 8 GB modu\u0142u), 4x GbE, grafika 3D (DVI-I i DP), 6x USB 3.0 i 2.0, 2x RS232, PCI \/ 104-Express ...<br \/>\n<\/td>\n<\/tr>\n<tr class=\"row-3\">\n\t<td class=\"column-1\">RAIL-PIP31-1<\/td><td class=\"column-2\">Zatwierdzony przez EN50155 odpowiednik PIP31-1, w tym izolacja p\u0142yty i uziemienia systemu, izolacja galwaniczna na wej\u015bciu, zakres wej\u015bciowy 9-36 V DC, 4 x LAN na M12.<br \/>\n<\/td>\n<\/tr>\n<tr class=\"row-4\">\n\t<td class=\"column-1\">PIP31-2<\/td><td class=\"column-2\">Wbudowany procesor Intel Celeron 927UE (Ivy Bridge) 1,5 GHz z 1 MB pami\u0119ci podr\u0119cznej L3, gniazdo pami\u0119ci DDR (maks. Modu\u0142 8 GB), 2x GbE, grafika 3D (DVI-I i DP), 6x USB 3.0 i 2.0, 2x RS232, PCI \/ 104-Express ...<br \/>\n(brak wbudowanej pami\u0119ci, brak wewn\u0119trznego i zewn\u0119trznego rozszerzenia PCIe, brak z\u0142\u0105cza eSATAp)<\/td>\n<\/tr>\n<tr class=\"row-5\">\n\t<td class=\"column-1\">RAIL-PIP31-2<\/td><td class=\"column-2\">Zatwierdzony przez EN50155 odpowiednik PIP31-2, w tym izolacja p\u0142yty i uziemienia systemu, izolacja galwaniczna na wej\u015bciu, zakres wej\u015bciowy 9-36 V DC, 2 x LAN na M12.<br \/>\n<\/td>\n<\/tr>\n<\/tbody>\n<\/table>\n<!-- #tablepress-68 from cache -->\n<h4>Wymiary<\/h4>\n\n<table id=\"tablepress-69\" class=\"tablepress tablepress-id-69\">\n<thead>\n<tr class=\"row-1\">\n\t<th class=\"column-1\">Processor<\/th><th class=\"column-2\">Intel i7-3555LU<br \/>\n<\/th>\n<\/tr>\n<\/thead>\n<tbody class=\"row-striping row-hover\">\n<tr class=\"row-2\">\n\t<td class=\"column-1\"># of cores \/ threads<\/td><td class=\"column-2\">2 \/ 4<\/td>\n<\/tr>\n<tr class=\"row-3\">\n\t<td class=\"column-1\">Clock speed<\/td><td class=\"column-2\">2.5 \/ 3.1 GHz<br \/>\n<\/td>\n<\/tr>\n<tr class=\"row-4\">\n\t<td class=\"column-1\">L2 Cache<\/td><td class=\"column-2\">4 MB<\/td>\n<\/tr>\n<tr class=\"row-5\">\n\t<td class=\"column-1\">Passmark (all cores)<\/td><td class=\"column-2\">4080<br \/>\n<\/td>\n<\/tr>\n<tr class=\"row-6\">\n\t<td class=\"column-1\">Chipset<\/td><td class=\"column-2\">Intel QM77 (Panther Point), supports ACPI power states S1, S4, and S5, USB 3.0...<br \/>\n<\/td>\n<\/tr>\n<tr class=\"row-7\">\n\t<td class=\"column-1\">Memory<\/td><td class=\"column-2\">4GB DDR3 on-board soldered ECC RAM<br \/>\n1x 204-pin dual-channel DDR3 SODIMM slot, supports up to 8GB modules (total board memory 12GB)<\/td>\n<\/tr>\n<tr class=\"row-8\">\n\t<td class=\"column-1\">BIOS<\/td><td class=\"column-2\">On-board soldered 8MB Flash, MPL engineered BIOS (SecureCore by Phoenix), customizable<br \/>\n<\/td>\n<\/tr>\n<tr class=\"row-9\">\n\t<td class=\"column-1\">TPM<\/td><td class=\"column-2\">Trusted Platform Support<br \/>\n<\/td>\n<\/tr>\n<tr class=\"row-10\">\n\t<td class=\"column-1\">Watchdog Timer<\/td><td class=\"column-2\">Configurable granularity 1-255 sec. or 1-255 min.<br \/>\n<\/td>\n<\/tr>\n<tr class=\"row-11\">\n\t<td class=\"column-1\">Indicator LEDs<\/td><td class=\"column-2\">Power, Reset, HDD LAN, and Wi-Fi LEDs, 2 user programmable LEDs<br \/>\n<\/td>\n<\/tr>\n<tr class=\"row-12\">\n\t<td class=\"column-1\"><strong>Mass Storage<\/strong><br \/>\n<\/td><td class=\"column-2\"><\/td>\n<\/tr>\n<tr class=\"row-13\">\n\t<td class=\"column-1\">SATA<\/td><td class=\"column-2\">2x SATA 3.0 ports and 2x SATA 2.0 ports, RAID 0\/1\/5\/10 support<br \/>\n<\/td>\n<\/tr>\n<tr class=\"row-14\">\n\t<td class=\"column-1\">mSATA<\/td><td class=\"column-2\">1x mSATA Full-Mini Card combo socket with SATA 2.0 &amp; USB 2.0<br \/>\n<\/td>\n<\/tr>\n<tr class=\"row-15\">\n\t<td class=\"column-1\">eSATAp<\/td><td class=\"column-2\">Powered external SATA port with SATA 2.0 and USB 2.0, ESD protected connector<br \/>\n<\/td>\n<\/tr>\n<tr class=\"row-16\">\n\t<td class=\"column-1\"><strong>Interfaces<\/strong><br \/>\n<\/td><td class=\"column-2\"><\/td>\n<\/tr>\n<tr class=\"row-17\">\n\t<td class=\"column-1\">Graphics Interfaces<\/td><td class=\"column-2\">Display Port (DP) up to 2560x1600 (DP) and DVI-I and 24-bit LVDS up to 1920 x 1200<br \/>\nDual display capable, ESD protected. Gen3 PCIe port x16 (PEG) for graphic card.<\/td>\n<\/tr>\n<tr class=\"row-18\">\n\t<td class=\"column-1\">USB<\/td><td class=\"column-2\">4x USB 3.0 ports, 2x USB 2.0 ports, supports USB keyboards and mice as legacy devices<br \/>\n3x additional internal USB2.0 ports<\/td>\n<\/tr>\n<tr class=\"row-19\">\n\t<td class=\"column-1\">LAN<\/td><td class=\"column-2\">4x GbE ports (Intel 82574IT) on RJ45 , ESD protected connectors, Wake on LAN support<br \/>\n<\/td>\n<\/tr>\n<tr class=\"row-20\">\n\t<td class=\"column-1\">Serial Ports<\/td><td class=\"column-2\">2x full modem RS232 ports, ESD protected external DB9 connectors<br \/>\n2x additional RS232\/485 ports (optional)<\/td>\n<\/tr>\n<tr class=\"row-21\">\n\t<td class=\"column-1\">PS\/2<\/td><td class=\"column-2\">For keyboard and mouse, 1x 6-pin Mini-DIN connector, ESD protected<br \/>\n<\/td>\n<\/tr>\n<tr class=\"row-22\">\n\t<td class=\"column-1\">HDAudio<\/td><td class=\"column-2\">Intel HDAudio signals, available on a 1 mm header, sound card (HDSOUND-1) is available<br \/>\n<\/td>\n<\/tr>\n<tr class=\"row-23\">\n\t<td class=\"column-1\"><strong>Expansions<\/strong><br \/>\n<\/td><td class=\"column-2\"><\/td>\n<\/tr>\n<tr class=\"row-24\">\n\t<td class=\"column-1\">mPCIe<\/td><td class=\"column-2\">2x mPCIe PCI Express Gen2, x1 lane &amp; USB 2.0 (1 combined with mSATA)<br \/>\n<\/td>\n<\/tr>\n<tr class=\"row-25\">\n\t<td class=\"column-1\">ePCIe<\/td><td class=\"column-2\">1x external PCI Express Gen2, x1 lane port with 500 MB\/s, ESD protected connector<br \/>\n<\/td>\n<\/tr>\n<tr class=\"row-26\">\n\t<td class=\"column-1\">PCI\/104-Express<\/td><td class=\"column-2\">1x PCIe\/104 slot (4x PCIe x1 lane, 2x USB 2.0), PCI\/104 slot (33 or 66 MHz PCI bus)<br \/>\n<\/td>\n<\/tr>\n<tr class=\"row-27\">\n\t<td class=\"column-1\"><strong>Power<\/strong><br \/>\n<\/td><td class=\"column-2\"><\/td>\n<\/tr>\n<tr class=\"row-28\">\n\t<td class=\"column-1\">Input Voltage<\/td><td class=\"column-2\">8 - 36 VDC input range, ESD and EMC protected power input (optionally up to 110VDC)<br \/>\nProtection against: up to -36 VDC over voltage , reverse polarity, up to 150V load dump<br \/>\nReset &amp; Power button*<br \/>\nIgnition input specifically for vehicles* (*also available on a 4-pin Mini-DIN connector)<\/td>\n<\/tr>\n<tr class=\"row-29\">\n\t<td class=\"column-1\">Power consumption<\/td><td class=\"column-2\">PIP31: 11-17 Watt \/ PIP32: 11-19 Watt \/ PIP37: 11-33 Watt \/ PIP38: 11-36 Watt<br \/>\n(Enhanced Intel Speed Step Technology, all LANs operational)<\/td>\n<\/tr>\n<tr class=\"row-30\">\n\t<td class=\"column-1\"><strong>Environment<\/strong><\/td><td class=\"column-2\"><\/td>\n<\/tr>\n<tr class=\"row-31\">\n\t<td class=\"column-1\">Storage Temperature<\/td><td class=\"column-2\">-45\u00b0C up to +85\u00b0C (-49\u00b0F to +185\u00b0F)<br \/>\n<\/td>\n<\/tr>\n<tr class=\"row-32\">\n\t<td class=\"column-1\">Operating Temperature<br \/>\n<\/td><td class=\"column-2\">-20\u00b0C to +60\u00b0C (-4\u00b0F to +140\u00b0F), with full CPU, 3D video and memory usage, fanless<br \/>\n<\/td>\n<\/tr>\n<tr class=\"row-33\">\n\t<td class=\"column-1\">Ext. Temp. (optional)<\/td><td class=\"column-2\">-40\u00b0C to +75\u00b0C (-40\u00b0F to +167\u00b0F), fanless , final test in climate chamber with test protocol<br \/>\n<\/td>\n<\/tr>\n<tr class=\"row-34\">\n\t<td class=\"column-1\">Relative Humidity<\/td><td class=\"column-2\">5% to 95% non condensing, optional coating available<br \/>\n<\/td>\n<\/tr>\n<tr class=\"row-35\">\n\t<td class=\"column-1\"><strong>Standard Compliance<\/strong><br \/>\n<\/td><td class=\"column-2\"><\/td>\n<\/tr>\n<tr class=\"row-36\">\n\t<td class=\"column-1\">EMC<\/td><td class=\"column-2\">EN 55022, EN 55024, EN 61000, MIL-STD-461E<br \/>\n<\/td>\n<\/tr>\n<tr class=\"row-37\">\n\t<td class=\"column-1\">Shock &amp; Vibration<\/td><td class=\"column-2\">EN 60068<br \/>\n<\/td>\n<\/tr>\n<tr class=\"row-38\">\n\t<td class=\"column-1\">Environmental &amp; Safety<\/td><td class=\"column-2\">EN 50155, MIL-STD-810G, EN 60601, EN 60950<br \/>\n<\/td>\n<\/tr>\n<tr class=\"row-39\">\n\t<td class=\"column-1\">Approval List<\/td><td class=\"column-2\">CE, IEC 60945, IACS E10<br \/>\n<\/td>\n<\/tr>\n<tr class=\"row-40\">\n\t<td class=\"column-1\">Certification<\/td><td class=\"column-2\">EN 50155 Class Tx<br \/>\n<\/td>\n<\/tr>\n<\/tbody>\n<\/table>\n<!-- #tablepress-69 from cache -->\n<h4>Wersje p\u0142yty CPU<\/h4>\n\n<table id=\"tablepress-75\" class=\"tablepress tablepress-id-75\">\n<thead>\n<tr class=\"row-1\">\n\t<th class=\"column-1\"><strong>Referencje<\/strong><\/th><th class=\"column-2\"><strong>Opis<\/strong><\/th>\n<\/tr>\n<\/thead>\n<tbody class=\"row-striping row-hover\">\n<tr class=\"row-2\">\n\t<td class=\"column-1\">PIP37-1<\/td><td class=\"column-2\">Niskoenergetyczny wbudowany dwurdzeniowy procesor Intel Core i7-3517UE (Ivy Bridge) 1,7 GHz z 4 MB pami\u0119ci podr\u0119cznej L3 Cache, 4 GB pami\u0119ci DDR3 ECC RAM i gniazdem pami\u0119ci DDR (maks. 8 GB modu\u0142u), 4x GbE, grafika 3D (DVI-I i DP ), 6x USB 3.0 i 2.0, 2x RS232, PCI \/ 104-Express ...<br \/>\n<\/td>\n<\/tr>\n<tr class=\"row-3\">\n\t<td class=\"column-1\">RAIL-PIP37-1<\/td><td class=\"column-2\">Zatwierdzony przez EN50155 odpowiednik PIP37-1, w tym izolacja p\u0142yty i uziemienia systemu, izolacja galwaniczna na wej\u015bciu, zakres wej\u015bciowy 9-36 V DC, 4 x LAN na M12.<br \/>\n<\/td>\n<\/tr>\n<\/tbody>\n<\/table>\n<!-- #tablepress-75 from cache -->\n<p>&nbsp;<\/p>\n<\/div>\n<\/div>\n","protected":false},"excerpt":{"rendered":"<p><span lang=\"pl\" tabindex=\"0\">Rodzina produkt\u00f3w PIP30 to wysokowydajne, energooszcz\u0119dne i wysoce zintegrowane, wytrzyma\u0142e komputery wbudowane, zaprojektowane do pracy na kolei. Produkt dost\u0119pny jest w kompaktowej aluminiowej obudowie z mocowaniem ko\u0142nierzowym. Unikalne rozwi\u0105zania podwozia pozwalaj\u0105 na obs\u0142ug\u0119 PIP30 zar\u00f3wno w umiarkowanym, jak i trudnym otoczeniu, bez potrzeby stosowania wentylatora lub otwor\u00f3w wentylacyjnych. <\/span><\/p>\n","protected":false},"featured_media":10887,"template":"","meta":{"_acf_changed":false,"inline_featured_image":false,"_monsterinsights_skip_tracking":false,"_monsterinsights_sitenote_active":false,"_monsterinsights_sitenote_note":"","_monsterinsights_sitenote_category":0},"product_brand":[],"product_cat":[383],"product_tag":[],"class_list":{"0":"post-3964","1":"product","2":"type-product","3":"status-publish","4":"has-post-thumbnail","6":"product_cat-komputery-kolejnictwo-en50155","8":"first","9":"instock","10":"shipping-taxable","11":"product-type-simple"},"acf":[],"_links":{"self":[{"href":"https:\/\/quantum.com.pl\/pl\/wp-json\/wp\/v2\/product\/3964","targetHints":{"allow":["GET"]}}],"collection":[{"href":"https:\/\/quantum.com.pl\/pl\/wp-json\/wp\/v2\/product"}],"about":[{"href":"https:\/\/quantum.com.pl\/pl\/wp-json\/wp\/v2\/types\/product"}],"wp:featuredmedia":[{"embeddable":true,"href":"https:\/\/quantum.com.pl\/pl\/wp-json\/wp\/v2\/media\/10887"}],"wp:attachment":[{"href":"https:\/\/quantum.com.pl\/pl\/wp-json\/wp\/v2\/media?parent=3964"}],"wp:term":[{"taxonomy":"product_brand","embeddable":true,"href":"https:\/\/quantum.com.pl\/pl\/wp-json\/wp\/v2\/product_brand?post=3964"},{"taxonomy":"product_cat","embeddable":true,"href":"https:\/\/quantum.com.pl\/pl\/wp-json\/wp\/v2\/product_cat?post=3964"},{"taxonomy":"product_tag","embeddable":true,"href":"https:\/\/quantum.com.pl\/pl\/wp-json\/wp\/v2\/product_tag?post=3964"}],"curies":[{"name":"wp","href":"https:\/\/api.w.org\/{rel}","templated":true}]}}