{"id":4003,"date":"2019-08-28T19:27:17","date_gmt":"2019-08-28T17:27:17","guid":{"rendered":"https:\/\/quantum.com.pl\/?post_type=product&#038;p=4003"},"modified":"2020-12-29T15:22:41","modified_gmt":"2020-12-29T14:22:41","slug":"mxcs-rugged-serwer-rack-19-intel-r-xeon","status":"publish","type":"product","link":"https:\/\/quantum.com.pl\/pl\/product\/mxcs-rugged-serwer-rack-19-intel-r-xeon\/","title":{"rendered":"MXCS Rugged Serwer RACK 19\u201d Intel\u00ae Xeon"},"content":{"rendered":"<h4>Rozwi\u0105zanie serwerowe typu ,,rugged&#8221; 19&#8221;\u00a0 na stela\u017cu MXCS-RK &#8211; ch\u0142odzony przewodz\u0105co, z procesorem Intel\u00ae Xeon &#x2122;<\/h4>\n<div id=\"tw-target-text-container\" class=\"tw-ta-container tw-nfl\">\n<p id=\"tw-target-text\" class=\"tw-data-text tw-text-large tw-ta\" dir=\"ltr\" data-placeholder=\"T\u0142umaczenie\"><span lang=\"pl\" tabindex=\"0\">19-calowa wersja stela\u017cowa MXCS to wysokowydajny, energooszcz\u0119dny i wysoce zintegrowany wbudowany serwer typu ,,rugged&#8221;. Takie rozwi\u0105zanie mo\u017ce by\u0107 stosowane w umiarkowanym lub trudnym \u015brodowisku bez potrzeby u\u017cycia wentylator\u00f3w, dlatego p\u0142yta MXCS mo\u017ce by\u0107 u\u017cywana do dowolnej aplikacji serwerowej w bardzo trudnym i zapylonym \u015brodowisku.<br \/>\n<\/span><\/p>\n<h4 dir=\"ltr\" data-placeholder=\"T\u0142umaczenie\">Najwa\u017cniejsze cechy MXCS-RK<\/h4>\n<\/div>\n<div id=\"z6maec\" class=\"tw-ta-container tw-nfl\">\n<p id=\"tw-target-rmn\" class=\"tw-data-placeholder tw-text-small tw-ta\" dir=\"ltr\">Obudowy MXCS oferuj\u0105 miejsce na maksymalnie 8 x 2,5 &#8222;SSD. W przypadku PCI \/ 104-Express i mini PCIe mo\u017cliwe s\u0105 nieograniczone rozszerzenia. 19-calowy serwer na stela\u017cu jest ch\u0142odzony przewodz\u0105co i przeznaczony do pracy w temperaturach od -20\u00b0C do +60\u00b0C. Na \u017cyczenie klienta mo\u017ce by\u0107 wyposa\u017cony w uk\u0142ad wentylacji zabezpieczony przed awari\u0105, bez nadmuchiwania powietrza i py\u0142u przez elektronik\u0119. System zaprojektowano tak, aby spe\u0142nia\u0142 standardy takie jak MIL-STD810, EN50155 lub IEC 60945.<\/p>\n<h4 dir=\"ltr\">Kluczowe cechy MXCS-RK<\/h4>\n<ul>\n<li>Procesor Intel Xeon &#8211; do 16 rdzeni<\/li>\n<li>Do 128 GB pami\u0119ci ECC DDR4<\/li>\n<li>2 porty 10Gbit<\/li>\n<li>Do 8x SAS \/ SATA z konfiguracj\u0105 RAID<\/li>\n<li>Koncepcja ch\u0142odzenia przewodz\u0105cego<\/li>\n<\/ul>\n<p>Rodzina serwer\u00f3w MXCS typu ,,rugged&#8221; zosta\u0142a zaprojektowana do pracy w trudnych warunkach i ekstremalnych temperaturach. Wytrzyma\u0142a konstrukcja w po\u0142\u0105czeniu z najlepszymi komponentami przemys\u0142owymi zapewnia wysok\u0105 niezawodno\u015b\u0107 i d\u0142ugoterminow\u0105 wydajno\u015b\u0107.<\/p>\n<p>MXCS jest dost\u0119pny dla r\u00f3\u017cnych ga\u0142\u0119zi przemys\u0142u &#8211; to idealne rozwi\u0105zanie dla serwer\u00f3w wbudowanych w \u015brodowiskach przemys\u0142owych, aplikacjach kolejowych, aplikacjach MIL \/ COTS i zawsze, gdy potrzebny jest wytrzyma\u0142y komputer na d\u0142ugi okres czasu.<\/p>\n<h4>Dane techniczne<\/h4>\n\n<table id=\"tablepress-81\" class=\"tablepress tablepress-id-81 tbody-has-connected-cells\">\n<tbody class=\"row-striping row-hover\">\n<tr class=\"row-1\">\n\t<td colspan=\"4\" class=\"column-1\"><strong style=\"display: block; text-align: center;\">Board Key Data<\/strong><\/td>\n<\/tr>\n<tr class=\"row-2\">\n\t<td class=\"column-1\">Processor<\/td><td class=\"column-2\">Intel Xeon D-1548<\/td><td class=\"column-3\">Intel Xeon D-1577<\/td><td class=\"column-4\">Intel Xeon D-1587<br \/>\n<\/td>\n<\/tr>\n<tr class=\"row-3\">\n\t<td class=\"column-1\">Clock speed<\/td><td class=\"column-2\">2.0 \/ 2.6GHz<\/td><td class=\"column-3\">1.3 \/ 2.1GHz<\/td><td class=\"column-4\">1.7 \/ 2.3GHz<br \/>\n<\/td>\n<\/tr>\n<tr class=\"row-4\">\n\t<td class=\"column-1\">Cores \/ threads<\/td><td class=\"column-2\">8 \/ 16<\/td><td class=\"column-3\">16 \/ 32<\/td><td class=\"column-4\">16 \/ 32<\/td>\n<\/tr>\n<tr class=\"row-5\">\n\t<td class=\"column-1\">Smart cache<\/td><td class=\"column-2\">12 MB<\/td><td class=\"column-3\">24 MB<\/td><td class=\"column-4\">24 MB<\/td>\n<\/tr>\n<tr class=\"row-6\">\n\t<td class=\"column-1\">Memory<\/td><td colspan=\"3\" class=\"column-2\">up to 128 GB DDR4 ECC memory in four RDIMM slots<br \/>\n<\/td>\n<\/tr>\n<tr class=\"row-7\">\n\t<td class=\"column-1\">TPM<\/td><td colspan=\"3\" class=\"column-2\">over separate module (INTEL or FPGA)<br \/>\n<\/td>\n<\/tr>\n<tr class=\"row-8\">\n\t<td class=\"column-1\">Watchdog Timer<\/td><td colspan=\"3\" class=\"column-2\">configurable granularity 10 ms, 1 s or 1 minute, results in a timeout from 2.5 seconds up to 4 hours<br \/>\n<\/td>\n<\/tr>\n<tr class=\"row-9\">\n\t<td class=\"column-1\">Indicator LEDs<\/td><td colspan=\"3\" class=\"column-2\">power, reset, various others<br \/>\n<\/td>\n<\/tr>\n<tr class=\"row-10\">\n\t<td colspan=\"4\" class=\"column-1\"><strong style=\"display: block; text-align: center;\">Interfaces<\/strong><\/td>\n<\/tr>\n<tr class=\"row-11\">\n\t<td class=\"column-1\">Serial<\/td><td colspan=\"3\" class=\"column-2\">1 x RS232 on connector<br \/>\n1 x RS232\/422\/485 on DB-9<\/td>\n<\/tr>\n<tr class=\"row-12\">\n\t<td class=\"column-1\">USB<\/td><td colspan=\"3\" class=\"column-2\">4 x USB 3.0 ports on type A (D-1529 USB 2.0 only)<br \/>\n<\/td>\n<\/tr>\n<tr class=\"row-13\">\n\t<td class=\"column-1\">LAN<\/td><td colspan=\"3\" class=\"column-2\">2 x 1Gbit copper ports on RJ45 \/ 2 x 10Gbit SFP+ copper or fiber ports (D-1529 1Gbit SFP only)<br \/>\nOptional LAN expansion with UNIGET, up to 6x Gbit<\/td>\n<\/tr>\n<tr class=\"row-14\">\n\t<td colspan=\"4\" class=\"column-1\"><strong style=\"display: block; text-align: center;\">Internal Expansions<\/strong><\/td>\n<\/tr>\n<tr class=\"row-15\">\n\t<td class=\"column-1\">mPCIe<\/td><td colspan=\"3\" class=\"column-2\">4 x mPCIe PCI Express Gen2<br \/>\n<\/td>\n<\/tr>\n<tr class=\"row-16\">\n\t<td class=\"column-1\">PCI\/104-Express<\/td><td colspan=\"3\" class=\"column-2\">1 x PCIe x8<br \/>\n<\/td>\n<\/tr>\n<tr class=\"row-17\">\n\t<td class=\"column-1\">PCIe x16<\/td><td colspan=\"3\" class=\"column-2\">1 x PEG graphic expansion<br \/>\n<\/td>\n<\/tr>\n<tr class=\"row-18\">\n\t<td class=\"column-1\">SATA<\/td><td colspan=\"3\" class=\"column-2\">2 x mSATA \/ 2 x m.2 Key M ports<br \/>\n<\/td>\n<\/tr>\n<tr class=\"row-19\">\n\t<td colspan=\"4\" class=\"column-1\"><strong style=\"display: block; text-align: center;\">Baseboard Management Controller (BMC)<\/strong><\/td>\n<\/tr>\n<tr class=\"row-20\">\n\t<td class=\"column-1\">Memory<\/td><td colspan=\"3\" class=\"column-2\">DDR4-1600 up to 1GB<br \/>\n<\/td>\n<\/tr>\n<tr class=\"row-21\">\n\t<td class=\"column-1\">Graphics<\/td><td colspan=\"3\" class=\"column-2\">ESD protected up to 1920 x 1200<br \/>\n<\/td>\n<\/tr>\n<tr class=\"row-22\">\n\t<td class=\"column-1\">LAN<\/td><td colspan=\"3\" class=\"column-2\">1 x GbE port, ESD protected<br \/>\n<\/td>\n<\/tr>\n<tr class=\"row-23\">\n\t<td class=\"column-1\">BIOS<\/td><td colspan=\"3\" class=\"column-2\">redundant AMI BIOS FLASH<br \/>\n<\/td>\n<\/tr>\n<tr class=\"row-24\">\n\t<td colspan=\"4\" class=\"column-1\"><strong style=\"display: block; text-align: center;\">Power<\/strong><\/td>\n<\/tr>\n<tr class=\"row-25\">\n\t<td class=\"column-1\">Input Voltage<\/td><td colspan=\"3\" class=\"column-2\">19 - 36 VDC input range, ESD and EMC protected power input (redundant capability)<br \/>\nreverse polarity protection, load dump protection<br \/>\nreset &amp; power button<br \/>\noptional internal UPS system, optional galvanic separation, other voltage possible<br \/>\nignition input specifically for vehicles<\/td>\n<\/tr>\n<tr class=\"row-26\">\n\t<td class=\"column-1\">Power consumption<\/td><td colspan=\"3\" class=\"column-2\">25 - 100 Watt (depending of CPU), Enhanced Intel Speed Step Technology<br \/>\n<\/td>\n<\/tr>\n<tr class=\"row-27\">\n\t<td colspan=\"4\" class=\"column-1\"><strong style=\"display: block; text-align: center;\">Environment<\/strong><\/td>\n<\/tr>\n<tr class=\"row-28\">\n\t<td class=\"column-1\">Storage Temperature<\/td><td colspan=\"3\" class=\"column-2\">-45\u00b0C up to +85\u00b0C (-49\u00b0F to +185\u00b0F)<br \/>\n<\/td>\n<\/tr>\n<tr class=\"row-29\">\n\t<td class=\"column-1\">Operating Temperature<\/td><td colspan=\"3\" class=\"column-2\">-20\u00b0C to +60\u00b0C (fanless)<br \/>\n<\/td>\n<\/tr>\n<tr class=\"row-30\">\n\t<td class=\"column-1\">Relative Humidity<\/td><td colspan=\"3\" class=\"column-2\">5% to 95% non condensing, optional coating available<br \/>\n<\/td>\n<\/tr>\n<tr class=\"row-31\">\n\t<td colspan=\"4\" class=\"column-1\"><strong style=\"display: block; text-align: center;\">Standard Compliance<\/strong><\/td>\n<\/tr>\n<tr class=\"row-32\">\n\t<td class=\"column-1\">EMC<\/td><td colspan=\"3\" class=\"column-2\">EN 55022, EN 55024, EN 61000, MIL-STD-461E<br \/>\n<\/td>\n<\/tr>\n<tr class=\"row-33\">\n\t<td class=\"column-1\">Shock &amp; Vibration<\/td><td colspan=\"3\" class=\"column-2\">EN 60068<br \/>\n<\/td>\n<\/tr>\n<tr class=\"row-34\">\n\t<td class=\"column-1\">Environmental &amp; Safety<\/td><td colspan=\"3\" class=\"column-2\">EN 50155, MIL-STD-810G, EN 60601, EN 60950<br \/>\n<\/td>\n<\/tr>\n<tr class=\"row-35\">\n\t<td class=\"column-1\">Approval List<\/td><td colspan=\"3\" class=\"column-2\">CE, IEC 60945, IACS E10<br \/>\n<\/td>\n<\/tr>\n<\/tbody>\n<\/table>\n<!-- #tablepress-81 from cache -->\n<h4>Wymiary<\/h4>\n\n<table id=\"tablepress-82\" class=\"tablepress tablepress-id-82 tbody-has-connected-cells\">\n<tbody class=\"row-striping row-hover\">\n<tr class=\"row-1\">\n\t<td class=\"column-1\"><strong>Chassis version<\/strong><\/td><td class=\"column-2\"><strong>length<\/strong><\/td><td class=\"column-3\"><strong>width<\/strong><\/td><td class=\"column-4\"><strong>heights<\/strong><\/td><td class=\"column-5\"><strong>weight<\/strong><\/td>\n<\/tr>\n<tr class=\"row-2\">\n\t<td class=\"column-1\">MXCS-CA  Compact Aluminum<\/td><td class=\"column-2\">207mm<\/td><td class=\"column-3\">351 mm<\/td><td class=\"column-4\">66 mm<\/td><td class=\"column-5\">5 kg (11 lb.)<\/td>\n<\/tr>\n<tr class=\"row-3\">\n\t<td class=\"column-1\">MXCS-RK  19\" Rack version\t<\/td><td class=\"column-2\">415mm<\/td><td class=\"column-3\">19\"\t<\/td><td class=\"column-4\">2U<\/td><td class=\"column-5\">18.2 kg (40.1 lb.)<\/td>\n<\/tr>\n<tr class=\"row-4\">\n\t<td class=\"column-1\">MXCS-ML  IP67 MIL<\/td><td colspan=\"4\" class=\"column-2\">TBD - to customer specifications<\/td>\n<\/tr>\n<tr class=\"row-5\">\n\t<td class=\"column-1\">MXCS-OF  Open Frame version<\/td><td class=\"column-2\">201 mm<\/td><td class=\"column-3\">342 mm<\/td><td class=\"column-4\">50 mm<\/td><td class=\"column-5\">3.2 kg (7 lb.)<\/td>\n<\/tr>\n<tr class=\"row-6\">\n\t<td colspan=\"5\" class=\"column-1\"><span style=\"font-weight: normal;\">The aluminum housings are internally chromated, externally powder coated or anodized, no ventilation holes.<\/span><\/td>\n<\/tr>\n<\/tbody>\n<\/table>\n<!-- #tablepress-82 from cache -->\n<\/div>\n","protected":false},"excerpt":{"rendered":"<h3>MXCS-RK<\/h3>\n<p><span lang=\"pl\" tabindex=\"0\">19-calowa wersja stela\u017cowa MXCS to wysokowydajny, energooszcz\u0119dny i wysoce zintegrowany wbudowany serwer typu ,,rugged&#8221;. Takie rozwi\u0105zanie mo\u017ce by\u0107 stosowane w umiarkowanym lub trudnym \u015brodowisku bez potrzeby u\u017cycia wentylator\u00f3w, dlatego p\u0142yta MXCS mo\u017ce by\u0107 u\u017cywana do dowolnej aplikacji serwerowej w bardzo trudnym i zapylonym \u015brodowisku.<br \/>\n<\/span><\/p>\n","protected":false},"featured_media":10855,"template":"","meta":{"_acf_changed":false,"inline_featured_image":false,"_monsterinsights_skip_tracking":false,"_monsterinsights_sitenote_active":false,"_monsterinsights_sitenote_note":"","_monsterinsights_sitenote_category":0},"product_brand":[],"product_cat":[1591,359,393],"product_tag":[],"class_list":{"0":"post-4003","1":"product","2":"type-product","3":"status-publish","4":"has-post-thumbnail","6":"product_cat-komputery-rugged","7":"product_cat-mpl","8":"product_cat-rozwiazania-serwerowe-rugged","10":"first","11":"instock","12":"shipping-taxable","13":"product-type-simple"},"acf":[],"_links":{"self":[{"href":"https:\/\/quantum.com.pl\/pl\/wp-json\/wp\/v2\/product\/4003","targetHints":{"allow":["GET"]}}],"collection":[{"href":"https:\/\/quantum.com.pl\/pl\/wp-json\/wp\/v2\/product"}],"about":[{"href":"https:\/\/quantum.com.pl\/pl\/wp-json\/wp\/v2\/types\/product"}],"wp:featuredmedia":[{"embeddable":true,"href":"https:\/\/quantum.com.pl\/pl\/wp-json\/wp\/v2\/media\/10855"}],"wp:attachment":[{"href":"https:\/\/quantum.com.pl\/pl\/wp-json\/wp\/v2\/media?parent=4003"}],"wp:term":[{"taxonomy":"product_brand","embeddable":true,"href":"https:\/\/quantum.com.pl\/pl\/wp-json\/wp\/v2\/product_brand?post=4003"},{"taxonomy":"product_cat","embeddable":true,"href":"https:\/\/quantum.com.pl\/pl\/wp-json\/wp\/v2\/product_cat?post=4003"},{"taxonomy":"product_tag","embeddable":true,"href":"https:\/\/quantum.com.pl\/pl\/wp-json\/wp\/v2\/product_tag?post=4003"}],"curies":[{"name":"wp","href":"https:\/\/api.w.org\/{rel}","templated":true}]}}