{"id":4014,"date":"2019-08-29T11:59:53","date_gmt":"2019-08-29T09:59:53","guid":{"rendered":"https:\/\/quantum.com.pl\/?post_type=product&#038;p=4014"},"modified":"2020-12-15T12:51:21","modified_gmt":"2020-12-15T11:51:21","slug":"open-frame-rugged-serwer-mxcs-intel-r-xeon","status":"publish","type":"product","link":"https:\/\/quantum.com.pl\/pl\/product\/open-frame-rugged-serwer-mxcs-intel-r-xeon\/","title":{"rendered":"Open Frame Rugged Serwer MXCS Intel\u00ae Xeon"},"content":{"rendered":"<h4>Rozwi\u0105zanie serwerowe typu ,,rugged&#8221; Open Frame MXCS-OF &#8211; ch\u0142odzony przewodz\u0105co, z procesorem Intel\u00ae Xeon &#x2122;<\/h4>\n<p>Wersja MXCS Open Frame to wysokowydajny, energooszcz\u0119dny i wysoce zintegrowany wbudowany serwer typu ,,rugged&#8221;. Rozwi\u0105zanie MXCS mo\u017ce by\u0107 obs\u0142ugiwane w umiarkowanym lub trudnym \u015brodowisku bez potrzeby wentylator\u00f3w. Dlatego p\u0142yta MXCS mo\u017ce by\u0107 u\u017cywana do dowolnej aplikacji serwerowej w bardzo trudnym \u015brodowisku.<\/p>\n<h4>Najwa\u017cniejsze cechy MXCS-OF<\/h4>\n<p>Open Frame MXCS obs\u0142uguje \u0142atw\u0105 instalacj\u0119 w istniej\u0105cym systemie. W PCI \/ 104-Express i mPCIe s\u0105 mo\u017cliwe nieograniczone rozszerzenia. Serwer Open Frame jest ch\u0142odzony przewodz\u0105co i zaprojektowany do pracy w temperaturach od -20\u00b0C do +60\u00b0C. System zaprojektowano tak, aby spe\u0142nia\u0142 standardy takie jak MIL-STD810G, EN50155 lub IEC 60945.<\/p>\n<h4>Kluczowe cechy MXCS-OF<\/h4>\n<ul>\n<li>Procesor Intel Xeon &#8211; do 16 rdzeni<\/li>\n<li>Do 128 GB pami\u0119ci ECC DDR4<\/li>\n<li>2 porty 10Gbit<\/li>\n<li>mSATA \/ porty m.2<\/li>\n<li>mPCIe \/ porty PCIe<\/li>\n<li>Bez wentylatora, od -20\u00b0C do +60\u00b0C<\/li>\n<li>Koncepcja ch\u0142odzenia przewodz\u0105cego<\/li>\n<\/ul>\n<p>Rodzina serwer\u00f3w MXCS typu ,,rugged&#8221; zosta\u0142a zaprojektowana do pracy w trudnych warunkach i ekstremalnych temperaturach. Wytrzyma\u0142a konstrukcja w po\u0142\u0105czeniu z najlepszymi komponentami przemys\u0142owymi zapewnia wysok\u0105 niezawodno\u015b\u0107 i d\u0142ugoterminow\u0105 wydajno\u015b\u0107.<\/p>\n<p>MXCS jest dost\u0119pny dla r\u00f3\u017cnych ga\u0142\u0119zi przemys\u0142u &#8211; to idealne rozwi\u0105zanie dla serwer\u00f3w wbudowanych w \u015brodowiskach przemys\u0142owych, aplikacjach kolejowych, aplikacjach MIL \/ COTS i zawsze, gdy potrzebny jest wytrzyma\u0142y komputer na d\u0142ugi okres czasu.<\/p>\n<h4>Dane techniczne<\/h4>\n\n<table id=\"tablepress-79\" class=\"tablepress tablepress-id-79 tbody-has-connected-cells\">\n<tbody class=\"row-striping row-hover\">\n<tr class=\"row-1\">\n\t<td colspan=\"4\" class=\"column-1\"><strong style=\"display: block; text-align: center;\">Dane og\u00f3lne<\/strong><\/td>\n<\/tr>\n<tr class=\"row-2\">\n\t<td class=\"column-1\">Procesor<\/td><td class=\"column-2\">Intel Xeon D-1548<\/td><td class=\"column-3\">Intel Xeon D-1577<\/td><td class=\"column-4\">Intel Xeon D-1587<br \/>\n<\/td>\n<\/tr>\n<tr class=\"row-3\">\n\t<td class=\"column-1\">Szybko\u015b\u0107 zegara<\/td><td class=\"column-2\">2.0 \/ 2.6GHz<\/td><td class=\"column-3\">1.3 \/ 2.1GHz<\/td><td class=\"column-4\">1.7 \/ 2.3GHz<br \/>\n<\/td>\n<\/tr>\n<tr class=\"row-4\">\n\t<td class=\"column-1\">Rdzenie \/ gwinty<\/td><td class=\"column-2\">8 \/ 16<\/td><td class=\"column-3\">16 \/ 32<\/td><td class=\"column-4\">16 \/ 32<\/td>\n<\/tr>\n<tr class=\"row-5\">\n\t<td class=\"column-1\">Inteligentna pami\u0119\u0107 podr\u0119czna<\/td><td class=\"column-2\">12 MB<\/td><td class=\"column-3\">24 MB<\/td><td class=\"column-4\">24 MB<\/td>\n<\/tr>\n<tr class=\"row-6\">\n\t<td class=\"column-1\">Pami\u0119\u0107<\/td><td colspan=\"3\" class=\"column-2\">do 128 GB pami\u0119ci DDR4 ECC w 4 gniazdach RDIMM<\/td>\n<\/tr>\n<tr class=\"row-7\">\n\t<td class=\"column-1\">TPM<\/td><td colspan=\"3\" class=\"column-2\">na osobnym module (INTEL lub FPGA)<br \/>\n<\/td>\n<\/tr>\n<tr class=\"row-8\">\n\t<td class=\"column-1\">Zegar nadzoruj\u0105cy<br \/>\n<\/td><td colspan=\"3\" class=\"column-2\">konfigurowalna ziarnisto\u015b\u0107 10 ms, 1 s lub 1 min, powoduje przekroczenie limitu czasu od 2,5 sekundy do 4 godzin<br \/>\n<\/td>\n<\/tr>\n<tr class=\"row-9\">\n\t<td class=\"column-1\">Wska\u017aniki LED<br \/>\n<\/td><td colspan=\"3\" class=\"column-2\">moc, reset, i inne<br \/>\n<\/td>\n<\/tr>\n<tr class=\"row-10\">\n\t<td colspan=\"4\" class=\"column-1\"><strong style=\"display: block; text-align: center;\">Interfejsy<\/strong><\/td>\n<\/tr>\n<tr class=\"row-11\">\n\t<td class=\"column-1\">Seria<\/td><td colspan=\"3\" class=\"column-2\">1 x RS232 na z\u0142\u0105czu<br \/>\n1 x RS232 \/ 422\/485 na DB-9<br \/>\n<\/td>\n<\/tr>\n<tr class=\"row-12\">\n\t<td class=\"column-1\">USB<\/td><td colspan=\"3\" class=\"column-2\">4 porty USB 3.0 dla typu A (tylko D-1529 USB 2.0)<br \/>\n<\/td>\n<\/tr>\n<tr class=\"row-13\">\n\t<td class=\"column-1\">LAN<\/td><td colspan=\"3\" class=\"column-2\">2 porty miedziane 1Gbit w portach miedzianych lub \u015bwiat\u0142owodowych RJ45 \/ 2 x 10Gbit SFP + (tylko D-1529 1Gbit SFP)<br \/>\nOpcjonalne rozszerzenie LAN z UNIGET, do 6x Gbit<\/td>\n<\/tr>\n<tr class=\"row-14\">\n\t<td colspan=\"4\" class=\"column-1\"><strong style=\"display: block; text-align: center;\">Rozszerzenia wewn\u0119trzne<\/strong><\/td>\n<\/tr>\n<tr class=\"row-15\">\n\t<td class=\"column-1\">mPCIe<\/td><td colspan=\"3\" class=\"column-2\">4 x mPCIe PCI Express Gen2<br \/>\n<\/td>\n<\/tr>\n<tr class=\"row-16\">\n\t<td class=\"column-1\">PCI\/104-Express<\/td><td colspan=\"3\" class=\"column-2\">1 x PCIe x8<br \/>\n<\/td>\n<\/tr>\n<tr class=\"row-17\">\n\t<td class=\"column-1\">PCIe x16<\/td><td colspan=\"3\" class=\"column-2\">1 x rozszerzenie graficzne PEG<br \/>\n<\/td>\n<\/tr>\n<tr class=\"row-18\">\n\t<td class=\"column-1\">SATA<\/td><td colspan=\"3\" class=\"column-2\">2 x mSATA \/ 2 x porty m.2 Key M <br \/>\n<\/td>\n<\/tr>\n<tr class=\"row-19\">\n\t<td colspan=\"4\" class=\"column-1\"><strong style=\"display: block; text-align: center;\">Kontroler zarz\u0105dzania p\u0142yt\u0105 g\u0142\u00f3wn\u0105 (BMC)<\/strong><\/td>\n<\/tr>\n<tr class=\"row-20\">\n\t<td class=\"column-1\">Pami\u0119\u0107<\/td><td colspan=\"3\" class=\"column-2\">DDR4-1600 do 1 GB<br \/>\n<\/td>\n<\/tr>\n<tr class=\"row-21\">\n\t<td class=\"column-1\">Grafika<\/td><td colspan=\"3\" class=\"column-2\">Ochrona ESD do 1920 x 1200<br \/>\n<\/td>\n<\/tr>\n<tr class=\"row-22\">\n\t<td class=\"column-1\">LAN<\/td><td colspan=\"3\" class=\"column-2\">1 x port GbE, chroniony przed ESD<br \/>\n<\/td>\n<\/tr>\n<tr class=\"row-23\">\n\t<td class=\"column-1\">BIOS<\/td><td colspan=\"3\" class=\"column-2\">zredukowany AMI BIOS FLASH<br \/>\n<\/td>\n<\/tr>\n<tr class=\"row-24\">\n\t<td colspan=\"4\" class=\"column-1\"><strong style=\"display: block; text-align: center;\">Moc<\/strong><\/td>\n<\/tr>\n<tr class=\"row-25\">\n\t<td class=\"column-1\">Napi\u0119cie wej\u015bciowe<\/td><td colspan=\"3\" class=\"column-2\">Zakres wej\u015bciowy 19\u201336 VDC;<br \/>\nZabezpieczony przed ESD i EMC pob\u00f3r mocy (funkcja redukcyjna);<br \/>\nzabezpieczenie przed odwrotn\u0105 polaryzacj\u0105;<br \/>\nochrona spadku ci\u0119\u017caru;<br \/>\nprzycisk resetowania i zasilania;<br \/>\nopcjonalny wewn\u0119trzny system UPS;<br \/>\nopcjonalna separacja galwaniczna;<br \/>\nmo\u017cliwe inne napi\u0119cie;<br \/>\nwej\u015bcie zap\u0142onu specjalne dla pojazd\u00f3w<\/td>\n<\/tr>\n<tr class=\"row-26\">\n\t<td class=\"column-1\">Pob\u00f3r energii<\/td><td colspan=\"3\" class=\"column-2\">25-100 W (w zale\u017cno\u015bci od procesora); Ulepszona technologia Intel Speed \u200b\u200bStep<\/td>\n<\/tr>\n<tr class=\"row-27\">\n\t<td colspan=\"4\" class=\"column-1\"><strong style=\"display: block; text-align: center;\">\u015arodowisko<\/strong><\/td>\n<\/tr>\n<tr class=\"row-28\">\n\t<td class=\"column-1\">Temperatura przechowywania<br \/>\n<\/td><td colspan=\"3\" class=\"column-2\">-45\u00b0C do +85\u00b0C (-49\u00b0F do +185\u00b0F)<br \/>\n<\/td>\n<\/tr>\n<tr class=\"row-29\">\n\t<td class=\"column-1\">Temperatura robocza<br \/>\n<\/td><td colspan=\"3\" class=\"column-2\">-20\u00b0C do +60\u00b0C (bez wentylatora)<br \/>\n<\/td>\n<\/tr>\n<tr class=\"row-30\">\n\t<td class=\"column-1\">Wilgotno\u015b\u0107 wzgl\u0119dna<br \/>\n<\/td><td colspan=\"3\" class=\"column-2\">5% do 95% bez kondensacji, dost\u0119pna opcjonalna pow\u0142oka<br \/>\n<\/td>\n<\/tr>\n<tr class=\"row-31\">\n\t<td colspan=\"4\" class=\"column-1\"><strong style=\"display: block; text-align: center;\">Standardowa zgodno\u015b\u0107<\/strong><\/td>\n<\/tr>\n<tr class=\"row-32\">\n\t<td class=\"column-1\">EMC<\/td><td colspan=\"3\" class=\"column-2\">EN 55022, EN 55024, EN 61000, MIL-STD-461E<\/td>\n<\/tr>\n<tr class=\"row-33\">\n\t<td class=\"column-1\">Wstrz\u0105sy i wibracje<\/td><td colspan=\"3\" class=\"column-2\">EN 60068<\/td>\n<\/tr>\n<tr class=\"row-34\">\n\t<td class=\"column-1\">Bezpiecze\u0144stwo \u015brodowiska<\/td><td colspan=\"3\" class=\"column-2\">EN 50155, MIL-STD-810G, EN 60601, EN 60950<\/td>\n<\/tr>\n<tr class=\"row-35\">\n\t<td class=\"column-1\">Lista zatwierdze\u0144<\/td><td colspan=\"3\" class=\"column-2\">CE, IEC 60945, IACS E10<\/td>\n<\/tr>\n<\/tbody>\n<\/table>\n<!-- #tablepress-79 from cache -->\n<h4>Wymiary<\/h4>\n\n<table id=\"tablepress-80\" class=\"tablepress tablepress-id-80 tbody-has-connected-cells\">\n<tbody class=\"row-striping row-hover\">\n<tr class=\"row-1\">\n\t<td class=\"column-1\"><strong>Wersja podwozia<\/strong><\/td><td class=\"column-2\"><strong>D\u0142ugo\u015b\u0107<\/strong><\/td><td class=\"column-3\"><strong>Szeroko\u015b\u0107<\/strong><\/td><td class=\"column-4\"><strong>Wysoko\u015b\u0107<\/strong><\/td><td class=\"column-5\"><strong>Waga<\/strong><\/td>\n<\/tr>\n<tr class=\"row-2\">\n\t<td class=\"column-1\">MXCS-CA  Compact Aluminum<\/td><td class=\"column-2\">207mm<\/td><td class=\"column-3\">351mm<\/td><td class=\"column-4\">66mm<\/td><td class=\"column-5\">5 kg (11 lb.)<\/td>\n<\/tr>\n<tr class=\"row-3\">\n\t<td class=\"column-1\">MXCS-RK 19\" wersja stela\u017cowa<\/td><td class=\"column-2\">415mm<\/td><td class=\"column-3\">19\"<\/td><td class=\"column-4\">2U<\/td><td class=\"column-5\">18.2 kg (40.1 lb.)<\/td>\n<\/tr>\n<tr class=\"row-4\">\n\t<td class=\"column-1\">MXCS-ML  IP67 MIL<\/td><td colspan=\"4\" class=\"column-2\">TBD - wed\u0142ug specyfikacji klienta<\/td>\n<\/tr>\n<tr class=\"row-5\">\n\t<td class=\"column-1\">Wersja MXCS-OF Open Frame<\/td><td class=\"column-2\">201 mm<\/td><td class=\"column-3\">342 mm<\/td><td class=\"column-4\">50 mm<\/td><td class=\"column-5\">3.2 kg (7 lb.)<\/td>\n<\/tr>\n<tr class=\"row-6\">\n\t<td colspan=\"5\" class=\"column-1\"><span style=\"font-weight: normal;\">Aluminiowe obudowy s\u0105 wewn\u0119trznie chromowane, zewn\u0119trznie malowane proszkowo lub anodowane, bez otwor\u00f3w wentylacyjnych.<\/span><\/td>\n<\/tr>\n<\/tbody>\n<\/table>\n<!-- #tablepress-80 from cache -->\n","protected":false},"excerpt":{"rendered":"<h3>MXCS-OF<\/h3>\n<p>Wersja MXCS Open Frame to wysokowydajny, energooszcz\u0119dny i wysoce zintegrowany wbudowany serwer typu ,,rugged&#8221;. Rozwi\u0105zanie MXCS mo\u017ce by\u0107 obs\u0142ugiwane w umiarkowanym lub trudnym \u015brodowisku bez potrzeby wentylator\u00f3w. Dlatego p\u0142yta MXCS mo\u017ce by\u0107 u\u017cywana do dowolnej aplikacji serwerowej w bardzo trudnym \u015brodowisku.<\/p>\n","protected":false},"featured_media":10857,"template":"","meta":{"_acf_changed":false,"inline_featured_image":false,"_monsterinsights_skip_tracking":false,"_monsterinsights_sitenote_active":false,"_monsterinsights_sitenote_note":"","_monsterinsights_sitenote_category":0},"product_brand":[],"product_cat":[505,1591,359,393],"product_tag":[],"class_list":{"0":"post-4014","1":"product","2":"type-product","3":"status-publish","4":"has-post-thumbnail","6":"product_cat-komputery-jednoplytkowe-sbc","7":"product_cat-komputery-rugged","8":"product_cat-mpl","9":"product_cat-rozwiazania-serwerowe-rugged","11":"first","12":"instock","13":"shipping-taxable","14":"product-type-simple"},"acf":[],"_links":{"self":[{"href":"https:\/\/quantum.com.pl\/pl\/wp-json\/wp\/v2\/product\/4014","targetHints":{"allow":["GET"]}}],"collection":[{"href":"https:\/\/quantum.com.pl\/pl\/wp-json\/wp\/v2\/product"}],"about":[{"href":"https:\/\/quantum.com.pl\/pl\/wp-json\/wp\/v2\/types\/product"}],"wp:featuredmedia":[{"embeddable":true,"href":"https:\/\/quantum.com.pl\/pl\/wp-json\/wp\/v2\/media\/10857"}],"wp:attachment":[{"href":"https:\/\/quantum.com.pl\/pl\/wp-json\/wp\/v2\/media?parent=4014"}],"wp:term":[{"taxonomy":"product_brand","embeddable":true,"href":"https:\/\/quantum.com.pl\/pl\/wp-json\/wp\/v2\/product_brand?post=4014"},{"taxonomy":"product_cat","embeddable":true,"href":"https:\/\/quantum.com.pl\/pl\/wp-json\/wp\/v2\/product_cat?post=4014"},{"taxonomy":"product_tag","embeddable":true,"href":"https:\/\/quantum.com.pl\/pl\/wp-json\/wp\/v2\/product_tag?post=4014"}],"curies":[{"name":"wp","href":"https:\/\/api.w.org\/{rel}","templated":true}]}}