{"id":4018,"date":"2019-08-29T13:39:42","date_gmt":"2019-08-29T11:39:42","guid":{"rendered":"https:\/\/quantum.com.pl\/?post_type=product&#038;p=4018"},"modified":"2020-12-01T13:48:25","modified_gmt":"2020-12-01T12:48:25","slug":"wbudowane-rozwiazania-komputerowe-typu-rugged-z-procesorami-intel-8-9-generacji","status":"publish","type":"product","link":"https:\/\/quantum.com.pl\/pl\/product\/wbudowane-rozwiazania-komputerowe-typu-rugged-z-procesorami-intel-8-9-generacji\/","title":{"rendered":"Wbudowane rozwi\u0105zania komputerowe typu ,,rugged&#8221; z procesorami Intel 8. i 9. generacji"},"content":{"rendered":"<h4>Wbudowane rozwi\u0105zanie komputerowe ,,rugged&#8221; | Rodzina PIP40 &#8211; oparty na procesorze Intel\u00ae 8. i 9. generacji<\/h4>\n<p>Rodzina produkt\u00f3w PIP40 to wysokowydajne, energooszcz\u0119dne i wysoce zintegrowane komputery wbudowane ,,rugged&#8221;, oparte na najnowszej technologii Intel. Produkt jest dost\u0119pny w kompaktowej aluminiowej obudowie z szyn\u0105 DIN lub ko\u0142nierzem, w wytrzyma\u0142ej obudowie MIL IP67, z 19-calowym systemem rega\u0142owym lub w otwartej ramie z p\u0142yt\u0105 ch\u0142odz\u0105c\u0105 &#8211; wszystkie konfigurowalne w zale\u017cno\u015bci od aplikacji lub potrzeb. Unikalne rozwi\u0105zania obudowy pozwalaj\u0105 na obs\u0142ug\u0119 produkt\u00f3w PIP40 zar\u00f3wno w umiarkowanym, jak i trudnym otoczeniu. Konstrukcja zawiera standardowe z\u0142\u0105cza dla \u0142atwego pod\u0142\u0105czenia lub blokowane g\u0142owice, w zale\u017cno\u015bci od wyboru obudowy lub potrzeb klienta.<\/p>\n<h4>Najwa\u017cniejsze cechy Rodziny PIP-40<\/h4>\n<p>Obudowy PIP oferuj\u0105 wystarczaj\u0105c\u0105 ilo\u015b\u0107 miejsca na 2,5-calowy dysk SSD lub inne rozszerzenia, takie jak UPS, RAID. 2 gniazda mPCIe i 3 gniazda m.2 pozwalaj\u0105 na \u0142atw\u0105 rozbudow\u0119 systemu. Wewn\u0119trzna magistrala rozszerze\u0144 pozwala na integracj\u0119 kart PCIe \/ 104 lub PCIe. Te mo\u017cliwo\u015bci rozbudowy daj\u0105 maksymalne mo\u017cliwo\u015bci dostosowania dla dodatkowych interfejs\u00f3w i funkcji. Podczas projektowania uwzgl\u0119dniono szczeg\u00f3lne \u015brodki ostro\u017cno\u015bci, aby EMC ca\u0142ego systemu mie\u015bci\u0142a si\u0119 w granicach CE i FCC, a normy takie jak EN50155, IEC 60945 lub MIL-STD-810 mog\u0142y zosta\u0107 spe\u0142nione.<\/p>\n<h4>Kluczowe cechy PIP-40<\/h4>\n<div id=\"tw-target-text-container\" class=\"tw-ta-container tw-nfl\">\n<ul>\n<li id=\"tw-target-text\" class=\"tw-data-text tw-text-large tw-ta\" dir=\"ltr\" data-placeholder=\"T\u0142umaczenie\"><span lang=\"pl\" tabindex=\"0\">Do 32 GB pami\u0119ci DDR4*<\/span><\/li>\n<li dir=\"ltr\" data-placeholder=\"T\u0142umaczenie\">Praca bez wentylatora, r\u00f3wnie\u017c od -40\u00b0C do +65\u00b0C<\/li>\n<li dir=\"ltr\" data-placeholder=\"T\u0142umaczenie\">D\u0142ugoterminowa dost\u0119pno\u015b\u0107 (zazwyczaj 10 lat lub wi\u0119cej, naprawa ponad 20 lat)<\/li>\n<li dir=\"ltr\" data-placeholder=\"T\u0142umaczenie\">Niezwykle elastyczny<\/li>\n<li dir=\"ltr\" data-placeholder=\"T\u0142umaczenie\">Obs\u0142uga AMT \/ vPro*<\/li>\n<\/ul>\n<div id=\"tw-target-text-container\" class=\"tw-ta-container tw-nfl\">\n<p id=\"tw-target-text\" class=\"tw-data-text tw-text-large tw-ta\" dir=\"ltr\" data-placeholder=\"T\u0142umaczenie\"><em><span lang=\"pl\" tabindex=\"0\">* w zale\u017cno\u015bci od wybranego procesora<\/span><\/em><\/p>\n<p>Rodzina PIP-40 zosta\u0142a zaprojektowana do pracy w trudnych warunkach i ekstremalnych temperaturach. Wytrzyma\u0142a konstrukcja w po\u0142\u0105czeniu z najlepszymi komponentami przemys\u0142owymi zapewnia wysok\u0105 niezawodno\u015b\u0107 i d\u0142ugoterminow\u0105 wydajno\u015b\u0107.<\/p>\n<p>Rodzina PIP40 jest dost\u0119pna dla r\u00f3\u017cnych bran\u017c i jest idealnym wbudowanym rozwi\u0105zaniem komputerowym do \u015brodowisk przemys\u0142owych, aplikacji kolejowych, MIL \/ COTS, aplikacji SWaP-C lub zawsze, gdy potrzebny jest wytrzyma\u0142y komputer na d\u0142ugi okres czasu.<\/p>\n<h4>Dane techniczne<\/h4>\n\n<table id=\"tablepress-85\" class=\"tablepress tablepress-id-85\">\n<thead>\n<tr class=\"row-1\">\n\t<th class=\"column-1\"><strong>Board Key Data<\/strong><br \/>\n<\/th><td class=\"column-2\"><\/td><td class=\"column-3\"><\/td><td class=\"column-4\"><\/td><td class=\"column-5\"><\/td>\n<\/tr>\n<\/thead>\n<tbody class=\"row-striping row-hover\">\n<tr class=\"row-2\">\n\t<td class=\"column-1\"><\/td><td class=\"column-2\"><strong>PIP44<\/strong><\/td><td class=\"column-3\"><strong>PIP46<\/strong><\/td><td class=\"column-4\"><strong>PIP48<\/strong><\/td><td class=\"column-5\"><\/td>\n<\/tr>\n<tr class=\"row-3\">\n\t<td class=\"column-1\">Processor<\/td><td class=\"column-2\">Intel i5-8400H<\/td><td class=\"column-3\">Intel i7-8850H<\/td><td class=\"column-4\">Xeon E-2176M<\/td><td class=\"column-5\">additional CPUs will follow after release from Intel<br \/>\n(including 9th Gen.)<\/td>\n<\/tr>\n<tr class=\"row-4\">\n\t<td class=\"column-1\"># of cores \/ threads<\/td><td class=\"column-2\">4 \/ 8<\/td><td class=\"column-3\">6 \/ 12<\/td><td class=\"column-4\">6 \/ 12<\/td><td class=\"column-5\"><\/td>\n<\/tr>\n<tr class=\"row-5\">\n\t<td class=\"column-1\">Clock speed<\/td><td class=\"column-2\">2.5 \/ 4.2 GHz<\/td><td class=\"column-3\">2.6 \/ 4.3 GHz<\/td><td class=\"column-4\">2.7 \/ 4.4 GHz<br \/>\n<\/td><td class=\"column-5\"><\/td>\n<\/tr>\n<tr class=\"row-6\">\n\t<td class=\"column-1\">L2 Cache<\/td><td class=\"column-2\">8 MB<\/td><td class=\"column-3\">9 MB<\/td><td class=\"column-4\">12 MB<\/td><td class=\"column-5\"><\/td>\n<\/tr>\n<tr class=\"row-7\">\n\t<td class=\"column-1\">Passmark (all cores)<\/td><td class=\"column-2\">10353<\/td><td class=\"column-3\">13811<\/td><td class=\"column-4\">14049<\/td><td class=\"column-5\"><\/td>\n<\/tr>\n<tr class=\"row-8\">\n\t<td class=\"column-1\"><\/td><td class=\"column-2\">planned<\/td><td class=\"column-3\">in production<\/td><td class=\"column-4\">planned<\/td><td class=\"column-5\"><\/td>\n<\/tr>\n<tr class=\"row-9\">\n\t<td class=\"column-1\">Chipset<\/td><td class=\"column-2\">Intel CM246, supports ACPI power states S1, S4, and S5, USB 3.1...<br \/>\n<\/td><td class=\"column-3\"><\/td><td class=\"column-4\"><\/td><td class=\"column-5\"><\/td>\n<\/tr>\n<tr class=\"row-10\">\n\t<td class=\"column-1\">Memory<\/td><td class=\"column-2\">2x dual-channel DDR4 SODIMM slot, supports up to 16GB modules (total board memory 32GB)*<br \/>\n<\/td><td class=\"column-3\"><\/td><td class=\"column-4\"><\/td><td class=\"column-5\"><\/td>\n<\/tr>\n<tr class=\"row-11\">\n\t<td class=\"column-1\">BIOS<\/td><td class=\"column-2\">On-board soldered 8MB Flash, MPL engineered BIOS (AMI), customizable<br \/>\n<\/td><td class=\"column-3\"><\/td><td class=\"column-4\"><\/td><td class=\"column-5\"><\/td>\n<\/tr>\n<tr class=\"row-12\">\n\t<td class=\"column-1\">TPM<\/td><td class=\"column-2\">Trusted Platform Support TPM 2.0 (optional)<br \/>\n<\/td><td class=\"column-3\"><\/td><td class=\"column-4\"><\/td><td class=\"column-5\"><\/td>\n<\/tr>\n<tr class=\"row-13\">\n\t<td class=\"column-1\">Watchdog Timer<\/td><td class=\"column-2\">Configurable granularity 1-255 sec. or 1-255 min.<br \/>\n<\/td><td class=\"column-3\"><\/td><td class=\"column-4\"><\/td><td class=\"column-5\"><\/td>\n<\/tr>\n<tr class=\"row-14\">\n\t<td class=\"column-1\">Indicator LEDs<\/td><td class=\"column-2\">Power, HDD, LAN (optional 2 user programmable LEDs)<br \/>\n<\/td><td class=\"column-3\"><\/td><td class=\"column-4\"><\/td><td class=\"column-5\"><\/td>\n<\/tr>\n<tr class=\"row-15\">\n\t<td class=\"column-1\"><strong>Mass Storage<\/strong><br \/>\n<\/td><td class=\"column-2\"><\/td><td class=\"column-3\"><\/td><td class=\"column-4\"><\/td><td class=\"column-5\"><\/td>\n<\/tr>\n<tr class=\"row-16\">\n\t<td class=\"column-1\">SATA<\/td><td class=\"column-2\">2x SATA 3.0 ports<br \/>\n<\/td><td class=\"column-3\"><\/td><td class=\"column-4\"><\/td><td class=\"column-5\"><\/td>\n<\/tr>\n<tr class=\"row-17\">\n\t<td class=\"column-1\">mSATA<\/td><td class=\"column-2\">2x mSATA Full-Mini Card combo socket with SATA 3.0 &amp; USB 2.0<br \/>\n<\/td><td class=\"column-3\"><\/td><td class=\"column-4\"><\/td><td class=\"column-5\"><\/td>\n<\/tr>\n<tr class=\"row-18\">\n\t<td class=\"column-1\">m.2<\/td><td class=\"column-2\">1x NVMe or SATA SSD<br \/>\n<\/td><td class=\"column-3\"><\/td><td class=\"column-4\"><\/td><td class=\"column-5\"><\/td>\n<\/tr>\n<tr class=\"row-19\">\n\t<td class=\"column-1\"><strong>Interfaces<\/strong><br \/>\n<\/td><td class=\"column-2\"><\/td><td class=\"column-3\"><\/td><td class=\"column-4\"><\/td><td class=\"column-5\"><\/td>\n<\/tr>\n<tr class=\"row-20\">\n\t<td class=\"column-1\">Graphics Interfaces<\/td><td class=\"column-2\">Display Port (DP) up to 4096x2160 (DP) and DVI-D (LVDS \/ eDP up to 1920 x 1200 optional)<br \/>\nTriple display capable, ESD protected. Gen3 PCIe port x16 (PEG) for graphic card<\/td><td class=\"column-3\"><\/td><td class=\"column-4\"><\/td><td class=\"column-5\"><\/td>\n<\/tr>\n<tr class=\"row-21\">\n\t<td class=\"column-1\">USB<\/td><td class=\"column-2\">8x USB 3.1 ports, supports USB keyboards and mice as legacy devices<br \/>\n4x additional internal USB2.0 ports<\/td><td class=\"column-3\"><\/td><td class=\"column-4\"><\/td><td class=\"column-5\"><\/td>\n<\/tr>\n<tr class=\"row-22\">\n\t<td class=\"column-1\">LAN<\/td><td class=\"column-2\">AMT \/ vPro support*, optional up to 5 LAN ports<br \/>\n<\/td><td class=\"column-3\"><\/td><td class=\"column-4\"><\/td><td class=\"column-5\"><\/td>\n<\/tr>\n<tr class=\"row-23\">\n\t<td class=\"column-1\">Serial Ports<\/td><td class=\"column-2\">4x full modem RS232\/422\/485 ports, ESD protected and isolated on external DB9 connectors<br \/>\n<\/td><td class=\"column-3\"><\/td><td class=\"column-4\"><\/td><td class=\"column-5\"><\/td>\n<\/tr>\n<tr class=\"row-24\">\n\t<td class=\"column-1\">HDAudio<\/td><td class=\"column-2\">Intel HDAudio signals, available on a 1 mm header, sound card (HDSOUND-1) is available<br \/>\n<\/td><td class=\"column-3\"><\/td><td class=\"column-4\"><\/td><td class=\"column-5\"><\/td>\n<\/tr>\n<tr class=\"row-25\">\n\t<td class=\"column-1\"><strong>Expansions<\/strong><br \/>\n<\/td><td class=\"column-2\"><\/td><td class=\"column-3\"><\/td><td class=\"column-4\"><\/td><td class=\"column-5\"><\/td>\n<\/tr>\n<tr class=\"row-26\">\n\t<td class=\"column-1\">mPCIe<\/td><td class=\"column-2\">2x mPCIe PCI Express Gen3, x1 lane &amp; USB 2.0 (combined with mSATA)<br \/>\n<\/td><td class=\"column-3\"><\/td><td class=\"column-4\"><\/td><td class=\"column-5\"><\/td>\n<\/tr>\n<tr class=\"row-27\">\n\t<td class=\"column-1\">m.2<\/td><td class=\"column-2\">2x communication slot (1x Key-A, PCIe\/USB 2.0 &amp; 1x Key-B, USB 3.x\/PCIe\/SATA), dual SIM connector<br \/>\n<\/td><td class=\"column-3\"><\/td><td class=\"column-4\"><\/td><td class=\"column-5\"><\/td>\n<\/tr>\n<tr class=\"row-28\">\n\t<td class=\"column-1\">PCIe\/104<\/td><td class=\"column-2\">1x PCIe\/104 slot (4x PCIe x1 lane, x16 PEG port, 2x USB 2.0)<br \/>\n<\/td><td class=\"column-3\"><\/td><td class=\"column-4\"><\/td><td class=\"column-5\"><\/td>\n<\/tr>\n<tr class=\"row-29\">\n\t<td class=\"column-1\"><strong>Power<\/strong><br \/>\n<\/td><td class=\"column-2\"><\/td><td class=\"column-3\"><\/td><td class=\"column-4\"><\/td><td class=\"column-5\"><\/td>\n<\/tr>\n<tr class=\"row-30\">\n\t<td class=\"column-1\">Input Voltage<\/td><td class=\"column-2\">10 - 36 VDC input range, ESD and EMC protected power input (optionally up to 110VDC)<br \/>\nProtection against: up to -36 VDC over voltage, reverse polarity, up to 150V load dump<br \/>\nCombinded power button and ignition input, specifically for vehicles<\/td><td class=\"column-3\"><\/td><td class=\"column-4\"><\/td><td class=\"column-5\"><\/td>\n<\/tr>\n<tr class=\"row-31\">\n\t<td class=\"column-1\">Power consumption<\/td><td class=\"column-2\">5-65 Watt (Enhanced Intel Speed Step Technology)<br \/>\n<\/td><td class=\"column-3\"><\/td><td class=\"column-4\"><\/td><td class=\"column-5\"><\/td>\n<\/tr>\n<tr class=\"row-32\">\n\t<td class=\"column-1\"><strong>Environment<\/strong><br \/>\n<\/td><td class=\"column-2\"><\/td><td class=\"column-3\"><\/td><td class=\"column-4\"><\/td><td class=\"column-5\"><\/td>\n<\/tr>\n<tr class=\"row-33\">\n\t<td class=\"column-1\">Storage Temperature<\/td><td class=\"column-2\">-45\u00b0C up to +85\u00b0C (-49\u00b0F to +185\u00b0F)<br \/>\n<\/td><td class=\"column-3\"><\/td><td class=\"column-4\"><\/td><td class=\"column-5\"><\/td>\n<\/tr>\n<tr class=\"row-34\">\n\t<td class=\"column-1\">Operating Temperature<\/td><td class=\"column-2\">-20\u00b0C up to +60\u00b0C (-4\u00b0F to +140\u00b0F)<br \/>\n<\/td><td class=\"column-3\"><\/td><td class=\"column-4\"><\/td><td class=\"column-5\"><\/td>\n<\/tr>\n<tr class=\"row-35\">\n\t<td class=\"column-1\">Ext. Temp. (optional)<\/td><td class=\"column-2\">-40\u00b0C up to +65\u00b0C (-40\u00b0F to +149\u00b0F)<br \/>\n<\/td><td class=\"column-3\"><\/td><td class=\"column-4\"><\/td><td class=\"column-5\"><\/td>\n<\/tr>\n<tr class=\"row-36\">\n\t<td class=\"column-1\">Relative Humidity<\/td><td class=\"column-2\">5% to 95% non condensing, optional coating available<br \/>\n<\/td><td class=\"column-3\"><\/td><td class=\"column-4\"><\/td><td class=\"column-5\"><\/td>\n<\/tr>\n<tr class=\"row-37\">\n\t<td class=\"column-1\"><strong>Standard Compliance<\/strong><br \/>\n<\/td><td class=\"column-2\"><\/td><td class=\"column-3\"><\/td><td class=\"column-4\"><\/td><td class=\"column-5\"><\/td>\n<\/tr>\n<tr class=\"row-38\">\n\t<td class=\"column-1\">EMC<\/td><td class=\"column-2\">EN 55022, EN 55024, EN 61000, MIL-STD-461E<br \/>\n<\/td><td class=\"column-3\"><\/td><td class=\"column-4\"><\/td><td class=\"column-5\"><\/td>\n<\/tr>\n<tr class=\"row-39\">\n\t<td class=\"column-1\">Shock &amp; Vibration<\/td><td class=\"column-2\">EN 60068<br \/>\n<\/td><td class=\"column-3\"><\/td><td class=\"column-4\"><\/td><td class=\"column-5\"><\/td>\n<\/tr>\n<tr class=\"row-40\">\n\t<td class=\"column-1\">Environmental &amp; Safety<\/td><td class=\"column-2\">EN 50155, MIL-STD-810G, EN 60601, EN 60950<br \/>\n<\/td><td class=\"column-3\"><\/td><td class=\"column-4\"><\/td><td class=\"column-5\"><\/td>\n<\/tr>\n<tr class=\"row-41\">\n\t<td class=\"column-1\">Approval List<\/td><td class=\"column-2\">CE, IEC 60945, IACS E10<br \/>\n<\/td><td class=\"column-3\"><\/td><td class=\"column-4\"><\/td><td class=\"column-5\"><\/td>\n<\/tr>\n<\/tbody>\n<\/table>\n\n<p><em>* w zale\u017cno\u015bci od wybranego procesora<\/em><\/p>\n<h4>Wymiary<\/h4>\n\n<table id=\"tablepress-86\" class=\"tablepress tablepress-id-86\">\n<thead>\n<tr class=\"row-1\">\n\t<th class=\"column-1\"><strong>Chassis version<\/strong><\/th><th class=\"column-2\"><strong>length x width x heights<\/strong><\/th><th class=\"column-3\"><strong>weight<\/strong><\/th><td class=\"column-4\"><\/td>\n<\/tr>\n<\/thead>\n<tbody class=\"row-striping row-hover\">\n<tr class=\"row-2\">\n\t<td class=\"column-1\">DIN-Rail<\/td><td class=\"column-2\">270 x 162 x 63\/83\/120mm<\/td><td class=\"column-3\">2.2 kg (4.85 lb.) with HDD<\/td><td class=\"column-4\">(custom color or foil available)<br \/>\n<\/td>\n<\/tr>\n<tr class=\"row-3\">\n\t<td class=\"column-1\">Flange<\/td><td class=\"column-2\">290 x 162 x 63\/83\/120mm<\/td><td class=\"column-3\">2.2 kg (4.85 lb.) with HDD<\/td><td class=\"column-4\">(custom color or foil available)<br \/>\n<\/td>\n<\/tr>\n<tr class=\"row-4\">\n\t<td class=\"column-1\">Open Frame<\/td><td class=\"column-2\">260 x 154 x 33mm (min.)<\/td><td class=\"column-3\">1 kg (2.2 lb.)<\/td><td class=\"column-4\">(custom cooling plate available)<br \/>\n<\/td>\n<\/tr>\n<tr class=\"row-5\">\n\t<td class=\"column-1\">IP67 MIL<\/td><td class=\"column-2\">304 x 234 x 75\/95mm<\/td><td class=\"column-3\">3 kg (6.6 lb.)<\/td><td class=\"column-4\">(custom housings and connectors available)<br \/>\n<\/td>\n<\/tr>\n<tr class=\"row-6\">\n\t<td class=\"column-1\">The aluminum housings are internally chromated, externally powder coated or anodized, no ventilation holes.<br \/>\nThe cooling plate for the open frame versions is chromated. Depopulated versions or solutions with headers can be offered.<\/td><td class=\"column-2\"><\/td><td class=\"column-3\"><\/td><td class=\"column-4\"><\/td>\n<\/tr>\n<\/tbody>\n<\/table>\n\n<p>&nbsp;<\/p>\n<\/div>\n<div id=\"tw-target-text-container\" class=\"tw-ta-container tw-nfl\">\n<p dir=\"ltr\" data-placeholder=\"T\u0142umaczenie\">\n<\/div>\n<div id=\"z6maec\" class=\"tw-ta-container tw-nfl\">\n<pre id=\"tw-target-rmn\" class=\"tw-data-placeholder tw-text-small tw-ta\" dir=\"ltr\" data-placeholder=\"\"><\/pre>\n<\/div>\n<\/div>\n<div id=\"z6maec\" class=\"tw-ta-container tw-nfl\">\n<pre id=\"tw-target-rmn\" class=\"tw-data-placeholder tw-text-small tw-ta\" dir=\"ltr\" data-placeholder=\"\"><\/pre>\n<\/div>\n<h4><\/h4>\n","protected":false},"excerpt":{"rendered":"<h3>Rodzina PIP40<\/h3>\n<p>Rodzina produkt\u00f3w PIP40 to wysokowydajne, energooszcz\u0119dne i wysoce zintegrowane komputery wbudowane ,,rugged&#8221;, oparte na najnowszej technologii Intel. Produkt jest dost\u0119pny w kompaktowej aluminiowej obudowie z szyn\u0105 DIN lub ko\u0142nierzem, w wytrzyma\u0142ej obudowie MIL IP67, z 19-calowym systemem rega\u0142owym lub w otwartej ramie z p\u0142yt\u0105 ch\u0142odz\u0105c\u0105 &#8211; wszystkie konfigurowalne w zale\u017cno\u015bci od aplikacji lub potrzeb.<\/p>\n","protected":false},"featured_media":10835,"template":"","meta":{"_acf_changed":false,"inline_featured_image":false,"_monsterinsights_skip_tracking":false,"_monsterinsights_sitenote_active":false,"_monsterinsights_sitenote_note":"","_monsterinsights_sitenote_category":0},"product_brand":[],"product_cat":[505,405,1591,359],"product_tag":[],"class_list":{"0":"post-4018","1":"product","2":"type-product","3":"status-publish","4":"has-post-thumbnail","6":"product_cat-komputery-jednoplytkowe-sbc","7":"product_cat-komputery-przemyslowe-rugged","8":"product_cat-komputery-rugged","9":"product_cat-mpl","11":"first","12":"instock","13":"shipping-taxable","14":"product-type-simple"},"acf":[],"_links":{"self":[{"href":"https:\/\/quantum.com.pl\/pl\/wp-json\/wp\/v2\/product\/4018","targetHints":{"allow":["GET"]}}],"collection":[{"href":"https:\/\/quantum.com.pl\/pl\/wp-json\/wp\/v2\/product"}],"about":[{"href":"https:\/\/quantum.com.pl\/pl\/wp-json\/wp\/v2\/types\/product"}],"wp:featuredmedia":[{"embeddable":true,"href":"https:\/\/quantum.com.pl\/pl\/wp-json\/wp\/v2\/media\/10835"}],"wp:attachment":[{"href":"https:\/\/quantum.com.pl\/pl\/wp-json\/wp\/v2\/media?parent=4018"}],"wp:term":[{"taxonomy":"product_brand","embeddable":true,"href":"https:\/\/quantum.com.pl\/pl\/wp-json\/wp\/v2\/product_brand?post=4018"},{"taxonomy":"product_cat","embeddable":true,"href":"https:\/\/quantum.com.pl\/pl\/wp-json\/wp\/v2\/product_cat?post=4018"},{"taxonomy":"product_tag","embeddable":true,"href":"https:\/\/quantum.com.pl\/pl\/wp-json\/wp\/v2\/product_tag?post=4018"}],"curies":[{"name":"wp","href":"https:\/\/api.w.org\/{rel}","templated":true}]}}