{"id":4030,"date":"2019-08-29T15:39:41","date_gmt":"2019-08-29T13:39:41","guid":{"rendered":"https:\/\/quantum.com.pl\/?post_type=product&#038;p=4030"},"modified":"2020-12-03T15:21:47","modified_gmt":"2020-12-03T14:21:47","slug":"wbudowany-komputer-typu-rugged-z-procesorem-intel-quad-core-i7","status":"publish","type":"product","link":"https:\/\/quantum.com.pl\/pl\/product\/wbudowany-komputer-typu-rugged-z-procesorem-intel-quad-core-i7\/","title":{"rendered":"Wbudowany komputer typu ,,rugged&#8221; z procesorem Intel Quad Core i7"},"content":{"rendered":"<h4>Wbudowane rozwi\u0105zanie komputerowe ,,rugged&#8221; | PIP39 | bez wentylatora z procesorem Intel\u00ae Quad Core &#x2122; i7<\/h4>\n<p>PIP39 to wysokowydajny, energooszcz\u0119dny i wysoce zintegrowany komputer wbudowany, zbudowany w specjalnie zaprojektowanej obudowie aluminiowej lub MIL IP67. Umo\u017cliwia to obs\u0142ug\u0119 PIP w umiarkowanym lub trudnym otoczeniu bez wentylatora lub otwor\u00f3w wentylacyjnych. Konstrukcja zawiera standardowe z\u0142\u0105cza w celu \u0142atwego pod\u0142\u0105czenia lub blokowane g\u0142owice, w zale\u017cno\u015bci od wyboru obudowy. Dlatego p\u0142yt\u0119 PIP39 mo\u017cna stosowa\u0107 w dowolnej aplikacji x86, w kt\u00f3rej potrzebne jest kompletne rozwi\u0105zanie.<\/p>\n<h4>Najwa\u017cniejsze cechy PIP39<\/h4>\n<p>Obudowy PIP oferuj\u0105 miejsce na maksymalnie dwa 2,5-calowe dyski twarde \/ SSD. Dzi\u0119ki zintegrowanemu interfejsowi PCI \/ 104-Express i dw\u00f3m gniazdom kart PCI-Express Mini dost\u0119pne s\u0105 elastyczne mo\u017cliwo\u015bci rozbudowy. Podj\u0119to szczeg\u00f3lne \u015brodki ostro\u017cno\u015bci, aby EMC ca\u0142ego systemu mie\u015bci\u0142o si\u0119 w granicach CE i FCC.<\/p>\n<h4>Kluczowe cechy PIP39<\/h4>\n<ul>\n<li>Pami\u0119\u0107 RAM DDR3 ECC do 16 GB<\/li>\n<li>2 porty Gigabit Ethernet<\/li>\n<li>Praca bez wentylatora<\/li>\n<li>Dost\u0119pno\u015b\u0107 d\u0142ugoterminowa*<\/li>\n<li>Rozszerzenie PCIe x16<\/li>\n<\/ul>\n<p><em>* Zazwyczaj 10 lat lub wi\u0119cej, ponad 20 lat mo\u017cliwo\u015bci naprawy<\/em><\/p>\n<p>PIP39 zosta\u0142 zaprojektowanY do pracy w trudnych warunkach i ekstremalnych temperaturach. Wytrzyma\u0142a konstrukcja w po\u0142\u0105czeniu z najlepszymi komponentami przemys\u0142owymi zapewnia wysok\u0105 niezawodno\u015b\u0107 i d\u0142ugoterminow\u0105 wydajno\u015b\u0107.<\/p>\n<p>PIP39 jest dost\u0119pny dla r\u00f3\u017cnych bran\u017c i jest idealnym wbudowanym rozwi\u0105zaniem komputerowym do \u015brodowisk przemys\u0142owych, aplikacji kolejowych, MIL \/ COTS, aplikacji SWaP-C lub zawsze, gdy potrzebny jest wytrzyma\u0142y komputer na d\u0142ugi okres czasu.<\/p>\n<h4>Dane techniczne<\/h4>\n\n<table id=\"tablepress-89\" class=\"tablepress tablepress-id-89 tbody-has-connected-cells\">\n<tbody class=\"row-striping row-hover\">\n<tr class=\"row-1\">\n\t<td colspan=\"2\" class=\"column-1\"><strong style=\"display: block; text-align: center;\">Board Key Data<\/strong><\/td>\n<\/tr>\n<tr class=\"row-2\">\n\t<td class=\"column-1\"><\/td><td class=\"column-2\"><strong style=\"display: block; text-align: center;\">PIP39<\/strong><br \/>\n<\/td>\n<\/tr>\n<tr class=\"row-3\">\n\t<td class=\"column-1\">Processor<\/td><td class=\"column-2\">Intel i7-3612QE<br \/>\n<\/td>\n<\/tr>\n<tr class=\"row-4\">\n\t<td class=\"column-1\"># of cores \/ threads<\/td><td class=\"column-2\">4 \/ 8<br \/>\n<\/td>\n<\/tr>\n<tr class=\"row-5\">\n\t<td class=\"column-1\">Clock speed<\/td><td class=\"column-2\">2.1 \/ 3.1 GHz<br \/>\n<\/td>\n<\/tr>\n<tr class=\"row-6\">\n\t<td class=\"column-1\">L2 Cache<\/td><td class=\"column-2\">6 MB<br \/>\n<\/td>\n<\/tr>\n<tr class=\"row-7\">\n\t<td class=\"column-1\">Passmark (all cores)<\/td><td class=\"column-2\">6665<\/td>\n<\/tr>\n<tr class=\"row-8\">\n\t<td class=\"column-1\">Processor<\/td><td class=\"column-2\">Intel Core i7-3612QE 2.1\/3.1GHz, Intel 64 architecture, enhanced Intel SpeedStep, Quad core<br \/>\n<\/td>\n<\/tr>\n<tr class=\"row-9\">\n\t<td class=\"column-1\">Chipset<\/td><td class=\"column-2\">Intel QM77, supports ACPI power states S1, S4, and S5, USB 3.0...<br \/>\n<\/td>\n<\/tr>\n<tr class=\"row-10\">\n\t<td class=\"column-1\">Cache<\/td><td class=\"column-2\">6 MByte<br \/>\n<\/td>\n<\/tr>\n<tr class=\"row-11\">\n\t<td class=\"column-1\">Memory<\/td><td class=\"column-2\">Up to 16 GB DDR3-1600 ECC memory in two SO-DIMM slots<br \/>\n<\/td>\n<\/tr>\n<tr class=\"row-12\">\n\t<td class=\"column-1\">BIOS<\/td><td class=\"column-2\">On-board soldered 8MB Flash, MPL engineered BIOS (SecureCore by Phoenix), customizable<br \/>\n<\/td>\n<\/tr>\n<tr class=\"row-13\">\n\t<td class=\"column-1\">TPM<\/td><td class=\"column-2\">Trusted Platform Module v1.2 (Atmel AT97SC3204) soldered on board<br \/>\n<\/td>\n<\/tr>\n<tr class=\"row-14\">\n\t<td class=\"column-1\">Watchdog Timer<\/td><td class=\"column-2\">C onfigurable granularity 1-255 sec. or 1-255 min.<br \/>\n<\/td>\n<\/tr>\n<tr class=\"row-15\">\n\t<td class=\"column-1\">Indicator LEDs<\/td><td class=\"column-2\">Power, Reset, HDD LAN, and Wi-Fi LEDs, 2 user programmable LEDs<br \/>\n<\/td>\n<\/tr>\n<tr class=\"row-16\">\n\t<td colspan=\"2\" class=\"column-1\"><strong style=\"display: block; text-align: center;\">Mass Storage<\/strong><\/td>\n<\/tr>\n<tr class=\"row-17\">\n\t<td class=\"column-1\">SATA<\/td><td class=\"column-2\">\t2 x SATA 3.0 ports, 2 x SATA 2.0 ports, all ESD protected<br \/>\nRAID 0\/1\/5\/10 support<\/td>\n<\/tr>\n<tr class=\"row-18\">\n\t<td class=\"column-1\">mSATA<\/td><td class=\"column-2\">1x mSATA Full-Mini Card combo socket w SATA 2.0 &amp; USB 2.0<br \/>\n<\/td>\n<\/tr>\n<tr class=\"row-19\">\n\t<td colspan=\"2\" class=\"column-1\"><strong style=\"display: block; text-align: center;\">Interfaces<\/strong><\/td>\n<\/tr>\n<tr class=\"row-20\">\n\t<td class=\"column-1\">Graphics Interfaces<\/td><td class=\"column-2\">DP, DVI-I and 24-bit LVDS interface, ESD protected (DVI-I and Display Port)<br \/>\nup to 2560x1600 (DP) Dual display capable<\/td>\n<\/tr>\n<tr class=\"row-21\">\n\t<td class=\"column-1\">USB<\/td><td class=\"column-2\">4x USB 3.0 ports, 7x USB 2.0 ports, supports USB keyboards and mice as legacy devices<br \/>\n<\/td>\n<\/tr>\n<tr class=\"row-22\">\n\t<td class=\"column-1\">LAN<\/td><td class=\"column-2\">2x GbE ports (Intel 82574IT), ESD protected connectors, WOL support, ESD protected<br \/>\n<\/td>\n<\/tr>\n<tr class=\"row-23\">\n\t<td class=\"column-1\">PS\/2<\/td><td class=\"column-2\">For keyboard and mouse, 1x 6-pin Mini-DIN connector, ESD protected<br \/>\n<\/td>\n<\/tr>\n<tr class=\"row-24\">\n\t<td class=\"column-1\">Serial Ports<\/td><td class=\"column-2\">2x full modem RS232 ports, ESD protected external DB9 connectors<br \/>\n2x RS232\/485 optional<\/td>\n<\/tr>\n<tr class=\"row-25\">\n\t<td class=\"column-1\">HDAudio<\/td><td class=\"column-2\">Intel HDAudio signals, available on a 1 mm header, sound card (HDSOUND-1) is available<br \/>\n<\/td>\n<\/tr>\n<tr class=\"row-26\">\n\t<td colspan=\"2\" class=\"column-1\"><strong style=\"display: block; text-align: center;\">Expansions<\/strong><\/td>\n<\/tr>\n<tr class=\"row-27\">\n\t<td class=\"column-1\">mPCIe<\/td><td class=\"column-2\">1x mPCIe PCI Express Gen2 x1 lane &amp; USB 2.0<br \/>\n<\/td>\n<\/tr>\n<tr class=\"row-28\">\n\t<td class=\"column-1\">PCI\/104-Express<\/td><td class=\"column-2\">1x PCIe x16, 4x PCIe x1 lane, 2x USB 2.0 (PCI\/104-Express to PCIe x16 available)<br \/>\n<\/td>\n<\/tr>\n<tr class=\"row-29\">\n\t<td colspan=\"2\" class=\"column-1\"><strong style=\"display: block; text-align: center;\">Power<\/strong><\/td>\n<\/tr>\n<tr class=\"row-30\">\n\t<td class=\"column-1\">Input Voltage<\/td><td class=\"column-2\">Input Voltage\t10 VDC - 36 VDC input range, ESD and EMC protected power input<br \/>\nup to -36VDC reverse polarity protection<br \/>\nup to 150 V load dump protection<br \/>\nReset &amp; Power button*<br \/>\nIgnition input specifically for vehicles* (*also available on a 4-pin Mini-DIN connector)<\/td>\n<\/tr>\n<tr class=\"row-31\">\n\t<td class=\"column-1\">Power consumption<\/td><td class=\"column-2\">17 \u0096 46 Watt, Enhanced Intel Speed Step Technology<br \/>\n<\/td>\n<\/tr>\n<tr class=\"row-32\">\n\t<td colspan=\"2\" class=\"column-1\"><strong style=\"display: block; text-align: center;\">Environment<\/strong><\/td>\n<\/tr>\n<tr class=\"row-33\">\n\t<td class=\"column-1\">Storage Temperature<\/td><td class=\"column-2\">-45\u00b0C up to +85\u00b0C (-49\u00b0F to +185\u00b0F)<br \/>\n<\/td>\n<\/tr>\n<tr class=\"row-34\">\n\t<td class=\"column-1\">Operating Temperature<\/td><td class=\"column-2\">-20\u00b0C to +60\u00b0C (-4\u00b0F to +140\u00b0F), with full CPU, 3D video and memory usage, fanless<br \/>\nExtended operating temperature range available, MIL solution are in extended temperature<br \/>\nExtended temperature range depends on the cooling capability of the housing used<\/td>\n<\/tr>\n<tr class=\"row-35\">\n\t<td class=\"column-1\">Relative Humidity<\/td><td class=\"column-2\">5% to 95% non condensing, optional coating available<br \/>\n<\/td>\n<\/tr>\n<tr class=\"row-36\">\n\t<td colspan=\"2\" class=\"column-1\"><strong style=\"display: block; text-align: center;\">Standard Compliance<\/strong><\/td>\n<\/tr>\n<tr class=\"row-37\">\n\t<td class=\"column-1\">EMC<\/td><td class=\"column-2\">EN 55022, EN 55024, EN 61000, MIL-STD-461E<br \/>\n<\/td>\n<\/tr>\n<tr class=\"row-38\">\n\t<td class=\"column-1\">Shock &amp; Vibration<\/td><td class=\"column-2\">EN 60068<br \/>\n<\/td>\n<\/tr>\n<tr class=\"row-39\">\n\t<td class=\"column-1\">Environmental &amp; Safety<\/td><td class=\"column-2\">EN 50155, MIL-STD-810F, EN 60601, EN 60950<br \/>\n<\/td>\n<\/tr>\n<tr class=\"row-40\">\n\t<td class=\"column-1\">Approval List<\/td><td class=\"column-2\">CE, IEC 60945, IACS E10<br \/>\n<\/td>\n<\/tr>\n<tr class=\"row-41\">\n\t<td class=\"column-1\">Certifications<\/td><td class=\"column-2\">EN50155 Class Tx (-40\u00b0C to +70\/85\u00b0C)<br \/>\nIEC 60945 \/ IACS E10 (PIP39-M)<\/td>\n<\/tr>\n<\/tbody>\n<\/table>\n<!-- #tablepress-89 from cache -->\n<h4>Wymiary<\/h4>\n\n<table id=\"tablepress-90\" class=\"tablepress tablepress-id-90 tbody-has-connected-cells\">\n<tbody class=\"row-striping row-hover\">\n<tr class=\"row-1\">\n\t<td class=\"column-1\"><strong>Chassis version<\/strong><\/td><td class=\"column-2\"><strong>length x width x heights<\/strong><\/td><td class=\"column-3\"><strong>weight<\/strong><\/td><td class=\"column-4\"><\/td>\n<\/tr>\n<tr class=\"row-2\">\n\t<td class=\"column-1\">DIN-Rail<\/td><td class=\"column-2\">270 x 162 x 83\/120mm<\/td><td class=\"column-3\">2.2 kg (4.85 lb.) with HDD<\/td><td class=\"column-4\">(custom color or foil available)<br \/>\n<\/td>\n<\/tr>\n<tr class=\"row-3\">\n\t<td class=\"column-1\">Flange<\/td><td class=\"column-2\">312 x 162 x 83\/120mm<\/td><td class=\"column-3\">2.2 kg (4.85 lb.) with HDD<\/td><td class=\"column-4\">(custom color or foil available)<br \/>\n<\/td>\n<\/tr>\n<tr class=\"row-4\">\n\t<td class=\"column-1\">Open Frame<\/td><td class=\"column-2\">218 x 154 x 43mm (min.)<\/td><td class=\"column-3\">1.5 kg (3.3 lb.) <\/td><td class=\"column-4\">(custom cooling plates, population, header version available)<\/td>\n<\/tr>\n<tr class=\"row-5\">\n\t<td class=\"column-1\">IP67 MIL<\/td><td class=\"column-2\">304 x 234 x 75\/95mm<\/td><td class=\"column-3\">3.6 kg (7.9 lb.)<\/td><td class=\"column-4\">(custom housings and connectors available)<\/td>\n<\/tr>\n<tr class=\"row-6\">\n\t<td colspan=\"4\" class=\"column-1\"><span style=\"font-weight: normal;\">The aluminum housings are internally chromated, externally powder coated or anodized, no ventilation holes.<br \/>\nThe cooling plate for the open frame versions is chromated.<\/span><\/td>\n<\/tr>\n<\/tbody>\n<\/table>\n<!-- #tablepress-90 from cache -->\n<p>&nbsp;<\/p>\n","protected":false},"excerpt":{"rendered":"<h3>PIP39<\/h3>\n<p>PIP39 to wysokowydajny, energooszcz\u0119dny i wysoce zintegrowany komputer wbudowany, zbudowany w specjalnie zaprojektowanej obudowie aluminiowej lub MIL IP67. Umo\u017cliwia to obs\u0142ug\u0119 PIP w umiarkowanym lub trudnym otoczeniu bez wentylatora lub otwor\u00f3w wentylacyjnych. Konstrukcja zawiera standardowe z\u0142\u0105cza w celu \u0142atwego pod\u0142\u0105czenia lub blokowane g\u0142owice, w zale\u017cno\u015bci od wyboru obudowy.<\/p>\n","protected":false},"featured_media":10791,"template":"","meta":{"_acf_changed":false,"inline_featured_image":false,"_monsterinsights_skip_tracking":false,"_monsterinsights_sitenote_active":false,"_monsterinsights_sitenote_note":"","_monsterinsights_sitenote_category":0},"product_brand":[],"product_cat":[405,1591,359],"product_tag":[],"class_list":{"0":"post-4030","1":"product","2":"type-product","3":"status-publish","4":"has-post-thumbnail","6":"product_cat-komputery-przemyslowe-rugged","7":"product_cat-komputery-rugged","8":"product_cat-mpl","10":"first","11":"instock","12":"shipping-taxable","13":"product-type-simple"},"acf":[],"_links":{"self":[{"href":"https:\/\/quantum.com.pl\/pl\/wp-json\/wp\/v2\/product\/4030","targetHints":{"allow":["GET"]}}],"collection":[{"href":"https:\/\/quantum.com.pl\/pl\/wp-json\/wp\/v2\/product"}],"about":[{"href":"https:\/\/quantum.com.pl\/pl\/wp-json\/wp\/v2\/types\/product"}],"wp:featuredmedia":[{"embeddable":true,"href":"https:\/\/quantum.com.pl\/pl\/wp-json\/wp\/v2\/media\/10791"}],"wp:attachment":[{"href":"https:\/\/quantum.com.pl\/pl\/wp-json\/wp\/v2\/media?parent=4030"}],"wp:term":[{"taxonomy":"product_brand","embeddable":true,"href":"https:\/\/quantum.com.pl\/pl\/wp-json\/wp\/v2\/product_brand?post=4030"},{"taxonomy":"product_cat","embeddable":true,"href":"https:\/\/quantum.com.pl\/pl\/wp-json\/wp\/v2\/product_cat?post=4030"},{"taxonomy":"product_tag","embeddable":true,"href":"https:\/\/quantum.com.pl\/pl\/wp-json\/wp\/v2\/product_tag?post=4030"}],"curies":[{"name":"wp","href":"https:\/\/api.w.org\/{rel}","templated":true}]}}