{"id":4043,"date":"2019-09-02T18:06:32","date_gmt":"2019-09-02T16:06:32","guid":{"rendered":"https:\/\/quantum.com.pl\/?post_type=product&#038;p=4043"},"modified":"2020-12-17T11:28:27","modified_gmt":"2020-12-17T10:28:27","slug":"wbudowane-rozwiazanie-komputerowe-rugged-rodzina-pip30","status":"publish","type":"product","link":"https:\/\/quantum.com.pl\/pl\/product\/wbudowane-rozwiazanie-komputerowe-rugged-rodzina-pip30\/","title":{"rendered":"Komputery ,,rugged&#8221; (PIP31, PIP32, PIP37, PIP38)"},"content":{"rendered":"<h4>Wbudowane rozwi\u0105zanie komputerowe ,,rugged&#8221; z p<span lang=\"pl\" tabindex=\"0\">rocesorem Intel\u00ae Core&#x2122; i7 i Celeron\u00ae | <\/span>Rodzina PIP30 (PIP31 &#8211; PIP38)<\/h4>\n<p>Rodzina produkt\u00f3w PIP30 to wysokowydajne, energooszcz\u0119dne i wysoce zintegrowane wbudowane komputery ,,rugged&#8221;. Produkty s\u0105 dost\u0119pne w kompaktowej aluminiowej obudowie z szyn\u0105 DIN lub ko\u0142nierzem, w wytrzyma\u0142ej obudowie MIL IP67 lub w otwartej ramie z p\u0142yt\u0105 ch\u0142odz\u0105c\u0105, konfigurowaln\u0105 w zale\u017cno\u015bci od zastosowania. Unikalne rozwi\u0105zania obudowy pozwalaj\u0105 na obs\u0142ug\u0119 asortymentu PIP30 zar\u00f3wno w umiarkowanym, jak i trudnym otoczeniu, bez potrzeby stosowania wentylatora lub otwor\u00f3w wentylacyjnych.<\/p>\n<h4>Najwa\u017cniejsze cechy Rodziny PIP-30<\/h4>\n<p>Obudowy PIP oferuj\u0105 wystarczaj\u0105c\u0105 ilo\u015b\u0107 miejsca na 2,5-calowy dysk SSD lub inne rozszerzenia, takie jak UPS, RAID. 2 gniazda mPCIe i 3 gniazda m.2 pozwalaj\u0105 na \u0142atw\u0105 rozbudow\u0119 systemu. Wewn\u0119trzna magistrala rozszerze\u0144 pozwala na integracj\u0119 kart PCIe \/ 104 lub PCIe. Te mo\u017cliwo\u015bci rozbudowy daj\u0105 maksymalne mo\u017cliwo\u015bci dostosowania dla dodatkowych interfejs\u00f3w i funkcji. Podczas projektowania uwzgl\u0119dniono szczeg\u00f3lne \u015brodki ostro\u017cno\u015bci, aby EMC ca\u0142ego systemu mie\u015bci\u0142a si\u0119 w granicach CE i FCC, a normy takie jak EN50155, IEC 60945 lub MIL-STD-810 mog\u0142y zosta\u0107 spe\u0142nione.<\/p>\n<h4>Kluczowe cechy PIP-30<\/h4>\n<ul>\n<li>Wbudowany lutowany DDR3 ECC RAM do 4 GB (Do 12 GB przez gniazdo SO-DIMM)<\/li>\n<li>4 porty GigE na RJ45 (opcjonalnie na M12 lub \u015bwiat\u0142owodzie)<\/li>\n<li>Praca bez wentylatora, r\u00f3wnie\u017c w temperaturach od -40\u00b0C do 75\u00b0C<\/li>\n<li>Dost\u0119pno\u015b\u0107 d\u0142ugoterminowa*<\/li>\n<li>Niezwykle elastyczny<\/li>\n<\/ul>\n<p><em>*zazwyczaj 10 lat lub wi\u0119cej, naprawa ponad 20 lat<\/em><\/p>\n<p>Rodzina PIP-30 zosta\u0142a zaprojektowana do pracy w trudnych warunkach i ekstremalnych temperaturach. Wytrzyma\u0142a konstrukcja w po\u0142\u0105czeniu z najlepszymi komponentami przemys\u0142owymi zapewnia wysok\u0105 niezawodno\u015b\u0107 i d\u0142ugoterminow\u0105 wydajno\u015b\u0107.<\/p>\n<p>Rodzina PIP30 jest dost\u0119pna dla r\u00f3\u017cnych bran\u017c i jest idealnym wbudowanym rozwi\u0105zaniem komputerowym do \u015brodowisk przemys\u0142owych, aplikacji kolejowych, MIL \/ COTS i zawsze, gdy potrzebny jest wytrzyma\u0142y komputer na d\u0142ugi okres czasu.<\/p>\n<h4>Dane techniczne<\/h4>\n\n<table id=\"tablepress-92\" class=\"tablepress tablepress-id-92 tbody-has-connected-cells\">\n<tbody class=\"row-striping row-hover\">\n<tr class=\"row-1\">\n\t<td colspan=\"5\" class=\"column-1\"><strong style=\"display: block; text-align: center;\">Board Key Data<\/strong><\/td>\n<\/tr>\n<tr class=\"row-2\">\n\t<td class=\"column-1\"><\/td><td class=\"column-2\"><strong>PIP31-1<\/strong><\/td><td class=\"column-3\"><strong>PIP32-1<\/strong><\/td><td class=\"column-4\"><strong>PIP37-1<\/strong><\/td><td class=\"column-5\"><strong>PIP38-1<\/strong><\/td>\n<\/tr>\n<tr class=\"row-3\">\n\t<td class=\"column-1\">Processor<\/td><td class=\"column-2\">Intel Celeron 927UE<\/td><td class=\"column-3\">Intel Celeron 1047UE<\/td><td class=\"column-4\">Intel i7-3517UE<\/td><td class=\"column-5\">Intel i7-3555LU<br \/>\n<\/td>\n<\/tr>\n<tr class=\"row-4\">\n\t<td class=\"column-1\"># of cores \/ threads<\/td><td class=\"column-2\">1 \/ 1<\/td><td class=\"column-3\">2 \/ 2<\/td><td class=\"column-4\">2 \/ 4<\/td><td class=\"column-5\">2 \/ 4<\/td>\n<\/tr>\n<tr class=\"row-5\">\n\t<td class=\"column-1\">Clock speed<\/td><td class=\"column-2\">1.5 GHz<\/td><td class=\"column-3\">1.4 GHz<\/td><td class=\"column-4\">1.7 \/ 2.8 GHz<\/td><td class=\"column-5\">2.5 \/ 3.1 GHz<br \/>\n<\/td>\n<\/tr>\n<tr class=\"row-6\">\n\t<td class=\"column-1\">L2 Cache<\/td><td class=\"column-2\">1 MB<\/td><td class=\"column-3\">2 MB<\/td><td class=\"column-4\">2 MB<\/td><td class=\"column-5\">4 MB<\/td>\n<\/tr>\n<tr class=\"row-7\">\n\t<td class=\"column-1\">Passmark (all cores)\t<br \/>\n<\/td><td class=\"column-2\">566<\/td><td class=\"column-3\">1188<\/td><td class=\"column-4\">3807<\/td><td class=\"column-5\">4080<br \/>\n<\/td>\n<\/tr>\n<tr class=\"row-8\">\n\t<td class=\"column-1\">Chipset<\/td><td colspan=\"4\" class=\"column-2\">Intel QM77 (Panther Point), supports ACPI power states S1, S4, and S5, USB 3.0...<\/td>\n<\/tr>\n<tr class=\"row-9\">\n\t<td class=\"column-1\">Pami\u0119\u0107<\/td><td colspan=\"4\" class=\"column-2\">4GB DDR3 on-board soldered ECC RAM<br \/>\n1x 204-pin dual-channel DDR3 SODIMM slot, supports up to 8GB modules (total board memory 12GB)<\/td>\n<\/tr>\n<tr class=\"row-10\">\n\t<td class=\"column-1\">BIOS<\/td><td colspan=\"4\" class=\"column-2\">On-board soldered 8MB Flash, MPL engineered BIOS (SecureCore by Phoenix), customizable<\/td>\n<\/tr>\n<tr class=\"row-11\">\n\t<td class=\"column-1\">TPM<\/td><td colspan=\"4\" class=\"column-2\">Trusted Platform Support<\/td>\n<\/tr>\n<tr class=\"row-12\">\n\t<td class=\"column-1\">Zegar nadzoruj\u0105cy<\/td><td colspan=\"4\" class=\"column-2\">Configurable granularity 1-255 sec. or 1-255 min.<\/td>\n<\/tr>\n<tr class=\"row-13\">\n\t<td class=\"column-1\">Wska\u017aniki LED<\/td><td colspan=\"4\" class=\"column-2\">Power, Reset, HDD LAN, and Wi-Fi LEDs, 2 user programmable LEDs<\/td>\n<\/tr>\n<tr class=\"row-14\">\n\t<td colspan=\"5\" class=\"column-1\"><strong style=\"display: block; text-align: center;\">Mass Storage<\/strong><\/td>\n<\/tr>\n<tr class=\"row-15\">\n\t<td class=\"column-1\">SATA<\/td><td colspan=\"4\" class=\"column-2\">2x SATA 3.0 ports and 2x SATA 2.0 ports, RAID 0\/1\/5\/10 support<\/td>\n<\/tr>\n<tr class=\"row-16\">\n\t<td class=\"column-1\">mSATA<\/td><td colspan=\"4\" class=\"column-2\">1x mSATA Full-Mini Card combo socket with SATA 2.0 &amp; USB 2.0<\/td>\n<\/tr>\n<tr class=\"row-17\">\n\t<td class=\"column-1\">eSATAp<\/td><td colspan=\"4\" class=\"column-2\">Powered external SATA port with SATA 2.0 and USB 2.0, ESD protected connector<\/td>\n<\/tr>\n<tr class=\"row-18\">\n\t<td colspan=\"5\" class=\"column-1\"><strong style=\"display: block; text-align: center;\"> Interfaces<\/strong><\/td>\n<\/tr>\n<tr class=\"row-19\">\n\t<td class=\"column-1\">Graphics Interfaces<br \/>\n<\/td><td colspan=\"4\" class=\"column-2\">Display Port (DP) up to 2560x1600 (DP) and DVI-I and 24-bit LVDS up to 1920 x 1200<br \/>\nDual display capable, ESD protected. Gen3 PCIe port x16 (PEG) for graphic card.<\/td>\n<\/tr>\n<tr class=\"row-20\">\n\t<td class=\"column-1\">USB<\/td><td colspan=\"4\" class=\"column-2\">4x USB 3.0 ports, 2x USB 2.0 ports, supports USB keyboards and mice as legacy devices<br \/>\n3x additional internal USB2.0 ports<\/td>\n<\/tr>\n<tr class=\"row-21\">\n\t<td class=\"column-1\">LAN<\/td><td colspan=\"4\" class=\"column-2\">4x GbE ports (Intel 82574IT) on RJ45 , ESD protected connectors, Wake on LAN support<\/td>\n<\/tr>\n<tr class=\"row-22\">\n\t<td class=\"column-1\">Serial Ports<\/td><td colspan=\"4\" class=\"column-2\">2x full modem RS232 ports, ESD protected external DB9 connectors<br \/>\n2x additional RS232\/485 ports (optional)<\/td>\n<\/tr>\n<tr class=\"row-23\">\n\t<td class=\"column-1\">PS\/2<\/td><td colspan=\"4\" class=\"column-2\">For keyboard and mouse, 1x 6-pin Mini-DIN connector, ESD protected<\/td>\n<\/tr>\n<tr class=\"row-24\">\n\t<td class=\"column-1\">HDAudio<\/td><td colspan=\"4\" class=\"column-2\">Intel HDAudio signals, available on a 1 mm header, sound card (HDSOUND-1) is available<\/td>\n<\/tr>\n<tr class=\"row-25\">\n\t<td colspan=\"5\" class=\"column-1\"><strong style=\"display: block; text-align: center;\"> Expansions<\/strong><\/td>\n<\/tr>\n<tr class=\"row-26\">\n\t<td class=\"column-1\">mPCIe<\/td><td colspan=\"4\" class=\"column-2\">2x mPCIe PCI Express Gen2, x1 lane &amp; USB 2.0 (1 combined with mSATA)<\/td>\n<\/tr>\n<tr class=\"row-27\">\n\t<td class=\"column-1\">ePCIe<\/td><td colspan=\"4\" class=\"column-2\">1x external PCI Express Gen2, x1 lane port with 500 MB\/s, ESD protected connector<\/td>\n<\/tr>\n<tr class=\"row-28\">\n\t<td class=\"column-1\">PCI\/104-Express<\/td><td colspan=\"4\" class=\"column-2\">1x PCIe\/104 slot (4x PCIe x1 lane, 2x USB 2.0), PCI\/104 slot (33 or 66 MHz PCI bus)<\/td>\n<\/tr>\n<tr class=\"row-29\">\n\t<td colspan=\"5\" class=\"column-1\"><strong style=\"display: block; text-align: center;\"> Power<\/strong><\/td>\n<\/tr>\n<tr class=\"row-30\">\n\t<td class=\"column-1\">Input Voltage<\/td><td colspan=\"4\" class=\"column-2\">8 - 36 VDC input range, ESD and EMC protected power input (optionally up to 110VDC)<br \/>\nProtection against: up to -36 VDC over voltage , reverse polarity, up to 150V load dump<br \/>\nReset &amp; Power button*<br \/>\nIgnition input specifically for vehicles* (*also available on a 4-pin Mini-DIN connector)<\/td>\n<\/tr>\n<tr class=\"row-31\">\n\t<td class=\"column-1\">Power consumption<\/td><td colspan=\"4\" class=\"column-2\">PIP31: 11-17 Watt \/ PIP32: 11-19 Watt \/ PIP37: 11-33 Watt \/ PIP38: 11-36 Watt<br \/>\n(Enhanced Intel Speed Step Technology, all LANs operational)<\/td>\n<\/tr>\n<tr class=\"row-32\">\n\t<td colspan=\"5\" class=\"column-1\"><strong style=\"display: block; text-align: center;\"> Environment<\/strong><\/td>\n<\/tr>\n<tr class=\"row-33\">\n\t<td class=\"column-1\">Storage Temperature<\/td><td colspan=\"4\" class=\"column-2\">-45\u00b0C up to +85\u00b0C (-49\u00b0F to +185\u00b0F)<\/td>\n<\/tr>\n<tr class=\"row-34\">\n\t<td class=\"column-1\">Operating Temperature<\/td><td colspan=\"4\" class=\"column-2\">-20\u00b0C to +60\u00b0C (-4\u00b0F to +140\u00b0F), with full CPU, 3D video and memory usage, fanless<\/td>\n<\/tr>\n<tr class=\"row-35\">\n\t<td class=\"column-1\">Ext. Temp. (optional)<\/td><td colspan=\"4\" class=\"column-2\">-40\u00b0C to +75\u00b0C (-40\u00b0F to +167\u00b0F), fanless , final test in climate chamber with test protocol<\/td>\n<\/tr>\n<tr class=\"row-36\">\n\t<td class=\"column-1\">Relative Humidity<\/td><td colspan=\"4\" class=\"column-2\">5% to 95% non condensing, optional coating available<\/td>\n<\/tr>\n<tr class=\"row-37\">\n\t<td colspan=\"5\" class=\"column-1\"><strong style=\"display: block; text-align: center;\">Standard Compliance<\/strong><\/td>\n<\/tr>\n<tr class=\"row-38\">\n\t<td colspan=\"5\" class=\"column-1\"><span style=\"font-weight: normal !important;\">The PIP30 Family is designed to meet or exceed the most common standards. Particular references are:<\/span><\/td>\n<\/tr>\n<tr class=\"row-39\">\n\t<td class=\"column-1\">EMC<\/td><td colspan=\"4\" class=\"column-2\">EN 55022, EN 55024, EN 61000, MIL-STD-461E<br \/>\n<\/td>\n<\/tr>\n<tr class=\"row-40\">\n\t<td class=\"column-1\">Shock &amp; Vibration<\/td><td colspan=\"4\" class=\"column-2\">EN 60068<\/td>\n<\/tr>\n<tr class=\"row-41\">\n\t<td class=\"column-1\">Environmental &amp; Safety<\/td><td colspan=\"4\" class=\"column-2\">EN 50155, MIL-STD-810G, EN 60601, EN 60950<\/td>\n<\/tr>\n<tr class=\"row-42\">\n\t<td class=\"column-1\">Approval List<\/td><td colspan=\"4\" class=\"column-2\">CE, IEC 60945, IACS E10<\/td>\n<\/tr>\n<tr class=\"row-43\">\n\t<td class=\"column-1\">Certification<\/td><td colspan=\"4\" class=\"column-2\">EN 50155 Class Tx<\/td>\n<\/tr>\n<\/tbody>\n<\/table>\n<!-- #tablepress-92 from cache -->\n<h4>Obudowy<\/h4>\n\n<table id=\"tablepress-67\" class=\"tablepress tablepress-id-67 tbody-has-connected-cells\">\n<tbody class=\"row-striping row-hover\">\n<tr class=\"row-1\">\n\t<td class=\"column-1\"><strong>Chassis version<\/strong><br \/>\n<\/td><td class=\"column-2\"><strong>length x width x heights\t<\/strong><br \/>\n<\/td><td class=\"column-3\"><strong>weight<\/strong><\/td><td class=\"column-4\"><\/td>\n<\/tr>\n<tr class=\"row-2\">\n\t<td class=\"column-1\">DIN-Rail<\/td><td class=\"column-2\">270 x 162 x 62\/83\/120mm<\/td><td class=\"column-3\">2.2 kg (4.85 lb.) with HDD<\/td><td class=\"column-4\">(custom color or foil available)<\/td>\n<\/tr>\n<tr class=\"row-3\">\n\t<td class=\"column-1\">Flange<\/td><td class=\"column-2\">290 x 162 x 62\/83\/120mm<\/td><td class=\"column-3\">2.2 kg (4.85 lb.) with HDD<\/td><td class=\"column-4\">(custom color or foil available)<\/td>\n<\/tr>\n<tr class=\"row-4\">\n\t<td class=\"column-1\">Open Frame<\/td><td class=\"column-2\">260 x 154 x 33mm<\/td><td class=\"column-3\">1.0 kg (2.2 lb.)<\/td><td class=\"column-4\">(custom cooling plate available)<\/td>\n<\/tr>\n<tr class=\"row-5\">\n\t<td class=\"column-1\">IP67 MIL<\/td><td class=\"column-2\">304 x 234 x 75\/95mm<\/td><td class=\"column-3\">3.0 kg (6.6 lb.)<\/td><td class=\"column-4\">(custom housings and connectors available)<\/td>\n<\/tr>\n<tr class=\"row-6\">\n\t<td colspan=\"4\" class=\"column-1\"><span style=\"font-weight: normal !important;\">The aluminum housings are internally chromated, externally powder coated or anodized, no ventilation holes.<br \/>\nThe cooling plate for the open frame versions is chromated. Depopulated versions or solutions with headers can be offered.<\/span><\/td>\n<\/tr>\n<\/tbody>\n<\/table>\n<!-- #tablepress-67 from cache -->\n<p>&nbsp;<\/p>\n<p>&nbsp;<\/p>\n<div id=\"z6maec\" class=\"tw-ta-container tw-nfl\">\n<pre id=\"tw-target-rmn\" class=\"tw-data-placeholder tw-text-small tw-ta\" dir=\"ltr\" data-placeholder=\"\"><\/pre>\n<\/div>\n","protected":false},"excerpt":{"rendered":"<p>Rodzina produkt\u00f3w PIP30 to wysokowydajne, energooszcz\u0119dne i wysoce zintegrowane wbudowane komputery ,,rugged&#8221;. Produkty s\u0105 dost\u0119pne w kompaktowej aluminiowej obudowie z szyn\u0105 DIN lub ko\u0142nierzem, w wytrzyma\u0142ej obudowie MIL IP67 lub w otwartej ramie z p\u0142yt\u0105 ch\u0142odz\u0105c\u0105, konfigurowaln\u0105 w zale\u017cno\u015bci od zastosowania. Unikalne rozwi\u0105zania obudowy pozwalaj\u0105 na obs\u0142ug\u0119 asortymentu PIP30 zar\u00f3wno w umiarkowanym, jak i trudnym otoczeniu, bez potrzeby stosowania wentylatora lub otwor\u00f3w wentylacyjnych.<\/p>\n","protected":false},"featured_media":10831,"template":"","meta":{"_acf_changed":false,"inline_featured_image":false,"_monsterinsights_skip_tracking":false,"_monsterinsights_sitenote_active":false,"_monsterinsights_sitenote_note":"","_monsterinsights_sitenote_category":0},"product_brand":[],"product_cat":[505,405,1591,359],"product_tag":[],"class_list":{"0":"post-4043","1":"product","2":"type-product","3":"status-publish","4":"has-post-thumbnail","6":"product_cat-komputery-jednoplytkowe-sbc","7":"product_cat-komputery-przemyslowe-rugged","8":"product_cat-komputery-rugged","9":"product_cat-mpl","11":"first","12":"instock","13":"shipping-taxable","14":"product-type-simple"},"acf":[],"_links":{"self":[{"href":"https:\/\/quantum.com.pl\/pl\/wp-json\/wp\/v2\/product\/4043","targetHints":{"allow":["GET"]}}],"collection":[{"href":"https:\/\/quantum.com.pl\/pl\/wp-json\/wp\/v2\/product"}],"about":[{"href":"https:\/\/quantum.com.pl\/pl\/wp-json\/wp\/v2\/types\/product"}],"wp:featuredmedia":[{"embeddable":true,"href":"https:\/\/quantum.com.pl\/pl\/wp-json\/wp\/v2\/media\/10831"}],"wp:attachment":[{"href":"https:\/\/quantum.com.pl\/pl\/wp-json\/wp\/v2\/media?parent=4043"}],"wp:term":[{"taxonomy":"product_brand","embeddable":true,"href":"https:\/\/quantum.com.pl\/pl\/wp-json\/wp\/v2\/product_brand?post=4043"},{"taxonomy":"product_cat","embeddable":true,"href":"https:\/\/quantum.com.pl\/pl\/wp-json\/wp\/v2\/product_cat?post=4043"},{"taxonomy":"product_tag","embeddable":true,"href":"https:\/\/quantum.com.pl\/pl\/wp-json\/wp\/v2\/product_tag?post=4043"}],"curies":[{"name":"wp","href":"https:\/\/api.w.org\/{rel}","templated":true}]}}