{"id":4051,"date":"2019-09-02T19:37:31","date_gmt":"2019-09-02T17:37:31","guid":{"rendered":"https:\/\/quantum.com.pl\/?post_type=product&#038;p=4051"},"modified":"2020-12-03T15:17:17","modified_gmt":"2020-12-03T14:17:17","slug":"wbudowane-komputery-z-procesorami-intel","status":"publish","type":"product","link":"https:\/\/quantum.com.pl\/pl\/product\/wbudowane-komputery-z-procesorami-intel\/","title":{"rendered":"Wbudowane komputery z procesorami Intel"},"content":{"rendered":"<h4>Wbudowany komputer z procesorem Intel\u00ae | Rodzina PIP20 <small>(PIP19, PIP22, PIP23)<\/small><\/h4>\n<div id=\"tw-target-text-container\" class=\"tw-ta-container tw-nfl\">\n<h5 id=\"tw-target-text\" class=\"tw-data-text tw-text-large tw-ta\" dir=\"ltr\" data-placeholder=\"T\u0142umaczenie\"><span lang=\"pl\" tabindex=\"0\">Niezalecane do nowych projekt\u00f3w &#8211; u\u017cyj produkt\u00f3w z Rodziny PIP30<\/span><\/h5>\n<p>Rodzina PIP20 to pot\u0119\u017cne, wysoce zintegrowane, solidne i pozbawione wentylator\u00f3w komputery przemys\u0142owy w obudowie, oparte na technologii mobilnej Intel Core 2 Duo \/ Celeron, z wbudowan\u0105 map\u0105 drogow\u0105. Na p\u0142ycie wbudowane s\u0105 takie funkcje, jak 2x Gigabit Ethernet, 4 porty szeregowe i wbudowana pami\u0119\u0107 1 GB. Systemy stanowi\u0105 unikalne rozwi\u0105zanie dla dzisiejszych wymagaj\u0105cych wymaga\u0144 przemys\u0142owych i s\u0105 dost\u0119pne z praktycznie nieograniczon\u0105 liczb\u0105 opcji. Zaprojektowane s\u0105 do pracy w ekstremalnych i normalnych warunkach, bez potrzeby wentylator\u00f3w i bez obni\u017cania warto\u015bci przepustnicy. Specjalna konstrukcja p\u0142yty zapewnia rozwi\u0105zanie, kt\u00f3re jest kompaktowe, bezobs\u0142ugowe, bezg\u0142o\u015bne i wystarczaj\u0105co wytrzyma\u0142e, aby mo\u017cna je by\u0142o stosowa\u0107 wed\u0142ug osobistych preferencji. PIPy MPL s\u0105 montowane zgodnie z Twoimi potrzebami, nawet z Twoim logo.<\/p>\n<h4>Najwa\u017cniejsze cechy Rodziny PIP20<\/h4>\n<p>Tym, co wyr\u00f3\u017cnia produkty PIP20, jest wyj\u0105tkowo niski pob\u00f3r mocy i du\u017ca elastyczno\u015b\u0107. Jest to mo\u017cliwe dzi\u0119ki r\u00f3\u017cnym rozszerzeniom i koncepcjom obudowy. Systemy maj\u0105 pe\u0142ny zestaw standardowych funkcji komputera, a tak\u017ce funkcje przemys\u0142owe, takie jak moc wej\u015bciowa 8\u201348 VDC lub 4 porty szeregowe (RS232 \/ 485). Dost\u0119pne s\u0105 dodatkowe modu\u0142y GPS, WLAN, CAN, Sound i UPS. Ponadto PIP mo\u017cna rozszerzy\u0107 o p\u0142ytki PC \/ 104-Plus, PCI i PMC. Inne unikalne funkcje to:<\/p>\n<ul>\n<li>1 GB pami\u0119ci SDRAM<\/li>\n<li>2x Gigabit Ethernet<\/li>\n<li>Praca bez wentylatora<\/li>\n<li>Rozszerzona temperatura<\/li>\n<li>Dost\u0119pno\u015b\u0107 d\u0142ugoterminowa<\/li>\n<\/ul>\n<p>Te cechy sprawiaj\u0105, \u017ce rodzina PIP20 jest idealnym rozwi\u0105zaniem do ka\u017cdej aplikacji, w kt\u00f3rej wymagany jest mocny, wbudowany komputer o niskim zu\u017cyciu energii. Ponadto, produkty PIP20 zyskuj\u0105 warto\u015b\u0107 na szwajcarskiej jako\u015bci, solidno\u015bci, d\u0142ugoterminowej dost\u0119pno\u015bci i elastyczno\u015bci. Produkty mog\u0105 by\u0107 u\u017cywane w systemach wizyjnych, medycznych, transportowych, telekomunikacyjnych i innych aplikacjach przemys\u0142owych.<\/p>\n<h4>Dane techniczne Rodziny PIP20<\/h4>\n\n<table id=\"tablepress-95\" class=\"tablepress tablepress-id-95\">\n<thead>\n<tr class=\"row-1\">\n\t<td class=\"column-1\"><\/td><th class=\"column-2\"><strong>Board Key Data<\/strong><\/th><td class=\"column-3\"><\/td>\n<\/tr>\n<\/thead>\n<tbody class=\"row-striping row-hover\">\n<tr class=\"row-2\">\n\t<td class=\"column-1\">Processor<\/td><td class=\"column-2\">Intel Embedded SoC Pentium-M 1,2 GHz<br \/>\n32kB L1 Cache, 256KB L2 Cache<\/td><td class=\"column-3\">Intel SpeedStep, 64-Bit Data Bus<br \/>\nCPU from Intel's long-term supply program<br \/>\n<\/td>\n<\/tr>\n<tr class=\"row-3\">\n\t<td class=\"column-1\">Chip Set<\/td><td class=\"column-2\">Intel SoC EP80579<\/td><td class=\"column-3\">High integrated System On Chip<br \/>\n<\/td>\n<\/tr>\n<tr class=\"row-4\">\n\t<td class=\"column-1\">BIOS<\/td><td class=\"column-2\">2MB Flash EEPROM, easy BIOS update\t<br \/>\n<\/td><td class=\"column-3\">MPL engineered BIOS (Phoenix)<br \/>\n<\/td>\n<\/tr>\n<tr class=\"row-5\">\n\t<td class=\"column-1\">Memory<\/td><td class=\"column-2\">Up to 4Gb memory<br \/>\nECC protected memory supported<\/td><td class=\"column-3\">Dual channel DDR2-800 memory<br \/>\n240-pin DIMM socket for one module<\/td>\n<\/tr>\n<tr class=\"row-6\">\n\t<td class=\"column-1\">Watchdog Timer<\/td><td class=\"column-2\">2 stage watchdog timer with hardware reset\t<br \/>\n<\/td><td class=\"column-3\">Configurable granularity from 1\u00b5s to 10 min<br \/>\n<\/td>\n<\/tr>\n<tr class=\"row-7\">\n\t<td class=\"column-1\">Indicators<\/td><td class=\"column-2\">11 two color LEDs, 9 activity + 2 user definable\t<br \/>\n<\/td><td class=\"column-3\">Power, Reset, HDD, 6 x LAN, 2x USER<br \/>\n<\/td>\n<\/tr>\n<tr class=\"row-8\">\n\t<td class=\"column-1\"><\/td><td class=\"column-2\"><strong>Interfaces<\/strong><\/td><td class=\"column-3\"><\/td>\n<\/tr>\n<tr class=\"row-9\">\n\t<td class=\"column-1\">3 x Ethernet<\/td><td class=\"column-2\">10BaseT \/100BaseTX \/ 1000 BaseTX<\/td><td class=\"column-3\">3 x RJ45 connector, ESD protected, auto negotiation<br \/>\n<br \/>\n<\/td>\n<\/tr>\n<tr class=\"row-10\">\n\t<td class=\"column-1\">2 x USB 2.0<\/td><td class=\"column-2\">2 ports external<\/td><td class=\"column-3\">2 x Type A connectors, ESD protected, bootable<br \/>\n<br \/>\n<\/td>\n<\/tr>\n<tr class=\"row-11\">\n\t<td class=\"column-1\">4 x Serial Ports\t<br \/>\n<\/td><td class=\"column-2\">default 4 ports fixed to RS232<br \/>\noptional 2 ports changeable to RS422\/485<\/td><td class=\"column-3\">4 x 9-pin DSUB, ESD protected<br \/>\nTransfer rates up to 230.4 kBaud<br \/>\n<\/td>\n<\/tr>\n<tr class=\"row-12\">\n\t<td class=\"column-1\">2 x SATA-II Ports<\/td><td class=\"column-2\">Data transfer rates up to 300Mbyte\/s\t<br \/>\n<\/td><td class=\"column-3\">1 x standard SATA connector, 1 x SATA-DOM<br \/>\n<br \/>\n<\/td>\n<\/tr>\n<tr class=\"row-13\">\n\t<td class=\"column-1\">Power\/Reset Button\t<br \/>\n<\/td><td class=\"column-2\">On chassis (protected) and a remote reset button\t<br \/>\n<\/td><td class=\"column-3\">ATX functionality, ESD protected<br \/>\n<br \/>\n<\/td>\n<\/tr>\n<tr class=\"row-14\">\n\t<td class=\"column-1\">PCI-104 Interface<\/td><td class=\"column-2\">32-bit PCI interface, 33 or 66 MHz\t<br \/>\n<\/td><td class=\"column-3\">for up to 4 PCI-104 modules<br \/>\n<br \/>\n<\/td>\n<\/tr>\n<tr class=\"row-15\">\n\t<td class=\"column-1\"><\/td><td class=\"column-2\"><strong>Physical \/ Power<\/strong><\/td><td class=\"column-3\"><\/td>\n<\/tr>\n<tr class=\"row-16\">\n\t<td class=\"column-1\">Power<\/td><td class=\"column-2\">\t12 - 30V redundant power input<br \/>\n20ms brownout bypass at +24V<\/td><td class=\"column-3\">Consumption typically 14 to 23 W<br \/>\nReverse input polarity protection<\/td>\n<\/tr>\n<tr class=\"row-17\">\n\t<td class=\"column-1\">Temperature Range<\/td><td class=\"column-2\">-20\u00b0C up to +60\u00b0C<\/td><td class=\"column-3\">No fan, no openings, values at full CPU load<br \/>\n<br \/>\n<\/td>\n<\/tr>\n<tr class=\"row-18\">\n\t<td class=\"column-1\">Humidity<\/td><td class=\"column-2\">5% - 95% non condensing\t<br \/>\n<\/td><td class=\"column-3\">Optional coating available<br \/>\n<br \/>\n<\/td>\n<\/tr>\n<tr class=\"row-19\">\n\t<td class=\"column-1\"><\/td><td class=\"column-2\"><strong>Standard Compliance<\/strong><br \/>\n<\/td><td class=\"column-3\"><\/td>\n<\/tr>\n<tr class=\"row-20\">\n\t<td class=\"column-1\">EMC<\/td><td class=\"column-2\">EN 55022, EN 55024, EN 61000, MIL-STD-461E<br \/>\n<\/td><td class=\"column-3\"><\/td>\n<\/tr>\n<tr class=\"row-21\">\n\t<td class=\"column-1\">Shock &amp; Vibration<\/td><td class=\"column-2\">EN 60068<br \/>\n<\/td><td class=\"column-3\"><\/td>\n<\/tr>\n<tr class=\"row-22\">\n\t<td class=\"column-1\">Environmental &amp; Safety<\/td><td class=\"column-2\">EN 50155, MIL-STD-810-F, EN 60601, EN 60950<br \/>\n<\/td><td class=\"column-3\"><\/td>\n<\/tr>\n<tr class=\"row-23\">\n\t<td class=\"column-1\">Approval Lists<\/td><td class=\"column-2\">CE<br \/>\n<\/td><td class=\"column-3\"><\/td>\n<\/tr>\n<\/tbody>\n<\/table>\n\n<h4>Wersje p\u0142yty CPU<\/h4>\n\n<table id=\"tablepress-96\" class=\"tablepress tablepress-id-96\">\n<thead>\n<tr class=\"row-1\">\n\t<td class=\"column-1\"><\/td><th class=\"column-2\"><strong>Dane og\u00f3lne<\/strong><\/th><td class=\"column-3\"><\/td>\n<\/tr>\n<\/thead>\n<tbody class=\"row-striping row-hover\">\n<tr class=\"row-2\">\n\t<td class=\"column-1\">Procesor<\/td><td class=\"column-2\">Wbudowany procesor Pentium M\u00ae o niskiej mocy, 1,8 GHz<br \/>\nPami\u0119\u0107 podr\u0119czna instrukcji L1 32kB, pami\u0119\u0107 podr\u0119czna danych L1 32kB, pami\u0119\u0107 podr\u0119czna L2 2 MB<\/td><td class=\"column-3\">Intel SpeedStep<br \/>\n64-bitowa magistrala danych<br \/>\nProcesor w d\u0142ugoterminowym programie dostaw firmy Intel<\/td>\n<\/tr>\n<tr class=\"row-3\">\n\t<td class=\"column-1\">Chip Set<\/td><td class=\"column-2\">Intel 855GME &amp; 6300ESB<\/td><td class=\"column-3\">400MHz Front Side Bus<br \/>\n<\/td>\n<\/tr>\n<tr class=\"row-4\">\n\t<td class=\"column-1\">BIOS<\/td><td class=\"column-2\">1 MB pami\u0119ci Flash EEPROM, \u0142atwa aktualizacja BIOS<br \/>\n<\/td><td class=\"column-3\">BIOS zaprojektowany przez MPL (oprogramowanie og\u00f3lne)<br \/>\n<\/td>\n<\/tr>\n<tr class=\"row-5\">\n\t<td class=\"column-1\">Pami\u0119\u0107<\/td><td class=\"column-2\">Do 1,5 GB pami\u0119ci z \/ bez ECC<br \/>\n512 MB ECC RAM na p\u0142ycie<\/td><td class=\"column-3\">200-pinowe gniazdo SO-DIMM dla jednego modu\u0142u DDR333<br \/>\n<\/td>\n<\/tr>\n<tr class=\"row-6\">\n\t<td class=\"column-1\">FLASH<\/td><td class=\"column-2\">Dwa 44-pinowe z\u0142\u0105cza dla modu\u0142\u00f3w Flash lub dysk\u00f3w<br \/>\n<\/td><td class=\"column-3\">Mo\u017ce by\u0107 u\u017cywany z dowolnym dost\u0119pnym Flashem<br \/>\n<\/td>\n<\/tr>\n<tr class=\"row-7\">\n\t<td class=\"column-1\">RTC<\/td><td class=\"column-2\">Wspierany przez wbudowany akumulator, wymienny w terenie<br \/>\n<\/td><td class=\"column-3\">Ustawienia CMOS mo\u017cna zapisa\u0107 w EEPROM<br \/>\n<\/td>\n<\/tr>\n<tr class=\"row-8\">\n\t<td class=\"column-1\">Zegar nadzoruj\u0105cy<\/td><td class=\"column-2\">2 etapy, niezale\u017cne warto\u015bci oblicze\u0144 dla ka\u017cdego etapu<br \/>\n<\/td><td class=\"column-3\">Konfigurowalna ziarnisto\u015b\u0107 od 1\u00b5 do 10 min<br \/>\n<\/td>\n<\/tr>\n<tr class=\"row-9\">\n\t<td class=\"column-1\">Wska\u017aniki<\/td><td class=\"column-2\">8 dwukolorowych diod LED, 6 aktywnych + 2 definiowane przez u\u017cytkownika<br \/>\n<\/td><td class=\"column-3\">Zasilanie, reset, dysk twardy, IEEE1394b, aktywno\u015b\u0107 \/ pr\u0119dko\u015b\u0107 sieci LAN<br \/>\n<\/td>\n<\/tr>\n<tr class=\"row-10\">\n\t<td class=\"column-1\">Czujniki temperatury<br \/>\n<\/td><td class=\"column-2\">Monitoruje temperatur\u0119 procesora, wbudowan\u0105 pami\u0119\u0107, zasilacz, a tak\u017ce temperatur\u0119 p\u0142yty<br \/>\n<\/td><td class=\"column-3\"><\/td>\n<\/tr>\n<tr class=\"row-11\">\n\t<td class=\"column-1\"><\/td><td class=\"column-2\"><strong>Interfejsy<\/strong><\/td><td class=\"column-3\"><\/td>\n<\/tr>\n<tr class=\"row-12\">\n\t<td class=\"column-1\">Grafika<\/td><td class=\"column-2\">Intel IGD (zintegrowane urz\u0105dzenie graficzne)<br \/>\nRdze\u0144 graficzny 250 MHz z silnikiem 2D i 3D<br \/>\nDost\u0119pna opcjonalna obs\u0142uga dw\u00f3ch paneli<\/td><td class=\"column-3\">Cyfrowe wideo na z\u0142\u0105czu DVI-I max. 1920x1200<br \/>\nWideo analogowe na z\u0142\u0105czu DVI-I maks. 2048x1536<br \/>\nPorty LVDS na g\u0142owicy 1,27, 1920x1200 (WUXGA)<\/td>\n<\/tr>\n<tr class=\"row-13\">\n\t<td class=\"column-1\">Ethernet:<br \/>\n1x Gbit  PIP11-1<br \/>\n3x Gbit  PIP11-1E<\/td><td class=\"column-2\">10BaseT \/ 100BaseTX \/ 1000BaseTX<br \/>\nGigabit Ethernet przez 66 MHz \/ 32-bitow\u0105 magistral\u0119 PCI<\/td><td class=\"column-3\">Z\u0142\u0105cze RJ45, chronione przed ESD<br \/>\nobs\u0142uguje automatyczn\u0105 IEEE802.3ab<\/td>\n<\/tr>\n<tr class=\"row-14\">\n\t<td class=\"column-1\">3 x USB 2.0<\/td><td class=\"column-2\">2 porty USB z zewn\u0119trznym 480, 12 lub 1,5 Mbit \/ s<br \/>\n1 x port USB z wewn\u0119trznym 480, 12 lub 1,5 Mbit \/ s<br \/>\nInterfejsy obs\u0142uguj\u0105 klawiatur\u0119 i mysz USB<\/td><td class=\"column-3\">2 x z\u0142\u0105cza typu A, chronione przed wy\u0142adowaniami elektrostatycznymi<br \/>\n1 x port USB 2.0 \/ 1.1 na wewn\u0119trznej g\u0142owicy rozruchu USB<\/td>\n<\/tr>\n<tr class=\"row-15\">\n\t<td class=\"column-1\">3 x Firewire<br \/>\nTylko PIP11-1<\/td><td class=\"column-2\">Porty IEEE-1394b, do 800 Mb \/ s<br \/>\nMo\u017cliwe \u017ar\u00f3d\u0142o zasilania dla zewn\u0119trznego urz\u0105dzenia<\/td><td class=\"column-3\">Z\u0142\u0105cze dwuj\u0119zyczne<br \/>\nChroniony przed ESD<\/td>\n<\/tr>\n<tr class=\"row-16\">\n\t<td class=\"column-1\">4 x porty szeregowe<br \/>\n<\/td><td class=\"column-2\">2 porty naprawiaj\u0105 RS232<br \/>\n2 porty opcjonalnie przez modu\u0142y RS232 lub RS422 \/ 485<\/td><td class=\"column-3\">2 x 9-stykowe z\u0142\u0105cze D-SUB, zabezpieczone przed wy\u0142adowaniami elektrostatycznymi<br \/>\nSzybko\u015b\u0107 przesy\u0142ania do 230,4 kBaud<\/td>\n<\/tr>\n<tr class=\"row-17\">\n\t<td class=\"column-1\">2 x porty E-IDE<\/td><td class=\"column-2\">Do 4 nap\u0119d\u00f3w w trybie PIO 4 i Bus Master IDE<br \/>\n<\/td><td class=\"column-3\">2 x standard 44-pin header<br \/>\n<\/td>\n<\/tr>\n<tr class=\"row-18\">\n\t<td class=\"column-1\">2 porty SATA<br \/>\n<\/td><td class=\"column-2\">Szybko\u015b\u0107 przesy\u0142ania danych do 150 Mb \/ s<br \/>\n<\/td><td class=\"column-3\">2 x standardowe z\u0142\u0105cza SATA<br \/>\n<\/td>\n<\/tr>\n<tr class=\"row-19\">\n\t<td class=\"column-1\">2 x PS\/2<\/td><td class=\"column-2\">Do klawiatury i myszy<br \/>\n<\/td><td class=\"column-3\">2 x 6-pinowe z\u0142\u0105cze mini DIN, chronione przed wy\u0142adowaniami elektrostatycznymi<br \/>\n<\/td>\n<\/tr>\n<tr class=\"row-20\">\n\t<td class=\"column-1\">Port r\u00f3wnoleg\u0142y<br \/>\n<\/td><td class=\"column-2\">SPP, EPP, ECP (IEEE1284)\t<\/td><td class=\"column-3\">25-stykowe z\u0142\u0105cze D-SUB, chronione przed wy\u0142adowaniami elektrostatycznymi<br \/>\n<\/td>\n<\/tr>\n<tr class=\"row-21\">\n\t<td class=\"column-1\">Floppy<\/td><td class=\"column-2\">Obs\u0142ugiwane przez LPT, USB lub rozszerzony Port FDD<br \/>\n<\/td><td class=\"column-3\">Opcjonalne po\u0142\u0105czenie z urz\u0105dzeniem zewn\u0119trznym<br \/>\n<\/td>\n<\/tr>\n<tr class=\"row-22\">\n\t<td class=\"column-1\">Port g\u0142o\u015bnika<br \/>\n<\/td><td class=\"column-2\">\u0141atwe pod\u0142\u0105czenie g\u0142o\u015bnika<br \/>\n<\/td><td class=\"column-3\">Dost\u0119pne na 10-pinowej g\u0142owicy<br \/>\n<\/td>\n<\/tr>\n<tr class=\"row-23\">\n\t<td class=\"column-1\">Przycisk zasilania \/ resetowania<br \/>\n<\/td><td class=\"column-2\">Na obudowie (chronione) i zdalne przyciski<br \/>\n<\/td><td class=\"column-3\">Funkcjonalno\u015b\u0107 ATX, chroniona przed ESD<br \/>\n<\/td>\n<\/tr>\n<tr class=\"row-24\">\n\t<td class=\"column-1\">PC\/104-Plus<\/td><td class=\"column-2\">Pami\u0119\u0107 8\/16 bit\u00f3w i interfejs I \/ O ISA (PC \/ 104)<br \/>\n32-bitowy interfejs PCI (PC \/ 104-Plus)<\/td><td class=\"column-3\">Do 4 kart g\u0142\u00f3wnych magistrali PC \/ 104-Plus<br \/>\n<\/td>\n<\/tr>\n<tr class=\"row-25\">\n\t<td class=\"column-1\"><\/td><td class=\"column-2\"><strong>Fizyczno\u015b\u0107 \/ Moc<\/strong><\/td><td class=\"column-3\"><\/td>\n<\/tr>\n<tr class=\"row-26\">\n\t<td class=\"column-1\">Moc<\/td><td class=\"column-2\">Zasilanie 8 - 28 VDC, opcjonalnie do 48 V DC<br \/>\n<\/td><td class=\"column-3\">Regulatory prze\u0142\u0105czania o wysokiej wydajno\u015bci<br \/>\n<\/td>\n<\/tr>\n<tr class=\"row-27\">\n\t<td class=\"column-1\">Pob\u00f3r energii<br \/>\n<\/td><td class=\"column-2\">Zazwyczaj 26 W<br \/>\n<\/td><td class=\"column-3\">12VDC, 1.8GHz, 512MB SDRAM, HDD<br \/>\n<\/td>\n<\/tr>\n<tr class=\"row-28\">\n\t<td class=\"column-1\">Zakres temperatury<br \/>\n<\/td><td class=\"column-2\">-20\u00b0C do +60\u00b0C, rozszerzenie do zakresu -40\u00b0C do +65\u00b0C<br \/>\n<\/td><td class=\"column-3\">Bez wentylatora, bez otwor\u00f3w, nie wymaga przepustnicy<br \/>\n<\/td>\n<\/tr>\n<tr class=\"row-29\">\n\t<td class=\"column-1\">Wilgotno\u015b\u0107<\/td><td class=\"column-2\">5% - 95% bez kondensacji<br \/>\n<\/td><td class=\"column-3\"><\/td>\n<\/tr>\n<tr class=\"row-30\">\n\t<td class=\"column-1\"><\/td><td class=\"column-2\"><strong>Standardowa zgodno\u015b\u0107<\/strong><\/td><td class=\"column-3\"><\/td>\n<\/tr>\n<tr class=\"row-31\">\n\t<td class=\"column-1\">EMC<\/td><td class=\"column-2\">EN 55022, EN 55024, EN 61000, MIL-STD-461E<br \/>\n<\/td><td class=\"column-3\"><\/td>\n<\/tr>\n<tr class=\"row-32\">\n\t<td class=\"column-1\">Wstrz\u0105sy i wibracje<\/td><td class=\"column-2\">EN 60068<br \/>\n<\/td><td class=\"column-3\"><\/td>\n<\/tr>\n<tr class=\"row-33\">\n\t<td class=\"column-1\">Bezpiecze\u0144stwo \u015brodowiska<\/td><td class=\"column-2\">EN 50155, MIL-STD-810-F, EN 60601, EN 60950<br \/>\n<\/td><td class=\"column-3\"><\/td>\n<\/tr>\n<tr class=\"row-34\">\n\t<td class=\"column-1\">Listy zatwierdze\u0144<\/td><td class=\"column-2\">CE, IEC 60945, IACS E10<br \/>\n<\/td><td class=\"column-3\"><\/td>\n<\/tr>\n<\/tbody>\n<\/table>\n\n<h4>Opcja rozszerzonej temperatury<\/h4>\n<ul>\n<li>XTEST-2 &#8211; rozszerzony test temperatury -40\u00b0C do +75\u00b0C (tylko PIP19)<\/li>\n<li>XTEST-3 &#8211; rozszerzony test temperatury -40\u00b0C do +65\u00b0C (tylko PIP22 \/ PIP19)<\/li>\n<\/ul>\n<p>Do wdro\u017cenia w trudnych warunkach systemy mo\u017cna zam\u00f3wi\u0107 w wersji o podwy\u017cszonej temperaturze. Ka\u017cdy system musi przej\u015b\u0107 r\u00f3\u017cne testy w komorze klimatycznej, aby udowodni\u0107, \u017ce b\u0119dzie dzia\u0142a\u0142 bezb\u0142\u0119dnie we wskazanym zakresie temperatur.<\/p>\n<p>Uwaga: Aby uzyska\u0107 system, kt\u00f3ry b\u0119dzie dzia\u0142a\u0142 w tych warunkach, wszystkie dodatkowe wybrane komponenty, takie jak dyski twarde lub karty rozszerze\u0144, musz\u0105 zosta\u0107 okre\u015blone lub przetestowane pod k\u0105tem zgodno\u015bci z rozszerzonym zakresem temperatur.<\/p>\n<\/div>\n<div id=\"z6maec\" class=\"tw-ta-container tw-nfl\">\n<pre id=\"tw-target-rmn\" class=\"tw-data-placeholder tw-text-small tw-ta\" dir=\"ltr\" data-placeholder=\"\"><\/pre>\n<\/div>\n","protected":false},"excerpt":{"rendered":"<h3>Rodzina PIP20<\/h3>\n<p>Rodzina PIP20 to pot\u0119\u017cne, wysoce zintegrowane, solidne i pozbawione wentylator\u00f3w komputery przemys\u0142owy w obudowie, oparte na technologii mobilnej Intel Core 2 Duo \/ Celeron, z wbudowan\u0105 map\u0105 drogow\u0105. Na p\u0142ycie wbudowane s\u0105 takie funkcje, jak 2x Gigabit Ethernet, 4 porty szeregowe i wbudowana pami\u0119\u0107 1 GB. Systemy stanowi\u0105 unikalne rozwi\u0105zanie dla dzisiejszych wymagaj\u0105cych wymaga\u0144 przemys\u0142owych i s\u0105 dost\u0119pne z praktycznie nieograniczon\u0105 liczb\u0105 opcji.<\/p>\n","protected":false},"featured_media":10837,"template":"","meta":{"_acf_changed":false,"inline_featured_image":false,"_monsterinsights_skip_tracking":false,"_monsterinsights_sitenote_active":false,"_monsterinsights_sitenote_note":"","_monsterinsights_sitenote_category":0},"product_brand":[],"product_cat":[505,405,1591,359],"product_tag":[],"class_list":{"0":"post-4051","1":"product","2":"type-product","3":"status-publish","4":"has-post-thumbnail","6":"product_cat-komputery-jednoplytkowe-sbc","7":"product_cat-komputery-przemyslowe-rugged","8":"product_cat-komputery-rugged","9":"product_cat-mpl","11":"first","12":"instock","13":"shipping-taxable","14":"product-type-simple"},"acf":[],"_links":{"self":[{"href":"https:\/\/quantum.com.pl\/pl\/wp-json\/wp\/v2\/product\/4051","targetHints":{"allow":["GET"]}}],"collection":[{"href":"https:\/\/quantum.com.pl\/pl\/wp-json\/wp\/v2\/product"}],"about":[{"href":"https:\/\/quantum.com.pl\/pl\/wp-json\/wp\/v2\/types\/product"}],"wp:featuredmedia":[{"embeddable":true,"href":"https:\/\/quantum.com.pl\/pl\/wp-json\/wp\/v2\/media\/10837"}],"wp:attachment":[{"href":"https:\/\/quantum.com.pl\/pl\/wp-json\/wp\/v2\/media?parent=4051"}],"wp:term":[{"taxonomy":"product_brand","embeddable":true,"href":"https:\/\/quantum.com.pl\/pl\/wp-json\/wp\/v2\/product_brand?post=4051"},{"taxonomy":"product_cat","embeddable":true,"href":"https:\/\/quantum.com.pl\/pl\/wp-json\/wp\/v2\/product_cat?post=4051"},{"taxonomy":"product_tag","embeddable":true,"href":"https:\/\/quantum.com.pl\/pl\/wp-json\/wp\/v2\/product_tag?post=4051"}],"curies":[{"name":"wp","href":"https:\/\/api.w.org\/{rel}","templated":true}]}}