{"id":4059,"date":"2019-09-03T15:53:30","date_gmt":"2019-09-03T13:53:30","guid":{"rendered":"https:\/\/quantum.com.pl\/?post_type=product&#038;p=4059"},"modified":"2020-12-01T13:47:02","modified_gmt":"2020-12-01T12:47:02","slug":"przemyslowy-komputer-typu-rugged-z-procesorem-pentium-m","status":"publish","type":"product","link":"https:\/\/quantum.com.pl\/pl\/product\/przemyslowy-komputer-typu-rugged-z-procesorem-pentium-m\/","title":{"rendered":"Przemys\u0142owy komputer typu ,,rugged&#8221; z procesorem Pentium M"},"content":{"rendered":"<div id=\"tw-target-text-container\" class=\"tw-ta-container tw-nfl\">\n<h5 id=\"tw-target-text\" class=\"tw-data-text tw-text-large tw-ta\" dir=\"ltr\" data-placeholder=\"T\u0142umaczenie\"><em><span lang=\"pl\" tabindex=\"0\">Niezalecane do nowych projekt\u00f3w, u\u017cyj rodziny PIP30<\/span><\/em><\/h5>\n<p>PIP15 to pot\u0119\u017cny, wysoce zintegrowany, solidny, drobnicowy, bezwentylatorowy komputer przemys\u0142owy oparty na wbudowanym systemie Intel na procesorze Chip Pentium-M\u00ae 1,2 GHz. Na p\u0142ycie wbudowane s\u0105 funkcje takie jak 3x Gigabit Ethernet, 2x USB 2.0, 4x porty szeregowe oraz obs\u0142uga do 4 GB pami\u0119ci DDR2 chronionej ECC.<\/p>\n<p>PIP15 stanowi unikalne rozwi\u0105zanie dla dzisiejszych potrzeb przemys\u0142owych, bez konieczno\u015bci wy\u015bwietlania grafiki. Jest dost\u0119pny pod wzgl\u0119dem r\u00f3\u017cnych opcji i funkcji. PIP15 jest zaprojektowany do pracy bez potrzeby wentylator\u00f3w i bez obni\u017cania warto\u015bci znamionowych przepustnicy. Dzi\u0119ki specjalnej in\u017cynierii powstaje unikalne rozwi\u0105zanie, kt\u00f3re jest kompaktowe, bezobs\u0142ugowe, ciche i niezawodne. Wszystkie rozwi\u0105zania MPL-PIP mo\u017cna montowa\u0107 zgodnie z w\u0142asnymi potrzebami.<\/p>\n<h4>Mo\u017cliwo\u015bci PIP15<\/h4>\n<p>Dost\u0119pne s\u0105 20-metrowy bypass spadku napi\u0119cia, redukuj\u0105cy pob\u00f3r mocy, obs\u0142uga pami\u0119ci ECC, a tak\u017ce opcjonalny pok\u0142adowy sterownik magistrali polowej Hilscher do r\u00f3\u017cnych interfejs\u00f3w. Ponadto urz\u0105dzenie oferuje 3x Gigabit Ethernet, 2x USB 2.0 i 4 porty szeregowe (RS232 \/ RS485), a tak\u017ce mo\u017cliwo\u015bci rozszerzenia PCI-104. Inne unikalne funkcje to:<\/p>\n<ul>\n<li>Obs\u0142uga pami\u0119ci ECC<\/li>\n<li>3x Gigabit Ethernet<\/li>\n<li>Praca bez wentylatora<\/li>\n<li>R\u00f3\u017cne rozwi\u0105zania obudowy<\/li>\n<li>Dost\u0119pno\u015b\u0107 d\u0142ugoterminowa<\/li>\n<\/ul>\n<p>Te cechy sprawiaj\u0105, \u017ce PIP15 jest idealnym rozwi\u0105zaniem dla ka\u017cdej aplikacji bezg\u0142owicowej, w kt\u00f3rej wymagany jest komputer o wysokiej wydajno\u015bci i niskim zu\u017cyciu energii. Dodatkowe zalety to wysoka jako\u015b\u0107 i wytrzyma\u0142o\u015b\u0107, ma\u0142y rozmiar i mo\u017cliwo\u015b\u0107 rozbudowania do komputera przemys\u0142owego. PIP15 ma zastosowanie w sterowaniu, pomiarach, transporcie i przemy\u015ble.<\/p>\n<h4>Dane techniczne PIP15<\/h4>\n\n<table id=\"tablepress-97\" class=\"tablepress tablepress-id-97\">\n<thead>\n<tr class=\"row-1\">\n\t<td class=\"column-1\"><\/td><th class=\"column-2\"><strong>Board Key Data<\/strong><br \/>\n<\/th><td class=\"column-3\"><\/td>\n<\/tr>\n<\/thead>\n<tbody class=\"row-striping row-hover\">\n<tr class=\"row-2\">\n\t<td class=\"column-1\">Processor<\/td><td class=\"column-2\">Low Power Embedded Pentium M\u00ae CPU, 1.8 GHz<br \/>\n32kB L1 Instruction Cache, 32kB L1 Data Cache, 2MB L2 Cache<\/td><td class=\"column-3\">Intel SpeedStep<br \/>\n64-Bit Data Bus<br \/>\nCPU in Intel's long-term supply program<\/td>\n<\/tr>\n<tr class=\"row-3\">\n\t<td class=\"column-1\">Chip Set<\/td><td class=\"column-2\">Intel 855GME &amp; 6300ESB<\/td><td class=\"column-3\">400MHz Front Side Bus<br \/>\n<\/td>\n<\/tr>\n<tr class=\"row-4\">\n\t<td class=\"column-1\">BIOS<\/td><td class=\"column-2\">1MB Flash EEPROM, easy BIOS update\t<\/td><td class=\"column-3\">MPL engineered BIOS (General Software)<br \/>\n<\/td>\n<\/tr>\n<tr class=\"row-5\">\n\t<td class=\"column-1\">Memory<\/td><td class=\"column-2\">Up to 1.5 GB memory with or without ECC<br \/>\n512 MB ECC RAM soldered on-board<\/td><td class=\"column-3\">200-pin SO-DIMM socket for one DDR333 module<br \/>\n<\/td>\n<\/tr>\n<tr class=\"row-6\">\n\t<td class=\"column-1\">FLASH<\/td><td class=\"column-2\">Two 44-pin headers for Flash modules or disks<\/td><td class=\"column-3\">Can be used with any available Flash<br \/>\n<\/td>\n<\/tr>\n<tr class=\"row-7\">\n\t<td class=\"column-1\">RTC<\/td><td class=\"column-2\">Backed with on-board battery, field exchangeable\t<\/td><td class=\"column-3\">CMOS setup can be saved in EEPROM<br \/>\n<\/td>\n<\/tr>\n<tr class=\"row-8\">\n\t<td class=\"column-1\">Watchdog Timer<\/td><td class=\"column-2\">2 stages, independent count values for each stage\t<\/td><td class=\"column-3\">Configurable granularity from 1\u00b5 to 10 min.<br \/>\n<\/td>\n<\/tr>\n<tr class=\"row-9\">\n\t<td class=\"column-1\">Indicators<\/td><td class=\"column-2\">8 two-color LEDs, 6 activity + 2 user definable\t<\/td><td class=\"column-3\">Power, Reset, HDD, IEEE1394b, LAN Activity\/Speed<br \/>\n<\/td>\n<\/tr>\n<tr class=\"row-10\">\n\t<td class=\"column-1\">Temperature Sensors<\/td><td class=\"column-2\">Monitors CPU temperature, on-board memory, power supply, as well as PCB board temperature<br \/>\n<\/td><td class=\"column-3\"><\/td>\n<\/tr>\n<tr class=\"row-11\">\n\t<td class=\"column-1\"><\/td><td class=\"column-2\"><strong>Interfaces<\/strong><br \/>\n<\/td><td class=\"column-3\"><\/td>\n<\/tr>\n<tr class=\"row-12\">\n\t<td class=\"column-1\">Graphics<\/td><td class=\"column-2\">Intel IGD (Integrated Graphics Device)<br \/>\n250MHZ graphics core with 2D and 3D engine<br \/>\nOptional dual panel support available<\/td><td class=\"column-3\">Digital-Video on DVI-I connector max. 1920x1200<br \/>\nAnalog-Video on DVI-I connector max. 2048x1536<br \/>\nLVDS ports on 1.27 header, 1920x1200 (WUXGA)<\/td>\n<\/tr>\n<tr class=\"row-13\">\n\t<td class=\"column-1\">Ethernet:<br \/>\n1x Gbit  PIP11-1<br \/>\n3x Gbit  PIP11-1E<\/td><td class=\"column-2\">10BaseT \/ 100BaseTX \/ 1000BaseTX<br \/>\nGigabit Ethernet over 66MHz \/ 32-bit PCI bus<\/td><td class=\"column-3\">RJ45 connector, ESD protected<br \/>\nsupports IEEE802.3ab auto negotiation<\/td>\n<\/tr>\n<tr class=\"row-14\">\n\t<td class=\"column-1\">3 x USB 2.0<\/td><td class=\"column-2\">2 x USB ports with 480, 12 or 1.5 Mbit\/s external<br \/>\n1 x USB port with 480, 12 or 1.5 Mbit\/s internal<br \/>\nInterfaces support USB keyboard and mouse<\/td><td class=\"column-3\">2 x Type A connectors, ESD protected<br \/>\n1 x USB 2.0\/1.1 port on PIP internal header<br \/>\nUSB boot capabilities<\/td>\n<\/tr>\n<tr class=\"row-15\">\n\t<td class=\"column-1\">3 x Firewire<br \/>\nPIP11-1 only<\/td><td class=\"column-2\">IEEE-1394b ports, up to 800Mbit\/s<br \/>\nPower source for ext. device possible<\/td><td class=\"column-3\">Bilingual connector<br \/>\nESD protected<\/td>\n<\/tr>\n<tr class=\"row-16\">\n\t<td class=\"column-1\">4 x Serial Ports<\/td><td class=\"column-2\">\t2 ports fix RS232<br \/>\n2 ports optionally via RS232 or RS422\/485 modules<\/td><td class=\"column-3\">\t2 x 9-pin D-SUB, ESD protected<br \/>\nTransfer rates up to 230.4 kBaud<\/td>\n<\/tr>\n<tr class=\"row-17\">\n\t<td class=\"column-1\">2 x E-IDE Ports<\/td><td class=\"column-2\">Up to 4 drives PIO mode 4 and Bus Master IDE<\/td><td class=\"column-3\">2 x standard 44-pin header<br \/>\n<\/td>\n<\/tr>\n<tr class=\"row-18\">\n\t<td class=\"column-1\">2 x SATA Ports<\/td><td class=\"column-2\">Data transfer rates up to 150Mbyte\/s<\/td><td class=\"column-3\">2 x standard SATA connectors<br \/>\n<\/td>\n<\/tr>\n<tr class=\"row-19\">\n\t<td class=\"column-1\">2 x PS\/2<\/td><td class=\"column-2\">For keyboard and mouse<\/td><td class=\"column-3\">2 x 6-pin mini DIN connector, ESD protected<br \/>\n<\/td>\n<\/tr>\n<tr class=\"row-20\">\n\t<td class=\"column-1\">Parallel Port<\/td><td class=\"column-2\">SPP, EPP, ECP (IEEE1284)\t<\/td><td class=\"column-3\">25-pin D-SUB connector, ESD protected<br \/>\n<\/td>\n<\/tr>\n<tr class=\"row-21\">\n\t<td class=\"column-1\">Floppy<\/td><td class=\"column-2\">Supported via LPT, USB or ext. FDD port\t<\/td><td class=\"column-3\">Optional connection for external device<br \/>\n<\/td>\n<\/tr>\n<tr class=\"row-22\">\n\t<td class=\"column-1\">Speaker Port<\/td><td class=\"column-2\">Easy connection of speaker<\/td><td class=\"column-3\">Available on internal 10-pin header<br \/>\n<\/td>\n<\/tr>\n<tr class=\"row-23\">\n\t<td class=\"column-1\">Power\/Reset Button<\/td><td class=\"column-2\">On chassis (protected) and remote buttons<\/td><td class=\"column-3\">ATX functionality, ESD protected<br \/>\n<\/td>\n<\/tr>\n<tr class=\"row-24\">\n\t<td class=\"column-1\">PC\/104-Plus<\/td><td class=\"column-2\">8\/16 bit memory and I\/O ISA-Interface (PC\/104)<br \/>\n32 bit PCI interface (PC\/104-Plus)<\/td><td class=\"column-3\">Up to 4 PC\/104-Plus bus master cards<\/td>\n<\/tr>\n<tr class=\"row-25\">\n\t<td class=\"column-1\"><\/td><td class=\"column-2\"><strong>Physical \/ Power<\/strong><br \/>\n<\/td><td class=\"column-3\"><\/td>\n<\/tr>\n<tr class=\"row-26\">\n\t<td class=\"column-1\">Power<\/td><td class=\"column-2\">8 - 28VDC supply power, optionally up to 48VDC\t<\/td><td class=\"column-3\">High efficiency switching regulators<br \/>\n<\/td>\n<\/tr>\n<tr class=\"row-27\">\n\t<td class=\"column-1\">Power Consumption<\/td><td class=\"column-2\">Typically 26W<\/td><td class=\"column-3\">12VDC, 1.8GHz, 512MB SDRAM, HDD<br \/>\n<\/td>\n<\/tr>\n<tr class=\"row-28\">\n\t<td class=\"column-1\">Temperature Range<\/td><td class=\"column-2\">-20\u00b0C up to +60\u00b0C, extended -40\u00b0C up to +65\u00b0C\t<\/td><td class=\"column-3\">No fan, no openings, no throttling required<br \/>\n<\/td>\n<\/tr>\n<tr class=\"row-29\">\n\t<td class=\"column-1\">Humidity<\/td><td class=\"column-2\">5% - 95% non condensing<\/td><td class=\"column-3\"><\/td>\n<\/tr>\n<tr class=\"row-30\">\n\t<td class=\"column-1\"><\/td><td class=\"column-2\"><strong>Standard Compliance<\/strong><br \/>\n<\/td><td class=\"column-3\"><\/td>\n<\/tr>\n<tr class=\"row-31\">\n\t<td class=\"column-1\">EMC<\/td><td class=\"column-2\">EN 55022, EN 55024, EN 61000, MIL-STD-461E<br \/>\n<\/td><td class=\"column-3\"><\/td>\n<\/tr>\n<tr class=\"row-32\">\n\t<td class=\"column-1\">Shock &amp; Vibration<\/td><td class=\"column-2\">EN 60068<br \/>\n<\/td><td class=\"column-3\"><\/td>\n<\/tr>\n<tr class=\"row-33\">\n\t<td class=\"column-1\">Environmental &amp; Safety<\/td><td class=\"column-2\">EN 50155, MIL-STD-810-F, EN 60601, EN 60950<br \/>\n<\/td><td class=\"column-3\"><\/td>\n<\/tr>\n<tr class=\"row-34\">\n\t<td class=\"column-1\">Approval Lists<\/td><td class=\"column-2\">CE, IEC 60945, IACS E10<br \/>\n<\/td><td class=\"column-3\"><\/td>\n<\/tr>\n<\/tbody>\n<\/table>\n\n<h4>Wersje p\u0142yty CPU<\/h4>\n<ul>\n<li><strong>PIP15-1<\/strong> &#8211; Wbudowany procesor Intel SoC Pentium M 1,2 GHz z pami\u0119ci\u0105 podr\u0119czn\u0105 L2 256 KB, gniazdo pami\u0119ci ECC DDR2 (maks. Modu\u0142 4 GB), 3x GigaBit Ethernet, 2x USB 2.0, 4x RS232, PCI-104<\/li>\n<li><strong>PIP15-Cx<\/strong> &#8211; Rozwi\u0105zanie PIP zmontowane zgodnie z potrzebami i wymaganiami klienta (np. z obudow\u0105 lub bez, bez niekt\u00f3rych cz\u0119\u015bci, instalacja okre\u015blonych z\u0142\u0105cz, instalacja wed\u0142ug przeznaczenia klienta itp.)<\/li>\n<\/ul>\n<p>&nbsp;<\/p>\n<\/div>\n<div id=\"z6maec\" class=\"tw-ta-container tw-nfl\">\n<pre id=\"tw-target-rmn\" class=\"tw-data-placeholder tw-text-small tw-ta\" dir=\"ltr\" data-placeholder=\"\"><\/pre>\n<\/div>\n","protected":false},"excerpt":{"rendered":"<h3><strong>PIP15<\/strong><\/h3>\n<p>PIP15 to pot\u0119\u017cny, wysoce zintegrowany, solidny, drobnicowy, bezwentylatorowy komputer przemys\u0142owy\u00a0 oparty na wbudowanym systemie Intel na procesorze Chip Pentium-M\u00ae 1,2 GHz. Na p\u0142ycie wbudowane s\u0105 funkcje takie jak 3x Gigabit Ethernet, 2x USB 2.0, 4x porty szeregowe oraz obs\u0142uga do 4 GB pami\u0119ci DDR2 chronionej ECC.<\/p>\n","protected":false},"featured_media":10821,"template":"","meta":{"_acf_changed":false,"inline_featured_image":false,"_monsterinsights_skip_tracking":false,"_monsterinsights_sitenote_active":false,"_monsterinsights_sitenote_note":"","_monsterinsights_sitenote_category":0},"product_brand":[],"product_cat":[505,405,1591,359],"product_tag":[],"class_list":{"0":"post-4059","1":"product","2":"type-product","3":"status-publish","4":"has-post-thumbnail","6":"product_cat-komputery-jednoplytkowe-sbc","7":"product_cat-komputery-przemyslowe-rugged","8":"product_cat-komputery-rugged","9":"product_cat-mpl","11":"first","12":"instock","13":"shipping-taxable","14":"product-type-simple"},"acf":[],"_links":{"self":[{"href":"https:\/\/quantum.com.pl\/pl\/wp-json\/wp\/v2\/product\/4059","targetHints":{"allow":["GET"]}}],"collection":[{"href":"https:\/\/quantum.com.pl\/pl\/wp-json\/wp\/v2\/product"}],"about":[{"href":"https:\/\/quantum.com.pl\/pl\/wp-json\/wp\/v2\/types\/product"}],"wp:featuredmedia":[{"embeddable":true,"href":"https:\/\/quantum.com.pl\/pl\/wp-json\/wp\/v2\/media\/10821"}],"wp:attachment":[{"href":"https:\/\/quantum.com.pl\/pl\/wp-json\/wp\/v2\/media?parent=4059"}],"wp:term":[{"taxonomy":"product_brand","embeddable":true,"href":"https:\/\/quantum.com.pl\/pl\/wp-json\/wp\/v2\/product_brand?post=4059"},{"taxonomy":"product_cat","embeddable":true,"href":"https:\/\/quantum.com.pl\/pl\/wp-json\/wp\/v2\/product_cat?post=4059"},{"taxonomy":"product_tag","embeddable":true,"href":"https:\/\/quantum.com.pl\/pl\/wp-json\/wp\/v2\/product_tag?post=4059"}],"curies":[{"name":"wp","href":"https:\/\/api.w.org\/{rel}","templated":true}]}}