{"id":4075,"date":"2019-09-04T18:40:00","date_gmt":"2019-09-04T16:40:00","guid":{"rendered":"https:\/\/quantum.com.pl\/?post_type=product&#038;p=4075"},"modified":"2020-12-01T13:43:20","modified_gmt":"2020-12-01T12:43:20","slug":"bezwentylatorowy-komputer-przemyslowy-z-procesorem-pentium-m","status":"publish","type":"product","link":"https:\/\/quantum.com.pl\/pl\/product\/bezwentylatorowy-komputer-przemyslowy-z-procesorem-pentium-m\/","title":{"rendered":"Bezwentylatorowy komputer przemys\u0142owy z procesorem Pentium M"},"content":{"rendered":"<p><em>Niezalecane do nowych projekt\u00f3w, u\u017cyj rodziny PIP30<\/em><\/p>\n<p>PIP10 to pot\u0119\u017cny, wysoce zintegrowany, solidny, drobnicowy komputer przemys\u0142owy bez wentylatora oparty na technologii Intel Embedded Mobile. Zawiera wbudowany energooszcz\u0119dny Pentium\u00ae M z 1,8 GHz i 2 MB pami\u0119ci podr\u0119cznej L2. Na p\u0142ycie zintegrowane s\u0105 liczne funkcje, takie jak SATA, Gigabit Ethernet i Firewire 1394b (tylko PIP10-1). PIP10 stanowi unikalne rozwi\u0105zanie dla dzisiejszego wymagaj\u0105cego rynku przemys\u0142owego i jest dost\u0119pny z r\u00f3\u017cnymi opcjami i obudowami. PIP10 zosta\u0142 zaprojektowany do pracy w ekstremalnych i normalnych warunkach, bez potrzeby stosowania wentylator\u00f3w i bez obni\u017cania warto\u015bci przepustnicy. Dzi\u0119ki specjalnej in\u017cynierii powstaje unikalne rozwi\u0105zanie, kt\u00f3re jest kompaktowe, bezobs\u0142ugowe, bezg\u0142o\u015bne i wytrzyma\u0142e. Wszystkie rozwi\u0105zania MPL-PIP mo\u017cna montowa\u0107 zgodnie z w\u0142asnymi potrzebami.<\/p>\n<h4>Cechy szczeg\u00f3lne PIP10<\/h4>\n<p>PIP10 charakteryzuje si\u0119 niskim zu\u017cyciem energii i du\u017c\u0105 elastyczno\u015bci\u0105 dzi\u0119ki r\u00f3\u017cnym rozszerzeniom. Ponadto urz\u0105dzenie ma pe\u0142ny zestaw interfejs\u00f3w komputerowych (Ethernet, USB 2.0, IEEE1394b, Graphics). Oferuje funkcje przemys\u0142owe, takie jak moc wej\u015bciowa 8\u201328 VDC, 4 porty szeregowe (RS232 \/ 485) i gniazdo PC \/ 104-Plus (z pe\u0142n\u0105 magistral\u0105 ISA). Mo\u017cna doda\u0107 opcjonalne rozszerzenia PCI lub PMC, CAN, d\u017awi\u0119k, GPS, a nawet UPS. Inne funkcje to:<\/p>\n<ul>\n<li>Wersje z maksymalnie 3 portami Gigabit lub 3 portami Firewire<\/li>\n<li><span lang=\"pl\" tabindex=\"0\">SDRAM<\/span><\/li>\n<li>Interfejsy SATA<\/li>\n<li>Praca bez wentylatora<\/li>\n<li>R\u00f3\u017cne rozwi\u0105zania \/ rozmiary obudowy<\/li>\n<li>Dost\u0119pno\u015b\u0107 d\u0142ugoterminowa<\/li>\n<\/ul>\n<p>Te cechy sprawiaj\u0105, \u017ce PIP10 jest idealnym rozwi\u0105zaniem dla ka\u017cdego zastosowania, w kt\u00f3rym wymagany jest komputer o wysokiej wydajno\u015bci i niskim zu\u017cyciu energii. Dodatkowo, klient zyskuje na wysokiej jako\u015bci, bardzo wytrzyma\u0142ym, niewielkim rozmiarze i rozszerzalnym rozwi\u0105zaniu do komputer\u00f3w przemys\u0142owych. PIP10 ma szerokie zastosowanie w wizji, medycynie, obronie, transporcie, telekomunikacji i przemy\u015ble.<\/p>\n<h4>Dane techniczne PIP10<\/h4>\n\n<table id=\"tablepress-100\" class=\"tablepress tablepress-id-100\">\n<thead>\n<tr class=\"row-1\">\n\t<td class=\"column-1\"><\/td><th class=\"column-2\"><strong>Board Key Data<\/strong><br \/>\n<\/th><td class=\"column-3\"><\/td>\n<\/tr>\n<\/thead>\n<tbody class=\"row-striping row-hover\">\n<tr class=\"row-2\">\n\t<td class=\"column-1\">Processor<\/td><td class=\"column-2\">Low Power Embedded Celeron M CPU, 1.0GHz<br \/>\n512KB Level 2 Cache<\/td><td class=\"column-3\">Intel SpeedStep<br \/>\n64-Bit Data Bus<br \/>\nCPU in Intel's long-term supply program<\/td>\n<\/tr>\n<tr class=\"row-3\">\n\t<td class=\"column-1\">Chip Set<\/td><td class=\"column-2\">Intel 855GME &amp; 6300ESB<\/td><td class=\"column-3\">400MHz Front Side Bus<br \/>\n<\/td>\n<\/tr>\n<tr class=\"row-4\">\n\t<td class=\"column-1\">BIOS<\/td><td class=\"column-2\">1MB Flash EEPROM, easy BIOS update\t<\/td><td class=\"column-3\">MPL engineered BIOS (General Software)<br \/>\n<\/td>\n<\/tr>\n<tr class=\"row-5\">\n\t<td class=\"column-1\">Memory<\/td><td class=\"column-2\">Up to 1.5 GB memory with or without ECC<br \/>\n512 MB ECC RAM soldered on-board<\/td><td class=\"column-3\">200-pin SO-DIMM socket for one DDR333 module<br \/>\n<\/td>\n<\/tr>\n<tr class=\"row-6\">\n\t<td class=\"column-1\">FLASH<\/td><td class=\"column-2\">Two 44-pin headers for Flash modules or disks<\/td><td class=\"column-3\">Can be used with any available Flash<br \/>\n<\/td>\n<\/tr>\n<tr class=\"row-7\">\n\t<td class=\"column-1\">RTC<\/td><td class=\"column-2\">Backed with on-board battery, field exchangeable\t<\/td><td class=\"column-3\">CMOS setup can be saved in EEPROM<br \/>\n<\/td>\n<\/tr>\n<tr class=\"row-8\">\n\t<td class=\"column-1\">Watchdog Timer<\/td><td class=\"column-2\">2 stages, independent count values for each stage\t<\/td><td class=\"column-3\">Configurable granularity from 1\u00b5 to 10 min.<br \/>\n<\/td>\n<\/tr>\n<tr class=\"row-9\">\n\t<td class=\"column-1\">Indicators<\/td><td class=\"column-2\">8 two-color LEDs, 6 activity + 2 user definable\t<\/td><td class=\"column-3\">Power, Reset, HDD, IEEE1394b, LAN Activity\/Speed<br \/>\n<\/td>\n<\/tr>\n<tr class=\"row-10\">\n\t<td class=\"column-1\">Temperature Sensors<\/td><td class=\"column-2\">Monitors CPU temperature, on-board memory, power supply, as well as PCB board temperature<br \/>\n<\/td><td class=\"column-3\"><\/td>\n<\/tr>\n<tr class=\"row-11\">\n\t<td class=\"column-1\"><\/td><td class=\"column-2\"><strong>Interfaces<\/strong><br \/>\n<\/td><td class=\"column-3\"><\/td>\n<\/tr>\n<tr class=\"row-12\">\n\t<td class=\"column-1\">Graphics<\/td><td class=\"column-2\">Intel IGD (Integrated Graphics Device)<br \/>\n250MHZ graphics core with 2D and 3D engine<br \/>\nOptional dual panel support available<\/td><td class=\"column-3\">Digital-Video on DVI-I connector max. 1920x1200<br \/>\nAnalog-Video on DVI-I connector max. 2048x1536<br \/>\nLVDS ports on 1.27 header, 1920x1200 (WUXGA)<\/td>\n<\/tr>\n<tr class=\"row-13\">\n\t<td class=\"column-1\">Ethernet:<br \/>\n1x Gbit  PIP9-11<br \/>\n3x Gbit  PIP9-1E<\/td><td class=\"column-2\">10BaseT \/ 100BaseTX \/ 1000BaseTX<br \/>\nGigabit Ethernet over 66MHz \/ 32-bit PCI bus<\/td><td class=\"column-3\">RJ45 connector, ESD protected<br \/>\nsupports IEEE802.3ab auto negotiation<\/td>\n<\/tr>\n<tr class=\"row-14\">\n\t<td class=\"column-1\">3 x USB 2.0<\/td><td class=\"column-2\">2 x USB ports with 480, 12 or 1.5 Mbit\/s external<br \/>\n1 x USB port with 480, 12 or 1.5 Mbit\/s internal<br \/>\nInterfaces support USB keyboard and mouse<\/td><td class=\"column-3\">2 x Type A connectors, ESD protected<br \/>\n1 x USB 2.0\/1.1 port on PIP internal header<br \/>\nUSB boot capabilities<\/td>\n<\/tr>\n<tr class=\"row-15\">\n\t<td class=\"column-1\">3 x Firewire<br \/>\nPIP9-11 only<\/td><td class=\"column-2\">IEEE-1394b ports, up to 800Mbit\/s<br \/>\nPower source for ext. device possible<\/td><td class=\"column-3\">Bilingual connector<br \/>\nESD protected<\/td>\n<\/tr>\n<tr class=\"row-16\">\n\t<td class=\"column-1\">4 x Serial Ports<\/td><td class=\"column-2\">\t2 ports fix RS232<br \/>\n2 ports optionally via RS232 or RS422\/485 modules<\/td><td class=\"column-3\">\t2 x 9-pin D-SUB, ESD protected<br \/>\nTransfer rates up to 230.4 kBaud<\/td>\n<\/tr>\n<tr class=\"row-17\">\n\t<td class=\"column-1\">2 x E-IDE Ports<\/td><td class=\"column-2\">Up to 4 drives PIO mode 4 and Bus Master IDE<\/td><td class=\"column-3\">2 x standard 44-pin header<br \/>\n<\/td>\n<\/tr>\n<tr class=\"row-18\">\n\t<td class=\"column-1\">2 x SATA Ports<\/td><td class=\"column-2\">Data transfer rates up to 150Mbyte\/s<\/td><td class=\"column-3\">2 x standard SATA connectors<br \/>\n<\/td>\n<\/tr>\n<tr class=\"row-19\">\n\t<td class=\"column-1\">2 x PS\/2<\/td><td class=\"column-2\">For keyboard and mouse<\/td><td class=\"column-3\">2 x 6-pin mini DIN connector, ESD protected<br \/>\n<\/td>\n<\/tr>\n<tr class=\"row-20\">\n\t<td class=\"column-1\">Parallel Port<\/td><td class=\"column-2\">SPP, EPP, ECP (IEEE1284)\t<\/td><td class=\"column-3\">25-pin D-SUB connector, ESD protected<br \/>\n<\/td>\n<\/tr>\n<tr class=\"row-21\">\n\t<td class=\"column-1\">Floppy<\/td><td class=\"column-2\">Supported via LPT, USB or ext. FDD port\t<\/td><td class=\"column-3\">Optional connection for external device<br \/>\n<\/td>\n<\/tr>\n<tr class=\"row-22\">\n\t<td class=\"column-1\">Speaker Port<\/td><td class=\"column-2\">Easy connection of speaker<\/td><td class=\"column-3\">Available on internal 10-pin header<br \/>\n<\/td>\n<\/tr>\n<tr class=\"row-23\">\n\t<td class=\"column-1\">Power\/Reset Button<\/td><td class=\"column-2\">On chassis (protected) and remote buttons<\/td><td class=\"column-3\">ATX functionality, ESD protected<br \/>\n<\/td>\n<\/tr>\n<tr class=\"row-24\">\n\t<td class=\"column-1\">PC\/104-Plus<\/td><td class=\"column-2\">8\/16 bit memory and I\/O ISA-Interface (PC\/104)<br \/>\n32 bit PCI interface (PC\/104-Plus)<\/td><td class=\"column-3\">Up to 4 PC\/104-Plus bus master cards<\/td>\n<\/tr>\n<tr class=\"row-25\">\n\t<td class=\"column-1\"><\/td><td class=\"column-2\"><strong>Physical \/ Power<\/strong><br \/>\n<\/td><td class=\"column-3\"><\/td>\n<\/tr>\n<tr class=\"row-26\">\n\t<td class=\"column-1\">Power<\/td><td class=\"column-2\">8 - 28VDC supply power, optionally up to 48VDC\t<\/td><td class=\"column-3\">High efficiency switching regulators<br \/>\n<\/td>\n<\/tr>\n<tr class=\"row-27\">\n\t<td class=\"column-1\">Power Consumption<\/td><td class=\"column-2\">typically 18 Watt, idle 11 Watt<\/td><td class=\"column-3\">12VDC, 1.0GHz, 512MB ECC RAM, HDD, LAN<br \/>\n<br \/>\n<\/td>\n<\/tr>\n<tr class=\"row-28\">\n\t<td class=\"column-1\">Temperature Range<\/td><td class=\"column-2\">-20\u00b0C up to +60\u00b0C, extended -40\u00b0C up to +65\u00b0C\t<\/td><td class=\"column-3\">No fan, no openings, no throttling required<br \/>\n<\/td>\n<\/tr>\n<tr class=\"row-29\">\n\t<td class=\"column-1\">Humidity<\/td><td class=\"column-2\">5% - 95% non condensing<\/td><td class=\"column-3\"><\/td>\n<\/tr>\n<tr class=\"row-30\">\n\t<td class=\"column-1\"><\/td><td class=\"column-2\"><strong>Standard Compliance<\/strong><br \/>\n<\/td><td class=\"column-3\"><\/td>\n<\/tr>\n<tr class=\"row-31\">\n\t<td class=\"column-1\">EMC<\/td><td class=\"column-2\">EN 55022, EN 55024, EN 61000, MIL-STD-461E<br \/>\n<\/td><td class=\"column-3\"><\/td>\n<\/tr>\n<tr class=\"row-32\">\n\t<td class=\"column-1\">Shock &amp; Vibration<\/td><td class=\"column-2\">EN 60068<br \/>\n<\/td><td class=\"column-3\"><\/td>\n<\/tr>\n<tr class=\"row-33\">\n\t<td class=\"column-1\">Environmental &amp; Safety<\/td><td class=\"column-2\">EN 50155, MIL-STD-810-F, EN 60601, EN 60950<br \/>\n<\/td><td class=\"column-3\"><\/td>\n<\/tr>\n<tr class=\"row-34\">\n\t<td class=\"column-1\">Approval Lists<\/td><td class=\"column-2\">CE, IEC 60945, IACS E10<br \/>\n<\/td><td class=\"column-3\"><\/td>\n<\/tr>\n<\/tbody>\n<\/table>\n\n<h4>Wersje p\u0142yty CPU<\/h4>\n<ul>\n<li><strong>PIP10-1 &#8211; <\/strong>Wbudowany procesor Pentium M 1,4 GHz o niskiej mocy z 2 MB pami\u0119ci podr\u0119cznej L2 Cache; 512 MB wbudowanej pami\u0119ci RAM ECC i gniazdem pami\u0119ci ECC DDR na dodatkow\u0105 pami\u0119\u0107 (maks. 1 GB), grafika 3D (DVI-I), 2x USB 2.0, 2x RS232, 1x GigaBit Ethernet , 3x FireWire, PC \/ 104<\/li>\n<li><strong>PIP10-2 &#8211; <\/strong>Wbudowany procesor Pentium M 1,4 GHz o niskiej mocy z 2 MB pami\u0119ci podr\u0119cznej L2, gniazdo pami\u0119ci ECC DDR RAM, grafika 3D (DVI-I), 2x USB 2.0, 2x RS232, 1x Gigabit Ethernet (bez rozszerzenia PC \/ 104 i Firewire).<br \/>\nUwaga: tego rozwi\u0105zania nie mo\u017cna rozszerzy\u0107 o karty SERIF lub PC \/ 104!<\/li>\n<li><strong>PIP10-1E &#8211; <\/strong>Wbudowany procesor Pentium M 1,8 GHz o niskiej mocy z 2 MB pami\u0119ci podr\u0119cznej L2 Cache, 512 MB wbudowanej pami\u0119ci RAM ECC i gniazdem pami\u0119ci ECC DDR na dodatkow\u0105 pami\u0119\u0107 (maks. 1 GB), grafika 3D (DVI-I), 2x USB 2.0, 2x RS232, 3x Gigabit Ethernet , PC \/ 104<\/li>\n<li><strong>PIP10-Cx &#8211; <\/strong>Rozwi\u0105zanie PIP11 zmontowane zgodnie z potrzebami i wymaganiami klienta (np. z obudow\u0105 lub bez, instalacja okre\u015blonych z\u0142\u0105czy, instalacja aplikacji klienta itp.)<\/li>\n<\/ul>\n<h4>Opcja rozszerzonej temperatury<\/h4>\n<p><strong>XTEST-2 &#8211; <\/strong>rozszerzony test temperatury -40\u00b0C do +75\u00b0C<\/p>\n<p>&nbsp;<\/p>\n<p>&nbsp;<\/p>\n","protected":false},"excerpt":{"rendered":"<h3>PIP10<\/h3>\n<p>PIP10 to pot\u0119\u017cny, wysoce zintegrowany, solidny, drobnicowy komputer przemys\u0142owy bez wentylatora oparty na technologii Intel Embedded Mobile. Zawiera wbudowany energooszcz\u0119dny Pentium\u00ae M z 1,8 GHz i 2 MB pami\u0119ci podr\u0119cznej L2. Na p\u0142ycie zintegrowane s\u0105 liczne funkcje, takie jak SATA, Gigabit Ethernet i Firewire 1394b (tylko PIP10-1). PIP10 stanowi unikalne rozwi\u0105zanie dla dzisiejszego wymagaj\u0105cego rynku przemys\u0142owego i jest dost\u0119pny z r\u00f3\u017cnymi opcjami i obudowami.<\/p>\n","protected":false},"featured_media":10827,"template":"","meta":{"_acf_changed":false,"inline_featured_image":false,"_monsterinsights_skip_tracking":false,"_monsterinsights_sitenote_active":false,"_monsterinsights_sitenote_note":"","_monsterinsights_sitenote_category":0},"product_brand":[],"product_cat":[505,405,1591,359],"product_tag":[],"class_list":{"0":"post-4075","1":"product","2":"type-product","3":"status-publish","4":"has-post-thumbnail","6":"product_cat-komputery-jednoplytkowe-sbc","7":"product_cat-komputery-przemyslowe-rugged","8":"product_cat-komputery-rugged","9":"product_cat-mpl","11":"first","12":"instock","13":"shipping-taxable","14":"product-type-simple"},"acf":[],"_links":{"self":[{"href":"https:\/\/quantum.com.pl\/pl\/wp-json\/wp\/v2\/product\/4075","targetHints":{"allow":["GET"]}}],"collection":[{"href":"https:\/\/quantum.com.pl\/pl\/wp-json\/wp\/v2\/product"}],"about":[{"href":"https:\/\/quantum.com.pl\/pl\/wp-json\/wp\/v2\/types\/product"}],"wp:featuredmedia":[{"embeddable":true,"href":"https:\/\/quantum.com.pl\/pl\/wp-json\/wp\/v2\/media\/10827"}],"wp:attachment":[{"href":"https:\/\/quantum.com.pl\/pl\/wp-json\/wp\/v2\/media?parent=4075"}],"wp:term":[{"taxonomy":"product_brand","embeddable":true,"href":"https:\/\/quantum.com.pl\/pl\/wp-json\/wp\/v2\/product_brand?post=4075"},{"taxonomy":"product_cat","embeddable":true,"href":"https:\/\/quantum.com.pl\/pl\/wp-json\/wp\/v2\/product_cat?post=4075"},{"taxonomy":"product_tag","embeddable":true,"href":"https:\/\/quantum.com.pl\/pl\/wp-json\/wp\/v2\/product_tag?post=4075"}],"curies":[{"name":"wp","href":"https:\/\/api.w.org\/{rel}","templated":true}]}}