{"id":4110,"date":"2019-09-05T12:50:51","date_gmt":"2019-09-05T10:50:51","guid":{"rendered":"https:\/\/quantum.com.pl\/?post_type=product&#038;p=4110"},"modified":"2020-12-14T22:33:43","modified_gmt":"2020-12-14T21:33:43","slug":"warianty-obudowy-pip-standardowa-obudowa","status":"publish","type":"product","link":"https:\/\/quantum.com.pl\/pl\/product\/warianty-obudowy-pip-standardowa-obudowa\/","title":{"rendered":"Opcje obud\u00f3w PIP | Standardowa obudowa"},"content":{"rendered":"<p>MPL oferuje wytrzyma\u0142e i elastyczne opcje obud\u00f3w dla swoich komputer\u00f3w wbudowanych, aby zapewni\u0107 klientom najlepsze mo\u017cliwe rozwi\u0105zania dla okre\u015blonych zastosowa\u0144. Wszystkie obudowy mo\u017cna dostosowa\u0107 do wymaga\u0144 klienta.<\/p>\n<p>Wszystkie obudowy s\u0105 chromowane, aby zapewni\u0107 najlepsz\u0105 ochron\u0119 EMI. Ka\u017cda obudowa jest zewn\u0119trznie malowana proszkowo, aby zapewni\u0107 bardziej przemys\u0142owe i trwa\u0142e wyko\u0144czenie.<\/p>\n<p>U\u017cyj standardowej, sprawdzonej przemys\u0142owo, wytrzyma\u0142ej obudowy MPL, z szyn\u0105 DIN lub z opcj\u0105 monta\u017cu ko\u0142nierzowego. Oferowane s\u0105 r\u00f3\u017cne wysoko\u015bci, aby stworzy\u0107 najbardziej kompaktowy system zgodnie z wymaganiami I \/ O. Wersje OEM s\u0105 \u0142atwo dost\u0119pne z logo klienta i r\u00f3\u017cnymi kolorami.<\/p>\n<h4>Standardowe obudowy PIP z monta\u017cem na szynie DIN<\/h4>\n<ul>\n<li><strong>PIP62-1 &#8211; <\/strong>62 mm obudowa pozwalaj\u0105ca na zainstalowanie 1 PC \/ 104 lub PC \/ 104-Plus opr\u00f3cz HDD \/ SSD lub Flash<strong><br \/>\n<\/strong><\/li>\n<li><strong>PIP83-1<\/strong> &#8211; Obudowa 82,5 mm pozwalaj\u0105ca na zainstalowanie do 2 PC \/ 104 lub PC \/ 104-Plus opr\u00f3cz HDD \/ SSD lub Flash<\/li>\n<li><strong>PIP120-1<\/strong> &#8211; Obudowa 120 mm pozwala na zainstalowanie do 4 PC \/ 104 i PC \/ 104-Plus opr\u00f3cz HDD \/ SSD lub Flash<\/li>\n<\/ul>\n<h4>Standardowe obudowy PIP z mocowaniem ko\u0142nierzowym<\/h4>\n<ul>\n<li><strong>PIP62-2<\/strong> &#8211; 62 mm obudowa pozwalaj\u0105ca na zainstalowanie 1 PC \/ 104 lub PC \/ 104-Plus opr\u00f3cz HDD \/ SSD lub Flash<\/li>\n<li><strong>PIP83-2<\/strong> &#8211; Obudowa 82,5 mm pozwalaj\u0105ca na zainstalowanie do 2 PC \/ 104 lub PC \/ 104-Plus opr\u00f3cz HDD \/ SSD lub Flash<\/li>\n<li><strong>PIP120-2<\/strong> &#8211; Obudowa 120 mm pozwala na zainstalowanie do 4 PC \/ 104 i PC \/ 104-Plus opr\u00f3cz HDD \/ SSD lub Flash<\/li>\n<\/ul>\n<h4>Dost\u0119pne kolory, kolory OEM PIP, folia OEM PIP<\/h4>\n<ul>\n<li><strong>KOLOR-5024<\/strong> &#8211; RAL5024 (MPL niebieski) 62 mm, 82,5 mm i 120 mm wysoko\u015bci<\/li>\n<li><strong>KOLOR-7016<\/strong> &#8211; RAL7016 (szary antracyt) o wysoko\u015bci 62 mm, 82,5 mm i 120 mm<\/li>\n<li><strong>KOLOR-3020<\/strong> &#8211; RAL3020 (czerwony drogowy) 62 mm, 82,5 mm i 120 mm wysoko\u015bci<\/li>\n<li><strong>KOLOR-xxxx<\/strong> &#8211; Kolor RAL wed\u0142ug \u017cyczenia klienta &#8211; dodatkowy koszt za ka\u017cdy PIP<\/li>\n<li><strong>OEMFOIL-Cx<\/strong> &#8211; Folia g\u00f3rna oraz grafika wed\u0142ug \u017cyczenia klienta<\/li>\n<\/ul>\n<p>&nbsp;<\/p>\n<p>&nbsp;<\/p>\n<p>&nbsp;<\/p>\n","protected":false},"excerpt":{"rendered":"<p>MPL oferuje wytrzyma\u0142e i elastyczne opcje obud\u00f3w dla swoich komputer\u00f3w wbudowanych, aby zapewni\u0107 klientom najlepsze mo\u017cliwe rozwi\u0105zania dla okre\u015blonych zastosowa\u0144. Wszystkie obudowy mo\u017cna dostosowa\u0107 do wymaga\u0144 klienta.<\/p>\n","protected":false},"featured_media":10829,"template":"","meta":{"_acf_changed":false,"inline_featured_image":false,"_monsterinsights_skip_tracking":false,"_monsterinsights_sitenote_active":false,"_monsterinsights_sitenote_note":"","_monsterinsights_sitenote_category":0},"product_brand":[],"product_cat":[405,1591,359],"product_tag":[],"class_list":{"0":"post-4110","1":"product","2":"type-product","3":"status-publish","4":"has-post-thumbnail","6":"product_cat-komputery-przemyslowe-rugged","7":"product_cat-komputery-rugged","8":"product_cat-mpl","10":"first","11":"instock","12":"shipping-taxable","13":"product-type-simple"},"acf":[],"_links":{"self":[{"href":"https:\/\/quantum.com.pl\/pl\/wp-json\/wp\/v2\/product\/4110","targetHints":{"allow":["GET"]}}],"collection":[{"href":"https:\/\/quantum.com.pl\/pl\/wp-json\/wp\/v2\/product"}],"about":[{"href":"https:\/\/quantum.com.pl\/pl\/wp-json\/wp\/v2\/types\/product"}],"wp:featuredmedia":[{"embeddable":true,"href":"https:\/\/quantum.com.pl\/pl\/wp-json\/wp\/v2\/media\/10829"}],"wp:attachment":[{"href":"https:\/\/quantum.com.pl\/pl\/wp-json\/wp\/v2\/media?parent=4110"}],"wp:term":[{"taxonomy":"product_brand","embeddable":true,"href":"https:\/\/quantum.com.pl\/pl\/wp-json\/wp\/v2\/product_brand?post=4110"},{"taxonomy":"product_cat","embeddable":true,"href":"https:\/\/quantum.com.pl\/pl\/wp-json\/wp\/v2\/product_cat?post=4110"},{"taxonomy":"product_tag","embeddable":true,"href":"https:\/\/quantum.com.pl\/pl\/wp-json\/wp\/v2\/product_tag?post=4110"}],"curies":[{"name":"wp","href":"https:\/\/api.w.org\/{rel}","templated":true}]}}