{"id":4128,"date":"2019-09-05T13:14:45","date_gmt":"2019-09-05T11:14:45","guid":{"rendered":"https:\/\/quantum.com.pl\/?post_type=product&#038;p=4128"},"modified":"2020-12-03T15:32:27","modified_gmt":"2020-12-03T14:32:27","slug":"obudowy-typu-mil-dla-komputerow-wbudowanych-pip","status":"publish","type":"product","link":"https:\/\/quantum.com.pl\/pl\/product\/obudowy-typu-mil-dla-komputerow-wbudowanych-pip\/","title":{"rendered":"Obudowy typu MIL dla komputer\u00f3w wbudowanych PIP"},"content":{"rendered":"<p><span style=\"font-weight: 400;\">MPL oferuje wytrzyma\u0142e i elastyczne opcje obud\u00f3w dla swoich komputer\u00f3w wbudowanych, aby zapewni\u0107 klientom najlepsze mo\u017cliwe rozwi\u0105zania dla okre\u015blonych zastosowa\u0144. Wszystkie obudowy mo\u017cna dostosowa\u0107 do wymaga\u0144 klienta.<\/span><\/p>\n<p><span style=\"font-weight: 400;\">Wszystkie obudowy s\u0105 chromowane, aby zapewni\u0107 najlepsz\u0105 ochron\u0119 EMI. Ka\u017cda obudowa jest zewn\u0119trznie malowana proszkowo, aby zapewni\u0107 bardziej przemys\u0142owe i trwa\u0142e wyko\u0144czenie.<\/span><\/p>\n<p><span style=\"font-weight: 400;\">U\u017cyj standardowej, sprawdzonej przemys\u0142owo, wytrzyma\u0142ej obudowy MPL, z szyn\u0105 DIN lub z opcj\u0105 monta\u017cu ko\u0142nierzowego. Oferowane s\u0105 r\u00f3\u017cne wysoko\u015bci, aby stworzy\u0107 najbardziej kompaktowy system zgodnie z wymaganiami I \/ O. Wersje OEM s\u0105 \u0142atwo dost\u0119pne z logo klienta i r\u00f3\u017cnymi kolorami.<\/span><\/p>\n<p>W najtrudniejszych warunkach skorzystaj z naszej w pe\u0142ni chronionej IP67 obudowy wojskowej lub zewn\u0119trznej. Wybierz potrzebny interfejs i z\u0142\u0105cza zewn\u0119trzne zgodnie z wymaganiami i standardami. Obudowy mo\u017cna dostosowa\u0107 do wymaga\u0144 klienta.<\/p>\n<h4>Obudowa MIL<\/h4>\n<ul>\n<li><strong>MIL75-1<\/strong> &#8211; Obudowa MIL o wysoko\u015bci 75 mm, umo\u017cliwiaj\u0105ca zainstalowanie 2x PC \/ 104 lub PC \/ 104-Plus opr\u00f3cz HDD lub Flash. Stopie\u0144 ochrony IP67 dooko\u0142a dzi\u0119ki konfigurowalnym z\u0142\u0105czom wed\u0142ug potrzeb klienta.<\/li>\n<li><strong>MILxx-y<\/strong> &#8211; xx mm obudowa MIL, pozwalaj\u0105ca na zainstalowanie wi\u0119kszej ilo\u015bci PC \/ 104 lub PC \/ 104-Plus opr\u00f3cz HDD lub Flash. Stopie\u0144 ochrony IP67 dooko\u0142a dzi\u0119ki konfigurowalnym z\u0142\u0105czom wed\u0142ug potrzeb klienta. Chcia\u0142by\u015b uzyska\u0107 inn\u0105 ni\u017c podane wysoko\u015bci? Skontaktuj si\u0119 z nami!<\/li>\n<\/ul>\n<p>&nbsp;<\/p>\n","protected":false},"excerpt":{"rendered":"<h3>Obudowy MIL<\/h3>\n<p><span style=\"font-weight: 400;\">MPL oferuje wytrzyma\u0142e i elastyczne opcje obud\u00f3w dla swoich komputer\u00f3w wbudowanych, aby zapewni\u0107 klientom najlepsze mo\u017cliwe rozwi\u0105zania dla okre\u015blonych zastosowa\u0144. Wszystkie obudowy mo\u017cna dostosowa\u0107 do wymaga\u0144 klienta.<\/span><\/p>\n","protected":false},"featured_media":10829,"template":"","meta":{"_acf_changed":false,"inline_featured_image":false,"_monsterinsights_skip_tracking":false,"_monsterinsights_sitenote_active":false,"_monsterinsights_sitenote_note":"","_monsterinsights_sitenote_category":0},"product_brand":[],"product_cat":[405,1591,359],"product_tag":[],"class_list":{"0":"post-4128","1":"product","2":"type-product","3":"status-publish","4":"has-post-thumbnail","6":"product_cat-komputery-przemyslowe-rugged","7":"product_cat-komputery-rugged","8":"product_cat-mpl","10":"first","11":"instock","12":"shipping-taxable","13":"product-type-simple"},"acf":[],"_links":{"self":[{"href":"https:\/\/quantum.com.pl\/pl\/wp-json\/wp\/v2\/product\/4128","targetHints":{"allow":["GET"]}}],"collection":[{"href":"https:\/\/quantum.com.pl\/pl\/wp-json\/wp\/v2\/product"}],"about":[{"href":"https:\/\/quantum.com.pl\/pl\/wp-json\/wp\/v2\/types\/product"}],"wp:featuredmedia":[{"embeddable":true,"href":"https:\/\/quantum.com.pl\/pl\/wp-json\/wp\/v2\/media\/10829"}],"wp:attachment":[{"href":"https:\/\/quantum.com.pl\/pl\/wp-json\/wp\/v2\/media?parent=4128"}],"wp:term":[{"taxonomy":"product_brand","embeddable":true,"href":"https:\/\/quantum.com.pl\/pl\/wp-json\/wp\/v2\/product_brand?post=4128"},{"taxonomy":"product_cat","embeddable":true,"href":"https:\/\/quantum.com.pl\/pl\/wp-json\/wp\/v2\/product_cat?post=4128"},{"taxonomy":"product_tag","embeddable":true,"href":"https:\/\/quantum.com.pl\/pl\/wp-json\/wp\/v2\/product_tag?post=4128"}],"curies":[{"name":"wp","href":"https:\/\/api.w.org\/{rel}","templated":true}]}}