{"id":4143,"date":"2019-09-05T13:28:06","date_gmt":"2019-09-05T11:28:06","guid":{"rendered":"https:\/\/quantum.com.pl\/?post_type=product&#038;p=4143"},"modified":"2020-12-03T15:35:19","modified_gmt":"2020-12-03T14:35:19","slug":"wariant-typu-open-frame-komputera-wbudowanego","status":"publish","type":"product","link":"https:\/\/quantum.com.pl\/pl\/product\/wariant-typu-open-frame-komputera-wbudowanego\/","title":{"rendered":"Wariant typu Open Frame komputera wbudowanego"},"content":{"rendered":"<p><span style=\"font-weight: 400;\">MPL oferuje wytrzyma\u0142e i elastyczne opcje obud\u00f3w dla swoich komputer\u00f3w wbudowanych, aby zapewni\u0107 klientom najlepsze mo\u017cliwe rozwi\u0105zania dla okre\u015blonych zastosowa\u0144. Wszystkie obudowy mo\u017cna dostosowa\u0107 do wymaga\u0144 klienta.<\/span><\/p>\n<p><span style=\"font-weight: 400;\">Wszystkie obudowy s\u0105 chromowane, aby zapewni\u0107 najlepsz\u0105 ochron\u0119 EMI. Ka\u017cda obudowa jest zewn\u0119trznie malowana proszkowo, aby zapewni\u0107 bardziej przemys\u0142owe i trwa\u0142e wyko\u0144czenie.<\/span><\/p>\n<p><span style=\"font-weight: 400;\">U\u017cyj standardowej, sprawdzonej przemys\u0142owo, wytrzyma\u0142ej obudowy MPL, z szyn\u0105 DIN lub z opcj\u0105 monta\u017cu ko\u0142nierzowego. Oferowane s\u0105 r\u00f3\u017cne wysoko\u015bci, aby stworzy\u0107 najbardziej kompaktowy system zgodnie z wymaganiami I \/ O. Wersje OEM s\u0105 \u0142atwo dost\u0119pne z logo klienta i r\u00f3\u017cnymi kolorami.<\/span><\/p>\n<p>Zaprojektuj w\u0142asn\u0105 obudow\u0119 \/ podwozie i zintegruj nasz\u0105 niezawodn\u0105 wbudowan\u0105 p\u0142yt\u0119 komputerow\u0105 MPL, kt\u00f3ra jest dostarczana na aluminiowej p\u0142ycie ch\u0142odz\u0105cej, kt\u00f3ra oferuje najlepsz\u0105 koncepcj\u0119 ch\u0142odzenia przewodz\u0105cego.<\/p>\n<h4>Open Frame \/ p\u0142yta ch\u0142odz\u0105ca OEM<\/h4>\n<ul>\n<li><strong>PIP00-Cx<\/strong> &#8211; P\u0142ytka CPU PIP zamontowana na koncepcji ch\u0142odzenia, gotowa do zainstalowania w obudowie. Uwaga: koszty projektowania i test\u00f3w b\u0119d\u0105 naliczane osobno na podstawie czasu i zu\u017cytych materia\u0142\u00f3w.<\/li>\n<\/ul>\n<p>&nbsp;<\/p>\n<p>&nbsp;<\/p>\n","protected":false},"excerpt":{"rendered":"<h3>OPEN FRAME<\/h3>\n<p><span style=\"font-weight: 400;\">MPL oferuje wytrzyma\u0142e i elastyczne opcje obud\u00f3w dla swoich komputer\u00f3w wbudowanych, aby zapewni\u0107 klientom najlepsze mo\u017cliwe rozwi\u0105zania dla okre\u015blonych zastosowa\u0144. Wszystkie obudowy mo\u017cna dostosowa\u0107 do wymaga\u0144 klienta.<\/span><\/p>\n","protected":false},"featured_media":10829,"template":"","meta":{"_acf_changed":false,"inline_featured_image":false,"_monsterinsights_skip_tracking":false,"_monsterinsights_sitenote_active":false,"_monsterinsights_sitenote_note":"","_monsterinsights_sitenote_category":0},"product_brand":[],"product_cat":[405,1591,359],"product_tag":[],"class_list":{"0":"post-4143","1":"product","2":"type-product","3":"status-publish","4":"has-post-thumbnail","6":"product_cat-komputery-przemyslowe-rugged","7":"product_cat-komputery-rugged","8":"product_cat-mpl","10":"first","11":"instock","12":"shipping-taxable","13":"product-type-simple"},"acf":[],"_links":{"self":[{"href":"https:\/\/quantum.com.pl\/pl\/wp-json\/wp\/v2\/product\/4143","targetHints":{"allow":["GET"]}}],"collection":[{"href":"https:\/\/quantum.com.pl\/pl\/wp-json\/wp\/v2\/product"}],"about":[{"href":"https:\/\/quantum.com.pl\/pl\/wp-json\/wp\/v2\/types\/product"}],"wp:featuredmedia":[{"embeddable":true,"href":"https:\/\/quantum.com.pl\/pl\/wp-json\/wp\/v2\/media\/10829"}],"wp:attachment":[{"href":"https:\/\/quantum.com.pl\/pl\/wp-json\/wp\/v2\/media?parent=4143"}],"wp:term":[{"taxonomy":"product_brand","embeddable":true,"href":"https:\/\/quantum.com.pl\/pl\/wp-json\/wp\/v2\/product_brand?post=4143"},{"taxonomy":"product_cat","embeddable":true,"href":"https:\/\/quantum.com.pl\/pl\/wp-json\/wp\/v2\/product_cat?post=4143"},{"taxonomy":"product_tag","embeddable":true,"href":"https:\/\/quantum.com.pl\/pl\/wp-json\/wp\/v2\/product_tag?post=4143"}],"curies":[{"name":"wp","href":"https:\/\/api.w.org\/{rel}","templated":true}]}}