{"id":4162,"date":"2019-09-06T12:45:44","date_gmt":"2019-09-06T10:45:44","guid":{"rendered":"https:\/\/quantum.com.pl\/?post_type=product&#038;p=4162"},"modified":"2020-12-22T11:09:57","modified_gmt":"2020-12-22T10:09:57","slug":"rodzina-komputerow-cec10-rugged-cpu-atom-e3800","status":"publish","type":"product","link":"https:\/\/quantum.com.pl\/pl\/product\/rodzina-komputerow-cec10-rugged-cpu-atom-e3800\/","title":{"rendered":"Komputery Rugged CEC11 CEC12 CEC14 (CPU Atom E3800)"},"content":{"rendered":"<h4>Rodzina CEC10<\/h4>\n<p>Rodzina produkt\u00f3w CEC10 to wysokowydajne, energooszcz\u0119dne i wysoce zintegrowane wbudowane komputery ,,rugged&#8221;. Produkty s\u0105 dost\u0119pne w r\u00f3\u017cnych obudowach &#8211; kompaktowej aluminiowej obudowie z mocowaniem na szynie DIN lub ko\u0142nierzu, wytrzyma\u0142ej obudowie MIL IP67 lub rozwi\u0105zaniu Open Frame z p\u0142yt\u0105 ch\u0142odz\u0105c\u0105. Unikalne rozwi\u0105zania obudowy pozwalaj\u0105 na obs\u0142ug\u0119 produkt\u00f3w CEC10 w umiarkowanych, ale i w trudnych warunkach, bez potrzeby stosowania wentylatora lub otwor\u00f3w wentylacyjnych, od -40\u00b0C do +85\u00b0C. Konstrukcja zawiera standardowe z\u0142\u0105cza lub blokowane g\u0142owice w celu \u0142atwego pod\u0142\u0105czenia, w zale\u017cno\u015bci od wyboru obudowy.<\/p>\n<h4>Najwa\u017cniejsze cechy rodziny CEC10<\/h4>\n<p>Obudowy z rodziny CEC10 oferuj\u0105 wystarczaj\u0105c\u0105 ilo\u015b\u0107 miejsca na 2,5-calowy dysk twardy \/ SSD lub inne wymagania dotycz\u0105ce rozszerzenia. Dzi\u0119ki zintegrowanemu gniazdu PCI-Express Mini Card nowe CEC10 mo\u017cna \u0142atwo rozszerzy\u0107 o dowolny modu\u0142 mPCIe. Produkt jest wyposa\u017cony w unikalny interfejs, kt\u00f3ry oferuje 2x PCIe, 2x HSIC, 2x UART, SATA, SDIO, LPC i I2C. Umo\u017cliwia to maksymalne dostosowanie dowolnych kart I\/O i pozwala rozszerzy\u0107 system o dodatkowe interfejsy &#8211; na przyk\u0142ad &#8211; GPIO, dodatkowe porty szeregowe, porty Gigabit Fibre, CAN, dodatkowe gniazda miniPCIe, a nawet port PCI \/ 104-Express. Podj\u0119to szczeg\u00f3lne \u015brodki ostro\u017cno\u015bci, aby EMC ca\u0142ego systemu mie\u015bci\u0142a si\u0119 w granicach CE i FCC oraz normy takie jak EN50155, IEC 60945 lub MIL-STD-810 mog\u0105 by\u0107 spe\u0142nione.<\/p>\n<h4>Cechy kluczowe CEC10<\/h4>\n<ul>\n<li>Pami\u0119\u0107 RAM DDR3 ECC do 8 GB<\/li>\n<li>Porty Ethernet 5 Gbit na RJ45, M12 lub \u015bwiat\u0142owodzie<\/li>\n<li>Praca bez wentylatora<\/li>\n<li>Dost\u0119pno\u015b\u0107 d\u0142ugoterminowa*<\/li>\n<li>Konfigurowalna p\u0142yta IO<\/li>\n<\/ul>\n<div id=\"tw-target-text-container\" class=\"tw-ta-container tw-nfl\">\n<p id=\"tw-target-text\" class=\"tw-data-text tw-text-large tw-ta\" dir=\"ltr\" data-placeholder=\"T\u0142umaczenie\"><em><span lang=\"pl\" tabindex=\"0\">* Zwykle 10 lat lub wi\u0119cej, mo\u017cliwo\u015b\u0107 naprawy &#8211; ponad 20 lat<\/span><\/em><\/p>\n<\/div>\n<div id=\"z6maec\" class=\"tw-ta-container tw-nfl\">\n<p id=\"tw-target-rmn\" class=\"tw-data-placeholder tw-text-small tw-ta\" dir=\"ltr\">Rodzina CEC10 zosta\u0142a zaprojektowana do pracy w trudnych warunkach i ekstremalnych temperaturach. Specjalna, wytrzyma\u0142a konstrukcja w po\u0142\u0105czeniu z najlepszymi komponentami przemys\u0142owymi oferuje wysok\u0105 niezawodno\u015b\u0107 i d\u0142ugoterminow\u0105 wydajno\u015b\u0107.<\/p>\n<\/div>\n<p dir=\"ltr\">CEC10 jest dostosowana do r\u00f3\u017cnego rodzaju rynk\u00f3w i jest idealnym wbudowanym rozwi\u0105zaniem komputerowym do \u015brodowisk przemys\u0142owych, aplikacji kolejowych, aplikacji MIL \/ COTS lub zawsze, gdy potrzebny jest wytrzyma\u0142y komputer o d\u0142ugim okresie czasu.<\/p>\n<h4 dir=\"ltr\">Dane techniczne<\/h4>\n\n<table id=\"tablepress-108\" class=\"tablepress tablepress-id-108 tbody-has-connected-cells\">\n<tbody class=\"row-striping row-hover\">\n<tr class=\"row-1\">\n\t<td colspan=\"4\" class=\"column-1\"><strong style=\"display: block; text-align: center;\">Board Key Data<\/strong><\/td>\n<\/tr>\n<tr class=\"row-2\">\n\t<td class=\"column-1\"><\/td><td class=\"column-2\"><strong>CEC11<\/strong><\/td><td class=\"column-3\"><strong>CEC12<\/strong><\/td><td class=\"column-4\"><strong>CEC14<\/strong><\/td>\n<\/tr>\n<tr class=\"row-3\">\n\t<td class=\"column-1\">Processor<\/td><td class=\"column-2\">Intel Atom E3815<\/td><td class=\"column-3\">Intel Atom E3825<\/td><td class=\"column-4\">Intel Atom E3845<br \/>\n<\/td>\n<\/tr>\n<tr class=\"row-4\">\n\t<td class=\"column-1\"># of cores \/ threads<\/td><td class=\"column-2\">1 \/ 1<\/td><td class=\"column-3\">2 \/ 2<\/td><td class=\"column-4\">4 \/ 4<\/td>\n<\/tr>\n<tr class=\"row-5\">\n\t<td class=\"column-1\">Clock speed<\/td><td class=\"column-2\">1.46 GHz<\/td><td class=\"column-3\">1.33 GHz<\/td><td class=\"column-4\">1.91 GHz<br \/>\n<\/td>\n<\/tr>\n<tr class=\"row-6\">\n\t<td class=\"column-1\">L2 Cache<\/td><td class=\"column-2\">512 KB<\/td><td class=\"column-3\">1 MB<\/td><td class=\"column-4\">2 MB<br \/>\n<\/td>\n<\/tr>\n<tr class=\"row-7\">\n\t<td class=\"column-1\">Passmark (all cores)<\/td><td class=\"column-2\">356<\/td><td class=\"column-3\">560<\/td><td class=\"column-4\">1340<br \/>\n<\/td>\n<\/tr>\n<tr class=\"row-8\">\n\t<td class=\"column-1\">Chipset<\/td><td colspan=\"3\" class=\"column-2\">System-on-Chip (SoC), 64-bit, Intel AES-NI, Intel VTx<br \/>\n<\/td>\n<\/tr>\n<tr class=\"row-9\">\n\t<td class=\"column-1\">Memory<\/td><td colspan=\"3\" class=\"column-2\">Up to 8GB DDR3L ECC memory on one 204-pin socket<br \/>\n<\/td>\n<\/tr>\n<tr class=\"row-10\">\n\t<td class=\"column-1\">BIOS<\/td><td colspan=\"3\" class=\"column-2\">On-board soldered 8MB Flash, MPL engineered BIOS (SecureCore by Phoenix), customizable<br \/>\n<\/td>\n<\/tr>\n<tr class=\"row-11\">\n\t<td class=\"column-1\">Watchdog Timer<\/td><td colspan=\"3\" class=\"column-2\">Configurable granularity 1-255 sec. or 1-255 min.<br \/>\n<\/td>\n<\/tr>\n<tr class=\"row-12\">\n\t<td class=\"column-1\">Indicator LEDs<\/td><td colspan=\"3\" class=\"column-2\">Power, 4 x LAN, 1 user programmable LEDs<br \/>\n<\/td>\n<\/tr>\n<tr class=\"row-13\">\n\t<td class=\"column-1\">TPM<\/td><td colspan=\"3\" class=\"column-2\">Optional: Trusted Platform Support<br \/>\n<\/td>\n<\/tr>\n<tr class=\"row-14\">\n\t<td colspan=\"4\" class=\"column-1\"><strong style=\"display: block; text-align: center;\">Mass Storage<\/strong><\/td>\n<\/tr>\n<tr class=\"row-15\">\n\t<td class=\"column-1\">on-board Flash<\/td><td colspan=\"3\" class=\"column-2\">32GB eMMC on-board soldered Flash (optional up to 64GB)<br \/>\n<\/td>\n<\/tr>\n<tr class=\"row-16\">\n\t<td class=\"column-1\">mSATA<\/td><td colspan=\"3\" class=\"column-2\">1x mSATA full size card socket, shared with mPCIe<br \/>\n<\/td>\n<\/tr>\n<tr class=\"row-17\">\n\t<td class=\"column-1\">SATA<\/td><td colspan=\"3\" class=\"column-2\">1x SATA 2.0 ports, all ESD protected (optional)<br \/>\n<\/td>\n<\/tr>\n<tr class=\"row-18\">\n\t<td colspan=\"4\" class=\"column-1\"><strong style=\"display: block; text-align: center;\">Interfaces<\/strong><\/td>\n<\/tr>\n<tr class=\"row-19\">\n\t<td class=\"column-1\">Graphics Interfaces<\/td><td colspan=\"3\" class=\"column-2\">Display Port (DP) up to 2560x1600 (DP), ESD protected (DVI over adapter)<br \/>\nDual display capable, VGA, DP, or 24-bit LVDS interface (optional)<\/td>\n<\/tr>\n<tr class=\"row-20\">\n\t<td class=\"column-1\">USB<\/td><td colspan=\"3\" class=\"column-2\">1x USB 3.0 ports, 2x USB 2.0 ports<br \/>\n<\/td>\n<\/tr>\n<tr class=\"row-21\">\n\t<td class=\"column-1\">LAN<\/td><td colspan=\"3\" class=\"column-2\">5x GbE ports (Intel i210) on RJ45 , ESD protected connectors, 2x WoL (Wake on LAN)<br \/>\n3x GbE ports (Intel i210) on M12 or fiber (optional)<\/td>\n<\/tr>\n<tr class=\"row-22\">\n\t<td class=\"column-1\">Serial Ports<\/td><td colspan=\"3\" class=\"column-2\">1x full modem RS232 port, ESD protected external DB9 connector<br \/>\n1x RS232\/485 optional<\/td>\n<\/tr>\n<tr class=\"row-23\">\n\t<td class=\"column-1\">HDAudio<\/td><td colspan=\"3\" class=\"column-2\">Intel HDAudio signals, available on a 1 mm header, sound card (HDSOUND-1) is available<br \/>\n<\/td>\n<\/tr>\n<tr class=\"row-24\">\n\t<td colspan=\"4\" class=\"column-1\"><strong style=\"display: block; text-align: center;\">Expansions<\/strong><\/td>\n<\/tr>\n<tr class=\"row-25\">\n\t<td class=\"column-1\">mPCIe<\/td><td colspan=\"3\" class=\"column-2\">1x mPCIe full size card socket, shared with mSATA<br \/>\n<\/td>\n<\/tr>\n<tr class=\"row-26\">\n\t<td class=\"column-1\">MPL Bus<\/td><td colspan=\"3\" class=\"column-2\">2x PCIe x1 \/ SDIO \/ SPI \/ 2x UART \/ LPC \/ SATA \/ 2x HSIC ideal for customized expansions<br \/>\n<\/td>\n<\/tr>\n<tr class=\"row-27\">\n\t<td colspan=\"4\" class=\"column-1\"><strong style=\"display: block; text-align: center;\">Power<\/strong><\/td>\n<\/tr>\n<tr class=\"row-28\">\n\t<td class=\"column-1\">Input Voltage<\/td><td colspan=\"3\" class=\"column-2\">8 - 36 VDC input range, ESD and EMC protected power input<br \/>\nOver voltage protection, reverse polarity protection, and load dump protection<br \/>\nReset \/ Power button<br \/>\nIgnition input specifically for vehicles (available on a 4-pin Mini-DIN connector)<\/td>\n<\/tr>\n<tr class=\"row-29\">\n\t<td class=\"column-1\">Power consumption<\/td><td colspan=\"3\" class=\"column-2\">8 \u0096 18 Watt, Enhanced Intel Speed Step Technology, all LANs operational<br \/>\n<\/td>\n<\/tr>\n<tr class=\"row-30\">\n\t<td colspan=\"4\" class=\"column-1\"><strong style=\"display: block; text-align: center;\">Environment<\/strong><\/td>\n<\/tr>\n<tr class=\"row-31\">\n\t<td class=\"column-1\">Storage Temperature<\/td><td colspan=\"3\" class=\"column-2\">-45\u00b0C up to +85\u00b0C (-49\u00b0F to +185\u00b0F)<br \/>\n<\/td>\n<\/tr>\n<tr class=\"row-32\">\n\t<td class=\"column-1\">Operating Temperature<br \/>\n<\/td><td colspan=\"3\" class=\"column-2\">-20\u00b0C to +60\u00b0C (-4\u00b0F to +140\u00b0F), with full CPU, 3D video and memory usage, fanless<br \/>\n<\/td>\n<\/tr>\n<tr class=\"row-33\">\n\t<td class=\"column-1\">Ext. Temp. (optional)<\/td><td colspan=\"3\" class=\"column-2\">-40\u00b0C to +85\u00b0C, fanless , final test in climate chamber with test protocol (optional)<br \/>\n<\/td>\n<\/tr>\n<tr class=\"row-34\">\n\t<td class=\"column-1\">Relative Humidity<\/td><td colspan=\"3\" class=\"column-2\">5% to 95% non condensing, optional coating available<br \/>\n<\/td>\n<\/tr>\n<tr class=\"row-35\">\n\t<td colspan=\"4\" class=\"column-1\"><strong style=\"display: block; text-align: center;\">Standard Compliance<\/strong><\/td>\n<\/tr>\n<tr class=\"row-36\">\n\t<td class=\"column-1\">EMC<\/td><td colspan=\"3\" class=\"column-2\">EN 55022, EN 55024, EN 61000, MIL-STD-461E<br \/>\n<\/td>\n<\/tr>\n<tr class=\"row-37\">\n\t<td class=\"column-1\">Shock &amp; Vibration<\/td><td colspan=\"3\" class=\"column-2\">EN 60068<br \/>\n<\/td>\n<\/tr>\n<tr class=\"row-38\">\n\t<td class=\"column-1\">Environmental &amp; Safety<\/td><td colspan=\"3\" class=\"column-2\">EN 50155, MIL-STD-810G, EN 60601, EN 60950<br \/>\n<\/td>\n<\/tr>\n<tr class=\"row-39\">\n\t<td class=\"column-1\">Approval List<\/td><td colspan=\"3\" class=\"column-2\">CE, IEC 60945, IACS E10<br \/>\n<\/td>\n<\/tr>\n<\/tbody>\n<\/table>\n<!-- #tablepress-108 from cache -->\n<h4>Wymiary<\/h4>\n\n<table id=\"tablepress-109\" class=\"tablepress tablepress-id-109 tbody-has-connected-cells\">\n<tbody class=\"row-striping row-hover\">\n<tr class=\"row-1\">\n\t<td class=\"column-1\"><strong>Chassis version<\/strong><\/td><td class=\"column-2\"><strong>footprint<\/strong><\/td><td class=\"column-3\"><strong>height<\/strong><\/td><td class=\"column-4\"><strong>weight<\/strong><\/td><td class=\"column-5\"><\/td>\n<\/tr>\n<tr class=\"row-2\">\n\t<td class=\"column-1\">DIN-Rail<\/td><td class=\"column-2\">62 x 120mm<\/td><td class=\"column-3\">162.1mm<\/td><td class=\"column-4\">1.2 kg (2.7 lb.)<\/td><td class=\"column-5\">custom color or foil available<br \/>\n<\/td>\n<\/tr>\n<tr class=\"row-3\">\n\t<td class=\"column-1\">Flange<\/td><td class=\"column-2\">62 x 123mm<\/td><td class=\"column-3\">198.05mm<\/td><td class=\"column-4\">1.25 kg (2.8 lb.)<\/td><td class=\"column-5\">custom color or foil available<br \/>\n<\/td>\n<\/tr>\n<tr class=\"row-4\">\n\t<td class=\"column-1\">Open Frame<\/td><td class=\"column-2\">min. 102 x 153mm<\/td><td class=\"column-3\">min. 23mm<\/td><td class=\"column-4\">0.6 kg (1.32 lb.)<\/td><td class=\"column-5\">custom cooling plate available<br \/>\n<br \/>\n<\/td>\n<\/tr>\n<tr class=\"row-5\">\n\t<td class=\"column-1\">IP67 MIL<\/td><td class=\"column-2\">min. 175 x 182mm<\/td><td class=\"column-3\">min. 66mm<\/td><td class=\"column-4\">2.1 kg (4.66 lb.)<\/td><td class=\"column-5\">custom housings and connectors available<br \/>\n<br \/>\n<\/td>\n<\/tr>\n<tr class=\"row-6\">\n\t<td colspan=\"5\" class=\"column-1\"><span style=\"font-weight: normal;\">The aluminum housings are internally chromated, externally powder coated or anodized, no ventilation holes.<br \/>\nThe cooling plate for the open frame versions is chromated. Depopulated versions with headers can also be offered.<\/span><\/td>\n<\/tr>\n<\/tbody>\n<\/table>\n<!-- #tablepress-109 from cache -->\n<h4>Opcje CEC10<\/h4>\n<ul>\n<li>Dyski SATA 2,5&#8243; (SSD lub HD)<\/li>\n<li>Konwerter medi\u00f3w TX2FX (mied\u017a &#8211; \u015bwiat\u0142ow\u00f3d)<\/li>\n<li>5-portowy prze\u0142\u0105cznik zarz\u0105dzalny MAGBES (miedziany i \u015bwiat\u0142owodowy)<\/li>\n<li>Minicard PCI-Express (WLAN, GPRS, &#8230;)<\/li>\n<li>Rozszerzony test temperaturowy XTEST -40\u00b0C do +85\u00b0C<\/li>\n<li>Wersje powlekane<\/li>\n<li>Interfejs RS232 do pod\u0142\u0105czenia konsoli<\/li>\n<\/ul>\n<p>&nbsp;<\/p>\n<p>&nbsp;<\/p>\n","protected":false},"excerpt":{"rendered":"<p>Rodzina produkt\u00f3w CEC10 to wysokowydajne, energooszcz\u0119dne i wysoce zintegrowane wbudowane komputery ,,rugged&#8221;. Produkty s\u0105 dost\u0119pne w r\u00f3\u017cnych obudowach &#8211; kompaktowej aluminiowej obudowie z mocowaniem na szynie DIN lub ko\u0142nierzu, wytrzyma\u0142ej obudowie MIL IP67 lub rozwi\u0105zaniu Open Frame z p\u0142yt\u0105 ch\u0142odz\u0105c\u0105.<\/p>\n","protected":false},"featured_media":10809,"template":"","meta":{"_acf_changed":false,"inline_featured_image":false,"_monsterinsights_skip_tracking":false,"_monsterinsights_sitenote_active":false,"_monsterinsights_sitenote_note":"","_monsterinsights_sitenote_category":0},"product_brand":[],"product_cat":[431,1585,359],"product_tag":[],"class_list":{"0":"post-4162","1":"product","2":"type-product","3":"status-publish","4":"has-post-thumbnail","6":"product_cat-komputery-kompaktowe-mpl","7":"product_cat-komputery-kompatkowe-boxpc","8":"product_cat-mpl","10":"first","11":"instock","12":"shipping-taxable","13":"product-type-simple"},"acf":[],"_links":{"self":[{"href":"https:\/\/quantum.com.pl\/pl\/wp-json\/wp\/v2\/product\/4162","targetHints":{"allow":["GET"]}}],"collection":[{"href":"https:\/\/quantum.com.pl\/pl\/wp-json\/wp\/v2\/product"}],"about":[{"href":"https:\/\/quantum.com.pl\/pl\/wp-json\/wp\/v2\/types\/product"}],"wp:featuredmedia":[{"embeddable":true,"href":"https:\/\/quantum.com.pl\/pl\/wp-json\/wp\/v2\/media\/10809"}],"wp:attachment":[{"href":"https:\/\/quantum.com.pl\/pl\/wp-json\/wp\/v2\/media?parent=4162"}],"wp:term":[{"taxonomy":"product_brand","embeddable":true,"href":"https:\/\/quantum.com.pl\/pl\/wp-json\/wp\/v2\/product_brand?post=4162"},{"taxonomy":"product_cat","embeddable":true,"href":"https:\/\/quantum.com.pl\/pl\/wp-json\/wp\/v2\/product_cat?post=4162"},{"taxonomy":"product_tag","embeddable":true,"href":"https:\/\/quantum.com.pl\/pl\/wp-json\/wp\/v2\/product_tag?post=4162"}],"curies":[{"name":"wp","href":"https:\/\/api.w.org\/{rel}","templated":true}]}}