{"id":4208,"date":"2019-09-09T16:24:04","date_gmt":"2019-09-09T14:24:04","guid":{"rendered":"https:\/\/quantum.com.pl\/?post_type=product&#038;p=4208"},"modified":"2020-12-02T13:28:10","modified_gmt":"2020-12-02T12:28:10","slug":"cec5x-cpu-atom-510pt-temperatura-pracy-40c-85c","status":"publish","type":"product","link":"https:\/\/quantum.com.pl\/pl\/product\/cec5x-cpu-atom-510pt-temperatura-pracy-40c-85c\/","title":{"rendered":"CEC5X &#8211; CPU Atom 510PT, temperatura pracy -40\u00b0C +85\u00b0C"},"content":{"rendered":"<p><em><span lang=\"pl\" tabindex=\"0\">niezalecane do nowych projekt\u00f3w &#8211; u\u017cyj Rodziny CEC10<\/span><\/em><\/p>\n<p>Celem tego projektu by\u0142 wbudowany komputer for Extreme, kt\u00f3ry jest wyj\u0105tkowo kompaktowy, solidny i ca\u0142kowicie pozbawiony wentylatora. Dzi\u0119ki procesorowi Z520PT i chipsetowi US15WPT, MPL zbudowa\u0142 kompaktowy, ch\u0142odzony pasywnie system, kt\u00f3ry dzia\u0142a p\u0142ynnie w zakresie od -40\u00b0C do +85\u00b0C, bez obni\u017cania warto\u015bci przepustnicy oraz bez otwor\u00f3w wentylatora czy obudowy. CEC10 posiada zintegrowane funkcje, t. j. do 4 port\u00f3w Ethernet Gbit, 7 port\u00f3w USB i 2 porty szeregowe. Mo\u017cna stosowa\u0107 modu\u0142y pami\u0119ci DDR2 o rozszerzonej temperaturze do 2 GB. Unikalna konstrukcja umo\u017cliwia stosowanie systemu w dowolnej aplikacji, niezale\u017cnie od tego, jak wytrzyma\u0142e mo\u017ce by\u0107 \u015brodowisko.<\/p>\n<p><em>Komputery MPL s\u0105 dost\u0119pne wed\u0142ug konfiguracji, koloru, logo czy etykiety zgodnej z preferencjami klienta. Skontaktuj si\u0119 z nami, aby dopasowa\u0107 produkt do swoich wymaga\u0144.<\/em><\/p>\n<h4 dir=\"ltr\" data-placeholder=\"T\u0142umaczenie\">Cechy szczeg\u00f3lne CEC5-X<\/h4>\n<p>Obok wyj\u0105tkowo niskiego zu\u017cycia energii, niezwykle istotna jest kompaktowo\u015b\u0107 systemu. CEC6-X posiada pe\u0142ny zestaw standardowych funkcji komputera, a tak\u017ce funkcje przemys\u0142owe, takie jak moc wej\u015bciowa 8\u201336 VDC (w tym zrzut obci\u0105\u017cenia i zabezpieczenie przed odwrotn\u0105 polaryzacj\u0105) oraz 2 porty szeregowe (RS232 \/ 485). Wszystkie diody LED stanu i przyciski umiejscowione s\u0105 z przodu. Aby u\u0142atwi\u0107 instalacj\u0119, oferowane s\u0105 r\u00f3wnie\u017c wersje z uchwytem na szyn\u0119 DIN lub mocowaniem ko\u0142nierzowym. Inne unikalne funkcje to:<\/p>\n<ul>\n<li>Ultrakompaktowy system ,,rugged&#8221; bez wewn\u0119trznego okablowania<\/li>\n<li>Zastosowanie Z520PT i US15WPT<\/li>\n<li>Do 2 GB pami\u0119ci DDR2<\/li>\n<li>Temperatura operacyjna wed\u0142ug projektu od -40\u00b0C do +85\u00b0C (-40\u00b0F do +185\u00b0F)<\/li>\n<li>SATA IF dla DOM i dysku 2,5&#8243;<\/li>\n<li>D\u0142ugoterminowa dost\u0119pno\u015b\u0107 (powy\u017cej 7 lat)<\/li>\n<\/ul>\n<h4>Dane techniczne CEC5-X<\/h4>\n\n<table id=\"tablepress-120\" class=\"tablepress tablepress-id-120 tbody-has-connected-cells\">\n<thead>\n<tr class=\"row-1\">\n\t<th colspan=\"3\" class=\"column-1\"><strong style=\"display: block; text-align: center;\">Board Key Data<\/strong><\/th>\n<\/tr>\n<\/thead>\n<tbody class=\"row-striping row-hover\">\n<tr class=\"row-2\">\n\t<td class=\"column-1\">Processor<\/td><td class=\"column-2\">Intel Atom Processor Z530P, 1.1 GHz<br \/>\n64-Bit Data Bus, pipelined floating point unit<\/td><td class=\"column-3\">CPU from the embedded Intel Roadmap<br \/>\nIntel Speed Step<\/td>\n<\/tr>\n<tr class=\"row-3\">\n\t<td class=\"column-1\">Chip Set<\/td><td class=\"column-2\">PoulsboXL US15WPT<\/td><td class=\"column-3\">533MHz Frontside Bus<br \/>\n<\/td>\n<\/tr>\n<tr class=\"row-4\">\n\t<td class=\"column-1\">BIOS<\/td><td class=\"column-2\">1MB Flash EEPROM, easy BIOS update\t<\/td><td class=\"column-3\">MPL engineered BIOS (Phoenix), customizable<br \/>\n<\/td>\n<\/tr>\n<tr class=\"row-5\">\n\t<td class=\"column-1\">Memory<\/td><td class=\"column-2\">Up to 2GB via memory module<\/td><td class=\"column-3\">200-pin SO-DIMM socket, DDR2-533<br \/>\n<\/td>\n<\/tr>\n<tr class=\"row-6\">\n\t<td class=\"column-1\">Indicators<\/td><td class=\"column-2\">2 status and up to 9 activity LEDs<\/td><td class=\"column-3\">Power, Reset, HDD, 4x LAN<br \/>\n<\/td>\n<\/tr>\n<tr class=\"row-7\">\n\t<td colspan=\"3\" class=\"column-1\"><strong style=\"display: block; text-align: center;\">Interfaces<\/strong><\/td>\n<\/tr>\n<tr class=\"row-8\">\n\t<td class=\"column-1\">Graphics<\/td><td class=\"column-2\">INTEL GMA 500 (Integrated Graphics Device)<br \/>\n200MHz graphic core with 2D and 3D engine<\/td><td class=\"column-3\">Digital-Video on DVI-D connector<br \/>\nSupports up to 1920x1200 (WUXGA) resolution<\/td>\n<\/tr>\n<tr class=\"row-9\">\n\t<td class=\"column-1\">Up to 4 x Ethernet<\/td><td class=\"column-2\">10BaseT \/100BaseTX \/ 1000BaseTX<\/td><td class=\"column-3\">RJ45 connector, ESD protected, auto negotiation<br \/>\nWake On LAN (WOL) support on LAN1<\/td>\n<\/tr>\n<tr class=\"row-10\">\n\t<td class=\"column-1\">Up to 7 x USB 2.0<\/td><td class=\"column-2\">5 ports (USB2.0\/1.1) and 2 ports USB2.0 only<\/td><td class=\"column-3\">Type A connectors, ESD protected, bootable<br \/>\n<\/td>\n<\/tr>\n<tr class=\"row-11\">\n\t<td class=\"column-1\">Up to 2 x Serial Ports<\/td><td class=\"column-2\">Optionally to RS232 or RS422\/485 via modules<\/td><td class=\"column-3\">9-pin DSUB, ESD protected, max. 230.4 kBaud<br \/>\n<\/td>\n<\/tr>\n<tr class=\"row-12\">\n\t<td class=\"column-1\">2 x SATA Ports<\/td><td class=\"column-2\">Data transfer rates up to 300Mbyte\/s<\/td><td class=\"column-3\">Micro SATA receptacle connectors<br \/>\n<\/td>\n<\/tr>\n<tr class=\"row-13\">\n\t<td class=\"column-1\">2 x PS\/2<\/td><td class=\"column-2\">For Keyboard and Mouse<\/td><td class=\"column-3\">On one 6-pin mini DIN connector, ESD protected<br \/>\n<\/td>\n<\/tr>\n<tr class=\"row-14\">\n\t<td class=\"column-1\">Power\/Reset Button<\/td><td class=\"column-2\">On chassis (protected) and remote button<\/td><td class=\"column-3\">ATX functionality, ESD protected<br \/>\n<\/td>\n<\/tr>\n<tr class=\"row-15\">\n\t<td class=\"column-1\">PCI-Express Minicard<\/td><td class=\"column-2\">For WLAN, GPRS, UMTS or similar expansions\t<\/td><td class=\"column-3\">With 1x PCIe lane and 1x USB 2.0<br \/>\n<\/td>\n<\/tr>\n<tr class=\"row-16\">\n\t<td colspan=\"3\" class=\"column-1\"><strong style=\"display: block; text-align: center;\">Physical \/ Power<\/strong><\/td>\n<\/tr>\n<tr class=\"row-17\">\n\t<td class=\"column-1\">Chassis<\/td><td class=\"column-2\">Rugged chromated Aluminum<br \/>\nwith stainless steel plates<\/td><td class=\"column-3\">DIN-rail or flange mounting<br \/>\nno ventilation holes<\/td>\n<\/tr>\n<tr class=\"row-18\">\n\t<td class=\"column-1\">Size &amp; Weight<br \/>\n<\/td><td class=\"column-2\">62.0 x 162.1 x 118mm (W x H x D)<br \/>\n2.44 x 6.38 x 4.65 inch<\/td><td class=\"column-3\">1.0 kg (without HDD)<br \/>\n2.2 lb<\/td>\n<\/tr>\n<tr class=\"row-19\">\n\t<td class=\"column-1\">Colors<\/td><td class=\"column-2\">Standard RAL7016 anthracite gray<\/td><td class=\"column-3\">Optional customer specific color \/ top foil<br \/>\n<\/td>\n<\/tr>\n<tr class=\"row-20\">\n\t<td class=\"column-1\">Power<\/td><td class=\"column-2\">8 - 36VDC input power<\/td><td class=\"column-3\">Power consumption typically 12W<br \/>\nreverse polarity and load dump protection<br \/>\n<\/td>\n<\/tr>\n<tr class=\"row-21\">\n\t<td class=\"column-1\">Temperature Range<\/td><td class=\"column-2\">-20\u00b0C up to +60\u00b0C, optional -40\u00b0C up to +85\u00b0C\t<\/td><td class=\"column-3\">No fan, no openings, values at full CPU load<br \/>\n<\/td>\n<\/tr>\n<tr class=\"row-22\">\n\t<td class=\"column-1\">Humidity<\/td><td class=\"column-2\">5% - 95% non-condensing<\/td><td class=\"column-3\">Optional coating available<br \/>\n<\/td>\n<\/tr>\n<tr class=\"row-23\">\n\t<td colspan=\"3\" class=\"column-1\"><strong style=\"display: block; text-align: center;\">Standard Compliance<\/strong><\/td>\n<\/tr>\n<tr class=\"row-24\">\n\t<td class=\"column-1\">EMC<\/td><td colspan=\"2\" class=\"column-2\"><span style=\"display: block; text-align: center;\">EN 55022, EN 55024, EN 61000, MIL-STD-461E<\/span><\/td>\n<\/tr>\n<tr class=\"row-25\">\n\t<td class=\"column-1\">Shock &amp; Vibration<\/td><td colspan=\"2\" class=\"column-2\"><span style=\"display: block; text-align: center;\">EN 60068<\/span><\/td>\n<\/tr>\n<tr class=\"row-26\">\n\t<td class=\"column-1\">Environmental &amp; Safety<\/td><td colspan=\"2\" class=\"column-2\"><span style=\"display: block; text-align: center;\">EN 50155, MIL-STD-810-F, EN 60601, EN 60950<\/span><\/td>\n<\/tr>\n<tr class=\"row-27\">\n\t<td class=\"column-1\">Approval Lists<\/td><td colspan=\"2\" class=\"column-2\"><span style=\"display: block; text-align: center;\">CE<\/span><\/td>\n<\/tr>\n<tr class=\"row-28\">\n\t<td colspan=\"3\" class=\"column-1\"><strong style=\"display: block; text-align: center;\">Operating systems<\/strong><\/td>\n<\/tr>\n<tr class=\"row-29\">\n\t<td colspan=\"3\" class=\"column-1\"><span style=\"display: block; text-align: center;\">CEC7 systems are 100% PC\/AT compatible, therefore any PC operating system (Windows, LINUX,..) can be used.<\/span><\/td>\n<\/tr>\n<\/tbody>\n<\/table>\n<!-- #tablepress-120 from cache -->\n<h4>Funkcje opcjonalne<\/h4>\n\n<table id=\"tablepress-121\" class=\"tablepress tablepress-id-121\">\n<thead>\n<tr class=\"row-1\">\n\t<th colspan=\"3\" class=\"column-1\"><strong style=\"display: block; text-align: center;\">Add-on Modules<\/strong><\/th>\n<\/tr>\n<\/thead>\n<tbody class=\"row-striping row-hover\">\n<tr class=\"row-2\">\n\t<td class=\"column-1\">RS232 or RS422\/485<\/td><td class=\"column-2\">External available on DB-9, ESD protected\t<\/td><td class=\"column-3\">up to 2 modules possible<br \/>\n<\/td>\n<\/tr>\n<tr class=\"row-3\">\n\t<td class=\"column-1\">Serial GPS Module<\/td><td class=\"column-2\">Supports TSIP, TAIP &amp; NMEA\t<\/td><td class=\"column-3\">Mounted on one of the optional serial ports<br \/>\n<\/td>\n<\/tr>\n<\/tbody>\n<\/table>\n<!-- #tablepress-121 from cache -->\n<h4>Wersje CEC5-X<\/h4>\n<ul>\n<li><strong>CEC5-10X &#8211; <\/strong>Kompaktowy komputer wbudowany od -40\u00b0C do +85\u00b0C z chipsetem Intel Atom Z510PT i PoulsboXL US15WPT, Grafika, 2x Gigabit Ethernet, 3x USB 2.0, 2x PS \/ 2, 1x port SERIF (wszystkie interfejsy na dole)<\/li>\n<li><strong>CEC5-11X<\/strong> &#8211; Kompaktowy komputer wbudowany od -40 \u00b0 C do + 85 \u00b0 C z chipsetem Intel Atom Z510PT i PoulsboXL US15WPT, Grafika, 4x Gigabit Ethernet, 7x USB 2.0, 2 x PS \/ 2, 2x porty SERIF (interfejsy na g\u00f3rze i na dole)<\/li>\n<li><strong>CEC5-Cx<\/strong> &#8211; Kompaktowy komputer wbudowany z Intel Atom Z520PT i mikrouk\u0142adem PoulsboXL US15WPT,<br \/>\nwersja dostosowana do potrzeb klienta<\/li>\n<\/ul>\n","protected":false},"excerpt":{"rendered":"<h3><strong>CEC5-X<\/strong><\/h3>\n<p>Celem tego projektu by\u0142 wbudowany komputer for Extreme, kt\u00f3ry jest wyj\u0105tkowo kompaktowy, solidny i ca\u0142kowicie pozbawiony wentylatora. Dzi\u0119ki procesorowi Z520PT i chipsetowi US15WPT, MPL zbudowa\u0142 kompaktowy, ch\u0142odzony pasywnie system, kt\u00f3ry dzia\u0142a p\u0142ynnie w zakresie od -40\u00b0C do +85\u00b0C, bez obni\u017cania warto\u015bci przepustnicy oraz bez otwor\u00f3w wentylatora czy obudowy. CEC10 posiada zintegrowane funkcje, t. j. do 4 port\u00f3w Ethernet Gbit, 7 port\u00f3w USB i 2 porty szeregowe.<\/p>\n","protected":false},"featured_media":10801,"template":"","meta":{"_acf_changed":false,"inline_featured_image":false,"_monsterinsights_skip_tracking":false,"_monsterinsights_sitenote_active":false,"_monsterinsights_sitenote_note":"","_monsterinsights_sitenote_category":0},"product_brand":[],"product_cat":[431,1585,359],"product_tag":[],"class_list":{"0":"post-4208","1":"product","2":"type-product","3":"status-publish","4":"has-post-thumbnail","6":"product_cat-komputery-kompaktowe-mpl","7":"product_cat-komputery-kompatkowe-boxpc","8":"product_cat-mpl","10":"first","11":"instock","12":"shipping-taxable","13":"product-type-simple"},"acf":[],"_links":{"self":[{"href":"https:\/\/quantum.com.pl\/pl\/wp-json\/wp\/v2\/product\/4208","targetHints":{"allow":["GET"]}}],"collection":[{"href":"https:\/\/quantum.com.pl\/pl\/wp-json\/wp\/v2\/product"}],"about":[{"href":"https:\/\/quantum.com.pl\/pl\/wp-json\/wp\/v2\/types\/product"}],"wp:featuredmedia":[{"embeddable":true,"href":"https:\/\/quantum.com.pl\/pl\/wp-json\/wp\/v2\/media\/10801"}],"wp:attachment":[{"href":"https:\/\/quantum.com.pl\/pl\/wp-json\/wp\/v2\/media?parent=4208"}],"wp:term":[{"taxonomy":"product_brand","embeddable":true,"href":"https:\/\/quantum.com.pl\/pl\/wp-json\/wp\/v2\/product_brand?post=4208"},{"taxonomy":"product_cat","embeddable":true,"href":"https:\/\/quantum.com.pl\/pl\/wp-json\/wp\/v2\/product_cat?post=4208"},{"taxonomy":"product_tag","embeddable":true,"href":"https:\/\/quantum.com.pl\/pl\/wp-json\/wp\/v2\/product_tag?post=4208"}],"curies":[{"name":"wp","href":"https:\/\/api.w.org\/{rel}","templated":true}]}}