{"id":4220,"date":"2019-09-09T19:07:37","date_gmt":"2019-09-09T17:07:37","guid":{"rendered":"https:\/\/quantum.com.pl\/?post_type=product&#038;p=4220"},"modified":"2020-12-02T13:41:24","modified_gmt":"2020-12-02T12:41:24","slug":"cec4-rugged-niski-pobor-mocy","status":"publish","type":"product","link":"https:\/\/quantum.com.pl\/pl\/product\/cec4-rugged-niski-pobor-mocy\/","title":{"rendered":"CEC4 \u2013 Rugged, niski pob\u00f3r mocy"},"content":{"rendered":"<p><em>niezalecane do nowych projekt\u00f3w<\/em><\/p>\n<p>CEC4 rozszerza ofert\u0119 komputer\u00f3w wbudowanych MPL o bezg\u0142owicowe rozwi\u0105zanie przemys\u0142owe. CEC4 jest wyposa\u017cony w 3 interfejsy Gigabit Ethernet. Specjalnie zaprojektowana obudowa, pozwala CEC dzia\u0142a\u0107 w trudnych warunkach bez potrzeby stosowania wentylator\u00f3w lub otwor\u00f3w wentylacyjnych i mo\u017ce by\u0107 \u0142atwo zamontowany na szynie DIN 35 mm lub z ko\u0142nierzem na \u015bcianie. Kompaktowa obudowa oferuje wystarczaj\u0105c\u0105 ilo\u015b\u0107 miejsca, aby doda\u0107 SSD lub SATA DOM, 5-portowy prze\u0142\u0105cznik (MAGBES) tylko z miedzi\u0105 lub zmieszany z w\u0142\u00f3knem lub innymi urz\u0105dzeniami peryferyjnymi. CEC4 mo\u017ce by\u0107 dostosowany do twoich potrzeb, nawet z obudow\u0105 IP67 i z\u0142\u0105czami MIL.<\/p>\n<h4>Najwa\u017cniejsze cechy CEC4<\/h4>\n<p>Zakres temperatury wynosi od -20\u00b0C do +60\u00b0C, a opcjonalnie nawet od -40\u00b0C do +85\u00b0C &#8211; bez otwor\u00f3w wentylatora lub obudowy. Wewn\u0119trzne gniazdo miniPCIe umo\u017cliwia r\u00f3\u017cne rozszerzenia (WLAN, GPRS &#8230;). Dodatkowo dost\u0119pne s\u0105 3 z\u0142\u0105cza USB i gniazdo kart pami\u0119ci microSD dla \u0142atwego logowania i \/ lub konfiguracji. CEC4 mo\u017cna dostosowa\u0107 za pomoc\u0105 opcjonalnej p\u0142yty monta\u017cowej dla dodatkowych interfejs\u00f3w.<\/p>\n<ul>\n<li>Zakres napi\u0119cia wej\u015bciowego (8\u201336 V DC)<\/li>\n<li>Zabezpieczenie przed odwrotn\u0105 polaryzacj\u0105<\/li>\n<li>Bardzo niski pob\u00f3r mocy<\/li>\n<li>3 porty Gigabit Ethernet<\/li>\n<li>Opcjonalny interfejs R232 do pod\u0142\u0105czenia konsoli<\/li>\n<li>Brak kabli (bez wewn\u0119trznego okablowania)<\/li>\n<\/ul>\n<p>Te cechy sprawiaj\u0105, \u017ce CEC4 jest idealnym rozwi\u0105zaniem dla bezobs\u0142ugowych, wytrzyma\u0142ych aplikacji przemys\u0142owych i obronnych, w kt\u00f3rych kluczowe s\u0105 bezpiecze\u0144stwo, jako\u015b\u0107, niezawodno\u015b\u0107, niskie zu\u017cycie energii i d\u0142ugoterminowa dost\u0119pno\u015b\u0107. CEC4 mo\u017ce by\u0107 u\u017cyty wielorako &#8211; do rejestratora danych, komunikacji, bram itp.<\/p>\n<h4>Dane techniczne CEC4<\/h4>\n\n<table id=\"tablepress-124\" class=\"tablepress tablepress-id-124\">\n<thead>\n<tr class=\"row-1\">\n\t<th colspan=\"3\" class=\"column-1\"><strong style=\"display: block; text-align: center;\">Obudowy CEC<\/strong><\/th>\n<\/tr>\n<\/thead>\n<tbody class=\"row-striping row-hover\">\n<tr class=\"row-2\">\n\t<td class=\"column-1\"><strong>Wersja<\/strong><\/td><td class=\"column-2\"><strong>Rozmiar [mm]<\/strong><\/td><td class=\"column-3\"><strong>Charakterystyka<\/strong><\/td>\n<\/tr>\n<tr class=\"row-3\">\n\t<td class=\"column-1\">Standard<\/td><td class=\"column-2\">zasi\u0119g: 62.0 x 120.0<br \/>\nwysoko\u015b\u0107: 162.1 (DIN-Rail)<br \/>\n198.05 (ko\u0142nierz)<\/td><td class=\"column-3\">solidne, wytrzyma\u0142e aluminium z p\u0142ytami ze stali nierdzewnej, RAL7016 szary antracyt<br \/>\n<\/td>\n<\/tr>\n<tr class=\"row-4\">\n\t<td class=\"column-1\">OEM standard<\/td><td class=\"column-2\">zasi\u0119g: 62.0 x 120.0<br \/>\nwysoko\u015b\u0107: 162.1 (DIN-Rail)<br \/>\n198.05 (ko\u0142nierz)<\/td><td class=\"column-3\">z wygl\u0105dem do wyboru (kolor i folia), specjalna p\u0142yta przednia, mo\u017cliwo\u015b\u0107 grawerowania<br \/>\n<br \/>\n<br \/>\n<br \/>\n<\/td>\n<\/tr>\n<tr class=\"row-5\">\n\t<td class=\"column-1\">MIL \/ Outdoor<\/td><td class=\"column-2\">dodane dodatkowe funkcje;<br \/>\nzasi\u0119g: 175 x 182<br \/>\nwysoko\u015b\u0107: min. 66<\/td><td class=\"column-3\">dla najtrudniejszych warunk\u00f3w;<br \/>\ndo stopnia ochrony IP67<br \/>\n<\/td>\n<\/tr>\n<tr class=\"row-6\">\n\t<td class=\"column-1\">Open Frame<\/td><td class=\"column-2\">dodane dodatkowe funkcje;<br \/>\nzasi\u0119g: min. 102 x 153<br \/>\nwysoko\u015b\u0107: min. 23<\/td><td class=\"column-3\">zamontowany na p\u0142ycie ch\u0142odz\u0105cej;<br \/>\nprzystosowany do obudowy klienta;<br \/>\nz koncepcj\u0105 pasywnego ch\u0142odzenia<br \/>\n<br \/>\n<\/td>\n<\/tr>\n<\/tbody>\n<\/table>\n<!-- #tablepress-124 from cache -->\n<h4>Opcje CEC4<\/h4>\n<ul>\n<li>SATA-DOM (DiskOnModule)<\/li>\n<li>Dyski SATA 2,5&#8243;(SSD lub HD)<\/li>\n<li>Konwerter medi\u00f3w TX2FX (mied\u017a &#8211; \u015bwiat\u0142ow\u00f3d)<\/li>\n<li>5-portowy prze\u0142\u0105cznik zarz\u0105dzalny MAGBES (miedziany i \u015bwiat\u0142owodowy)<\/li>\n<li>Minicard PCI-Express (WLAN, GPRS, &#8230;)<\/li>\n<li>Rozszerzony test temperaturowy XTEST -40\u00b0C do +85\u00b0C<\/li>\n<li>Wersje powlekane<\/li>\n<li>Interfejs RS232 do pod\u0142\u0105czenia konsoli<\/li>\n<\/ul>\n<p>&nbsp;<\/p>\n<p>&nbsp;<\/p>\n","protected":false},"excerpt":{"rendered":"<h3>CEC4<\/h3>\n<p>CEC4 rozszerza ofert\u0119 komputer\u00f3w wbudowanych MPL o bezg\u0142owicowe rozwi\u0105zanie przemys\u0142owe. CEC4 jest wyposa\u017cony w 3 interfejsy Gigabit Ethernet. Specjalnie zaprojektowana obudowa, pozwala CEC dzia\u0142a\u0107 w trudnych warunkach bez potrzeby stosowania wentylator\u00f3w lub otwor\u00f3w wentylacyjnych i mo\u017ce by\u0107 \u0142atwo zamontowany na szynie DIN 35 mm lub z ko\u0142nierzem na \u015bcianie.<\/p>\n","protected":false},"featured_media":10807,"template":"","meta":{"_acf_changed":false,"inline_featured_image":false,"_monsterinsights_skip_tracking":false,"_monsterinsights_sitenote_active":false,"_monsterinsights_sitenote_note":"","_monsterinsights_sitenote_category":0},"product_brand":[],"product_cat":[431,1585,359],"product_tag":[],"class_list":{"0":"post-4220","1":"product","2":"type-product","3":"status-publish","4":"has-post-thumbnail","6":"product_cat-komputery-kompaktowe-mpl","7":"product_cat-komputery-kompatkowe-boxpc","8":"product_cat-mpl","10":"first","11":"instock","12":"shipping-taxable","13":"product-type-simple"},"acf":[],"_links":{"self":[{"href":"https:\/\/quantum.com.pl\/pl\/wp-json\/wp\/v2\/product\/4220","targetHints":{"allow":["GET"]}}],"collection":[{"href":"https:\/\/quantum.com.pl\/pl\/wp-json\/wp\/v2\/product"}],"about":[{"href":"https:\/\/quantum.com.pl\/pl\/wp-json\/wp\/v2\/types\/product"}],"wp:featuredmedia":[{"embeddable":true,"href":"https:\/\/quantum.com.pl\/pl\/wp-json\/wp\/v2\/media\/10807"}],"wp:attachment":[{"href":"https:\/\/quantum.com.pl\/pl\/wp-json\/wp\/v2\/media?parent=4220"}],"wp:term":[{"taxonomy":"product_brand","embeddable":true,"href":"https:\/\/quantum.com.pl\/pl\/wp-json\/wp\/v2\/product_brand?post=4220"},{"taxonomy":"product_cat","embeddable":true,"href":"https:\/\/quantum.com.pl\/pl\/wp-json\/wp\/v2\/product_cat?post=4220"},{"taxonomy":"product_tag","embeddable":true,"href":"https:\/\/quantum.com.pl\/pl\/wp-json\/wp\/v2\/product_tag?post=4220"}],"curies":[{"name":"wp","href":"https:\/\/api.w.org\/{rel}","templated":true}]}}