{"id":4228,"date":"2019-09-10T18:23:11","date_gmt":"2019-09-10T16:23:11","guid":{"rendered":"https:\/\/quantum.com.pl\/?post_type=product&#038;p=4228"},"modified":"2020-12-01T13:51:10","modified_gmt":"2020-12-01T12:51:10","slug":"obudowa-cec","status":"publish","type":"product","link":"https:\/\/quantum.com.pl\/pl\/product\/obudowa-cec\/","title":{"rendered":"Obudowa CEC"},"content":{"rendered":"<h4>Opcje obudowy dla CEC<\/h4>\n<p>MPL oferuje wytrzyma\u0142e i elastyczne opcje obud\u00f3w dla swoich komputer\u00f3w wbudowanych, aby zapewni\u0107 klientom najlepsze mo\u017cliwe rozwi\u0105zanie dla danego zastosowania. Wszystkie obudowy mo\u017cna dostosowa\u0107 do wymaga\u0144 klienta.<\/p>\n<h4>Klient mo\u017ce wybra\u0107:<\/h4>\n<ul>\n<li>U\u017cycie standardowej, sprawdzonej przemys\u0142owo, wytrzyma\u0142ej obudowy MPL z opcj\u0105 monta\u017cu na szynie DIN lub ko\u0142nierza. Oferowane s\u0105 r\u00f3\u017cne wysoko\u015bci, aby stworzy\u0107 najbardziej kompaktowy system zgodnie z wymaganiami I \/ O. Wersje OEM s\u0105 \u0142atwo dost\u0119pne z logo klienta i r\u00f3\u017cnymi kolorami.<\/li>\n<li>W najtrudniejszych warunkach skorzysta\u0107 z naszej w pe\u0142ni chronionej IP67 obudowy wojskowej lub zewn\u0119trznej. Wymagany interfejs i z\u0142\u0105cza zewn\u0119trzne dost\u0119pne s\u0105 zgodnie z wymaganiami i standardami. Obudowy mo\u017cna dostosowa\u0107 do r\u00f3\u017cnych wymaga\u0144.<\/li>\n<li>Zaprojektowa\u0107 w\u0142asn\u0105 obudow\u0119 \/ podwozie i zintegrowa\u0107 nasz\u0105 niezawodn\u0105 wbudowan\u0105 p\u0142yt\u0119 komputerow\u0105 MPL, kt\u00f3ra jest dostarczana na aluminiowej p\u0142ycie ch\u0142odz\u0105cej, kt\u00f3ra oferuje najlepsz\u0105 koncepcj\u0119 ch\u0142odzenia przewodz\u0105cego. Wyko\u0144czenie o wysokiej jako\u015bci.<\/li>\n<\/ul>\n<p>Wszystkie obudowy s\u0105 chromowane, aby zapewni\u0107 najlepsz\u0105 ochron\u0119 EMI. Ka\u017cda obudowa jest zewn\u0119trznie malowana proszkowo, aby zapewni\u0107 bardziej przemys\u0142owe i trwa\u0142e wyko\u0144czenie.<\/p>\n<p><strong>Kolory: <\/strong><\/p>\n<p>Standardowy kolor obudowy CEC to szary antracyt (RAL 7016). W wypadku specjalnych potrzeb do twojego OEM mo\u017cna zastosowa\u0107 dowolny kolor z palety RAL.<\/p>\n<p>Obudowa MIL Outdoor dost\u0119pna jest w kolorze Jet Black (RAL 9005), ale mo\u017cliwe s\u0105 r\u00f3wnie\u017c inne kolory RAL.<\/p>\n\n<table id=\"tablepress-126\" class=\"tablepress tablepress-id-126\">\n<thead>\n<tr class=\"row-1\">\n\t<th class=\"column-1\"><strong>P\u0142yty CPU \/ P\u0142yty g\u0142\u00f3wne<\/strong><\/th><td class=\"column-2\"><\/td>\n<\/tr>\n<\/thead>\n<tbody class=\"row-striping row-hover\">\n<tr class=\"row-2\">\n\t<td class=\"column-1\">Korzystanie z naszych niezawodnych, d\u0142ugoterminowych dost\u0119pnych wbudowanych p\u0142yt komputerowych z rodziny PIP.<br \/>\nWszystkie p\u0142yty s\u0105 dobrze wyposa\u017cone i oferuj\u0105 standardowe interfejsy na p\u0142ycie.<\/td><td class=\"column-2\"><\/td>\n<\/tr>\n<tr class=\"row-3\">\n\t<td class=\"column-1\">CPU<\/td><td class=\"column-2\">Rodzina PIP30 do czterordzeniowych procesor\u00f3w Intel i7<br \/>\n<\/td>\n<\/tr>\n<tr class=\"row-4\">\n\t<td class=\"column-1\">Pami\u0119\u0107<\/td><td class=\"column-2\">Mo\u017cliwe do 16 GB (w zale\u017cno\u015bci od wybranej wbudowanej p\u0142yty CPU)<br \/>\n<\/td>\n<\/tr>\n<tr class=\"row-5\">\n\t<td class=\"column-1\">Przechowywanie<\/td><td class=\"column-2\">Mo\u017cna u\u017cy\u0107 dowolnego nap\u0119du SATA \/ mSATA<br \/>\n<\/td>\n<\/tr>\n<tr class=\"row-6\">\n\t<td class=\"column-1\">I\/Os<\/td><td class=\"column-2\">Zgodnie z wybran\u0105 wbudowan\u0105 p\u0142yt\u0105 CPU<br \/>\n<\/td>\n<\/tr>\n<tr class=\"row-7\">\n\t<td class=\"column-1\">Rozszerzenie<\/td><td class=\"column-2\">mPCIe, XMC, PMC, PCI, PCI-104 (zgodnie z wybran\u0105 wbudowan\u0105 p\u0142yt\u0105 CPU)<br \/>\n<\/td>\n<\/tr>\n<tr class=\"row-8\">\n\t<td class=\"column-1\"><strong>Charakterystyka LCD<\/strong><br \/>\n<\/td><td class=\"column-2\"><\/td>\n<\/tr>\n<tr class=\"row-9\">\n\t<td class=\"column-1\">Nie jeste\u015bmy dostosowani do okre\u015blonego typu wy\u015bwietlacza, dlatego prosimy o kontakt w przypadku konkretnych wymaga\u0144 dotycz\u0105cych produktu.<br \/>\nPodane poni\u017cej warto\u015bci pochodz\u0105 z naszego standardowego 18,5-calowego wy\u015bwietlacza LCD opartego na Sharp LQ185M3LW01. <\/td><td class=\"column-2\"><\/td>\n<\/tr>\n<tr class=\"row-10\">\n\t<td class=\"column-1\">Rozmiar wy\u015bwietlacza<\/td><td class=\"column-2\">8\"TFT LCD z bia\u0142ym pod\u015bwietleniem LED<\/td>\n<\/tr>\n<tr class=\"row-11\">\n\t<td class=\"column-1\">Aktywny rozmiar wy\u015bwietlacza<br \/>\n<br \/>\n<\/td><td class=\"column-2\">174 mm w poziomie \/ 104,4 mm w pionie<br \/>\n<\/td>\n<\/tr>\n<tr class=\"row-12\">\n\t<td class=\"column-1\">Proporcje obrazu<br \/>\n<\/td><td class=\"column-2\">16:9<br \/>\n<\/td>\n<\/tr>\n<tr class=\"row-13\">\n\t<td class=\"column-1\">Rozk\u0142ad<br \/>\n<\/td><td class=\"column-2\">WVGA 800 x 480<br \/>\n<\/td>\n<\/tr>\n<tr class=\"row-14\">\n\t<td class=\"column-1\">G\u0142\u0119bia koloru<br \/>\n<\/td><td class=\"column-2\">16.7M<br \/>\n<\/td>\n<\/tr>\n<tr class=\"row-15\">\n\t<td class=\"column-1\">Jasno\u015b\u0107<br \/>\n<\/td><td class=\"column-2\">650 cd\/m2<br \/>\n<\/td>\n<\/tr>\n<tr class=\"row-16\">\n\t<td class=\"column-1\">Wsp\u00f3\u0142czynnik kontrastu<br \/>\n<\/td><td class=\"column-2\">800:1<br \/>\n<\/td>\n<\/tr>\n<tr class=\"row-17\">\n\t<td class=\"column-1\">K\u0105t widzenia<br \/>\n<\/td><td class=\"column-2\">poziomo 160 \u00b0 \/ pionowo 160 \u00b0<br \/>\n<\/td>\n<\/tr>\n<tr class=\"row-18\">\n\t<td class=\"column-1\">\u017bywotno\u015b\u0107 pod\u015bwietlenia<br \/>\n<\/td><td class=\"column-2\">10 000 godzin w 25\u00b0C<br \/>\n<\/td>\n<\/tr>\n<tr class=\"row-19\">\n\t<td class=\"column-1\"><strong>Dotyk (opcjonalnie)<\/strong><\/td><td class=\"column-2\"><\/td>\n<\/tr>\n<tr class=\"row-20\">\n\t<td class=\"column-1\">Typ<\/td><td class=\"column-2\">Rezystancyjny ekran dotykowy (8-przewodowy) \/ alternatywny pojemno\u015b\u0107<br \/>\nDane mo\u017cna wprowadza\u0107 za pomoc\u0105 palc\u00f3w lub pi\u00f3ra<\/td>\n<\/tr>\n<tr class=\"row-21\">\n\t<td class=\"column-1\">Powierzchnia<\/td><td class=\"column-2\">Twarda pow\u0142oka, obr\u00f3bka antyrefleksyjna<br \/>\n<\/td>\n<\/tr>\n<tr class=\"row-22\">\n\t<td class=\"column-1\"><strong>Charakterystyka obudowy<\/strong><\/td><td class=\"column-2\"><\/td>\n<\/tr>\n<tr class=\"row-23\">\n\t<td class=\"column-1\">Obudowa<\/td><td class=\"column-2\">Aluminiowa obudowa, chromowana wewn\u0119trznie, malowana proszkowo od zewn\u0105trz<br \/>\n<\/td>\n<\/tr>\n<tr class=\"row-24\">\n\t<td class=\"column-1\">Opcje monta\u017cu<br \/>\n<\/td><td class=\"column-2\">Monta\u017c na szynie DIN lub ko\u0142nierzu<br \/>\n<\/td>\n<\/tr>\n<tr class=\"row-25\">\n\t<td class=\"column-1\">Klasa ochrony<br \/>\n<\/td><td class=\"column-2\">Przednia ramka zgodna z IP65 \/ NEMA4, porozmawiaj z nami o swoich wymaganiach dotycz\u0105cych produktu<br \/>\n<\/td>\n<\/tr>\n<tr class=\"row-26\">\n\t<td class=\"column-1\"><strong>Moc<\/strong><\/td><td class=\"column-2\"><\/td>\n<\/tr>\n<tr class=\"row-27\">\n\t<td class=\"column-1\">Zasilacz<br \/>\n<\/td><td class=\"column-2\">Wej\u015bcie 12VDC, opcjonalnie: 9-36 V \/ 18-48 V \/ 63-110 V DC<br \/>\n<\/td>\n<\/tr>\n<tr class=\"row-28\">\n\t<td class=\"column-1\">Pob\u00f3r energii<br \/>\n<\/td><td class=\"column-2\">Typ wy\u015bwietlacza i inwertora. 2W, prosz\u0119 doda\u0107 pob\u00f3r mocy p\u0142yty CPU zgodnie z arkuszem danych<br \/>\n<\/td>\n<\/tr>\n<tr class=\"row-29\">\n\t<td class=\"column-1\"><strong>\u015arodowisko<\/strong><\/td><td class=\"column-2\"><\/td>\n<\/tr>\n<tr class=\"row-30\">\n\t<td class=\"column-1\">Temperatura operacyjna<\/td><td class=\"column-2\">-30\u00b0C do +85\u00b0C (-22\u00b0F do +185\u00b0F)<br \/>\n<\/td>\n<\/tr>\n<tr class=\"row-31\">\n\t<td class=\"column-1\">Temperatura przechowywania<\/td><td class=\"column-2\">-40\u00b0C do +90\u00b0C (-40\u00b0F do +194\u00b0F)<br \/>\n<\/td>\n<\/tr>\n<tr class=\"row-32\">\n\t<td class=\"column-1\">Wzgl\u0119dna wilgotno\u015b\u0107<\/td><td class=\"column-2\">10% do 90% bez kondensacji<br \/>\n<\/td>\n<\/tr>\n<tr class=\"row-33\">\n\t<td class=\"column-1\"><strong>Standardowa zgodno\u015b\u0107<\/strong><\/td><td class=\"column-2\"><\/td>\n<\/tr>\n<tr class=\"row-34\">\n\t<td class=\"column-1\">EMC<\/td><td class=\"column-2\">EN 55022, EN 55024, EN 61000, MIL-STD-461E<br \/>\n<\/td>\n<\/tr>\n<tr class=\"row-35\">\n\t<td class=\"column-1\">Wstrz\u0105sy i wibracje<\/td><td class=\"column-2\">EN 60068<br \/>\n<\/td>\n<\/tr>\n<tr class=\"row-36\">\n\t<td class=\"column-1\">Bezpiecze\u0144stwo \u015brodowiska<\/td><td class=\"column-2\">EN 50155, MIL-STD-810-F, EN 60601, EN 60950<br \/>\n<\/td>\n<\/tr>\n<tr class=\"row-37\">\n\t<td class=\"column-1\">Lista zatwierdze\u0144<\/td><td class=\"column-2\">CE, IEC 60945, IACS E10<br \/>\n<\/td>\n<\/tr>\n<\/tbody>\n<\/table>\n\n<p>&nbsp;<\/p>\n<p>&nbsp;<\/p>\n","protected":false},"excerpt":{"rendered":"<p>MPL oferuje wytrzyma\u0142e i elastyczne opcje obud\u00f3w dla swoich komputer\u00f3w wbudowanych, aby zapewni\u0107 klientom najlepsze mo\u017cliwe rozwi\u0105zanie dla danego zastosowania. Wszystkie obudowy mo\u017cna dostosowa\u0107 do wymaga\u0144 klienta.<\/p>\n","protected":false},"featured_media":10803,"template":"","meta":{"_acf_changed":false,"inline_featured_image":false,"_monsterinsights_skip_tracking":false,"_monsterinsights_sitenote_active":false,"_monsterinsights_sitenote_note":"","_monsterinsights_sitenote_category":0},"product_brand":[],"product_cat":[431,1585,359],"product_tag":[],"class_list":{"0":"post-4228","1":"product","2":"type-product","3":"status-publish","4":"has-post-thumbnail","6":"product_cat-komputery-kompaktowe-mpl","7":"product_cat-komputery-kompatkowe-boxpc","8":"product_cat-mpl","10":"first","11":"instock","12":"shipping-taxable","13":"product-type-simple"},"acf":[],"_links":{"self":[{"href":"https:\/\/quantum.com.pl\/pl\/wp-json\/wp\/v2\/product\/4228","targetHints":{"allow":["GET"]}}],"collection":[{"href":"https:\/\/quantum.com.pl\/pl\/wp-json\/wp\/v2\/product"}],"about":[{"href":"https:\/\/quantum.com.pl\/pl\/wp-json\/wp\/v2\/types\/product"}],"wp:featuredmedia":[{"embeddable":true,"href":"https:\/\/quantum.com.pl\/pl\/wp-json\/wp\/v2\/media\/10803"}],"wp:attachment":[{"href":"https:\/\/quantum.com.pl\/pl\/wp-json\/wp\/v2\/media?parent=4228"}],"wp:term":[{"taxonomy":"product_brand","embeddable":true,"href":"https:\/\/quantum.com.pl\/pl\/wp-json\/wp\/v2\/product_brand?post=4228"},{"taxonomy":"product_cat","embeddable":true,"href":"https:\/\/quantum.com.pl\/pl\/wp-json\/wp\/v2\/product_cat?post=4228"},{"taxonomy":"product_tag","embeddable":true,"href":"https:\/\/quantum.com.pl\/pl\/wp-json\/wp\/v2\/product_tag?post=4228"}],"curies":[{"name":"wp","href":"https:\/\/api.w.org\/{rel}","templated":true}]}}