{"id":4240,"date":"2019-09-10T20:33:42","date_gmt":"2019-09-10T18:33:42","guid":{"rendered":"https:\/\/quantum.com.pl\/?post_type=product&#038;p=4240"},"modified":"2020-09-23T13:09:19","modified_gmt":"2020-09-23T11:09:19","slug":"zintegrowany-8-calowy-wyswietlacz-i-dotykowy-panel-pc","status":"publish","type":"product","link":"https:\/\/quantum.com.pl\/pl\/product\/zintegrowany-8-calowy-wyswietlacz-i-dotykowy-panel-pc\/","title":{"rendered":"Zintegrowany 8-calowy wy\u015bwietlacz i dotykowy panel PC"},"content":{"rendered":"<p>PIP ze zintegrowanym wy\u015bwietlaczem HD to wytrzyma\u0142y, wbudowany komputer panelowy \u201eAll-in-One\u201d ze specjalnie zaprojektowan\u0105 aluminiow\u0105 obudow\u0105. Obudowa oferuje wystarczaj\u0105co du\u017co miejsca do zintegrowania dysku Flash i rozszerze\u0144 takich jak mPCIe, XMC, PMC, a nawet RAID lub UPS. Gama produkt\u00f3w PIP oferuje nie tylko powszechn\u0105 funkcjonalno\u015b\u0107 komputera, ale tak\u017ce inne rozmaite zastosowania na p\u0142ycie, takie jak 4x RS232 (RS485), 6 x USB, 4 x LAN i wiele innych. Rodzina PIP oferuje nie tylko jednordzeniowe procesory Celeron, ale r\u00f3wnie\u017c czterordzeniowe procesory Intel i7. Specjalno\u015bci\u0105 MPL jest niskie zu\u017cycie energii, co pozwala na obs\u0142ug\u0119 produkt\u00f3w bez wentylatora lub otwor\u00f3w wentylacyjnych. Unikalne jest r\u00f3wnie\u017c to, \u017ce produkty PIP mog\u0105 by\u0107 zasilane napi\u0119ciem 9\u201336 V DC \/ do 110 V DC. Produkty PIP nie wymagaj\u0105 okablowania wewn\u0119trznego. Produkt PIP to od podstaw projekt rzeczywistego rozwi\u0105zania przemys\u0142owego do trudnych zastosowa\u0144. Rozwi\u0105zanie jest elastyczne, dzi\u0119ki czemu pomaga w obni\u017ceniu ca\u0142kowitego kosztu twoich projekt\u00f3w.<\/p>\n<p>Je\u015bli aplikacja wymaga rozwi\u0105zania z ekranem dotykowym, mo\u017cna to r\u00f3wnie\u017c zintegrowa\u0107 z produktem bez specjalnego okablowania. Powierzchnia ekranu dotykowego jest pokryta tward\u0105 pow\u0142ok\u0105 i ma funkcj\u0119 bezblaskow\u0105.<\/p>\n<h4>Najwa\u017cniejsze cechy PANEL8<\/h4>\n<p>Podobnie jak wszystkie inne produkty MPL, PANEL8 nie wymaga wentylatora, niezale\u017cnie od tego, czy jest zainstalowany jedno-rdzeniowy Celeron czy czterordzeniowy i7. Rozwi\u0105zanie mo\u017cna \u0142atwo dostosowa\u0107 i rozszerzy\u0107 w zasadzie na wszystkie potrzeby i wymagania klient\u00f3w.<\/p>\n<h4>Kluczowe cechy PANEL8<\/h4>\n<ul>\n<li>Oszcz\u0119dne miejsce, zintegrowane, kompleksowe rozwi\u0105zanie<\/li>\n<li>Cicha konstrukcja typu ,,fanless&#8221;<\/li>\n<li>Szeroka gama p\u0142yt CPU<\/li>\n<li>Opcjonalnie \u0142atwa obs\u0142uga, nawigacja po ekranie dotykowym<\/li>\n<li>Wyb\u00f3r r\u00f3\u017cnych system\u00f3w operacyjnych<\/li>\n<li>Temperatura pracy -30\u00b0C do 85\u00b0C<\/li>\n<\/ul>\n<h4>Dane techniczne PANEL8<\/h4>\n\n<table id=\"tablepress-128\" class=\"tablepress tablepress-id-128 tbody-has-connected-cells\">\n<thead>\n<tr class=\"row-1\">\n\t<th class=\"column-1\"><strong>Serial Interface<\/strong><\/th><td class=\"column-2\"><\/td><td class=\"column-3\"><\/td>\n<\/tr>\n<\/thead>\n<tbody class=\"row-striping row-hover\">\n<tr class=\"row-2\">\n\t<td class=\"column-1\">RS232<\/td><td class=\"column-2\">Full modem interface<\/td><td class=\"column-3\">up to 250 kBaud<\/td>\n<\/tr>\n<tr class=\"row-3\">\n\t<td class=\"column-1\">RS485<\/td><td class=\"column-2\">2-wire half-duplex interface<\/td><td class=\"column-3\">up to 250 kBaud<br \/>\noptional up to 6.25 Mbaud<\/td>\n<\/tr>\n<tr class=\"row-4\">\n\t<td class=\"column-1\">RS422<\/td><td class=\"column-2\">4-wire full-duplex interface<\/td><td class=\"column-3\">up to 250 kBaud<br \/>\noptional up to 6.25 Mbaud<\/td>\n<\/tr>\n<tr class=\"row-5\">\n\t<td class=\"column-1\">Galvanic isolation<\/td><td class=\"column-2\">on up to two RS485\/422 ports<\/td><td class=\"column-3\">until 500Vrms<\/td>\n<\/tr>\n<tr class=\"row-6\">\n\t<td class=\"column-1\"><strong>PC\/104-Plus Interface<\/strong><\/td><td class=\"column-2\"><\/td><td class=\"column-3\"><\/td>\n<\/tr>\n<tr class=\"row-7\">\n\t<td class=\"column-1\">Host Interface<\/td><td class=\"column-2\">\tPC\/104-Plus compliant<br \/>\nPCI specification revision 2.3 compliant<\/td><td class=\"column-3\">stack through module<br \/>\nsupports both 5.0V and 3.3V signaling<\/td>\n<\/tr>\n<tr class=\"row-8\">\n\t<td class=\"column-1\">Power<\/td><td class=\"column-2\">Runs with 5V input power only<\/td><td class=\"column-3\"><\/td>\n<\/tr>\n<tr class=\"row-9\">\n\t<td class=\"column-1\"><strong>Physical\/Power<\/strong><\/td><td class=\"column-2\"><\/td><td class=\"column-3\"><\/td>\n<\/tr>\n<tr class=\"row-10\">\n\t<td class=\"column-1\">Size (length x width x height)<\/td><td class=\"column-2\">90.2 x 95.9 x 11 mm<br \/>\n3.550 x 3.775 x 0.435 inch<\/td><td class=\"column-3\">PC\/104-Plus compliant<br \/>\nstack through module<\/td>\n<\/tr>\n<tr class=\"row-11\">\n\t<td class=\"column-1\">Weight<\/td><td class=\"column-2\">90 g \/ 0.2 lbs<\/td><td class=\"column-3\">fully equipped OSCI-6MIX-2G<\/td>\n<\/tr>\n<tr class=\"row-12\">\n\t<td class=\"column-1\">Power<\/td><td class=\"column-2\">+5 VDC \u00b1 5%<\/td><td class=\"column-3\">input over PCI connector<\/td>\n<\/tr>\n<tr class=\"row-13\">\n\t<td class=\"column-1\">Power consumption<\/td><td class=\"column-2\">Typically 0.7 W<\/td><td class=\"column-3\">OSCI-8MIX<\/td>\n<\/tr>\n<tr class=\"row-14\">\n\t<td class=\"column-1\">Temperature range<\/td><td class=\"column-2\">-20\u00b0C up to 70\u00b0C<\/td><td class=\"column-3\">optional -40\u00b0C up to +85\u00b0C<\/td>\n<\/tr>\n<tr class=\"row-15\">\n\t<td class=\"column-1\">Humidity<\/td><td class=\"column-2\">5% - 95% non condensing<\/td><td class=\"column-3\">optional coating available<\/td>\n<\/tr>\n<tr class=\"row-16\">\n\t<td class=\"column-1\"><strong>Operating Systems<\/strong><\/td><td class=\"column-2\"><\/td><td class=\"column-3\"><\/td>\n<\/tr>\n<tr class=\"row-17\">\n\t<td colspan=\"3\" class=\"column-1\">Microsoft Windows NT 4.0, 2000, XP<br \/>\nLinux<br \/>\nVxWorks<br \/>\nWindowsCE<\/td>\n<\/tr>\n<\/tbody>\n<\/table>\n<!-- #tablepress-128 from cache -->\n","protected":false},"excerpt":{"rendered":"<h3><strong>PANEL8<\/strong><\/h3>\n<p>PIP ze zintegrowanym wy\u015bwietlaczem HD to wytrzyma\u0142y, wbudowany komputer panelowy \u201eAll-in-One\u201d ze specjalnie zaprojektowan\u0105 aluminiow\u0105 obudow\u0105. Obudowa oferuje wystarczaj\u0105co du\u017co miejsca do zintegrowania dysku Flash i rozszerze\u0144 takich jak mPCIe, XMC, PMC, a nawet RAID lub UPS. Gama produkt\u00f3w PIP oferuje nie tylko powszechn\u0105 funkcjonalno\u015b\u0107 komputera, ale tak\u017ce inne rozmaite zastosowania na p\u0142ycie, takie jak 4x RS232 (RS485), 6 x USB, 4 x LAN i wiele innych.<\/p>\n","protected":false},"featured_media":10811,"template":"","meta":{"_acf_changed":false,"inline_featured_image":false,"_monsterinsights_skip_tracking":false,"_monsterinsights_sitenote_active":false,"_monsterinsights_sitenote_note":"","_monsterinsights_sitenote_category":0},"product_brand":[],"product_cat":[1590,447,359],"product_tag":[],"class_list":{"0":"post-4240","1":"product","2":"type-product","3":"status-publish","4":"has-post-thumbnail","6":"product_cat-komputery-panelowe","7":"product_cat-komputery-panelowe-fanless","8":"product_cat-mpl","10":"first","11":"instock","12":"shipping-taxable","13":"product-type-simple"},"acf":[],"_links":{"self":[{"href":"https:\/\/quantum.com.pl\/pl\/wp-json\/wp\/v2\/product\/4240","targetHints":{"allow":["GET"]}}],"collection":[{"href":"https:\/\/quantum.com.pl\/pl\/wp-json\/wp\/v2\/product"}],"about":[{"href":"https:\/\/quantum.com.pl\/pl\/wp-json\/wp\/v2\/types\/product"}],"wp:featuredmedia":[{"embeddable":true,"href":"https:\/\/quantum.com.pl\/pl\/wp-json\/wp\/v2\/media\/10811"}],"wp:attachment":[{"href":"https:\/\/quantum.com.pl\/pl\/wp-json\/wp\/v2\/media?parent=4240"}],"wp:term":[{"taxonomy":"product_brand","embeddable":true,"href":"https:\/\/quantum.com.pl\/pl\/wp-json\/wp\/v2\/product_brand?post=4240"},{"taxonomy":"product_cat","embeddable":true,"href":"https:\/\/quantum.com.pl\/pl\/wp-json\/wp\/v2\/product_cat?post=4240"},{"taxonomy":"product_tag","embeddable":true,"href":"https:\/\/quantum.com.pl\/pl\/wp-json\/wp\/v2\/product_tag?post=4240"}],"curies":[{"name":"wp","href":"https:\/\/api.w.org\/{rel}","templated":true}]}}