{"id":4249,"date":"2019-09-11T12:10:57","date_gmt":"2019-09-11T10:10:57","guid":{"rendered":"https:\/\/quantum.com.pl\/?post_type=product&#038;p=4249"},"modified":"2021-01-14T11:00:48","modified_gmt":"2021-01-14T10:00:48","slug":"przemyslowy-firewall-router-ze-switchem","status":"publish","type":"product","link":"https:\/\/quantum.com.pl\/pl\/product\/przemyslowy-firewall-router-ze-switchem\/","title":{"rendered":"GUARD-FS (Przemys\u0142owy Firewall \/ Router oraz Gigabit Switch)"},"content":{"rendered":"<h4 class=\"title2\">GUARD-FS<\/h4>\n<div id=\"tw-target-text-container\" class=\"tw-ta-container tw-nfl\">\n<p class=\"tw-data-text tw-ta tw-text-small\" dir=\"ltr\" data-placeholder=\"T\u0142umaczenie\"><span lang=\"pl\" tabindex=\"0\">MPL zintegrowa\u0142 kilka system\u00f3w w jednej obudowie, firewallu, bramie VPN, routerze, a tak\u017ce switchu Ethernet z wyborem port\u00f3w miedzianych i \/ lub \u015bwiat\u0142owodowych, dzi\u0119ki GUARD-FS. Dzisiaj wszystko si\u0119 automatyzuje, d<\/span>latego bezpiecze\u0144stwo w tym zautomatyzowanym \u015bwiecie staje si\u0119 coraz wa\u017cniejsze. Kluczowe r\u00f3\u017cnice w zastosowaniach przemys\u0142owych polegaj\u0105 na tym, \u017ce wymagaj\u0105 one d\u0142ugoterminowej dost\u0119pno\u015bci ze wzgl\u0119du na zarz\u0105dzanie cyklem \u017cycia inwestycji.<\/p>\n<h4 dir=\"ltr\" data-placeholder=\"T\u0142umaczenie\">Najwa\u017cniejsze cechy GUARD-FS<\/h4>\n<p>System mo\u017ce pracowa\u0107 w temperaturach od -20\u00b0C do +60\u00b0C (opcjonalnie od -40\u00b0C do +85\u00b0C), bez potrzeby wentylatora lub otwierania obudowy. Mo\u017cliwo\u015b\u0107 oferowania port\u00f3w miedzianych oraz SFP dla r\u00f3\u017cnych rozwi\u0105za\u0144 \u015bwiat\u0142owodowych czyni ten produkt uniwersalnym. Ta wszechstronno\u015b\u0107 jest wspierana przez dost\u0119pno\u015b\u0107 zestawu programistycznego, wydajnego procesora ARM 1,2 GHz i wbudowanej pami\u0119ci flash 512 MB, kt\u00f3ra pozwala na rozszerzenia specyficzne kierowane do klienta.<\/p>\n<ul>\n<li>Szeroki zakres napi\u0119cia wej\u015bciowego (8 &#8211; 36 VDC)<\/li>\n<li>Niski pob\u00f3r mocy (bez wentylatora)<\/li>\n<li>Wszystkie z\u0142\u0105cza po jednej stronie<\/li>\n<li>Dopasowana obudowa<\/li>\n<li>Firewall \/ Router z 3x Gbit (miedziany lub SFP)<\/li>\n<li>Opcjonalny switch (miedziany i \/ lub \u015bwiat\u0142owodowy)<\/li>\n<li>Switch wersji zarz\u0105dzanej lub niezarz\u0105dzanej<\/li>\n<\/ul>\n<p>Dzi\u0119ki tym cechom GUARD-FS jest idealnym rozwi\u0105zaniem do zastosowa\u0144 przemys\u0142owych, transportowych i obronnych, w kt\u00f3rych bezpiecze\u0144stwo, jako\u015b\u0107, niezawodno\u015b\u0107, niskie zu\u017cycie energii i d\u0142ugoterminowa dost\u0119pno\u015b\u0107 s\u0105 kluczowe. GUARD-FS mo\u017ce by\u0107 u\u017cywany do aplikacji takich jak zdalne monitorowanie i konserwacja, bezpieczna komunikacja w automatyce itp.<\/p>\n<h4>Dane techniczne:<\/h4>\n\n<table id=\"tablepress-55\" class=\"tablepress tablepress-id-55 tbody-has-connected-cells\">\n<tbody class=\"row-striping row-hover\">\n<tr class=\"row-1\">\n\t<td colspan=\"3\" class=\"column-1\"><strong style=\"display: block; text-align: center;\">Board Key Data<\/strong><\/td>\n<\/tr>\n<tr class=\"row-2\">\n\t<td class=\"column-1\">Processor<\/td><td class=\"column-2\">RISC SoC 1.2GHz<\/td><td class=\"column-3\">Low Power CPU<br \/>\n<\/td>\n<\/tr>\n<tr class=\"row-3\">\n\t<td class=\"column-1\">Memory \/ Firmware<\/td><td class=\"column-2\">512MByte DDR2 \/ 512MByte NAND Flash<\/td><td class=\"column-3\">Soldered OnBoard<br \/>\n<\/td>\n<\/tr>\n<tr class=\"row-4\">\n\t<td colspan=\"3\" class=\"column-1\"><strong style=\"display: block; text-align: center;\">Interfaces<\/strong><\/td>\n<\/tr>\n<tr class=\"row-5\">\n\t<td class=\"column-1\">Firewall ports<\/td><td class=\"column-2\">\t2 x RJ45 ports, auto negotiation, auto MDI MDIX<br \/>\nor 2 x SFP Slot<\/td><td class=\"column-3\">Either 10BaseT \/100BaseTX \/1000BaseTX or<br \/>\n100Base-FX or 1000Base-LX SFP Modules<\/td>\n<\/tr>\n<tr class=\"row-6\">\n\t<td class=\"column-1\">Switch ports<\/td><td class=\"column-2\">*4 x RJ45 copper ports or<br \/>\n*2 x RJ45 and 2 x SFP<br \/>\n* configuration depends on version ordered<\/td><td class=\"column-3\">Either 10BaseT \/100BaseTX \/1000BaseTX or<br \/>\n100Base-FX or 1000Base-LX SFP Modules<\/td>\n<\/tr>\n<tr class=\"row-7\">\n\t<td class=\"column-1\">Mini PCI-Express<\/td><td class=\"column-2\">For WLAN, GPRS, UMTS, etc.<\/td><td class=\"column-3\">Minicard Slot<\/td>\n<\/tr>\n<tr class=\"row-8\">\n\t<td colspan=\"3\" class=\"column-1\"><strong style=\"display: block; text-align: center;\">Physical \/ Power<\/strong><\/td>\n<\/tr>\n<tr class=\"row-9\">\n\t<td class=\"column-1\">Chassis<\/td><td colspan=\"2\" class=\"column-2\">Compact rugged chromated Aluminum with stainless steel plates no ventilation holes<br \/>\n<\/td>\n<\/tr>\n<tr class=\"row-10\">\n\t<td class=\"column-1\">Size &amp; Weight<\/td><td class=\"column-2\">62.1 x 162.1 x 118mm<\/td><td class=\"column-3\">0.94kg \/ 2lb including housing<br \/>\n<\/td>\n<\/tr>\n<tr class=\"row-11\">\n\t<td class=\"column-1\">Power<\/td><td class=\"column-2\">8 - 36VDC<\/td><td class=\"column-3\">Power consumption < 9 W, reverse polarity protection<br \/>\n<\/td>\n<\/tr>\n<tr class=\"row-12\">\n\t<td colspan=\"3\" class=\"column-1\"><strong style=\"display: block; text-align: center;\">Environment<\/strong><\/td>\n<\/tr>\n<tr class=\"row-13\">\n\t<td class=\"column-1\">Temperature Range<\/td><td class=\"column-2\">-20\u00b0C to +60\u00b0C optionally -40\u00b0C to +85\u00b0C<\/td><td class=\"column-3\">No fan, no openings, values at full CPU load<br \/>\n<\/td>\n<\/tr>\n<tr class=\"row-14\">\n\t<td class=\"column-1\">Humidity<\/td><td class=\"column-2\">5% - 95% non-condensing<\/td><td class=\"column-3\">Optional coating available<br \/>\n<\/td>\n<\/tr>\n<tr class=\"row-15\">\n\t<td colspan=\"3\" class=\"column-1\"><strong style=\"display: block; text-align: center;\">Standard Compliance<\/strong><\/td>\n<\/tr>\n<tr class=\"row-16\">\n\t<td colspan=\"3\" class=\"column-1\"><span style=\"font-weight: normal;\">The GUARD-FS is designed to meet or exceed the most common standards. Particular references are:<\/span><\/td>\n<\/tr>\n<tr class=\"row-17\">\n\t<td class=\"column-1\">EMC<\/td><td colspan=\"2\" class=\"column-2\">EN 55022, EN 55024, EN 61000, MIL-STD-461E<br \/>\n<\/td>\n<\/tr>\n<tr class=\"row-18\">\n\t<td class=\"column-1\">Shock &amp; Vibration<\/td><td colspan=\"2\" class=\"column-2\">EN 60068<br \/>\n<\/td>\n<\/tr>\n<tr class=\"row-19\">\n\t<td class=\"column-1\">Environmental &amp; Safety<\/td><td class=\"column-2\">EN 50155, MIL-STD-810-F, EN 60601, EN 60950<br \/>\n<\/td><td class=\"column-3\"><\/td>\n<\/tr>\n<\/tbody>\n<\/table>\n<!-- #tablepress-55 from cache -->\n<h4>Oprogramowanie:<\/h4>\n<p>GUARD-FS jest fabrycznie wyposa\u017cony w dostosowan\u0105 wersj\u0119 OpenWRT (www.openwrt.org). Ta wbudowana dystrybucja oparta na systemie Linux zapewnia wszystkie funkcje wymagane do dzia\u0142ania jako zapora i router IPV4 i \/ lub IPV6. Ogromna liczba dodatkowych pakiet\u00f3w dost\u0119pnych w po\u0142\u0105czeniu z obs\u0142ug\u0105 MPL pozwala stworzy\u0107 rozwi\u0105zanie dla ka\u017cdego projektu routingu lub firewallu. Wi\u0119kszo\u015b\u0107 konfiguracji zainstalowanego oprogramowania uk\u0142adowego mo\u017cna wykona\u0107 za pomoc\u0105 interfejsu internetowego. Dla bardziej wyspecjalizowanych wymaga\u0144 dost\u0119pne jest narz\u0119dzie konfiguracyjne oparte na konsoli. Ca\u0142a konfiguracja jest przechowywana na urz\u0105dzeniu w przyjaznym formacie tekstowym i mo\u017cna j\u0105 r\u00f3wnie\u017c modyfikowa\u0107 za pomoc\u0105 edytora tekstu.<\/p>\n<h4>Funkcje i protoko\u0142y:<\/h4>\n<ul>\n<li>TCP\/IP V4 and V6, IPsec<\/li>\n<li>Obs\u0142uga QoS (Quality of Service)<\/li>\n<li>SIIT (t\u0142umaczenie IPV4-over-IPV6)<\/li>\n<li>Miredo \/ Teredo (tunelowanie IPV6 przez IPV4)<\/li>\n<li>PPP (protok\u00f3\u0142 punkt-punkt)<\/li>\n<li>T\u0142umaczenie adresu sieciowego<\/li>\n<li>Konfiguracja Multi WAN (prze\u0142\u0105czanie awaryjne i r\u00f3wnowa\u017cenie obci\u0105\u017cenia)<\/li>\n<li>Serwer DHCP dla IPV4 i IPV6<\/li>\n<li>Serwer \/ przeka\u017anik DNS<\/li>\n<li>Wsparcie dla dynamicznych dostawc\u00f3w DNS<\/li>\n<li>Obs\u0142uga OpenVPN<\/li>\n<li>Obs\u0142uga klienta OpenConnect<\/li>\n<li>Firewall oparty na systemie Linux iptables<\/li>\n<li>Dost\u0119p do urz\u0105dze\u0144 SSH i telnet<\/li>\n<li>Snort (lightweight intrusion detection)<\/li>\n<li>Routing daemons (OSPF, RIP, BGP, &#8230;)<\/li>\n<\/ul>\n<p>Dalsz\u0105 funkcjonalno\u015b\u0107 mo\u017cna zainstalowa\u0107 za pomoc\u0105 repozytorium pakiet\u00f3w, kt\u00f3re zawiera ponad 2000 wst\u0119pnie skompilowanych aplikacji gotowych do zainstalowania. Dost\u0119pny jest r\u00f3wnie\u017c zestaw programistyczny (SDK), umo\u017cliwiaj\u0105cy wdra\u017canie aplikacji specyficznych dla klienta.<\/p>\n<h4>Wersje GUARD<\/h4>\n\n<table id=\"tablepress-56\" class=\"tablepress tablepress-id-56 tbody-has-connected-cells\">\n<tbody class=\"row-striping row-hover\">\n<tr class=\"row-1\">\n\t<td class=\"column-1\">Reference<\/td><td class=\"column-2\">Descriptions<br \/>\n<\/td>\n<\/tr>\n<tr class=\"row-2\">\n\t<td class=\"column-1\">GUARD-F1<\/td><td class=\"column-2\">Rugged Industrial Firewall\/Router with 3 Gigabit Ethernet ports ( 1 x RJ45 and 2 x RJ45\/SFP slots), preinstalled OpenWRT embedded Linux distribution. (Housing has to be added separately)<br \/>\n<\/td>\n<\/tr>\n<tr class=\"row-3\">\n\t<td class=\"column-1\">GUARD-F12<\/td><td class=\"column-2\">Rugged Industrial Firewall\/Router with 3 Fast Ethernet ports on M12 connectors, pre-installed OpenWRT embedded Linux distribution. For Railways with EN50155 Class Tx Certificate.<br \/>\n<\/td>\n<\/tr>\n<tr class=\"row-4\">\n\t<td class=\"column-1\">GUARD-FS1<\/td><td class=\"column-2\">Rugged Industrial Firewall\/Router with 2 Gigabit Ethernet ports (2x RJ45 or 2x SFP) and a 4 port switch (MAGBES-13) with 3x RJ45 and 1x SFP port, preinstalled OpenWRT embedded Linux. (Housing has to be added separately)<br \/>\n<\/td>\n<\/tr>\n<tr class=\"row-5\">\n\t<td class=\"column-1\">GUARD-FS2<\/td><td class=\"column-2\">Rugged Industrial Firewall\/Router with 2 Gigabit Ethernet ports (2x RJ45 or 2x SFP) and a 4 port Switch (MAGBES-12) with 2x RJ45 and 2x SFP ports, preinstalled OpenWRT embedded Linux. (Housing has to be added separately)<br \/>\n<\/td>\n<\/tr>\n<tr class=\"row-6\">\n\t<td class=\"column-1\">GUARD-FS3<\/td><td class=\"column-2\">Rugged Industrial Firewall\/Router with 2 Gigabit Ethernet ports (2x RJ45 or 2x SFP) and a 4 port switch (MAGBES-11) with 4x RJ45, preinstalled OpenWRT embedded Linux. (Housing has to be added separately)<br \/>\n<\/td>\n<\/tr>\n<tr class=\"row-7\">\n\t<td class=\"column-1\">GUARD-Cx<\/td><td class=\"column-2\">GUARD Solution assembled &amp; mounted according the customer needs &amp; requirements (e.g. with special housing, depopulated parts, installing a customers application, ....)<br \/>\n<\/td>\n<\/tr>\n<tr class=\"row-8\">\n\t<td colspan=\"2\" class=\"column-1\"><strong style=\"display: block; text-align: center;\">GUARD Housing<\/strong><\/td>\n<\/tr>\n<tr class=\"row-9\">\n\t<td class=\"column-1\">GUARD 62-1<\/td><td class=\"column-2\">Ultra Compact Housing with internally chromated Aluminum and stainless steel plates.<br \/>\nHousing size: 62.1 x 162.1 x 118mm (W x D x H), DIN-Rail, external Aluminum is RAL7016 powder coated.<\/td>\n<\/tr>\n<tr class=\"row-10\">\n\t<td class=\"column-1\">GUARD 62-2<\/td><td class=\"column-2\">Ultra Compact Housing with internally chromated Aluminum and stainless steel plates. <br \/>\nHousing size: 62.1 x 162.1 x 118mm (W x D x H); Wall mounting plate for 4 screws<\/td>\n<\/tr>\n<\/tbody>\n<\/table>\n<!-- #tablepress-56 from cache -->\n<h4>Akcesoria:<\/h4>\n\n<table id=\"tablepress-57\" class=\"tablepress tablepress-id-57 tbody-has-connected-cells\">\n<tbody class=\"row-striping row-hover\">\n<tr class=\"row-1\">\n\t<td colspan=\"2\" class=\"column-1\"><strong style=\"display: block; text-align: center;\">SFP (optical transceiver) in stock<\/strong><\/td>\n<\/tr>\n<tr class=\"row-2\">\n\t<td colspan=\"2\" class=\"column-1\"><span style=\"font-weight: normal;\">Optional: MPL offers following SFP modules (others on request)<\/span><\/td>\n<\/tr>\n<tr class=\"row-3\">\n\t<td class=\"column-1\">SFP-1X<\/td><td class=\"column-2\">1Gb SFP 850nm optical transceiver, 1000BASE-SX, multi mode, up to 500m, with standard LC connector, case temp. -40 to +85\u00b0C<br \/>\n<\/td>\n<\/tr>\n<tr class=\"row-4\">\n\t<td class=\"column-1\">SFP-2X<\/td><td class=\"column-2\">1Gb SFP 1310nm optical transceiver, 1000BASE-LX, single mode, up to 10km, with standard LC connector, case temp. -40 to +85\u00b0C<br \/>\n<\/td>\n<\/tr>\n<tr class=\"row-5\">\n\t<td class=\"column-1\">SFP-3X<\/td><td class=\"column-2\">100Mb SFP 1310nm optical transceiver, 100BASE-FX, multi mode, up to 2km, with standard LC connector, case temp. -40 to +85\u00b0C<br \/>\n<\/td>\n<\/tr>\n<tr class=\"row-6\">\n\t<td colspan=\"2\" class=\"column-1\"><span style=\"font-weight: normal;\">or any other standard SFP in accordance to MSA &amp; Ethernet compatible<\/span><\/td>\n<\/tr>\n<\/tbody>\n<\/table>\n<!-- #tablepress-57 from cache -->\n<p>&nbsp;<\/p>\n<\/div>\n<div id=\"tw-target-text-container\" class=\"tw-ta-container tw-nfl\">\n<p>&nbsp;<\/p>\n<div id=\"tw-target-text-container\" class=\"tw-ta-container tw-nfl\">\n<pre class=\"tw-ta tw-text-small\" lang=\"pl\"><\/pre>\n<\/div>\n<div id=\"z6maec\" class=\"tw-ta-container tw-nfl\">\n<pre id=\"tw-target-rmn\" class=\"tw-data-placeholder tw-ta tw-text-small\" dir=\"ltr\" data-placeholder=\"\"><\/pre>\n<pre class=\"tw-ta tw-text-small\"><\/pre>\n<\/div>\n<p>&nbsp;<\/p>\n<pre class=\"tw-ta tw-text-small\" lang=\"pl\"><\/pre>\n<\/div>\n<div id=\"z6maec\" class=\"tw-ta-container tw-nfl\">\n<pre id=\"tw-target-rmn\" class=\"tw-data-placeholder tw-ta tw-text-small\" dir=\"ltr\" data-placeholder=\"\"><\/pre>\n<pre class=\"tw-ta tw-text-small\"><\/pre>\n<\/div>\n","protected":false},"excerpt":{"rendered":"<h3><strong>GUARD-FS<\/strong><\/h3>\n<p><span lang=\"pl\" tabindex=\"0\">MPL zintegrowa\u0142 kilka system\u00f3w w jednej obudowie, firewallu, bramie VPN, routerze, a tak\u017ce switchu Ethernet z wyborem port\u00f3w miedzianych i \/ lub \u015bwiat\u0142owodowych, za pomoc\u0105 GUARD-FS.\u00a0<\/span><\/p>\n","protected":false},"featured_media":10869,"template":"","meta":{"_acf_changed":false,"inline_featured_image":false,"_monsterinsights_skip_tracking":false,"_monsterinsights_sitenote_active":false,"_monsterinsights_sitenote_note":"","_monsterinsights_sitenote_category":0},"product_brand":[],"product_cat":[359,1587,445],"product_tag":[],"class_list":{"0":"post-4249","1":"product","2":"type-product","3":"status-publish","4":"has-post-thumbnail","6":"product_cat-mpl","7":"product_cat-produkty-sieciowe","8":"product_cat-sieci-przemyslowe","10":"first","11":"instock","12":"shipping-taxable","13":"product-type-simple"},"acf":[],"_links":{"self":[{"href":"https:\/\/quantum.com.pl\/pl\/wp-json\/wp\/v2\/product\/4249","targetHints":{"allow":["GET"]}}],"collection":[{"href":"https:\/\/quantum.com.pl\/pl\/wp-json\/wp\/v2\/product"}],"about":[{"href":"https:\/\/quantum.com.pl\/pl\/wp-json\/wp\/v2\/types\/product"}],"wp:featuredmedia":[{"embeddable":true,"href":"https:\/\/quantum.com.pl\/pl\/wp-json\/wp\/v2\/media\/10869"}],"wp:attachment":[{"href":"https:\/\/quantum.com.pl\/pl\/wp-json\/wp\/v2\/media?parent=4249"}],"wp:term":[{"taxonomy":"product_brand","embeddable":true,"href":"https:\/\/quantum.com.pl\/pl\/wp-json\/wp\/v2\/product_brand?post=4249"},{"taxonomy":"product_cat","embeddable":true,"href":"https:\/\/quantum.com.pl\/pl\/wp-json\/wp\/v2\/product_cat?post=4249"},{"taxonomy":"product_tag","embeddable":true,"href":"https:\/\/quantum.com.pl\/pl\/wp-json\/wp\/v2\/product_tag?post=4249"}],"curies":[{"name":"wp","href":"https:\/\/api.w.org\/{rel}","templated":true}]}}