{"id":4252,"date":"2019-09-11T12:43:26","date_gmt":"2019-09-11T10:43:26","guid":{"rendered":"https:\/\/quantum.com.pl\/?post_type=product&#038;p=4252"},"modified":"2021-01-14T10:49:56","modified_gmt":"2021-01-14T09:49:56","slug":"przemyslowy-gigabitowy-firewall-router-typu-rugged","status":"publish","type":"product","link":"https:\/\/quantum.com.pl\/pl\/product\/przemyslowy-gigabitowy-firewall-router-typu-rugged\/","title":{"rendered":"GUARD-F1 (Przemys\u0142owy gigabitowy Firewall \/ Router typu &#8222;rugged&#8221;)"},"content":{"rendered":"<h4 class=\"title2\">GUARD-F1<\/h4>\n<div id=\"tw-target-text-container\" class=\"tw-ta-container tw-nfl\">\n<p class=\"tw-data-text tw-ta tw-text-small\" dir=\"ltr\" data-placeholder=\"T\u0142umaczenie\"><span lang=\"pl\" tabindex=\"0\">GUARD-F1 rozszerza ofert\u0119 produkt\u00f3w MPL Networking o wytrzyma\u0142y przemys\u0142owy firewall gigabitowy i router VPN. <\/span>GUARD-F1 jest wyposa\u017cony w 3 interfejsy Gigabit Ethernet. Dwa z nich s\u0105 dost\u0119pne jako porty miedziane lub SFP, a jeden jest dost\u0119pny jako port miedziany. Specjalnie zaprojektowana obudowa GUARD pozwala obs\u0142ugiwa\u0107 firewall w trudnych warunkach bez wentylator\u00f3w lub otwor\u00f3w wentylacyjnych i mo\u017cna j\u0105 \u0142atwo zamontowa\u0107 na szynie DIN 35 mm lub \u015bcianie. Kompaktowa obudowa oferuje wystarczaj\u0105c\u0105 ilo\u015b\u0107 miejsca, aby doda\u0107 MAGBES (Managed Gigabit Switch) lub inne urz\u0105dzenia peryferyjne. GUARD-F1 mo\u017ce by\u0107 dostosowany do twoich potrzeb &#8211; nawet z obudow\u0105 IP67 i z\u0142\u0105czami MIL.<\/p>\n<h4 dir=\"ltr\" data-placeholder=\"T\u0142umaczenie\">Najwa\u017cniejsze cechy GUARD-F1<\/h4>\n<p>Zakres temperatur roboczych wynosi od -20\u00b0C do +60\u00b0C, a opcjonalnie nawet od -40\u00b0C do +85\u00b0C bez wentylatora lub otwor\u00f3w obudowy. Mo\u017cliwo\u015b\u0107 oferowania port\u00f3w miedzianych oraz SFP dla r\u00f3\u017cnych rozwi\u0105za\u0144 \u015bwiat\u0142owodowych sprawia, \u017ce GUARD-F1 jest produktem uniwersalnym. Wewn\u0119trzne gniazdo miniPCIe umo\u017cliwia r\u00f3\u017cne rozszerzenia (WLAN, GPRS &#8230;). Dodatkowo dost\u0119pne s\u0105: zewn\u0119trzne z\u0142\u0105cze USB i gniazdo karty pami\u0119ci microSD do \u0142atwego logowania i \/ lub konfiguracji. GUARD-F1 mo\u017cna dostosowa\u0107 w opcjonalnej p\u0142aszczy\u017anie tylnej dla dodatkowych interfejs\u00f3w; 2 porty SATA, 3 porty USB, 2 porty PCI express.<\/p>\n<div id=\"tw-target-text-container\" class=\"tw-ta-container tw-nfl\">\n<ul>\n<li id=\"tw-target-text\" class=\"tw-data-text tw-ta tw-text-medium\" dir=\"ltr\" data-placeholder=\"T\u0142umaczenie\"><span lang=\"pl\" tabindex=\"0\">Szeroki zakres napi\u0119cia wej\u015bciowego (8 &#8211; 36 V<\/span><span lang=\"pl\" tabindex=\"0\">DC)<\/span><\/li>\n<li dir=\"ltr\" data-placeholder=\"T\u0142umaczenie\">3 porty Ethernet 1 GBit, dwa mog\u0105 by\u0107 u\u017cywane jako port RJ45 lub SFP<\/li>\n<li dir=\"ltr\" data-placeholder=\"T\u0142umaczenie\">Obs\u0142uguje modu\u0142y SFP zgodne z umow\u0105 SFP Multi Source (MSA) zgodnie z INF-8074<\/li>\n<li dir=\"ltr\" data-placeholder=\"T\u0142umaczenie\">Kompatybilny z 100Base-FX lub Gigabit Ethernet (jedno i wielomodowy)<\/li>\n<\/ul>\n<p>Te cechy sprawiaj\u0105, \u017ce GUARD-F1 jest idealnym rozwi\u0105zaniem dla wszystkich wytrzyma\u0142ych aplikacji przemys\u0142owych i obronnych, w kt\u00f3rych bezpiecze\u0144stwo, jako\u015b\u0107, niezawodno\u015b\u0107, niskie zu\u017cycie energii i d\u0142ugoterminowa dost\u0119pno\u015b\u0107 s\u0105 kluczowe. GUARD-F1 mo\u017ce by\u0107 u\u017cyty do zdalnego monitorowania i konserwacji, bezpiecznej komunikacji w automatyce itp. GUARD-F1 jest dost\u0119pny dla r\u00f3\u017cnych bran\u017c i jest idealnym rozwi\u0105zaniem dla \u015brodowisk przemys\u0142owych, aplikacji kolejowych, aplikacji MIL \/ COTS lub wsz\u0119dzie tam, gdzie potrzebna jest trwa\u0142y firewall \/ router.<\/p>\n<h4>Dane techniczne:<\/h4>\n\n<table id=\"tablepress-50\" class=\"tablepress tablepress-id-50 tbody-has-connected-cells\">\n<thead>\n<tr class=\"row-1\">\n\t<th colspan=\"3\" class=\"column-1\">Board Key Data<br \/>\n<\/th>\n<\/tr>\n<\/thead>\n<tbody class=\"row-striping row-hover\">\n<tr class=\"row-2\">\n\t<td class=\"column-1\">Processor<\/td><td class=\"column-2\">RISC SoC 1.2GHz<\/td><td class=\"column-3\">Low Power CPU<br \/>\n<\/td>\n<\/tr>\n<tr class=\"row-3\">\n\t<td class=\"column-1\">Memory \/ Firmware<\/td><td class=\"column-2\">512MByte DDR2 \/ 512MByte NAND Flash<\/td><td class=\"column-3\">Soldered OnBoard<br \/>\n<\/td>\n<\/tr>\n<tr class=\"row-4\">\n\t<td colspan=\"3\" class=\"column-1\">Interfaces<br \/>\n<\/td>\n<\/tr>\n<tr class=\"row-5\">\n\t<td class=\"column-1\">1 x Ethernet<\/td><td class=\"column-2\">10BaseT \/100BaseTX \/ 1000BaseTX<\/td><td class=\"column-3\">1 x RJ45 connector, auto negotiation, auto MDI MDIX<br \/>\n<\/td>\n<\/tr>\n<tr class=\"row-6\">\n\t<td class=\"column-1\">2 x Ethernet<\/td><td class=\"column-2\">10\/100\/1000TX or 100\/1000LX SFP<\/td><td class=\"column-3\">2 x RJ45 connector or 2 x SFP Slot<br \/>\n<\/td>\n<\/tr>\n<tr class=\"row-7\">\n\t<td class=\"column-1\">1 x USB2<\/td><td class=\"column-2\">1 external port<\/td><td class=\"column-3\">Type A connectors, ESD protected<br \/>\n<\/td>\n<\/tr>\n<tr class=\"row-8\">\n\t<td class=\"column-1\">1 x microSD Slot<\/td><td class=\"column-2\">For microSD Memory Card<\/td><td class=\"column-3\">Can be used as external storage (config, logging)<br \/>\n<\/td>\n<\/tr>\n<tr class=\"row-9\">\n\t<td class=\"column-1\">Mini PCI-Express<\/td><td class=\"column-2\">For WLAN, GPRS, UMTS, etc.\t<\/td><td class=\"column-3\">Minicard Slot<br \/>\n<\/td>\n<\/tr>\n<tr class=\"row-10\">\n\t<td colspan=\"3\" class=\"column-1\">Physical \/ Power<br \/>\n<\/td>\n<\/tr>\n<tr class=\"row-11\">\n\t<td class=\"column-1\">Chassis<\/td><td colspan=\"2\" class=\"column-2\">Compact rugged chromated Aluminum with stainless steel plates no ventilation holes<br \/>\n<\/td>\n<\/tr>\n<tr class=\"row-12\">\n\t<td class=\"column-1\">Size &amp; Weight<\/td><td class=\"column-2\">62.1 x 162.1 x 118mm<\/td><td class=\"column-3\">0.94kg \/ 2lb including housing<br \/>\n<\/td>\n<\/tr>\n<tr class=\"row-13\">\n\t<td class=\"column-1\">Power<\/td><td class=\"column-2\">8 - 36VDC<\/td><td class=\"column-3\">Power consumption <9W, reverse polarity protection<br \/>\n<\/td>\n<\/tr>\n<tr class=\"row-14\">\n\t<td colspan=\"3\" class=\"column-1\">Environment<br \/>\n<\/td>\n<\/tr>\n<tr class=\"row-15\">\n\t<td class=\"column-1\">Temperature Range<\/td><td class=\"column-2\">-20\u00b0C up to +60\u00b0C optionally -40\u00b0C to +85\u00b0C<\/td><td class=\"column-3\">No fan, no openings, values at full CPU load<br \/>\n<\/td>\n<\/tr>\n<tr class=\"row-16\">\n\t<td class=\"column-1\">Humidity<\/td><td class=\"column-2\">5% - 95% non-condensing<\/td><td class=\"column-3\">Optional coating available<br \/>\n<\/td>\n<\/tr>\n<tr class=\"row-17\">\n\t<td colspan=\"3\" class=\"column-1\">Standard Compliance<br \/>\n<\/td>\n<\/tr>\n<tr class=\"row-18\">\n\t<td colspan=\"3\" class=\"column-1\">The GUARD-F1 is designed to meet or exceed the most common standards. Particular references are:<br \/>\n<\/td>\n<\/tr>\n<tr class=\"row-19\">\n\t<td class=\"column-1\">EMC<\/td><td colspan=\"2\" class=\"column-2\">EN 55022, EN 55024, EN 61000, MIL-STD-461E<br \/>\n<\/td>\n<\/tr>\n<tr class=\"row-20\">\n\t<td colspan=\"3\" class=\"column-1\">Shock &amp; Vibration<\/td>\n<\/tr>\n<tr class=\"row-21\">\n\t<td class=\"column-1\">Environmental &amp; Safety<\/td><td colspan=\"2\" class=\"column-2\">EN 50155, MIL-STD-810-F, EN 60601, EN 60950<br \/>\n<\/td>\n<\/tr>\n<\/tbody>\n<\/table>\n<!-- #tablepress-50 from cache -->\n<h4>Oprogramowanie:<\/h4>\n<p>GUARD-F1 jest fabrycznie wyposa\u017cony w dostosowan\u0105 wersj\u0119 OpenWRT (www.openwrt.org). Ta wbudowana dystrybucja oparta na systemie Linux zapewnia wszystkie funkcje wymagane do dzia\u0142ania jako zapora i router IPV4 i \/ lub IPV6. Ogromna liczba dodatkowych pakiet\u00f3w dost\u0119pnych w po\u0142\u0105czeniu z obs\u0142ug\u0105 MPL pozwala stworzy\u0107 rozwi\u0105zanie dla ka\u017cdego projektu routingu lub firewallu. Wi\u0119kszo\u015b\u0107 konfiguracji zainstalowanego oprogramowania uk\u0142adowego mo\u017cna wykona\u0107 za pomoc\u0105 interfejsu internetowego. Dla bardziej wyspecjalizowanych wymaga\u0144 dost\u0119pne jest narz\u0119dzie konfiguracyjne oparte na konsoli. Ca\u0142a konfiguracja jest przechowywana na urz\u0105dzeniu w przyjaznym formacie tekstowym i mo\u017cna j\u0105 r\u00f3wnie\u017c modyfikowa\u0107 za pomoc\u0105 edytora tekstu.<\/p>\n<h4>Funkcje i protoko\u0142y:<\/h4>\n<ul>\n<li>TCP \/ IP V4 i V6, IPsec<\/li>\n<li>Obs\u0142uga QoS (Quality of Service)<\/li>\n<li>SIIT (t\u0142umaczenie IPV4-over-IPV6)<\/li>\n<li>Miredo \/ Teredo (tunelowanie IPV6 przez IPV4)<\/li>\n<li>PPP (protok\u00f3\u0142 punkt-punkt)<\/li>\n<li>T\u0142umaczenie adresu sieciowego<\/li>\n<li>Konfiguracja Multi WAN (prze\u0142\u0105czanie awaryjne i r\u00f3wnowa\u017cenie obci\u0105\u017cenia)<\/li>\n<li>Serwer DHCP dla IPV4 i IPV6<\/li>\n<li>serwer \/ przeka\u017anik DNS<\/li>\n<li>Wsparcie dla dynamicznych dostawc\u00f3w DNS<\/li>\n<li>Obs\u0142uga OpenVPN<\/li>\n<li>Obs\u0142uga klienta OpenConnect<\/li>\n<li>Firewall oparty na systemie Linux iptables<\/li>\n<li>Dost\u0119p do urz\u0105dze\u0144 SSH i telnet<\/li>\n<li>Snort (lightweight intrusion detection)<\/li>\n<li>Routing daemons (OSPF, RIP, BGP, &#8230;)<\/li>\n<\/ul>\n<p>Dalsz\u0105 funkcjonalno\u015b\u0107 mo\u017cna zainstalowa\u0107 za pomoc\u0105 repozytorium pakiet\u00f3w, kt\u00f3re zawiera ponad 2000 wst\u0119pnie skompilowanych aplikacji gotowych do zainstalowania. Dost\u0119pny jest r\u00f3wnie\u017c zestaw programistyczny (SDK), umo\u017cliwiaj\u0105cy wdra\u017canie aplikacji specyficznych dla klienta.<\/p>\n<h4>Wewn\u0119trzne rozszerzenia GUARD-F1:<\/h4>\n<ul>\n<li>MAGBES-20 Family<\/li>\n<li>4-port manageable switch (copper or fiber)<\/li>\n<li>4-port manageable switch (2x RJ45 &amp; 2x SFP)<\/li>\n<\/ul>\n<h4>Opcje:<\/h4>\n<ul>\n<li>Monta\u017c na\u015bcienny zamiast na szynie DIN<\/li>\n<li>Wytrzyma\u0142e obudowy ze z\u0142\u0105czami MIL<\/li>\n<li>Rozszerzona temperatura \/ pow\u0142oka \/ wersje niestandardowe<\/li>\n<\/ul>\n<h4>Wersje GUARD:<\/h4>\n\n<table id=\"tablepress-51\" class=\"tablepress tablepress-id-51 tbody-has-connected-cells\">\n<thead>\n<tr class=\"row-1\">\n\t<th class=\"column-1\">Reference<\/th><th class=\"column-2\">Descriptions<br \/>\n<\/th>\n<\/tr>\n<\/thead>\n<tbody class=\"row-striping row-hover\">\n<tr class=\"row-2\">\n\t<td class=\"column-1\">GUARD-F1<\/td><td class=\"column-2\">Rugged Industrial Firewall\/Router with 3 Gigabit Ethernet ports ( 1 x RJ45 and 2 x RJ45\/SFP slots), preinstalled OpenWRT embedded Linux distribution. (Housing has to be added separately)<br \/>\n<\/td>\n<\/tr>\n<tr class=\"row-3\">\n\t<td class=\"column-1\">GUARD-F12<\/td><td class=\"column-2\">Rugged Industrial Firewall\/Router with 3 Fast Ethernet ports on M12 connectors, pre-installed OpenWRT embedded Linux distribution. For Railways with EN50155 Class Tx Certificate.<br \/>\n<\/td>\n<\/tr>\n<tr class=\"row-4\">\n\t<td class=\"column-1\">GUARD-FS1<\/td><td class=\"column-2\">Rugged Industrial Firewall\/Router with 2 Gigabit Ethernet ports (2x RJ45 or 2x SFP) and a 4 port switch (MAGBES-13) with 3x RJ45 and 1x SFP port, preinstalled OpenWRT embedded Linux. (Housing has to be added separately)<br \/>\n<\/td>\n<\/tr>\n<tr class=\"row-5\">\n\t<td class=\"column-1\">GUARD-FS2<\/td><td class=\"column-2\">Rugged Industrial Firewall\/Router with 2 Gigabit Ethernet ports (2x RJ45 or 2x SFP) and a 4 port Switch (MAGBES-12) with 2x RJ45 and 2x SFP ports, preinstalled OpenWRT embedded Linux. (Housing has to be added separately)<br \/>\n<\/td>\n<\/tr>\n<tr class=\"row-6\">\n\t<td class=\"column-1\">GUARD-FS3<\/td><td class=\"column-2\">Rugged Industrial Firewall\/Router with 2 Gigabit Ethernet ports (2x RJ45 or 2x SFP) and a 4 port switch (MAGBES-11) with 4x RJ45, preinstalled OpenWRT embedded Linux. (Housing has to be added separately)<br \/>\n<\/td>\n<\/tr>\n<tr class=\"row-7\">\n\t<td class=\"column-1\">GUARD-Cx<\/td><td class=\"column-2\">GUARD Solution assembled &amp; mounted according the customer needs &amp; requirements (e.g. with special housing, depopulated parts, installing a customers application, ....)<br \/>\n<\/td>\n<\/tr>\n<tr class=\"row-8\">\n\t<td colspan=\"2\" class=\"column-1\">GUARD Housing<br \/>\n<\/td>\n<\/tr>\n<tr class=\"row-9\">\n\t<td class=\"column-1\">GUARD 62-1<\/td><td class=\"column-2\">Ultra Compact Housing with internally chromated Aluminum and stainless steel plates.<br \/>\nHousing size: 62.1 x 162.1 x 118mm (W x D x H), DIN-Rail, external Aluminum is RAL7016 powder coated.<\/td>\n<\/tr>\n<tr class=\"row-10\">\n\t<td class=\"column-1\">GUARD 62-2<\/td><td class=\"column-2\">Ultra Compact Housing with internally chromated Aluminum and stainless steel plates. <br \/>\nHousing size: 62.1 x 162.1 x 118mm (W x D x H); Wall mounting plate for 4 screws<\/td>\n<\/tr>\n<\/tbody>\n<\/table>\n<!-- #tablepress-51 from cache -->\n<h4>Akcesoria:<\/h4>\n\n<table id=\"tablepress-52\" class=\"tablepress tablepress-id-52 tbody-has-connected-cells\">\n<thead>\n<tr class=\"row-1\">\n\t<th colspan=\"2\" class=\"column-1\">SFP (optical transceiver) in stock<br \/>\n<\/th>\n<\/tr>\n<\/thead>\n<tbody class=\"row-striping row-hover\">\n<tr class=\"row-2\">\n\t<td colspan=\"2\" class=\"column-1\">Optional: MPL offers following SFP modules (others on request)<br \/>\n<\/td>\n<\/tr>\n<tr class=\"row-3\">\n\t<td class=\"column-1\">SFP-1X<\/td><td class=\"column-2\">1Gb SFP 850nm optical transceiver, 1000BASE-SX, multi mode, up to 500m, with standard LC connector, case temp. -40 to +85\u00b0C<br \/>\n<\/td>\n<\/tr>\n<tr class=\"row-4\">\n\t<td class=\"column-1\">SFP-2X<\/td><td class=\"column-2\">1Gb SFP 1310nm optical transceiver, 1000BASE-LX, single mode, up to 10km, with standard LC connector, case temp. -40 to +85\u00b0C<br \/>\n<\/td>\n<\/tr>\n<tr class=\"row-5\">\n\t<td class=\"column-1\">SFP-3X<\/td><td class=\"column-2\">100Mb SFP 1310nm optical transceiver, 100BASE-FX, multi mode, up to 2km, with standard LC connector, case temp. -40 to +85\u00b0C<br \/>\n<\/td>\n<\/tr>\n<tr class=\"row-6\">\n\t<td colspan=\"2\" class=\"column-1\">or any other standard SFP in accordance to MSA &amp; Ethernet compatible<br \/>\n<\/td>\n<\/tr>\n<\/tbody>\n<\/table>\n<!-- #tablepress-52 from cache -->\n<\/div>\n<\/div>\n","protected":false},"excerpt":{"rendered":"<h3><strong>GUARD-F1<\/strong><\/h3>\n<p>GUARD-F1 jest wyposa\u017cony w 3 interfejsy Gigabit Ethernet. Dwa z nich s\u0105 dost\u0119pne jako porty miedziane lub SFP, a jeden jest dost\u0119pny jako port miedziany. Specjalnie zaprojektowana obudowa GUARD pozwala obs\u0142ugiwa\u0107 firewall w trudnych warunkach bez wentylator\u00f3w lub otwor\u00f3w wentylacyjnych i mo\u017cna j\u0105 \u0142atwo zamontowa\u0107 na szynie DIN 35 mm lub \u015bcianie. Kompaktowa obudowa oferuje wystarczaj\u0105c\u0105 ilo\u015b\u0107 miejsca, aby doda\u0107 MAGBES (Managed Gigabit Switch) lub inne urz\u0105dzenia peryferyjne.<\/p>\n","protected":false},"featured_media":10877,"template":"","meta":{"_acf_changed":false,"inline_featured_image":false,"_monsterinsights_skip_tracking":false,"_monsterinsights_sitenote_active":false,"_monsterinsights_sitenote_note":"","_monsterinsights_sitenote_category":0},"product_brand":[],"product_cat":[359,1587,445],"product_tag":[],"class_list":{"0":"post-4252","1":"product","2":"type-product","3":"status-publish","4":"has-post-thumbnail","6":"product_cat-mpl","7":"product_cat-produkty-sieciowe","8":"product_cat-sieci-przemyslowe","10":"first","11":"instock","12":"shipping-taxable","13":"product-type-simple"},"acf":[],"_links":{"self":[{"href":"https:\/\/quantum.com.pl\/pl\/wp-json\/wp\/v2\/product\/4252","targetHints":{"allow":["GET"]}}],"collection":[{"href":"https:\/\/quantum.com.pl\/pl\/wp-json\/wp\/v2\/product"}],"about":[{"href":"https:\/\/quantum.com.pl\/pl\/wp-json\/wp\/v2\/types\/product"}],"wp:featuredmedia":[{"embeddable":true,"href":"https:\/\/quantum.com.pl\/pl\/wp-json\/wp\/v2\/media\/10877"}],"wp:attachment":[{"href":"https:\/\/quantum.com.pl\/pl\/wp-json\/wp\/v2\/media?parent=4252"}],"wp:term":[{"taxonomy":"product_brand","embeddable":true,"href":"https:\/\/quantum.com.pl\/pl\/wp-json\/wp\/v2\/product_brand?post=4252"},{"taxonomy":"product_cat","embeddable":true,"href":"https:\/\/quantum.com.pl\/pl\/wp-json\/wp\/v2\/product_cat?post=4252"},{"taxonomy":"product_tag","embeddable":true,"href":"https:\/\/quantum.com.pl\/pl\/wp-json\/wp\/v2\/product_tag?post=4252"}],"curies":[{"name":"wp","href":"https:\/\/api.w.org\/{rel}","templated":true}]}}