{"id":4259,"date":"2019-09-11T14:25:03","date_gmt":"2019-09-11T12:25:03","guid":{"rendered":"https:\/\/quantum.com.pl\/?post_type=product&#038;p=4259"},"modified":"2021-01-14T11:21:45","modified_gmt":"2021-01-14T10:21:45","slug":"uniwersalny-10-28-portowy-gigabit-switch","status":"publish","type":"product","link":"https:\/\/quantum.com.pl\/pl\/product\/uniwersalny-10-28-portowy-gigabit-switch\/","title":{"rendered":"\u00b5MAGBES-Ax (Uniwersalny 10-28 portowy Gigabit Switch)"},"content":{"rendered":"<p style=\"text-align: left;\">Rodzina \u03bcMAGBES to porty 10-28 umo\u017cliwiaj\u0105ce zarz\u0105dzanie Gigabit Ethernet IV generacji switch\u00f3w MPL. Solidna konstrukcja, niskie zu\u017cycie energii i r\u00f3\u017cne konfiguracje mechaniczne sprawiaj\u0105, \u017ce switch idealnie nadaje si\u0119 do ka\u017cdego zastosowania, kt\u00f3re wymaga solidnych i niezawodnych rozwi\u0105za\u0144.<\/p>\n<p>Opr\u00f3cz zarz\u0105dzania funkcjami, takimi jak Quality of Service, Port Based VLAN i IEEE 802.1Q VLAN, \u03bcMAGBES obs\u0142uguje r\u00f3wnie\u017c technologi\u0119 Rapid Spanning Tree IEEE 802.1D 2004 oraz umo\u017cliwia korzystanie z nadmiarowych po\u0142\u0105cze\u0144 Ethernet bez wprowadzania p\u0119tli sieciowych. Wszystkie porty maj\u0105 diody LED stanu, wskazuj\u0105ce aktywno\u015b\u0107 i szybko\u015b\u0107 ka\u017cdego portu. Te informacje s\u0105 r\u00f3wnie\u017c dost\u0119pne zdalnie, jak i resetowanie oraz domy\u015blne ustawianie.<\/p>\n<p>Rozwi\u0105zanie \u03bcMAGBES jest bardzo kompaktowe, a ponadto mo\u017ce by\u0107 u\u017cywane w wersji pude\u0142kowej ze z\u0142\u0105czami RJ45 lub M12, jako deska wyposa\u017cona w lockable headers lub jako otwarta wersja ramy na p\u0142ycie ch\u0142odz\u0105cej. Nawet obudowa MIL jest ze z\u0142\u0105czami MIL 38999 do wyboru. Zasilanie 5-36VDC wykorzystuje w ka\u017cdym przypadku mniej ni\u017c 6W (10-porty). Produkt mo\u017ce by\u0107 eksploatowany w temperaturze od-20\u00b0C do 60\u00b0C.<\/p>\n<h4>Najwa\u017cniejsze cechy MAXBES-xy:<\/h4>\n<ul>\n<li>High-End RJ45 lub lockable headers dla wszystkich port\u00f3w<\/li>\n<li>Szerokie wej\u015bcie 5-36VDC<\/li>\n<li>W pe\u0142ni zarz\u0105dzane przez interfejs www lub Telnet<\/li>\n<li>Praca bez wentylatora<\/li>\n<li>Wersje dla rozszerzonej temperatury -40\u00b0C do +85\u00b0C<\/li>\n<li>D\u0142ugoterminowa dost\u0119pno\u015b\u0107<\/li>\n<\/ul>\n<p>Funkcje te sprawiaj\u0105, \u017ce prze\u0142\u0105cznik \u03bcMAGBES idealnie nadaje si\u0119 do wszelkich trudnych lub przemys\u0142owych aplikacji sieciowych. Ze wzgl\u0119du na niski pob\u00f3r mocy oraz solidn\u0105 i elastyczn\u0105 konstrukcj\u0119, produkt jest dobrze dostosowany do bran\u017c takich, jak kolej, \u017cegluga morska czy obrona. \u039cMAGBES sprawia, \u017ce \u0142atwo sprosta\u0107 wymagaj\u0105cym sieciom!<\/p>\n<h4>Dane techniczne:<\/h4>\n\n<table id=\"tablepress-61\" class=\"tablepress tablepress-id-61 tbody-has-connected-cells\">\n<thead>\n<tr class=\"row-1\">\n\t<th class=\"column-1\"><strong>Board Key Data<\/strong><\/th><td class=\"column-2\"><\/td><td class=\"column-3\"><\/td>\n<\/tr>\n<\/thead>\n<tbody class=\"row-striping row-hover\">\n<tr class=\"row-2\">\n\t<td class=\"column-1\">Switch lookup Engine<\/td><td colspan=\"2\" class=\"column-2\">supports up to 1024 MAC entries with automatic learning and aging<br \/>\nsupports auto crossover (Auto MDI\/MDIX)<br \/>\nsupport polarity correction<\/td>\n<\/tr>\n<tr class=\"row-3\">\n\t<td class=\"column-1\">Jumbo Frame support<\/td><td colspan=\"2\" class=\"column-2\">up to 10k Byte<\/td>\n<\/tr>\n<tr class=\"row-4\">\n\t<td class=\"column-1\">Status LED<\/td><td colspan=\"2\" class=\"column-2\">2 LEDs for each copper port (Link\/Activity and Speed indicators)<\/td>\n<\/tr>\n<tr class=\"row-5\">\n\t<td class=\"column-1\"><strong>Interfaces<\/strong><\/td><td class=\"column-2\"><\/td><td class=\"column-3\"><\/td>\n<\/tr>\n<tr class=\"row-6\">\n\t<td class=\"column-1\">LAN<\/td><td colspan=\"2\" class=\"column-2\">\t\u00b5MAGBES-A10 - 10-port Gigabit on RJ45 connectors or 2mm lockable header<br \/>\n\u00b5MAGBES-A19 - 19-port Gigabit on RJ45 connectors or 2mm lockable header<br \/>\n\u00b5MAGBES-A28 - 28-port Gigabit on 2mm lockable header<br \/>\nhousing &amp; connector kits for M12, RJ45, and Fiber<\/td>\n<\/tr>\n<tr class=\"row-7\">\n\t<td class=\"column-1\">CLI<\/td><td colspan=\"2\" class=\"column-2\">Optional CLI interface over Micro USB connector<\/td>\n<\/tr>\n<tr class=\"row-8\">\n\t<td class=\"column-1\"><strong>Management Software<\/strong><\/td><td class=\"column-2\"><\/td><td class=\"column-3\"><\/td>\n<\/tr>\n<tr class=\"row-9\">\n\t<td colspan=\"3\" class=\"column-1\">MPL developed and maintains a management SW with easy to use web interface.<\/td>\n<\/tr>\n<tr class=\"row-10\">\n\t<td class=\"column-1\">Management supports:\t<br \/>\n(Layer 2 Management)\t<\/td><td class=\"column-2\">\u2022 IEEE 802.1X MAC Address Checking\t<br \/>\n\u2022 IEEE 802.1Q VLAN\t<br \/>\n\u2022 IEEE 802.1D RSTP support\t<br \/>\n\u2022 SNMP V1, V2c, V3 support\t<br \/>\n\u2022 IGMPv3 snooping\t<br \/>\n\u2022 DHCP Client\t<br \/>\n\u2022 Port monitoring\t<\/td><td class=\"column-3\">\u2022 Switch statistic<br \/>\n\u2022 Port Based VLAN<br \/>\n\u2022 Quality of Service<br \/>\n\u2022 Accessible via https, Telnet, RS232<br \/>\n\u2022 Firmware Update via HTTP or TFTP<br \/>\n\u2022 TLS (HTTPS)<br \/>\n\u2022 Trunking support (planned)<\/td>\n<\/tr>\n<tr class=\"row-11\">\n\t<td class=\"column-1\"><strong>Power<\/strong><\/td><td class=\"column-2\"><\/td><td class=\"column-3\"><\/td>\n<\/tr>\n<tr class=\"row-12\">\n\t<td class=\"column-1\">Input voltage<\/td><td class=\"column-2\">5VDC- 36VDC Input range<\/td><td class=\"column-3\">input over 4-pin power connector<\/td>\n<\/tr>\n<tr class=\"row-13\">\n\t<td class=\"column-1\">Power consumption<\/td><td class=\"column-2\">Typically 6W per 10 ports<\/td><td class=\"column-3\"><\/td>\n<\/tr>\n<tr class=\"row-14\">\n\t<td class=\"column-1\"><strong>Environment<\/strong><\/td><td class=\"column-2\"><\/td><td class=\"column-3\"><\/td>\n<\/tr>\n<tr class=\"row-15\">\n\t<td class=\"column-1\">Storage Temperature<\/td><td colspan=\"2\" class=\"column-2\">-45\u00b0C up to +85\u00b0C (-49\u00b0F to +185\u00b0F)<\/td>\n<\/tr>\n<tr class=\"row-16\">\n\t<td class=\"column-1\">Operating Temperature<\/td><td colspan=\"2\" class=\"column-2\">-20\u00b0C to +60\u00b0C (-4\u00b0F to +140\u00b0F) at full operation<br \/>\noptionally -40\u00b0C to +85\u00b0C (-40\u00b0F to +185\u00b0F) at full operation<\/td>\n<\/tr>\n<tr class=\"row-17\">\n\t<td class=\"column-1\">Relative Humidity<\/td><td colspan=\"2\" class=\"column-2\">5% to 95% non condensing<\/td>\n<\/tr>\n<tr class=\"row-18\">\n\t<td class=\"column-1\"><strong>Standard Compliance<\/strong><\/td><td class=\"column-2\"><\/td><td class=\"column-3\"><\/td>\n<\/tr>\n<tr class=\"row-19\">\n\t<td colspan=\"3\" class=\"column-1\">The \u00b5MAGBES is designed to meet or even exceed the most common standard, particular references are:<\/td>\n<\/tr>\n<tr class=\"row-20\">\n\t<td class=\"column-1\">EMC<\/td><td colspan=\"2\" class=\"column-2\">EN 55022, EN 55024, EN 61000, MIL-STD-461E<\/td>\n<\/tr>\n<tr class=\"row-21\">\n\t<td class=\"column-1\">Shock &amp; Vibration<\/td><td colspan=\"2\" class=\"column-2\">EN 60068<\/td>\n<\/tr>\n<tr class=\"row-22\">\n\t<td class=\"column-1\">Environmental &amp; Safety<\/td><td colspan=\"2\" class=\"column-2\">EN 50155, MIL-STD-810-F, EN 60601, EN 60950<\/td>\n<\/tr>\n<tr class=\"row-23\">\n\t<td class=\"column-1\">Approval List<\/td><td colspan=\"2\" class=\"column-2\">CE, IEC 60945, IACS E10<\/td>\n<\/tr>\n<\/tbody>\n<\/table>\n<!-- #tablepress-61 from cache -->\n<h4>Wymiary:<\/h4>\n\n<table id=\"tablepress-62\" class=\"tablepress tablepress-id-62 tbody-has-connected-cells\">\n<thead>\n<tr class=\"row-1\">\n\t<th class=\"column-1\">Chassis version<\/th><th class=\"column-2\">length x width x heights<\/th><th class=\"column-3\">weight<\/th>\n<\/tr>\n<\/thead>\n<tbody class=\"row-striping row-hover\">\n<tr class=\"row-2\">\n\t<td class=\"column-1\">10 port boxed version<\/td><td class=\"column-2\">136mm x 113mm x 50mm<\/td><td class=\"column-3\">740g<\/td>\n<\/tr>\n<tr class=\"row-3\">\n\t<td class=\"column-1\">19 port boxed version<\/td><td class=\"column-2\">196mm x 154mm x 50mm<\/td><td class=\"column-3\">1300g<\/td>\n<\/tr>\n<tr class=\"row-4\">\n\t<td class=\"column-1\">10 port open frame<\/td><td class=\"column-2\">137mm x 108mm x 42mm<\/td><td class=\"column-3\">640g<\/td>\n<\/tr>\n<tr class=\"row-5\">\n\t<td class=\"column-1\">19 port open frame<\/td><td class=\"column-2\">205mm x 148mm x 42mm<\/td><td class=\"column-3\">1150g<\/td>\n<\/tr>\n<tr class=\"row-6\">\n\t<td colspan=\"3\" class=\"column-1\">Optional coating and bonding available<\/td>\n<\/tr>\n<\/tbody>\n<\/table>\n<!-- #tablepress-62 from cache -->\n<p>&nbsp;<\/p>\n<h4>Wariany \u00b5MAGBES<\/h4>\n<p><img decoding=\"async\" class=\"aligncenter\" src=\"http:\/\/www.mpl.ch\/images\/industrialE\/uMAGBES-versions.gif\" alt=\"[\u00b5MAGBES Versions]\" border=\"0\" \/><\/p>\n","protected":false},"excerpt":{"rendered":"<h3><strong>\u03bcMAGBES<\/strong><\/h3>\n<p>Rodzina \u03bcMAGBES to porty 10-28 umo\u017cliwiaj\u0105ce zarz\u0105dzanie Gigabit Ethernet IV generacji switch\u00f3w MPL. Solidna konstrukcja, niskie zu\u017cycie energii i r\u00f3\u017cne konfiguracje mechaniczne sprawiaj\u0105, \u017ce switch idealnie nadaje si\u0119 do ka\u017cdego zastosowania, kt\u00f3re wymaga solidnych i niezawodnych rozwi\u0105za\u0144.<\/p>\n","protected":false},"featured_media":10875,"template":"","meta":{"_acf_changed":false,"inline_featured_image":false,"_monsterinsights_skip_tracking":false,"_monsterinsights_sitenote_active":false,"_monsterinsights_sitenote_note":"","_monsterinsights_sitenote_category":0},"product_brand":[],"product_cat":[359,1587,445],"product_tag":[],"class_list":{"0":"post-4259","1":"product","2":"type-product","3":"status-publish","4":"has-post-thumbnail","6":"product_cat-mpl","7":"product_cat-produkty-sieciowe","8":"product_cat-sieci-przemyslowe","10":"first","11":"instock","12":"shipping-taxable","13":"product-type-simple"},"acf":[],"_links":{"self":[{"href":"https:\/\/quantum.com.pl\/pl\/wp-json\/wp\/v2\/product\/4259","targetHints":{"allow":["GET"]}}],"collection":[{"href":"https:\/\/quantum.com.pl\/pl\/wp-json\/wp\/v2\/product"}],"about":[{"href":"https:\/\/quantum.com.pl\/pl\/wp-json\/wp\/v2\/types\/product"}],"wp:featuredmedia":[{"embeddable":true,"href":"https:\/\/quantum.com.pl\/pl\/wp-json\/wp\/v2\/media\/10875"}],"wp:attachment":[{"href":"https:\/\/quantum.com.pl\/pl\/wp-json\/wp\/v2\/media?parent=4259"}],"wp:term":[{"taxonomy":"product_brand","embeddable":true,"href":"https:\/\/quantum.com.pl\/pl\/wp-json\/wp\/v2\/product_brand?post=4259"},{"taxonomy":"product_cat","embeddable":true,"href":"https:\/\/quantum.com.pl\/pl\/wp-json\/wp\/v2\/product_cat?post=4259"},{"taxonomy":"product_tag","embeddable":true,"href":"https:\/\/quantum.com.pl\/pl\/wp-json\/wp\/v2\/product_tag?post=4259"}],"curies":[{"name":"wp","href":"https:\/\/api.w.org\/{rel}","templated":true}]}}