{"id":4261,"date":"2019-09-11T16:33:59","date_gmt":"2019-09-11T14:33:59","guid":{"rendered":"https:\/\/quantum.com.pl\/?post_type=product&#038;p=4261"},"modified":"2020-08-25T22:53:51","modified_gmt":"2020-08-25T20:53:51","slug":"interfejs-komunikacyjny-pc-104-plus-osci","status":"publish","type":"product","link":"https:\/\/quantum.com.pl\/pl\/product\/interfejs-komunikacyjny-pc-104-plus-osci\/","title":{"rendered":"Interfejs komunikacyjny PC\/104-Plus OSCI"},"content":{"rendered":"<p style=\"text-align: justify;\">Modu\u0142 OSCI to PC104-Plus Card \u2013 zapewnia do 8 mo\u017cliwo\u015bci wyboru interfejs\u00f3w szeregowych (RS232 lub RS485\/RS422) do dowolnego systemu PC\/104-Plus. Konfiguracja wszystkich port\u00f3w odbywa si\u0119 za pomoc\u0105 oprogramowania i mo\u017ce zosta\u0107 zmieniona w dowolnym momencie. Wszystkie interfejsy pracuj\u0105 ze standardowymi pr\u0119dko\u015bciami transmisji do 250kBaud. Interfejsy RS485\/422 umo\u017cliwiaj\u0105 maksymaln\u0105 pr\u0119dko\u015b\u0107 6,25Mbaud i 60V napi\u0119cia. Wszystkie interfejsy szeregowe s\u0105 dost\u0119pne w nag\u0142\u00f3wkach 2.54 mm i pozwalaj\u0105 na \u0142atwe pod\u0142\u0105czenie do standardowych z\u0142\u0105czy szeregowych DSUB-9.<\/p>\n<h4 style=\"text-align: justify;\">Cechy szczeg\u00f3lne OSCI:<\/h4>\n<ul>\n<li style=\"text-align: justify;\">Do 8 szeregowych interfejs\u00f3w RS232 lub RS485\/RS422<\/li>\n<li style=\"text-align: justify;\">Konfiguracja portu mieszanego \u0142atwa do wyboru przez oprogramowanie<\/li>\n<li style=\"text-align: justify;\">Standardowa szybko\u015b\u0107 transmisji do 250 kBaud<\/li>\n<li style=\"text-align: justify;\">Interfejsy RS485 do 60V odporno\u015bci (opcjonalnie)<\/li>\n<li style=\"text-align: justify;\">Interfejsy RS485 do 6,25 Mbaud (opcjonalnie)<\/li>\n<li style=\"text-align: justify;\">Izolacja galwaniczna na dw\u00f3ch liniach RS485 (opcjonalnie)<\/li>\n<li style=\"text-align: justify;\">+\/-15 kV ochrona ESD<\/li>\n<li style=\"text-align: justify;\">Wymagane tylko zasilanie 5V<\/li>\n<li>Tolerancja temperatury w zakresie: -40\u00b0C up to +85\u00b0C<\/li>\n<\/ul>\n<p>&nbsp;<\/p>\n<h4>Dane techniczne OSCI:<\/h4>\n\n<table id=\"tablepress-130\" class=\"tablepress tablepress-id-130 tbody-has-connected-cells\">\n<thead>\n<tr class=\"row-1\">\n\t<th class=\"column-1\"><strong>Serial Interface<\/strong><\/th><td class=\"column-2\"><\/td><td class=\"column-3\"><\/td>\n<\/tr>\n<\/thead>\n<tbody class=\"row-striping row-hover\">\n<tr class=\"row-2\">\n\t<td class=\"column-1\">RS232<\/td><td class=\"column-2\">Full modem interface<\/td><td class=\"column-3\">up to 250 kBaud<\/td>\n<\/tr>\n<tr class=\"row-3\">\n\t<td class=\"column-1\">RS485<\/td><td class=\"column-2\">2-wire half-duplex interface<\/td><td class=\"column-3\">up to 250 kBaud<br \/>\noptional up to 6.25 Mbaud<\/td>\n<\/tr>\n<tr class=\"row-4\">\n\t<td class=\"column-1\">RS422<\/td><td class=\"column-2\">4-wire full-duplex interface<\/td><td class=\"column-3\">up to 250 kBaud<br \/>\noptional up to 6.25 Mbaud<\/td>\n<\/tr>\n<tr class=\"row-5\">\n\t<td class=\"column-1\">Galvanic isolation<\/td><td class=\"column-2\">on up to two RS485\/422 ports<\/td><td class=\"column-3\">until 500Vrms<\/td>\n<\/tr>\n<tr class=\"row-6\">\n\t<td class=\"column-1\"><strong>PC\/104-Plus Interface<\/strong><\/td><td class=\"column-2\"><\/td><td class=\"column-3\"><\/td>\n<\/tr>\n<tr class=\"row-7\">\n\t<td class=\"column-1\">Host Interface<\/td><td class=\"column-2\">\tPC\/104-Plus compliant<br \/>\nPCI specification revision 2.3 compliant<\/td><td class=\"column-3\">stack through module<br \/>\nsupports both 5.0V and 3.3V signaling<\/td>\n<\/tr>\n<tr class=\"row-8\">\n\t<td class=\"column-1\">Power<\/td><td class=\"column-2\">Runs with 5V input power only<\/td><td class=\"column-3\"><\/td>\n<\/tr>\n<tr class=\"row-9\">\n\t<td class=\"column-1\"><strong>Physical\/Power<\/strong><\/td><td class=\"column-2\"><\/td><td class=\"column-3\"><\/td>\n<\/tr>\n<tr class=\"row-10\">\n\t<td class=\"column-1\">Size (length x width x height)<\/td><td class=\"column-2\">90.2 x 95.9 x 11 mm<br \/>\n3.550 x 3.775 x 0.435 inch<\/td><td class=\"column-3\">PC\/104-Plus compliant<br \/>\nstack through module<\/td>\n<\/tr>\n<tr class=\"row-11\">\n\t<td class=\"column-1\">Weight<\/td><td class=\"column-2\">90 g \/ 0.2 lbs<\/td><td class=\"column-3\">fully equipped OSCI-6MIX-2G<\/td>\n<\/tr>\n<tr class=\"row-12\">\n\t<td class=\"column-1\">Power<\/td><td class=\"column-2\">+5 VDC \u00b1 5%<\/td><td class=\"column-3\">input over PCI connector<\/td>\n<\/tr>\n<tr class=\"row-13\">\n\t<td class=\"column-1\">Power consumption<\/td><td class=\"column-2\">Typically 0.7 W<\/td><td class=\"column-3\">OSCI-8MIX<\/td>\n<\/tr>\n<tr class=\"row-14\">\n\t<td class=\"column-1\">Temperature range<\/td><td class=\"column-2\">-20\u00b0C up to 70\u00b0C<\/td><td class=\"column-3\">optional -40\u00b0C up to +85\u00b0C<\/td>\n<\/tr>\n<tr class=\"row-15\">\n\t<td class=\"column-1\">Humidity<\/td><td class=\"column-2\">5% - 95% non condensing<\/td><td class=\"column-3\">optional coating available<\/td>\n<\/tr>\n<tr class=\"row-16\">\n\t<td class=\"column-1\"><strong>Operating Systems<\/strong><\/td><td rowspan=\"2\" class=\"column-2\"><\/td><td rowspan=\"2\" class=\"column-3\"><\/td>\n<\/tr>\n<tr class=\"row-17\">\n\t<td class=\"column-1\">Microsoft Windows NT 4.0, 2000, XP<br \/>\nLinux<br \/>\nVxWorks<br \/>\nWindowsCE<\/td>\n<\/tr>\n<\/tbody>\n<\/table>\n<!-- #tablepress-130 from cache -->\n<p>&nbsp;<\/p>\n<h4>Wersje OSCI:<\/h4>\n\n<table id=\"tablepress-131\" class=\"tablepress tablepress-id-131\">\n<thead>\n<tr class=\"row-1\">\n\t<th class=\"column-1\">CPU<\/th><th class=\"column-2\">MPC555 \/ 40MHz<\/th>\n<\/tr>\n<\/thead>\n<tbody class=\"row-striping row-hover\">\n<tr class=\"row-2\">\n\t<td class=\"column-1\">PCI<\/td><td class=\"column-2\">32Bit \/ 33MHz Master\/Slave Target only<\/td>\n<\/tr>\n<tr class=\"row-3\">\n\t<td class=\"column-1\">RAM<\/td><td class=\"column-2\">16MByte SDRAM (max. physical address range of MPC555)<\/td>\n<\/tr>\n<tr class=\"row-4\">\n\t<td class=\"column-1\">Flash<\/td><td class=\"column-2\">up to 8MByte<\/td>\n<\/tr>\n<tr class=\"row-5\">\n\t<td class=\"column-1\">Analog<\/td><td class=\"column-2\">8 x Input 25kHz sampling rate (each) 10kHz bandwidth<\/td>\n<\/tr>\n<tr class=\"row-6\">\n\t<td class=\"column-1\">TPU<\/td><td class=\"column-2\">32 Channel<\/td>\n<\/tr>\n<tr class=\"row-7\">\n\t<td class=\"column-1\">CAN<\/td><td class=\"column-2\">2 x CAN 2.0B<\/td>\n<\/tr>\n<tr class=\"row-8\">\n\t<td class=\"column-1\">Power<\/td><td class=\"column-2\">5V only (Switcher for 3.3V onboard)<\/td>\n<\/tr>\n<\/tbody>\n<\/table>\n<!-- #tablepress-131 from cache -->\n","protected":false},"excerpt":{"rendered":"<p style=\"text-align: justify;\">Modu\u0142 OSCI to PC104-Plus Card \u2013 zapewnia do 8 mo\u017cliwo\u015bci wyboru interfejs\u00f3w szeregowych (RS232 lub RS485\/RS422) do dowolnego systemu PC\/104-Plus. Konfiguracja wszystkich port\u00f3w odbywa si\u0119 za pomoc\u0105 oprogramowania i mo\u017ce zosta\u0107 zmieniona w dowolnym momencie. Wszystkie interfejsy pracuj\u0105 ze standardowymi pr\u0119dko\u015bciami transmisji do 250kBaud. Interfejsy RS485\/422 umo\u017cliwiaj\u0105 maksymaln\u0105 pr\u0119dko\u015b\u0107 6,25Mbaud i 60V napi\u0119cia. Wszystkie interfejsy szeregowe s\u0105 dost\u0119pne w nag\u0142\u00f3wkach 2.54 mm i pozwalaj\u0105 na \u0142atwe pod\u0142\u0105czenie do standardowych z\u0142\u0105czy szeregowych DSUB-9.<\/p>\n","protected":false},"featured_media":10845,"template":"","meta":{"_acf_changed":false,"inline_featured_image":false,"_monsterinsights_skip_tracking":false,"_monsterinsights_sitenote_active":false,"_monsterinsights_sitenote_note":"","_monsterinsights_sitenote_category":0},"product_brand":[],"product_cat":[1613,359,461],"product_tag":[],"class_list":{"0":"post-4261","1":"product","2":"type-product","3":"status-publish","4":"has-post-thumbnail","6":"product_cat-akcesoria-peryferia","7":"product_cat-mpl","8":"product_cat-peryferia","10":"first","11":"instock","12":"shipping-taxable","13":"product-type-simple"},"acf":[],"_links":{"self":[{"href":"https:\/\/quantum.com.pl\/pl\/wp-json\/wp\/v2\/product\/4261","targetHints":{"allow":["GET"]}}],"collection":[{"href":"https:\/\/quantum.com.pl\/pl\/wp-json\/wp\/v2\/product"}],"about":[{"href":"https:\/\/quantum.com.pl\/pl\/wp-json\/wp\/v2\/types\/product"}],"wp:featuredmedia":[{"embeddable":true,"href":"https:\/\/quantum.com.pl\/pl\/wp-json\/wp\/v2\/media\/10845"}],"wp:attachment":[{"href":"https:\/\/quantum.com.pl\/pl\/wp-json\/wp\/v2\/media?parent=4261"}],"wp:term":[{"taxonomy":"product_brand","embeddable":true,"href":"https:\/\/quantum.com.pl\/pl\/wp-json\/wp\/v2\/product_brand?post=4261"},{"taxonomy":"product_cat","embeddable":true,"href":"https:\/\/quantum.com.pl\/pl\/wp-json\/wp\/v2\/product_cat?post=4261"},{"taxonomy":"product_tag","embeddable":true,"href":"https:\/\/quantum.com.pl\/pl\/wp-json\/wp\/v2\/product_tag?post=4261"}],"curies":[{"name":"wp","href":"https:\/\/api.w.org\/{rel}","templated":true}]}}