{"id":4264,"date":"2019-09-11T14:40:02","date_gmt":"2019-09-11T12:40:02","guid":{"rendered":"https:\/\/quantum.com.pl\/?post_type=product&#038;p=4264"},"modified":"2021-02-05T14:07:11","modified_gmt":"2021-02-05T13:07:11","slug":"5-8-portowy-gigabit-switch-typu-rugged","status":"publish","type":"product","link":"https:\/\/quantum.com.pl\/pl\/product\/5-8-portowy-gigabit-switch-typu-rugged\/","title":{"rendered":"MAGBES-20 (5\/8 portowy Gigabit Switch typu &#8222;rugged&#8221;)"},"content":{"rendered":"<h4>Rodzina MAGBES<\/h4>\n<p>Rodzina MAGBES sk\u0142ada si\u0119 z modeli pasuj\u0105cych do twoich potrzeb aplikacji. 5\/8 port\u00f3w mo\u017ce by\u0107 wyposa\u017conych w z\u0142\u0105cza RJ45 lub zamykane z\u0142\u0105cza, z kt\u00f3rych 2\/4 porty mog\u0105 by\u0107 \u015bwiat\u0142owodowe. Wszystkie porty maj\u0105 diody LED, wskazuj\u0105ce aktywno\u015b\u0107 i pr\u0119dko\u015b\u0107 ka\u017cdego portu. Sygna\u0142y wskazuj\u0105ce mog\u0105 by\u0107 r\u00f3wnie\u017c dost\u0119pne zdalnie, to samo dotyczy resetowania i ustawie\u0144 domy\u015blnych.<\/p>\n<p>Rozwi\u0105zanie MAGBES jest niezwykle kompaktowe, a ponadto mo\u017ce by\u0107 u\u017cywane jako rozwi\u0105zanie Open Frame lub w obudowie MIL z wybranymi z\u0142\u0105czami MIL 38999. Zasilanie wynosi 5-36 VDC (MAGBES-20) i zu\u017cywa w ka\u017cdych warunkach poni\u017cej 4 W (8 port\u00f3w 8 W). Opcjonalnie mo\u017ce by\u0107 zasilany z nadmiarow\u0105 moc\u0105 lub innym napi\u0119ciem wej\u015bciowym. Produkt mo\u017ce pracowa\u0107 w temperaturze od -20\u00b0C do 60\u00b0C, a opcjonalnie nawet w temperaturze od -40\u00b0C do 85\u00b0C.<\/p>\n<p>W przypadku port\u00f3w \u015bwiat\u0142owodowych mo\u017cna zastosowa\u0107 wi\u0119kszo\u015b\u0107 nadajnik\u00f3w-odbiornik\u00f3w kompatybilnych z Ethernetem (zgodnie z MSA). Pozwala u\u017cytkownikom wybra\u0107 odpowiedni nadajnik-odbiornik dla ka\u017cdego \u0142\u0105cza. Jako prze\u0142\u0105cznik zarz\u0105dzany, produkt zapewnia dost\u0119p do r\u00f3\u017cnych ustawie\u0144 prze\u0142\u0105cznik\u00f3w w celu skonfigurowania funkcji, takich jak: jako\u015b\u0107 us\u0142ug, VLAN, szybkie drzewo opinaj\u0105ce itp. Aby dostosowa\u0107 te ustawienia prze\u0142\u0105cznik\u00f3w, MPL zapewnia \u0142atwy w u\u017cyciu interfejs sieciowy.<\/p>\n<h4>Najwa\u017cniejsze cechy rodziny MAGBES<\/h4>\n<ul>\n<li>Monta\u017c na szynie DIN \/ ko\u0142nierzu<\/li>\n<li>Szerokie wej\u015bcie 5-36 VDC (tylko MAGBES-20)<\/li>\n<li>W pe\u0142ni zarz\u0105dzalny przez interfejs WWW lub Telnet<\/li>\n<li>Wersje miedziane lub mieszane miedziane \/ \u015bwiat\u0142owodowe<\/li>\n<li>Praca bez wentylatora<\/li>\n<li>Wersje dla \u015brodowiska od -40\u00b0C do +85\u00b0C<\/li>\n<\/ul>\n<p>Te cechy sprawiaj\u0105, \u017ce switch MAGBES\u00a0 idealnie nadaje si\u0119 do wszelkich trudnych lub przemys\u0142owych aplikacji sieciowych. Ze wzgl\u0119du na niski pob\u00f3r mocy, solidn\u0105 i elastyczn\u0105 konstrukcj\u0119, produkty dobrze nadaj\u0105 si\u0119 do ka\u017cdego wbudowanego systemu. Jest to idealne dopasowanie, niezale\u017cnie od tego, czy s\u0105 u\u017cywane w trudnym, gor\u0105cym, czy innych, r\u00f3wnie ci\u0119\u017ckich warunkach \u015brodowiskowych. MAGBES u\u0142atwia skonfigurowanie wymagaj\u0105cej sieci!<\/p>\n<h4>Dane techniczne:<\/h4>\n\n<table id=\"tablepress-60\" class=\"tablepress tablepress-id-60 tbody-has-connected-cells\">\n<thead>\n<tr class=\"row-1\">\n\t<th class=\"column-1\"><strong>Board Key Data<\/strong><br \/>\n<\/th><td class=\"column-2\"><\/td><td class=\"column-3\"><\/td>\n<\/tr>\n<\/thead>\n<tbody class=\"row-striping row-hover\">\n<tr class=\"row-2\">\n\t<td class=\"column-1\">Switch lookup Engine<\/td><td colspan=\"2\" class=\"column-2\">support up to 1024 MAC entries with automatic learning and aging<br \/>\nsupports auto crossover (Auto MDI\/MDIX)<br \/>\nsupport polarity correction<\/td>\n<\/tr>\n<tr class=\"row-3\">\n\t<td class=\"column-1\">Jumbo Frame support<\/td><td class=\"column-2\">up to 10k Byte<br \/>\n<\/td><td class=\"column-3\"><\/td>\n<\/tr>\n<tr class=\"row-4\">\n\t<td class=\"column-1\">Status LED<\/td><td colspan=\"2\" class=\"column-2\">2 LEDs for each copper port (Link\/Activity and Speed indicators)<br \/>\n1 LED for each SFP (Link\/Activity indicators)<\/td>\n<\/tr>\n<tr class=\"row-5\">\n\t<td class=\"column-1\"><strong>Interfaces<\/strong><br \/>\n<\/td><td class=\"column-2\"><\/td><td class=\"column-3\"><\/td>\n<\/tr>\n<tr class=\"row-6\">\n\t<td class=\"column-1\">Copper Ports<\/td><td colspan=\"2\" class=\"column-2\">High quality RJ45 or M12 connectors (X-coded or D-coded) with lockable headers<br \/>\n<\/td>\n<\/tr>\n<tr class=\"row-7\">\n\t<td class=\"column-1\">Up to 2\/4 Fiber Ports<\/td><td colspan=\"2\" class=\"column-2\">Supports standard SFP Modules (Single and Multimode) at a data rate of 100Mbit and 1Gbit<br \/>\n<\/td>\n<\/tr>\n<tr class=\"row-8\">\n\t<td class=\"column-1\"><strong>Management Software<\/strong><br \/>\n<\/td><td class=\"column-2\"><\/td><td class=\"column-3\"><\/td>\n<\/tr>\n<tr class=\"row-9\">\n\t<td class=\"column-1\">MPL developed and maintains a management SW with easy to use web interface.<br \/>\n<\/td><td class=\"column-2\"><\/td><td class=\"column-3\"><\/td>\n<\/tr>\n<tr class=\"row-10\">\n\t<td class=\"column-1\">Management supports:\t(Layer 2 Management)<\/td><td class=\"column-2\">IEEE 802.1X MAC Address Checking<br \/>\nIEEE 802.1Q VLAN<br \/>\n IEEE 802.1D RSTP support<br \/>\nSNMP V1, V2c, V3 support<br \/>\nIGMPv3 snooping<br \/>\nDHCP Client<br \/>\nPort monitoring<\/td><td class=\"column-3\">Switch statistic<br \/>\nPort Based VLAN<br \/>\nQuality of Service<br \/>\nAccessible via https, Telnet, RS232<br \/>\nFirmware Update via HTTP or TFTP<br \/>\nTLS (HTTPS)<br \/>\nTrunking support (planned)<br \/>\n<\/td>\n<\/tr>\n<tr class=\"row-11\">\n\t<td class=\"column-1\"><strong>Power<\/strong><br \/>\n<\/td><td class=\"column-2\"><\/td><td class=\"column-3\"><\/td>\n<\/tr>\n<tr class=\"row-12\">\n\t<td class=\"column-1\">Input  (MAGBES-20)<\/td><td class=\"column-2\">5VDC - 36VDC Input range<\/td><td class=\"column-3\">Input over 4-pin power connector<br \/>\n<\/td>\n<\/tr>\n<tr class=\"row-13\">\n\t<td class=\"column-1\">Input  (MAGBES-10)<\/td><td class=\"column-2\">5VDC<\/td><td class=\"column-3\">Input over 3-pin power connector or PC\/104 bus interface<br \/>\n<\/td>\n<\/tr>\n<tr class=\"row-14\">\n\t<td class=\"column-1\">Power consumption<\/td><td class=\"column-2\">Typically 4W \/ 8W<\/td><td class=\"column-3\">5-port \/ 8-port versions<br \/>\n<\/td>\n<\/tr>\n<tr class=\"row-15\">\n\t<td class=\"column-1\"><strong>Environment<\/strong><\/td><td class=\"column-2\"><\/td><td class=\"column-3\"><\/td>\n<\/tr>\n<tr class=\"row-16\">\n\t<td class=\"column-1\">Storage Temperature<\/td><td colspan=\"2\" class=\"column-2\">-45\u00b0C up to +85\u00b0C (-49\u00b0F to +185\u00b0F)<br \/>\n<\/td>\n<\/tr>\n<tr class=\"row-17\">\n\t<td class=\"column-1\">Operating Temperature<\/td><td colspan=\"2\" class=\"column-2\">-20\u00b0C to +60\u00b0C (-4\u00b0F to +140\u00b0F) at full operation<br \/>\noptionally -40\u00b0C to +85\u00b0C (-40\u00b0F to +185\u00b0F) at full operation<\/td>\n<\/tr>\n<tr class=\"row-18\">\n\t<td class=\"column-1\">Relative Humidity<\/td><td colspan=\"2\" class=\"column-2\">5% to 95% non condensing<br \/>\n<\/td>\n<\/tr>\n<tr class=\"row-19\">\n\t<td class=\"column-1\"><strong>Standard Compliance<\/strong><br \/>\n<\/td><td class=\"column-2\"><\/td><td class=\"column-3\"><\/td>\n<\/tr>\n<tr class=\"row-20\">\n\t<td class=\"column-1\">The MAGBES is designed to meet or even exceed the most common standard Particular references are:<br \/>\n<\/td><td class=\"column-2\"><\/td><td class=\"column-3\"><\/td>\n<\/tr>\n<tr class=\"row-21\">\n\t<td class=\"column-1\">EMC<\/td><td colspan=\"2\" class=\"column-2\">EN 55022, EN 55024, EN 61000, MIL-STD-461E<br \/>\n<\/td>\n<\/tr>\n<tr class=\"row-22\">\n\t<td class=\"column-1\">Shock &amp; Vibration<\/td><td colspan=\"2\" class=\"column-2\">EN 60068<br \/>\n<\/td>\n<\/tr>\n<tr class=\"row-23\">\n\t<td class=\"column-1\">Environmental &amp; Safety<\/td><td colspan=\"2\" class=\"column-2\">EN 50155, MIL-STD-810-F, EN 60601, EN 60950<br \/>\n<\/td>\n<\/tr>\n<tr class=\"row-24\">\n\t<td class=\"column-1\">Approval List<\/td><td colspan=\"2\" class=\"column-2\">CE, IEC 60945, IACS E10<br \/>\n<\/td>\n<\/tr>\n<tr class=\"row-25\">\n\t<td class=\"column-1\">The MAGBES family has been successfully tested according EN50155, MIL-STD-810-G as well as CE marking<br \/>\n<\/td><td class=\"column-2\"><\/td><td class=\"column-3\"><\/td>\n<\/tr>\n<\/tbody>\n<\/table>\n<!-- #tablepress-60 from cache -->\n<h4>Wymiary:<\/h4>\n\n<table id=\"tablepress-63\" class=\"tablepress tablepress-id-63\">\n<thead>\n<tr class=\"row-1\">\n\t<th class=\"column-1\"><strong>Chassis version\t<\/strong><\/th><th class=\"column-2\"><strong>length x width x heights\t<\/strong><\/th><th class=\"column-3\"><strong>weight\t<\/strong><\/th><td class=\"column-4\"><\/td>\n<\/tr>\n<\/thead>\n<tbody class=\"row-striping row-hover\">\n<tr class=\"row-2\">\n\t<td class=\"column-1\">DIN-Rail\/Flange<\/td><td class=\"column-2\">62.0 x 118 x 162 mm<\/td><td class=\"column-3\">900g<\/td><td class=\"column-4\">custom color or foil available<br \/>\n<\/td>\n<\/tr>\n<tr class=\"row-3\">\n\t<td class=\"column-1\">IP67 MIL<\/td><td class=\"column-2\">175 x 182 x 66 mm<\/td><td class=\"column-3\">2.1kg<\/td><td class=\"column-4\">custom housings and connectors available<br \/>\n<\/td>\n<\/tr>\n<tr class=\"row-4\">\n\t<td class=\"column-1\">5-port Open Frame<\/td><td class=\"column-2\">90.2 x 95.9 x 15.4 mm<\/td><td class=\"column-3\">90g<\/td><td class=\"column-4\">PC\/104 size<br \/>\n<\/td>\n<\/tr>\n<tr class=\"row-5\">\n\t<td class=\"column-1\">8-port Open Frame with RJ45<\/td><td class=\"column-2\">90.2 x 95.9 x 30.8 mm<\/td><td class=\"column-3\">180g<\/td><td class=\"column-4\">PC\/104 size<br \/>\n<\/td>\n<\/tr>\n<tr class=\"row-6\">\n\t<td class=\"column-1\">8-port Open Frame with Header<\/td><td class=\"column-2\">90.2 x 95.9 x 22.5 mm<\/td><td class=\"column-3\">180g<\/td><td class=\"column-4\">PC\/104 size<br \/>\n<\/td>\n<\/tr>\n<\/tbody>\n<\/table>\n<!-- #tablepress-63 from cache -->\n<h4><\/h4>\n<p>&nbsp;<\/p>\n<h4>Warianty MAGBES-20<\/h4>\n<p><img decoding=\"async\" class=\"aligncenter\" src=\"http:\/\/www.mpl.ch\/images\/industrialE\/MAGBES-5port-versions.gif\" alt=\"[MAGBES Versions 5-port]\" border=\"0\" \/><\/p>\n<h4><img decoding=\"async\" class=\"aligncenter\" src=\"http:\/\/www.mpl.ch\/images\/industrialE\/MAGBES-8port-versions.gif\" alt=\"[MAGBES Versions 8-port]\" border=\"0\" \/><\/h4>\n<p><img decoding=\"async\" class=\"aligncenter\" src=\"http:\/\/www.mpl.ch\/images\/industrialE\/MAGBES-OF-5port-versions.gif\" alt=\"[MAGBES Versions 5-port]\" border=\"0\" \/><\/p>\n<h4><img decoding=\"async\" class=\"aligncenter\" src=\"http:\/\/www.mpl.ch\/images\/industrialE\/MAGBES-OF-8port-versions.gif\" alt=\"[MAGBES Versions 8-port]\" border=\"0\" \/><\/h4>\n<h4><img decoding=\"async\" class=\"aligncenter\" src=\"http:\/\/www.mpl.ch\/images\/industrialE\/MAGBES-stacked.gif\" alt=\"[MAGBES Versions stacked]\" border=\"0\" \/><\/h4>\n<h4>Rodzina MAGBES-10<\/h4>\n<h4>Nie zalecane do nowych projekt\u00f3w!<\/h4>\n<p><img decoding=\"async\" class=\"aligncenter\" src=\"http:\/\/www.mpl.ch\/images\/industrialE\/magbes10-versions.gif\" alt=\"[MAGBES-10 Versions]\" border=\"0\" \/><\/p>\n<h4><\/h4>\n<h4>Opcja rozszerzenia temperatury:<\/h4>\n\n<table id=\"tablepress-64\" class=\"tablepress tablepress-id-64\">\n<thead>\n<tr class=\"row-1\">\n\t<th class=\"column-1\"><strong>Reference\t<\/strong><\/th><th class=\"column-2\"><strong>Description<\/strong><br \/>\n<\/th>\n<\/tr>\n<\/thead>\n<tbody class=\"row-striping row-hover\">\n<tr class=\"row-2\">\n\t<td class=\"column-1\">XTEST-1<\/td><td class=\"column-2\">Extended temperature test, -40\u00b0C up to +85\u00b0C<br \/>\n<\/td>\n<\/tr>\n<\/tbody>\n<\/table>\n<!-- #tablepress-64 from cache -->\n<p>Do zastosowania w trudnych warunkach MAGBES mo\u017cna zam\u00f3wi\u0107 w wersji o podwy\u017cszonej tolerancji temperatury. Ka\u017cdy system musi przej\u015b\u0107 r\u00f3\u017cne testy w komorze klimatycznej, aby udowodni\u0107, \u017ce b\u0119dzie dzia\u0142a\u0142 bezb\u0142\u0119dnie we wskazanym zakresie temperatur.<\/p>\n<h4>Akcesoria:<\/h4>\n\n<table id=\"tablepress-65\" class=\"tablepress tablepress-id-65\">\n<thead>\n<tr class=\"row-1\">\n\t<th class=\"column-1\"><strong>Reference\t<\/strong><\/th><th class=\"column-2\"><strong>Description<\/strong><br \/>\n<\/th>\n<\/tr>\n<\/thead>\n<tbody class=\"row-striping row-hover\">\n<tr class=\"row-2\">\n\t<td class=\"column-1\">MAGBES-KIT2<\/td><td class=\"column-2\">Cable and RJ45 adapter PCB for MAGBES, copper port on 2mm header (cable length 300mm)<br \/>\n<\/td>\n<\/tr>\n<tr class=\"row-3\">\n\t<td class=\"column-1\">MAGBES-KIT3<\/td><td class=\"column-2\">Ethernet cable 300mm long, 10 pin 2mm lockable socket to RJ45 connector.<br \/>\n<\/td>\n<\/tr>\n<tr class=\"row-4\">\n\t<td class=\"column-1\"><strong>SFP (optical transceiver) in stock<\/strong><br \/>\n<\/td><td class=\"column-2\"><\/td>\n<\/tr>\n<tr class=\"row-5\">\n\t<td class=\"column-1\">Optional: MPL offers following SFP modules (others on request)<br \/>\n<\/td><td class=\"column-2\"><\/td>\n<\/tr>\n<tr class=\"row-6\">\n\t<td class=\"column-1\">SFP-1X<\/td><td class=\"column-2\">1Gb SFP 850nm optical transceiver, 1000BASE-SX, multi mode, up to 500m, with standard LC connector, case temp. -40 to +85\u00b0C<br \/>\n<\/td>\n<\/tr>\n<tr class=\"row-7\">\n\t<td class=\"column-1\">SFP-2X<\/td><td class=\"column-2\">1Gb SFP 1310nm optical transceiver, 1000BASE-LX, single mode, up to 10km, with standard LC connector, case temp. -40 to +85\u00b0C<br \/>\n<\/td>\n<\/tr>\n<tr class=\"row-8\">\n\t<td class=\"column-1\">SFP-3X<\/td><td class=\"column-2\">100Mb SFP 1310nm optical transceiver, 100BASE-FX, multi mode, up to 2km, with standard LC connector, case temp. -40 to +85\u00b0C<br \/>\n<\/td>\n<\/tr>\n<tr class=\"row-9\">\n\t<td class=\"column-1\">or any other standard SFP in accordance to MSA &amp; Ethernet compatible<br \/>\n<\/td><td class=\"column-2\"><\/td>\n<\/tr>\n<\/tbody>\n<\/table>\n<!-- #tablepress-65 from cache -->\n","protected":false},"excerpt":{"rendered":"<h3>MAGBES<\/h3>\n<p>Rodzina MAGBES sk\u0142ada si\u0119 z modeli pasuj\u0105cych do twoich potrzeb aplikacji. 5\/8 port\u00f3w mo\u017ce by\u0107 wyposa\u017conych w z\u0142\u0105cza RJ45 lub zamykane z\u0142\u0105cza, z kt\u00f3rych 2\/4 porty mog\u0105 by\u0107 \u015bwiat\u0142owodowe. Wszystkie porty maj\u0105 diody LED, wskazuj\u0105ce aktywno\u015b\u0107 i pr\u0119dko\u015b\u0107 ka\u017cdego portu. Sygna\u0142y wskazuj\u0105ce mog\u0105 by\u0107 r\u00f3wnie\u017c dost\u0119pne zdalnie, to samo dotyczy resetowania i ustawie\u0144 domy\u015blnych.<\/p>\n","protected":false},"featured_media":10873,"template":"","meta":{"_acf_changed":false,"inline_featured_image":false,"_monsterinsights_skip_tracking":false,"_monsterinsights_sitenote_active":false,"_monsterinsights_sitenote_note":"","_monsterinsights_sitenote_category":0},"product_brand":[],"product_cat":[359,1587,445,1606,1565],"product_tag":[],"class_list":{"0":"post-4264","1":"product","2":"type-product","3":"status-publish","4":"has-post-thumbnail","6":"product_cat-mpl","7":"product_cat-produkty-sieciowe","8":"product_cat-sieci-przemyslowe","9":"product_cat-sieci-przemyslowe-2","10":"product_cat-zastosowania","12":"first","13":"instock","14":"shipping-taxable","15":"product-type-simple"},"acf":[],"_links":{"self":[{"href":"https:\/\/quantum.com.pl\/pl\/wp-json\/wp\/v2\/product\/4264","targetHints":{"allow":["GET"]}}],"collection":[{"href":"https:\/\/quantum.com.pl\/pl\/wp-json\/wp\/v2\/product"}],"about":[{"href":"https:\/\/quantum.com.pl\/pl\/wp-json\/wp\/v2\/types\/product"}],"wp:featuredmedia":[{"embeddable":true,"href":"https:\/\/quantum.com.pl\/pl\/wp-json\/wp\/v2\/media\/10873"}],"wp:attachment":[{"href":"https:\/\/quantum.com.pl\/pl\/wp-json\/wp\/v2\/media?parent=4264"}],"wp:term":[{"taxonomy":"product_brand","embeddable":true,"href":"https:\/\/quantum.com.pl\/pl\/wp-json\/wp\/v2\/product_brand?post=4264"},{"taxonomy":"product_cat","embeddable":true,"href":"https:\/\/quantum.com.pl\/pl\/wp-json\/wp\/v2\/product_cat?post=4264"},{"taxonomy":"product_tag","embeddable":true,"href":"https:\/\/quantum.com.pl\/pl\/wp-json\/wp\/v2\/product_tag?post=4264"}],"curies":[{"name":"wp","href":"https:\/\/api.w.org\/{rel}","templated":true}]}}