{"id":4276,"date":"2019-09-11T17:43:12","date_gmt":"2019-09-11T15:43:12","guid":{"rendered":"https:\/\/quantum.com.pl\/?post_type=product&#038;p=4276"},"modified":"2020-10-21T15:19:04","modified_gmt":"2020-10-21T13:19:04","slug":"zintegrowana-plytka-pc-104-plus","status":"publish","type":"product","link":"https:\/\/quantum.com.pl\/pl\/product\/zintegrowana-plytka-pc-104-plus\/","title":{"rendered":"Zintegrowana p\u0142ytka PC\/104-Plus"},"content":{"rendered":"<p style=\"text-align: justify;\">PATI to wysoce zintegrowana p\u0142ytka wej\u015bcia\/wyj\u015bcia w obudowie PC\/104-Plus. Zbudowana wok\u00f3\u0142 MPC555 Motorola PowerPCTM Processor i PLX9056 PCI Bridge przenosi doskona\u0142e peryferia MPC555 do standardowego interfejsu PCI.<\/p>\n<p style=\"text-align: justify;\">Dzi\u0119ki mo\u017cliwo\u015bci aktualizacji oprogramowania przez magistral\u0119 PCI, parametr przechodzi przez wbudowany SDRAM, pozwalaj\u0105c PATI uzyska\u0107 dost\u0119p do pami\u0119ci hosta poprzez PCI Busmaster i r\u00f3\u017cne opcje konfiguracji, co umo\u017cliwia szybkie prototypowanie aplikacji.<\/p>\n<p style=\"text-align: justify;\">Tryb autonomiczny pozwala PATI pracowa\u0107 bez hosta. Aplikacja opracowana i przetestowana w \u015brodowisku hosta mo\u017ce by\u0107 wykonywana na PATI w trybie autonomicznym bez modyfikacji kodu.<\/p>\n<p style=\"text-align: justify;\">Urz\u0105dzenia peryferyjne MPC555 s\u0105 dost\u0119pne na 2 standard 50 pin 2.54 mm headers, umo\u017cliwiaj\u0105cych \u0142atwe po\u0142\u0105czenia. Co wi\u0119cej: 8 r\u00f3\u017cnicowych 10-bitowych kana\u0142\u00f3w analogowych\/cyfrowych, 32-bitowe kana\u0142y TPU, 2 interfejsy szeregowe i 2 interfejsy CAN.<\/p>\n<h4 style=\"text-align: justify;\">Cechy szczeg\u00f3lne PATI:<\/h4>\n<ul>\n<li style=\"text-align: justify;\">Procesor Motorola MPC555 PowerPCTM<\/li>\n<li style=\"text-align: justify;\">Zegar procesora 40MHz<\/li>\n<li style=\"text-align: justify;\">16MByte SDRAM on-board<\/li>\n<li style=\"text-align: justify;\">do 8MByte on-board flash<\/li>\n<li style=\"text-align: justify;\">32Bit 33MHz PCI Agent Interface<\/li>\n<li style=\"text-align: justify;\">Bus master capable<\/li>\n<li style=\"text-align: justify;\">Niskie zu\u017cycie energii<\/li>\n<li style=\"text-align: justify;\">5V Power Supply<\/li>\n<li style=\"text-align: justify;\">8 differentials 10bit Analog\/Digital converter channels<\/li>\n<li style=\"text-align: justify;\">32-bitowe kana\u0142y TPU<\/li>\n<li style=\"text-align: justify;\">2 x interfejs szeregowy<\/li>\n<li style=\"text-align: justify;\">2 x interfejs CAN<\/li>\n<li>tolerancja temperatury w zakresie: -40\u00b0C \u2013 +85\u00b0C<\/li>\n<\/ul>\n<p>&nbsp;<\/p>\n<h4>Dane techniczne PATI:<\/h4>\n\n<table id=\"tablepress-133\" class=\"tablepress tablepress-id-133\">\n<thead>\n<tr class=\"row-1\">\n\t<th class=\"column-1\"><strong>Dane og\u00f3lne<\/strong><\/th><td class=\"column-2\"><\/td>\n<\/tr>\n<\/thead>\n<tbody class=\"row-striping row-hover\">\n<tr class=\"row-2\">\n\t<td class=\"column-1\">Switch wyszukiwania silnika<\/td><td class=\"column-2\">Switch silnika o wysokiej wydajno\u015bci obs\u0142uguje do 16 000 wpis\u00f3w MAC<br \/>\nKontrola przep\u0142ywu IEEE 802.3x, kontrola przep\u0142ywu przeciwci\u015bnienia<\/td>\n<\/tr>\n<tr class=\"row-3\">\n\t<td class=\"column-1\">Status LED<\/td><td class=\"column-2\">2 diody LED na ka\u017cdy port miedziany (wska\u017aniki Link \/ Activity i Speed)<br \/>\n1 dioda LED dla ka\u017cdego SFP (wska\u017aniki Link \/ Activity)<\/td>\n<\/tr>\n<tr class=\"row-4\">\n\t<td class=\"column-1\">Dioda LED statusu zewn\u0119trznego<br \/>\n<\/td><td class=\"column-2\">Wszystkie diody LED do zdalnej sygnalizacji s\u0105 dost\u0119pne poprzez zamykan\u0105 g\u0142owic\u0119<br \/>\n<\/td>\n<\/tr>\n<tr class=\"row-5\">\n\t<td class=\"column-1\"><strong>Interfejsy<\/strong><\/td><td class=\"column-2\"><\/td>\n<\/tr>\n<tr class=\"row-6\">\n\t<td class=\"column-1\">Porty<\/td><td class=\"column-2\">8x 1Gbit miedziany, 2x 10Gbit SFP + \/ lub 4x 1Gbit miedziany, 4x 1GBit SFP, 2x 10Gbit SFP+<br \/>\n<\/td>\n<\/tr>\n<tr class=\"row-7\">\n\t<td class=\"column-1\">Porty miedziane<br \/>\n<\/td><td class=\"column-2\">Obs\u0142uga automatycznej zwrotnicy (Auto MDI \/ MDIX)., Automatyczna korekta polaryzacji, auto negocjacja<br \/>\nObs\u0142uga energooszcz\u0119dnego Ethernetu 802.3az<\/td>\n<\/tr>\n<tr class=\"row-8\">\n\t<td class=\"column-1\">Porty SFP 1 Gb<br \/>\n<\/td><td class=\"column-2\">Obs\u0142uguje wszystkie 1 GBit SFP, kt\u00f3re s\u0105 zgodne z MSA i Ethernet<br \/>\nObs\u0142uga cyfrowego monitorowania diagnostycznego (DDM) i potr\u00f3jnej szybko\u015bci miedzianej SFP<\/td>\n<\/tr>\n<tr class=\"row-9\">\n\t<td class=\"column-1\">Porty SFP 10 Gb (2x)<br \/>\n<\/td><td class=\"column-2\">Obs\u0142uguje wszystkie 10 GBit SFP+ i 1 GBit SFP, kt\u00f3re s\u0105 zgodne z MSA i Ethernet<br \/>\nObs\u0142uga bezpo\u015brednio pod\u0142\u0105czonego kabla SFP+<\/td>\n<\/tr>\n<tr class=\"row-10\">\n\t<td class=\"column-1\"><strong>Zarz\u0105dzanie oprogramowaniem<\/strong><\/td><td class=\"column-2\"><\/td>\n<\/tr>\n<tr class=\"row-11\">\n\t<td class=\"column-1\">MPL opracowa\u0142 i utrzymuje zarz\u0105dzanie oprogramowaniem z \u0142atwym w u\u017cyciu interfejsem sieciowym.<br \/>\n<\/td><td class=\"column-2\"><\/td>\n<\/tr>\n<tr class=\"row-12\">\n\t<td class=\"column-1\">Zarz\u0105dzanie wspiera:<br \/>\n(Zarz\u0105dzanie Layer 2)<br \/>\n<\/td><td class=\"column-2\">\u2022 Sprawdzanie adresu MAC IEEE 802.1X<br \/>\n\u2022 IEEE 802.1Q VLAN\t<br \/>\n\u2022 Obs\u0142uga RSTP IEEE 802.1D<br \/>\n\u2022 Obs\u0142uga SNMP V1, V2c, V3<br \/>\n\u2022 Szpiegowanie IGMPv3<br \/>\n\u2022 Klient DHCP<br \/>\n\u2022 Monitorowanie port\u00f3w<br \/>\n\u2022 Statystyki switcha<br \/>\n\u2022 VLAN oparty na portach<br \/>\n\u2022 Jako\u015b\u0107 us\u0142ugi<br \/>\n\u2022 Dost\u0119pne przez https, Telnet, RS232<br \/>\n\u2022 Aktualizacja oprogramowania uk\u0142adowego przez HTTP lub TFTP<br \/>\n\u2022 TLS (HTTPS)<br \/>\n\u2022 Wsparcie trunkingowe (planowane)<br \/>\n<br \/>\n<\/td>\n<\/tr>\n<tr class=\"row-13\">\n\t<td class=\"column-1\"><strong>Moc<\/strong><\/td><td class=\"column-2\"><\/td>\n<\/tr>\n<tr class=\"row-14\">\n\t<td class=\"column-1\">Napi\u0119cie wej\u015bciowe<\/td><td class=\"column-2\">8VDC-36VDC, zabezpieczenie przed odwrotn\u0105 polaryzacj\u0105<br \/>\n<\/td>\n<\/tr>\n<tr class=\"row-15\">\n\t<td class=\"column-1\">Pob\u00f3r mocy<\/td><td class=\"column-2\">15W<br \/>\n<\/td>\n<\/tr>\n<tr class=\"row-16\">\n\t<td class=\"column-1\"><strong>\u015arodowisko<\/strong><\/td><td class=\"column-2\"><\/td>\n<\/tr>\n<tr class=\"row-17\">\n\t<td class=\"column-1\">Temperatura przechowywania<\/td><td class=\"column-2\">-45\u00b0C do +85\u00b0C (-49\u00b0F do +185\u00b0F)<br \/>\n<\/td>\n<\/tr>\n<tr class=\"row-18\">\n\t<td class=\"column-1\">Temperatura operacyjna<\/td><td class=\"column-2\">Od -20\u00b0C do +60\u00b0C (od -4\u00b0F do +140\u00b0F) przy pe\u0142nej pracy<br \/>\nopcjonalnie do 70\u00b0C (158\u00b0F)<\/td>\n<\/tr>\n<tr class=\"row-19\">\n\t<td class=\"column-1\">Wzgl\u0119dna wilgotno\u015b\u0107<\/td><td class=\"column-2\">5% do 95% bez kondensacji<br \/>\n<\/td>\n<\/tr>\n<tr class=\"row-20\">\n\t<td class=\"column-1\"><strong>Standardowa zgodno\u015b\u0107<\/strong><\/td><td class=\"column-2\"><\/td>\n<\/tr>\n<tr class=\"row-21\">\n\t<td class=\"column-1\">EMC<\/td><td class=\"column-2\">EN 55022, EN 55024, EN 61000, MIL-STD-461E<br \/>\n<\/td>\n<\/tr>\n<tr class=\"row-22\">\n\t<td class=\"column-1\">Wstrz\u0105sy i wibracje<\/td><td class=\"column-2\">EN 60068<br \/>\n<\/td>\n<\/tr>\n<tr class=\"row-23\">\n\t<td class=\"column-1\">Bezpiecze\u0144stwo \u015brodowiska<\/td><td class=\"column-2\">EN 50155, MIL-STD-810-F, EN 60601, EN 60950<br \/>\n<\/td>\n<\/tr>\n<tr class=\"row-24\">\n\t<td class=\"column-1\">Lista zatwierdze\u0144<\/td><td class=\"column-2\">CE, IEC 60945, IACS E10<br \/>\n<\/td>\n<\/tr>\n<tr class=\"row-25\">\n\t<td class=\"column-1\">MAXBES zosta\u0142 pomy\u015blnie przetestowany zgodnie z EN50155, MIL-STD-810-G oraz znakiem CE<br \/>\n<\/td><td class=\"column-2\"><\/td>\n<\/tr>\n<\/tbody>\n<\/table>\n<!-- #tablepress-133 from cache -->\n<p>&nbsp;<\/p>\n<h4>Wersje PATI:<\/h4>\n\n<table id=\"tablepress-134\" class=\"tablepress tablepress-id-134\">\n<thead>\n<tr class=\"row-1\">\n\t<th class=\"column-1\"><strong>Chassis version<\/strong><\/th><th class=\"column-2\"><strong>width x depth x height<\/strong><\/th><th class=\"column-3\"><strong>comment<\/strong><br \/>\n<\/th>\n<\/tr>\n<\/thead>\n<tbody class=\"row-striping row-hover\">\n<tr class=\"row-2\">\n\t<td class=\"column-1\">DIN-Rail\/Flange<\/td><td class=\"column-2\">162 x 120 x 62mm<\/td><td class=\"column-3\">custom color or foil available<br \/>\n<\/td>\n<\/tr>\n<tr class=\"row-3\">\n\t<td class=\"column-1\">IP67 MIL<\/td><td class=\"column-2\">280 x 208 x 100mm<\/td><td class=\"column-3\">custom housings and connectors available<br \/>\n<\/td>\n<\/tr>\n<tr class=\"row-4\">\n\t<td class=\"column-1\">Open Frame<\/td><td class=\"column-2\">155 x 105 x min 23mm<\/td><td class=\"column-3\">custom cooling plate available<br \/>\n<\/td>\n<\/tr>\n<\/tbody>\n<\/table>\n<!-- #tablepress-134 from cache -->\n","protected":false},"excerpt":{"rendered":"<h3>PATI<\/h3>\n<p style=\"text-align: justify;\">PATI to wysoce zintegrowana p\u0142ytka wej\u015bcia\/wyj\u015bcia w obudowie PC\/104-Plus. Zbudowana wok\u00f3\u0142 MPC555 Motorola PowerPCTM Processor i PLX9056 PCI Bridge przenosi doskona\u0142e peryferia MPC555 do standardowego interfejsu PCI.<\/p>\n","protected":false},"featured_media":10853,"template":"","meta":{"_acf_changed":false,"inline_featured_image":false,"_monsterinsights_skip_tracking":false,"_monsterinsights_sitenote_active":false,"_monsterinsights_sitenote_note":"","_monsterinsights_sitenote_category":0},"product_brand":[],"product_cat":[1613,359,461],"product_tag":[],"class_list":{"0":"post-4276","1":"product","2":"type-product","3":"status-publish","4":"has-post-thumbnail","6":"product_cat-akcesoria-peryferia","7":"product_cat-mpl","8":"product_cat-peryferia","10":"first","11":"instock","12":"shipping-taxable","13":"product-type-simple"},"acf":[],"_links":{"self":[{"href":"https:\/\/quantum.com.pl\/pl\/wp-json\/wp\/v2\/product\/4276","targetHints":{"allow":["GET"]}}],"collection":[{"href":"https:\/\/quantum.com.pl\/pl\/wp-json\/wp\/v2\/product"}],"about":[{"href":"https:\/\/quantum.com.pl\/pl\/wp-json\/wp\/v2\/types\/product"}],"wp:featuredmedia":[{"embeddable":true,"href":"https:\/\/quantum.com.pl\/pl\/wp-json\/wp\/v2\/media\/10853"}],"wp:attachment":[{"href":"https:\/\/quantum.com.pl\/pl\/wp-json\/wp\/v2\/media?parent=4276"}],"wp:term":[{"taxonomy":"product_brand","embeddable":true,"href":"https:\/\/quantum.com.pl\/pl\/wp-json\/wp\/v2\/product_brand?post=4276"},{"taxonomy":"product_cat","embeddable":true,"href":"https:\/\/quantum.com.pl\/pl\/wp-json\/wp\/v2\/product_cat?post=4276"},{"taxonomy":"product_tag","embeddable":true,"href":"https:\/\/quantum.com.pl\/pl\/wp-json\/wp\/v2\/product_tag?post=4276"}],"curies":[{"name":"wp","href":"https:\/\/api.w.org\/{rel}","templated":true}]}}