{"id":4285,"date":"2019-09-12T11:32:01","date_gmt":"2019-09-12T09:32:01","guid":{"rendered":"https:\/\/quantum.com.pl\/?post_type=product&#038;p=4285"},"modified":"2021-01-14T11:15:06","modified_gmt":"2021-01-14T10:15:06","slug":"10-portowy-switch-rugged-gigabit-z-2-portami-sfp-10-gbit","status":"publish","type":"product","link":"https:\/\/quantum.com.pl\/pl\/product\/10-portowy-switch-rugged-gigabit-z-2-portami-sfp-10-gbit\/","title":{"rendered":"MAXBES-xy (10-portowy switch ,,rugged&#8221; Gigabit z 2 portami SFP + 10 Gbit)"},"content":{"rendered":"<p>MAXBES posiada 8-port\u00f3w o pr\u0119dko\u015bci 1 Gb i 2 porty 10 Gb. 8 port\u00f3w 1 GBit jest dost\u0119pnych jako 8 port\u00f3w miedzianych RJ45 lub 4 porty miedziane RJ45 i 4 1 GBit SFP. Wersja Open Frame oferuje r\u00f3wnie\u017c zamykane nag\u0142\u00f3wki zamiast RJ45. Wszystkie porty maj\u0105 diody LED stanu, wskazuj\u0105ce aktywno\u015b\u0107 i pr\u0119dko\u015b\u0107 ka\u017cdego portu.<\/p>\n<p>Rozwi\u0105zanie MAXBES jest niezwykle kompaktowe i mo\u017ce by\u0107 r\u00f3wnie\u017c u\u017cywane jako rozwi\u0105zanie z otwart\u0105 ram\u0105 lub w obudowie MIL z wybranymi z\u0142\u0105czami. Zasilanie wynosi 8-36 VDC i zu\u017cywa mniej ni\u017c 15 W. Produkt mo\u017ce pracowa\u0107 w temperaturze od -20\u00b0C do 60\u00b0C, a opcjonalnie nawet do +70\u00b0C.<\/p>\n<p>W przypadku port\u00f3w \u015bwiat\u0142owodowych mo\u017cna zastosowa\u0107 wi\u0119kszo\u015b\u0107 nadajniko-odbiornik\u00f3w kompatybilnych z Ethernetem (zgodnie z MSA). Pozwala to na wybranie odpowiedniego nadajniko-odbiornika dla ka\u017cdego \u0142\u0105cza. Jako prze\u0142\u0105cznik zarz\u0105dzany produkt zapewnia dost\u0119p do r\u00f3\u017cnych ustawie\u0144 w celu skonfigurowania funkcji, takich jak: jako\u015b\u0107 us\u0142ugi, sie\u0107 VLAN, Rapid Spanning Tree itp. Aby dostosowa\u0107 te ustawienia, MPL zapewnia \u0142atwy w u\u017cyciu interfejs sieciowy.<\/p>\n<h4>Najwa\u017cniejsze cechy MAXBES<\/h4>\n<ul>\n<li>Zawiera dwa porty 10Gbit SFP+<\/li>\n<li>Wersje RJ45 i g\u0142owicy<\/li>\n<li>Szerokie wej\u015bcie 8-36 VDC<\/li>\n<li>W pe\u0142ni zarz\u0105dzalny przez interfejs sieciowy lub Telnet<\/li>\n<li>Wersje miedziane lub mieszane miedziane \/ \u015bwiat\u0142owodowe<\/li>\n<li>Praca bez wentylatora<\/li>\n<\/ul>\n<p>Te cechy sprawiaj\u0105, \u017ce MAXBES idealnie nadaje si\u0119 do trudnych, przemys\u0142owych aplikacji sieciowych. Ze wzgl\u0119du na niski pob\u00f3r mocy, solidn\u0105 i elastyczn\u0105 konstrukcj\u0119, produkty dobrze nadaj\u0105 si\u0119 do ka\u017cdego wbudowanego systemu. Jest to idealne dopasowanie, niezale\u017cnie od tego, w jakim otoczeniu s\u0105 stosowane. MAXBES u\u0142atwia skonfigurowanie trudnej sieci!<\/p>\n<h4>Dane techniczne MAXBES<\/h4>\n\n<table id=\"tablepress-133\" class=\"tablepress tablepress-id-133\">\n<thead>\n<tr class=\"row-1\">\n\t<th class=\"column-1\"><strong>Dane og\u00f3lne<\/strong><\/th><td class=\"column-2\"><\/td>\n<\/tr>\n<\/thead>\n<tbody class=\"row-striping row-hover\">\n<tr class=\"row-2\">\n\t<td class=\"column-1\">Switch wyszukiwania silnika<\/td><td class=\"column-2\">Switch silnika o wysokiej wydajno\u015bci obs\u0142uguje do 16 000 wpis\u00f3w MAC<br \/>\nKontrola przep\u0142ywu IEEE 802.3x, kontrola przep\u0142ywu przeciwci\u015bnienia<\/td>\n<\/tr>\n<tr class=\"row-3\">\n\t<td class=\"column-1\">Status LED<\/td><td class=\"column-2\">2 diody LED na ka\u017cdy port miedziany (wska\u017aniki Link \/ Activity i Speed)<br \/>\n1 dioda LED dla ka\u017cdego SFP (wska\u017aniki Link \/ Activity)<\/td>\n<\/tr>\n<tr class=\"row-4\">\n\t<td class=\"column-1\">Dioda LED statusu zewn\u0119trznego<br \/>\n<\/td><td class=\"column-2\">Wszystkie diody LED do zdalnej sygnalizacji s\u0105 dost\u0119pne poprzez zamykan\u0105 g\u0142owic\u0119<br \/>\n<\/td>\n<\/tr>\n<tr class=\"row-5\">\n\t<td class=\"column-1\"><strong>Interfejsy<\/strong><\/td><td class=\"column-2\"><\/td>\n<\/tr>\n<tr class=\"row-6\">\n\t<td class=\"column-1\">Porty<\/td><td class=\"column-2\">8x 1Gbit miedziany, 2x 10Gbit SFP + \/ lub 4x 1Gbit miedziany, 4x 1GBit SFP, 2x 10Gbit SFP+<br \/>\n<\/td>\n<\/tr>\n<tr class=\"row-7\">\n\t<td class=\"column-1\">Porty miedziane<br \/>\n<\/td><td class=\"column-2\">Obs\u0142uga automatycznej zwrotnicy (Auto MDI \/ MDIX)., Automatyczna korekta polaryzacji, auto negocjacja<br \/>\nObs\u0142uga energooszcz\u0119dnego Ethernetu 802.3az<\/td>\n<\/tr>\n<tr class=\"row-8\">\n\t<td class=\"column-1\">Porty SFP 1 Gb<br \/>\n<\/td><td class=\"column-2\">Obs\u0142uguje wszystkie 1 GBit SFP, kt\u00f3re s\u0105 zgodne z MSA i Ethernet<br \/>\nObs\u0142uga cyfrowego monitorowania diagnostycznego (DDM) i potr\u00f3jnej szybko\u015bci miedzianej SFP<\/td>\n<\/tr>\n<tr class=\"row-9\">\n\t<td class=\"column-1\">Porty SFP 10 Gb (2x)<br \/>\n<\/td><td class=\"column-2\">Obs\u0142uguje wszystkie 10 GBit SFP+ i 1 GBit SFP, kt\u00f3re s\u0105 zgodne z MSA i Ethernet<br \/>\nObs\u0142uga bezpo\u015brednio pod\u0142\u0105czonego kabla SFP+<\/td>\n<\/tr>\n<tr class=\"row-10\">\n\t<td class=\"column-1\"><strong>Zarz\u0105dzanie oprogramowaniem<\/strong><\/td><td class=\"column-2\"><\/td>\n<\/tr>\n<tr class=\"row-11\">\n\t<td class=\"column-1\">MPL opracowa\u0142 i utrzymuje zarz\u0105dzanie oprogramowaniem z \u0142atwym w u\u017cyciu interfejsem sieciowym.<br \/>\n<\/td><td class=\"column-2\"><\/td>\n<\/tr>\n<tr class=\"row-12\">\n\t<td class=\"column-1\">Zarz\u0105dzanie wspiera:<br \/>\n(Zarz\u0105dzanie Layer 2)<br \/>\n<\/td><td class=\"column-2\">\u2022 Sprawdzanie adresu MAC IEEE 802.1X<br \/>\n\u2022 IEEE 802.1Q VLAN\t<br \/>\n\u2022 Obs\u0142uga RSTP IEEE 802.1D<br \/>\n\u2022 Obs\u0142uga SNMP V1, V2c, V3<br \/>\n\u2022 Szpiegowanie IGMPv3<br \/>\n\u2022 Klient DHCP<br \/>\n\u2022 Monitorowanie port\u00f3w<br \/>\n\u2022 Statystyki switcha<br \/>\n\u2022 VLAN oparty na portach<br \/>\n\u2022 Jako\u015b\u0107 us\u0142ugi<br \/>\n\u2022 Dost\u0119pne przez https, Telnet, RS232<br \/>\n\u2022 Aktualizacja oprogramowania uk\u0142adowego przez HTTP lub TFTP<br \/>\n\u2022 TLS (HTTPS)<br \/>\n\u2022 Wsparcie trunkingowe (planowane)<br \/>\n<br \/>\n<\/td>\n<\/tr>\n<tr class=\"row-13\">\n\t<td class=\"column-1\"><strong>Moc<\/strong><\/td><td class=\"column-2\"><\/td>\n<\/tr>\n<tr class=\"row-14\">\n\t<td class=\"column-1\">Napi\u0119cie wej\u015bciowe<\/td><td class=\"column-2\">8VDC-36VDC, zabezpieczenie przed odwrotn\u0105 polaryzacj\u0105<br \/>\n<\/td>\n<\/tr>\n<tr class=\"row-15\">\n\t<td class=\"column-1\">Pob\u00f3r mocy<\/td><td class=\"column-2\">15W<br \/>\n<\/td>\n<\/tr>\n<tr class=\"row-16\">\n\t<td class=\"column-1\"><strong>\u015arodowisko<\/strong><\/td><td class=\"column-2\"><\/td>\n<\/tr>\n<tr class=\"row-17\">\n\t<td class=\"column-1\">Temperatura przechowywania<\/td><td class=\"column-2\">-45\u00b0C do +85\u00b0C (-49\u00b0F do +185\u00b0F)<br \/>\n<\/td>\n<\/tr>\n<tr class=\"row-18\">\n\t<td class=\"column-1\">Temperatura operacyjna<\/td><td class=\"column-2\">Od -20\u00b0C do +60\u00b0C (od -4\u00b0F do +140\u00b0F) przy pe\u0142nej pracy<br \/>\nopcjonalnie do 70\u00b0C (158\u00b0F)<\/td>\n<\/tr>\n<tr class=\"row-19\">\n\t<td class=\"column-1\">Wzgl\u0119dna wilgotno\u015b\u0107<\/td><td class=\"column-2\">5% do 95% bez kondensacji<br \/>\n<\/td>\n<\/tr>\n<tr class=\"row-20\">\n\t<td class=\"column-1\"><strong>Standardowa zgodno\u015b\u0107<\/strong><\/td><td class=\"column-2\"><\/td>\n<\/tr>\n<tr class=\"row-21\">\n\t<td class=\"column-1\">EMC<\/td><td class=\"column-2\">EN 55022, EN 55024, EN 61000, MIL-STD-461E<br \/>\n<\/td>\n<\/tr>\n<tr class=\"row-22\">\n\t<td class=\"column-1\">Wstrz\u0105sy i wibracje<\/td><td class=\"column-2\">EN 60068<br \/>\n<\/td>\n<\/tr>\n<tr class=\"row-23\">\n\t<td class=\"column-1\">Bezpiecze\u0144stwo \u015brodowiska<\/td><td class=\"column-2\">EN 50155, MIL-STD-810-F, EN 60601, EN 60950<br \/>\n<\/td>\n<\/tr>\n<tr class=\"row-24\">\n\t<td class=\"column-1\">Lista zatwierdze\u0144<\/td><td class=\"column-2\">CE, IEC 60945, IACS E10<br \/>\n<\/td>\n<\/tr>\n<tr class=\"row-25\">\n\t<td class=\"column-1\">MAXBES zosta\u0142 pomy\u015blnie przetestowany zgodnie z EN50155, MIL-STD-810-G oraz znakiem CE<br \/>\n<\/td><td class=\"column-2\"><\/td>\n<\/tr>\n<\/tbody>\n<\/table>\n<!-- #tablepress-133 from cache -->\n<h4>Wymiary MAXBES<\/h4>\n\n<table id=\"tablepress-136\" class=\"tablepress tablepress-id-136\">\n<thead>\n<tr class=\"row-1\">\n\t<th class=\"column-1\"><strong>Board Key Data<\/strong><br \/>\n<\/th><td class=\"column-2\"><\/td>\n<\/tr>\n<\/thead>\n<tbody class=\"row-striping row-hover\">\n<tr class=\"row-2\">\n\t<td class=\"column-1\">Switch lookup Engine<\/td><td class=\"column-2\">High performance lookup engine supports up to16k MAC entries<br \/>\nIEEE 802.3x flow control, back pressure flow control<\/td>\n<\/tr>\n<tr class=\"row-3\">\n\t<td class=\"column-1\">Status LED<\/td><td class=\"column-2\">2 LEDs for each copper port (Link\/Activity and Speed indicators)<br \/>\n1 LED for each SFP (Link\/Activity indicators)<\/td>\n<\/tr>\n<tr class=\"row-4\">\n\t<td class=\"column-1\">External Status LED<\/td><td class=\"column-2\">All LED for remote indication are available over lockable header<br \/>\n<\/td>\n<\/tr>\n<tr class=\"row-5\">\n\t<td class=\"column-1\"><strong>Interfaces<\/strong><br \/>\n<\/td><td class=\"column-2\"><\/td>\n<\/tr>\n<tr class=\"row-6\">\n\t<td class=\"column-1\">Ports<\/td><td class=\"column-2\">8x 1Gbit copper, 2x 10Gbit SFP+ \/ or 4x 1Gbit copper, 4x 1GBit SFP, 2x 10Gbit SFP+<br \/>\n<\/td>\n<\/tr>\n<tr class=\"row-7\">\n\t<td class=\"column-1\">Copper ports<\/td><td class=\"column-2\">Auto crossover (Auto MDI\/MDIX) support., auto polarity correction, auto negotiation<br \/>\nSupport for 802.3az Energy Efficient Ethernet<\/td>\n<\/tr>\n<tr class=\"row-8\">\n\t<td class=\"column-1\">1Gbit SFP ports<\/td><td class=\"column-2\">Supports all 1GBit SFP which are MSA compliant and Ethernet compatible<br \/>\nSupport for digital diagnostics monitoring (DDM) and triple speed copper SFP<\/td>\n<\/tr>\n<tr class=\"row-9\">\n\t<td class=\"column-1\">10Gbit SFP ports (2x)<\/td><td class=\"column-2\">Supports all 10GBit SFP+ and 1GBit SFP which are MSA compliant and Ethernet compatible<br \/>\nSupport for direct attached cable SFP+<\/td>\n<\/tr>\n<tr class=\"row-10\">\n\t<td class=\"column-1\"><strong>Management Software<\/strong><br \/>\n<\/td><td class=\"column-2\"><\/td>\n<\/tr>\n<tr class=\"row-11\">\n\t<td class=\"column-1\">MPL developed and maintains a management SW with easy to use web interface.<br \/>\n<\/td><td class=\"column-2\"><\/td>\n<\/tr>\n<tr class=\"row-12\">\n\t<td class=\"column-1\">Management supports:\t(Layer 2 Management)<\/td><td class=\"column-2\">\u2022 IEEE 802.1X MAC Address Checking <br \/>\n\u2022Switch statistic<br \/>\n\u2022 IEEE 802.1Q VLAN\t<br \/>\n\u2022 Port Based VLAN<br \/>\n\u2022 IEEE 802.1D RSTP support\t<br \/>\n\u2022 Quality of Service<br \/>\n\u2022 SNMP V1, V2c, V3 support\t<br \/>\n\u2022 Accessible via https, Telnet, RS232<br \/>\n\u2022 IGMPv3 snooping\t\u2022 Firmware Update via HTTP or TFTP<br \/>\n\u2022 DHCP Client\t<br \/>\n\u2022 TLS (HTTPS)<br \/>\n\u2022 Port monitoring\t\u2022 Trunking support (planned)<\/td>\n<\/tr>\n<tr class=\"row-13\">\n\t<td class=\"column-1\"><strong>Power<\/strong><\/td><td class=\"column-2\"><\/td>\n<\/tr>\n<tr class=\"row-14\">\n\t<td class=\"column-1\">Input voltage<\/td><td class=\"column-2\">8VDC- 36VDC, Reverse polarity protection<br \/>\n<\/td>\n<\/tr>\n<tr class=\"row-15\">\n\t<td class=\"column-1\">Power consumption<\/td><td class=\"column-2\">15W<\/td>\n<\/tr>\n<tr class=\"row-16\">\n\t<td class=\"column-1\"><strong>Environment<\/strong><br \/>\n<\/td><td class=\"column-2\"><\/td>\n<\/tr>\n<tr class=\"row-17\">\n\t<td class=\"column-1\">Storage Temperature<\/td><td class=\"column-2\">-45\u00b0C up to +85\u00b0C (-49\u00b0F to +185\u00b0F)<br \/>\n<\/td>\n<\/tr>\n<tr class=\"row-18\">\n\t<td class=\"column-1\">Operating Temperature<\/td><td class=\"column-2\">-20\u00b0C to +60\u00b0C (-4\u00b0F to +140\u00b0F) at full operation<br \/>\noptionally up to 70\u00b0C (158\u00b0F)<\/td>\n<\/tr>\n<tr class=\"row-19\">\n\t<td class=\"column-1\">Relative Humidity<\/td><td class=\"column-2\">5% to 95% non condensing<br \/>\n<\/td>\n<\/tr>\n<tr class=\"row-20\">\n\t<td class=\"column-1\"><strong>Standard Compliance<\/strong><br \/>\n<\/td><td class=\"column-2\"><\/td>\n<\/tr>\n<tr class=\"row-21\">\n\t<td class=\"column-1\">EMC<\/td><td class=\"column-2\">EN 55022, EN 55024, EN 61000, MIL-STD-461E<br \/>\n<\/td>\n<\/tr>\n<tr class=\"row-22\">\n\t<td class=\"column-1\">Shock &amp; Vibration<\/td><td class=\"column-2\">EN 60068<br \/>\n<\/td>\n<\/tr>\n<tr class=\"row-23\">\n\t<td class=\"column-1\">Environmental &amp; Safety<\/td><td class=\"column-2\">EN 50155, MIL-STD-810-F, EN 60601, EN 60950<br \/>\n<\/td>\n<\/tr>\n<tr class=\"row-24\">\n\t<td class=\"column-1\">Approval List<\/td><td class=\"column-2\">CE, IEC 60945, IACS E10<br \/>\n<\/td>\n<\/tr>\n<tr class=\"row-25\">\n\t<td class=\"column-1\">The MAXBES has been successfully tested according EN50155, MIL-STD-810-G as well as CE marking<br \/>\n<\/td><td class=\"column-2\"><\/td>\n<\/tr>\n<\/tbody>\n<\/table>\n<!-- #tablepress-136 from cache -->\n<p>&nbsp;<\/p>\n<h4>Dost\u0119pne wersje MAXBES<\/h4>\n<h4><img decoding=\"async\" class=\"aligncenter\" src=\"http:\/\/www.mpl.ch\/images\/industrialE\/maxbes-versions.gif\" alt=\"[MAXBES versions]\" border=\"0\" \/><\/h4>\n<p>&nbsp;<\/p>\n<h4>Akcesoria<\/h4>\n\n<table id=\"tablepress-135\" class=\"tablepress tablepress-id-135\">\n<thead>\n<tr class=\"row-1\">\n\t<th class=\"column-1\"><strong>SFP (optical transceiver) in stock<\/strong><br \/>\n<\/th><td class=\"column-2\"><\/td>\n<\/tr>\n<\/thead>\n<tbody class=\"row-striping row-hover\">\n<tr class=\"row-2\">\n\t<td class=\"column-1\">Optional: MPL offers following SFP modules (others on request)<br \/>\n<\/td><td class=\"column-2\"><\/td>\n<\/tr>\n<tr class=\"row-3\">\n\t<td class=\"column-1\">SFP-1X<\/td><td class=\"column-2\">1Gb SFP 850nm optical transceiver, 1000BASE-SX, multi mode, up to 500m, with standard LC connector, case temp. -40 to +85\u00b0C<br \/>\n<\/td>\n<\/tr>\n<tr class=\"row-4\">\n\t<td class=\"column-1\">SFP-2X<\/td><td class=\"column-2\">1Gb SFP 1310nm optical transceiver, 1000BASE-LX, single mode, up to 10km, with standard LC connector, case temp. -40 to +85\u00b0C<br \/>\n<\/td>\n<\/tr>\n<tr class=\"row-5\">\n\t<td class=\"column-1\">SFP-3X<\/td><td class=\"column-2\">100Mb SFP 1310nm optical transceiver, 100BASE-FX, multi mode, up to 2km, with standard LC connector, case temp. -40 to +85\u00b0C<br \/>\n<\/td>\n<\/tr>\n<tr class=\"row-6\">\n\t<td class=\"column-1\">or any other standard SFP in accordance to MSA &amp; Ethernet compatible<br \/>\n<\/td><td class=\"column-2\"><\/td>\n<\/tr>\n<\/tbody>\n<\/table>\n<!-- #tablepress-135 from cache -->\n<p>&nbsp;<\/p>\n","protected":false},"excerpt":{"rendered":"<h3><strong>MAXBES<\/strong><\/h3>\n<p>Rozwi\u0105zanie MAXBES jest niezwykle kompaktowe i mo\u017ce by\u0107 r\u00f3wnie\u017c u\u017cywane jako rozwi\u0105zanie z otwart\u0105 ram\u0105 lub w obudowie MIL z wybranymi z\u0142\u0105czami. Zasilanie wynosi 8-36 VDC i zu\u017cywa mniej ni\u017c 15 W. Produkt mo\u017ce pracowa\u0107 w temperaturze od -20\u00b0C do 60\u00b0C, a opcjonalnie nawet do +70\u00b0C.<\/p>\n","protected":false},"featured_media":10863,"template":"","meta":{"_acf_changed":false,"inline_featured_image":false,"_monsterinsights_skip_tracking":false,"_monsterinsights_sitenote_active":false,"_monsterinsights_sitenote_note":"","_monsterinsights_sitenote_category":0},"product_brand":[],"product_cat":[359,1587,445],"product_tag":[],"class_list":{"0":"post-4285","1":"product","2":"type-product","3":"status-publish","4":"has-post-thumbnail","6":"product_cat-mpl","7":"product_cat-produkty-sieciowe","8":"product_cat-sieci-przemyslowe","10":"first","11":"instock","12":"shipping-taxable","13":"product-type-simple"},"acf":[],"_links":{"self":[{"href":"https:\/\/quantum.com.pl\/pl\/wp-json\/wp\/v2\/product\/4285","targetHints":{"allow":["GET"]}}],"collection":[{"href":"https:\/\/quantum.com.pl\/pl\/wp-json\/wp\/v2\/product"}],"about":[{"href":"https:\/\/quantum.com.pl\/pl\/wp-json\/wp\/v2\/types\/product"}],"wp:featuredmedia":[{"embeddable":true,"href":"https:\/\/quantum.com.pl\/pl\/wp-json\/wp\/v2\/media\/10863"}],"wp:attachment":[{"href":"https:\/\/quantum.com.pl\/pl\/wp-json\/wp\/v2\/media?parent=4285"}],"wp:term":[{"taxonomy":"product_brand","embeddable":true,"href":"https:\/\/quantum.com.pl\/pl\/wp-json\/wp\/v2\/product_brand?post=4285"},{"taxonomy":"product_cat","embeddable":true,"href":"https:\/\/quantum.com.pl\/pl\/wp-json\/wp\/v2\/product_cat?post=4285"},{"taxonomy":"product_tag","embeddable":true,"href":"https:\/\/quantum.com.pl\/pl\/wp-json\/wp\/v2\/product_tag?post=4285"}],"curies":[{"name":"wp","href":"https:\/\/api.w.org\/{rel}","templated":true}]}}