{"id":4298,"date":"2019-09-12T11:40:28","date_gmt":"2019-09-12T09:40:28","guid":{"rendered":"https:\/\/quantum.com.pl\/?post_type=product&#038;p=4298"},"modified":"2021-02-05T14:14:06","modified_gmt":"2021-02-05T13:14:06","slug":"swiatlowodowy-ethernet-media-konwerter","status":"publish","type":"product","link":"https:\/\/quantum.com.pl\/pl\/product\/swiatlowodowy-ethernet-media-konwerter\/","title":{"rendered":"TX2FX-1x (\u015awiat\u0142owodowy Ethernet Media Konwerter)"},"content":{"rendered":"<p>TX2FX to media konwerter Ethernet, t\u0142umacz\u0105cym sygna\u0142y z 10\/100\/1000 Base-TX Cable do 100 Base-FX lub 1000 Base-X Fiber Optic Cable. Rozszerza on dystans transmisji danych sieciowych od 100-metrowego limitu do ponad 10 kilometr\u00f3w dzi\u0119ki u\u017cyciu przewodu \u015bwiat\u0142owodowego.<\/p>\n<p>Dla portu \u015bwiat\u0142owodowego dowolny standardowy modu\u0142 transceivera Small Form Factor (SFP) mo\u017ce by\u0107 u\u017cywany na TX2FX. Modu\u0142y nadawczo-odbiorcze SFP s\u0105 dost\u0119pne w r\u00f3\u017cnych typach nadajnik\u00f3w i odbiornik\u00f3w, dzi\u0119ki czemu u\u017cytkownicy mog\u0105 wybra\u0107 odpowiednie urz\u0105dzenie nadawczo-odbiorcze dla wymaganego \u015bwiat\u0142owodowego interfejsu.<\/p>\n<p>Ponadto TX2FX zapewnia automatyczne wykrywanie oraz inicjowanie modu\u0142u SFP, a tak\u017ce posiada \u0142atwe do odczytania diagnostyczne diody LED dla ci\u0105g\u0142ego raportowania o szybko\u015bci sieci, ruchu i stanie port\u00f3w \u015bwiat\u0142owodowych.<\/p>\n<h4>Cechy produktu:<\/h4>\n<ul>\n<li>Potr\u00f3jna pr\u0119dko\u015b\u0107 (10\/100\/1000Mbit) copper Ethernet interface<\/li>\n<li>Automatyczne wykrywanie i inicjowanie modu\u0142u SFP (100Mbit-FX, 1000Mbit-X)<\/li>\n<li>Pojedyncze szerokie wej\u015bcie zasilania (5 do 36V)<\/li>\n<li>R\u00f3\u017cne wersje mechaniczne<\/li>\n<li>Rozszerzona temperatura -40\u00b0C do +85\u00b0C<\/li>\n<li>Konfigurowalna kontrola przep\u0142ywu, przekierowanie strat \u0142\u0105cza i przekierowanie pr\u0119dko\u015bci \u0142\u0105cza Obs\u0142uga<\/li>\n<li>Jumbo Frame<\/li>\n<li>Prze\u0142\u0105cznik niezarz\u0105dzany (tylko TX2FX-13\/TX2FX-14)<\/li>\n<\/ul>\n<p>Te cechy sprawiaj\u0105, \u017ce TX2FX idealnie nadaje si\u0119 do ka\u017cdego zastosowania przemys\u0142owego. Dzi\u0119ki niskiemu poborowi mocy oraz solidnej i elastycznej konstrukcji, produkt mo\u017ce by\u0107 stosowany w ka\u017cdym wbudowanym systemie. Niezale\u017cnie od tego, czy jest on u\u017cywany w trudnych, gor\u0105cych lub innych ekstremalnych warunkach, TX2FX pomaga rozszerzy\u0107 zasi\u0119g twojej sieci!<\/p>\n<p>&nbsp;<\/p>\n<h4>Dane techniczne:<\/h4>\n\n<table id=\"tablepress-58\" class=\"tablepress tablepress-id-58\">\n<thead>\n<tr class=\"row-1\">\n\t<th class=\"column-1\"><strong>Board Key Data<\/strong><\/th><td class=\"column-2\"><\/td>\n<\/tr>\n<\/thead>\n<tbody class=\"row-striping row-hover\">\n<tr class=\"row-2\">\n\t<td class=\"column-1\">Copper Port<\/td><td class=\"column-2\">on RJ45 (10\/100\/1000Mbit)<br \/>\nsupports auto crossover, polarity correction<\/td>\n<\/tr>\n<tr class=\"row-3\">\n\t<td class=\"column-1\">Fiber Optic Port<\/td><td class=\"column-2\">over standard SFP transceivers, supports single- and<br \/>\nmulti-mode, 100Mbit-FX or 1000Mbit-X<\/td>\n<\/tr>\n<tr class=\"row-4\">\n\t<td class=\"column-1\">Status LEDs<\/td><td class=\"column-2\">2 LEDs for each RJ45 port \/ 2 LEDs for each SFP port<\/td>\n<\/tr>\n<tr class=\"row-5\">\n\t<td class=\"column-1\"><strong>Physical \/ Power<\/strong><\/td><td class=\"column-2\"><\/td>\n<\/tr>\n<tr class=\"row-6\">\n\t<td class=\"column-1\">Size (L x W x H)<\/td><td class=\"column-2\">75.7 x 50.0 x 16.0 mm<\/td>\n<\/tr>\n<tr class=\"row-7\">\n\t<td class=\"column-1\"><strong>Power<\/strong><\/td><td class=\"column-2\">5VDC to 36VDC<\/td>\n<\/tr>\n<tr class=\"row-8\">\n\t<td class=\"column-1\">Power consumpt.<\/td><td class=\"column-2\">1.8W 1Gbit copper\/optical link<\/td>\n<\/tr>\n<tr class=\"row-9\">\n\t<td class=\"column-1\"><strong>Environment<\/strong><\/td><td class=\"column-2\"><\/td>\n<\/tr>\n<tr class=\"row-10\">\n\t<td class=\"column-1\">Temp. Range<\/td><td class=\"column-2\">Standard -20\u00b0C to 60\u00b0C, optional -40\u00b0C to 85\u00b0C<\/td>\n<\/tr>\n<tr class=\"row-11\">\n\t<td class=\"column-1\">Humidity<\/td><td class=\"column-2\">\t5 - 95% non condensing, optional coating available<\/td>\n<\/tr>\n<\/tbody>\n<\/table>\n<!-- #tablepress-58 from cache -->\n<p>&nbsp;<\/p>\n<p><img loading=\"lazy\" decoding=\"async\" class=\"aligncenter wp-image-3893 size-full\" src=\"https:\/\/quantum.com.pl\/wp-content\/uploads\/2019\/08\/tx2fx-versions.gif\" alt=\"wersje TX2FX\" width=\"800\" height=\"198\" \/><\/p>\n<h4>Akcesoria:<\/h4>\n\n<table id=\"tablepress-59\" class=\"tablepress tablepress-id-59 tbody-has-connected-cells\">\n<thead>\n<tr class=\"row-1\">\n\t<th colspan=\"2\" class=\"column-1\"><strong>SFP (optical transceiver) in stock<\/strong><\/th>\n<\/tr>\n<\/thead>\n<tbody class=\"row-striping row-hover\">\n<tr class=\"row-2\">\n\t<td colspan=\"2\" class=\"column-1\">Optional: MPL offers following SFP modules (others on request)<\/td>\n<\/tr>\n<tr class=\"row-3\">\n\t<td class=\"column-1\">SFP-1X<\/td><td class=\"column-2\">1Gb SFP 850nm optical transceiver, 1000BASE-SX, multi mode, up to 500m, with standard LC connector, case temp. -40 to +85\u00b0C<\/td>\n<\/tr>\n<tr class=\"row-4\">\n\t<td class=\"column-1\">SFP-2X<\/td><td class=\"column-2\">1Gb SFP 1310nm optical transceiver, 1000BASE-LX, single mode, up to 10km, with standard LC connector, case temp. -40 to +85\u00b0C<\/td>\n<\/tr>\n<tr class=\"row-5\">\n\t<td class=\"column-1\">SFP-3X<\/td><td class=\"column-2\">100Mb SFP 1310nm optical transceiver, 100BASE-FX, multi mode, up to 2km, with standard LC connector, case temp. -40 to +85\u00b0C<\/td>\n<\/tr>\n<tr class=\"row-6\">\n\t<td colspan=\"2\" class=\"column-1\">or any other standard SFP in accordance to MSA &amp; Ethernet compatible<\/td>\n<\/tr>\n<\/tbody>\n<\/table>\n<!-- #tablepress-59 from cache -->\n","protected":false},"excerpt":{"rendered":"<h3>TX2FX<\/h3>\n<p>TX2FX to konwerter medi\u00f3w Ethernet, t\u0142umacz\u0105cym sygna\u0142y z 10\/100\/1000 Base-TX Cable do 100 Base-FX lub 1000 Base-X Fiber Optic Cable. Rozszerza on dystans transmisji danych sieciowych od 100-metrowego limitu do ponad 10 kilometr\u00f3w dzi\u0119ki u\u017cyciu przewodu \u015bwiat\u0142owodowego.<\/p>\n","protected":false},"featured_media":10867,"template":"","meta":{"_acf_changed":false,"inline_featured_image":false,"_monsterinsights_skip_tracking":false,"_monsterinsights_sitenote_active":false,"_monsterinsights_sitenote_note":"","_monsterinsights_sitenote_category":0},"product_brand":[],"product_cat":[359,1587,1602,445,1606,1565],"product_tag":[],"class_list":{"0":"post-4298","1":"product","2":"type-product","3":"status-publish","4":"has-post-thumbnail","6":"product_cat-mpl","7":"product_cat-produkty-sieciowe","8":"product_cat-przemysl-wojskowy","9":"product_cat-sieci-przemyslowe","10":"product_cat-sieci-przemyslowe-2","11":"product_cat-zastosowania","13":"first","14":"instock","15":"shipping-taxable","16":"product-type-simple"},"acf":[],"_links":{"self":[{"href":"https:\/\/quantum.com.pl\/pl\/wp-json\/wp\/v2\/product\/4298","targetHints":{"allow":["GET"]}}],"collection":[{"href":"https:\/\/quantum.com.pl\/pl\/wp-json\/wp\/v2\/product"}],"about":[{"href":"https:\/\/quantum.com.pl\/pl\/wp-json\/wp\/v2\/types\/product"}],"wp:featuredmedia":[{"embeddable":true,"href":"https:\/\/quantum.com.pl\/pl\/wp-json\/wp\/v2\/media\/10867"}],"wp:attachment":[{"href":"https:\/\/quantum.com.pl\/pl\/wp-json\/wp\/v2\/media?parent=4298"}],"wp:term":[{"taxonomy":"product_brand","embeddable":true,"href":"https:\/\/quantum.com.pl\/pl\/wp-json\/wp\/v2\/product_brand?post=4298"},{"taxonomy":"product_cat","embeddable":true,"href":"https:\/\/quantum.com.pl\/pl\/wp-json\/wp\/v2\/product_cat?post=4298"},{"taxonomy":"product_tag","embeddable":true,"href":"https:\/\/quantum.com.pl\/pl\/wp-json\/wp\/v2\/product_tag?post=4298"}],"curies":[{"name":"wp","href":"https:\/\/api.w.org\/{rel}","templated":true}]}}