{"id":4302,"date":"2019-09-13T12:13:30","date_gmt":"2019-09-13T10:13:30","guid":{"rendered":"https:\/\/quantum.com.pl\/?post_type=product&#038;p=4302"},"modified":"2021-01-16T15:59:01","modified_gmt":"2021-01-16T14:59:01","slug":"uniwersalny-kontroler-gigabit-ethernet","status":"publish","type":"product","link":"https:\/\/quantum.com.pl\/pl\/product\/uniwersalny-kontroler-gigabit-ethernet\/","title":{"rendered":"UNIGET (Uniwersalny Kontroler Gigabit Ethernet)"},"content":{"rendered":"<div id=\"tw-target-text-container\" class=\"tw-ta-container tw-nfl\">\n<p id=\"tw-target-text\" class=\"tw-data-text tw-text-large tw-ta\" dir=\"ltr\" data-placeholder=\"T\u0142umaczenie\"><span lang=\"pl\" tabindex=\"0\">Rodzina UNIGET to uniwersalny modu\u0142 rozszerzaj\u0105cy Gigabit Ethernet oparty na standardzie PCIe \/ 104. Jest przeznaczony do rozbudowy g\u0142\u00f3wnie wytrzyma\u0142ych komputer\u00f3w MPL. Za pomoc\u0105 jednego modu\u0142u UNIGET system mo\u017cna rozszerzy\u0107 o maksymalnie 4 kontrolery Gigabit Ethernet!<br \/>\n<\/span><\/p>\n<p dir=\"ltr\" data-placeholder=\"T\u0142umaczenie\">Aby sprosta\u0107 r\u00f3\u017cnym wymaganiom, UNIGET obs\u0142uguje kilka interfejs\u00f3w, takich jak z\u0142\u0105cza RJ45, 2 mm blokowany nag\u0142\u00f3wek i klatki SFP dla \u015bwiat\u0142owodowych sieci LAN. Ponadto miedziane porty modu\u0142u u\u0142atwiaj\u0105 tak\u017ce zasilanie przez Ethernet (PoE+). Ka\u017cdy port Ethernet ma w\u0142asny kontroler Intel Ethernet pod\u0142\u0105czony do dedykowanego \u0142\u0105cza PCI Express x1.<\/p>\n<h4 dir=\"ltr\" data-placeholder=\"T\u0142umaczenie\">Najwa\u017cniejsze cechy UNIGET<\/h4>\n<ul>\n<li>Do 4 port\u00f3w Gigabit Ethernet<\/li>\n<li>4 niezale\u017cne kontrolery Intel Ethernet<\/li>\n<li>Diody LED na p\u0142ycie lub dost\u0119pne zdalnie<\/li>\n<li>RJ45, 2 mm blokowane z\u0142\u0105cza lub SFP<\/li>\n<li>Ka\u017cda sie\u0107 LAN jest pod\u0142\u0105czona do przeznaczonego \u0142\u0105cza PCI Express x1<\/li>\n<li>Pojedynczy zasilacz 3,3 V<\/li>\n<li>Niezale\u017cne zasilanie PoE<\/li>\n<li>Rozwi\u0105zanie dost\u0119pne d\u0142ugoterminowo*<\/li>\n<\/ul>\n<p><em>*zazwyczaj 10 lat lub wi\u0119cej, ponad 20 lat mo\u017cliwo\u015bci naprawy (po pierwszym wprowadzeniu)<\/em><\/p>\n<p>Te cechy sprawiaj\u0105, \u017ce rodzina UNIGET idealnie nadaje si\u0119 do wszelkich wytrzyma\u0142ych aplikacji przemys\u0142owych lub sieciowych. Ze wzgl\u0119du na niskie zu\u017cycie energii, solidn\u0105 i elastyczn\u0105 konstrukcj\u0119, produkty dobrze nadaj\u0105 si\u0119 do system\u00f3w wbudowanych nawet w \u015brodowiskach o podwy\u017cszonej temperaturze. UNIGET u\u0142atwia skonfigurowanie bramki sieciowej, a tak\u017ce po\u0142\u0105czenie jej z nasz\u0105 rodzin\u0105 switch\u00f3w ,,rugged&#8221;.<\/p>\n<h4>Dane techniczne UNIGET<\/h4>\n\n<table id=\"tablepress-139\" class=\"tablepress tablepress-id-139\">\n<thead>\n<tr class=\"row-1\">\n\t<th class=\"column-1\"><strong>Board Key Data<\/strong><br \/>\n<\/th><td class=\"column-2\"><\/td>\n<\/tr>\n<\/thead>\n<tbody class=\"row-striping row-hover\">\n<tr class=\"row-2\">\n\t<td class=\"column-1\">Network Controller<\/td><td class=\"column-2\">4x Intel i210IT or IS GbE LAN controller<br \/>\nAvailable with 10pin iGrid lockable headers or at standard RJ45 connectors<\/td>\n<\/tr>\n<tr class=\"row-3\">\n\t<td class=\"column-1\">Status LEDs<\/td><td class=\"column-2\">LAN speed and activity LEDs for each Ethernet port available, either at the RJ45 connectors,<br \/>\nat a 20 pin Molex pClasp connector or directly at the UNIGET PCB (fiber versions)<\/td>\n<\/tr>\n<tr class=\"row-4\">\n\t<td class=\"column-1\">Host Interface<\/td><td class=\"column-2\">PCIe\/104 - Each controller resides on a dedicated PCI Express x1 lane link<br \/>\n(all four PCI Express Gen2 x1 lane links used)<br \/>\nPCIe v2.1 (2.5 GT\/s)<br \/>\noptional PCI bus stack through<\/td>\n<\/tr>\n<tr class=\"row-5\">\n\t<td class=\"column-1\"><strong>Management Support<\/strong><br \/>\n<\/td><td class=\"column-2\"><\/td>\n<\/tr>\n<tr class=\"row-6\">\n\t<td class=\"column-1\">Features<\/td><td class=\"column-2\">Automatic polarity detection<br \/>\nAutomatic MDI\/MDI-X detection<br \/>\nAdvanced cable diagnostics<br \/>\n9.5 kB jumbo frame support<br \/>\nIEEE 802.1q VLAN support<br \/>\nIEEE 1588\/802.1as precision time synchronization<br \/>\nIEEE 802.3at PoE+ support on copper type UNIGETs<br \/>\nESD protected connectors<\/td>\n<\/tr>\n<tr class=\"row-7\">\n\t<td class=\"column-1\"><strong>Interfaces<\/strong><br \/>\n<\/td><td class=\"column-2\"><\/td>\n<\/tr>\n<tr class=\"row-8\">\n\t<td class=\"column-1\">Copper Ports<\/td><td class=\"column-2\">2mm lockable header or high quality RJ45 connectors<br \/>\n<\/td>\n<\/tr>\n<tr class=\"row-9\">\n\t<td class=\"column-1\">Up to 4 Fiber Ports<\/td><td class=\"column-2\">supports standard 1Gbit SFP Modules (Single and Multimode)<br \/>\n(Please ask MPL AG for further information about 100BASE-FX fiber or 1000BASE-T copper SFP support.)<\/td>\n<\/tr>\n<tr class=\"row-10\">\n\t<td class=\"column-1\"><strong>Power<\/strong><br \/>\n<\/td><td class=\"column-2\"><\/td>\n<\/tr>\n<tr class=\"row-11\">\n\t<td class=\"column-1\">Input Voltage<\/td><td class=\"column-2\">3.3 VDC over PCIe\/104 connector<br \/>\n<\/td>\n<\/tr>\n<tr class=\"row-12\">\n\t<td class=\"column-1\">Power Consumption<\/td><td class=\"column-2\">1.4W without LAN cables \/ 1.8W with 1 GbE link \/ 2.2W with 2 GbE links \/ 2.9W with 4 GbE links<br \/>\n<\/td>\n<\/tr>\n<tr class=\"row-13\">\n\t<td class=\"column-1\">PoE+ Voltage<\/td><td class=\"column-2\">Must be supplied to the PoE+ power connector<br \/>\n+44 .. +57 V (Power Classes 0 .. 3) \/ +50 .. +57 V (Power Class 4)<\/td>\n<\/tr>\n<tr class=\"row-14\">\n\t<td class=\"column-1\">PoE+ Power Classes<\/td><td class=\"column-2\">15.4 W (Class 0) \/ 4 W (Class 1) \/ 7 W (Class 2) \/ 15.4 W (Class 3) \/ 30.0 W (Class 4)<br \/>\n<\/td>\n<\/tr>\n<tr class=\"row-15\">\n\t<td class=\"column-1\"><strong>Environment<\/strong><br \/>\n<\/td><td class=\"column-2\"><\/td>\n<\/tr>\n<tr class=\"row-16\">\n\t<td class=\"column-1\">Storage Temperature<\/td><td class=\"column-2\">-45\u00b0C to 85\u00b0C (-49\u00b0F to 185\u00b0F)<br \/>\n<\/td>\n<\/tr>\n<tr class=\"row-17\">\n\t<td class=\"column-1\">Operating Temperature<\/td><td class=\"column-2\">-20\u00b0C to 60\u00b0C (-4\u00b0F to 140\u00b0F) at full operation<br \/>\noptionally -40\u00b0C to 85\u00b0C (-40\u00b0F to 185\u00b0F) at full operation<\/td>\n<\/tr>\n<tr class=\"row-18\">\n\t<td class=\"column-1\">Relative Humidity<\/td><td class=\"column-2\">5% to 95% none condensing<br \/>\n<\/td>\n<\/tr>\n<tr class=\"row-19\">\n\t<td class=\"column-1\"><strong>Standard Compliance<\/strong><br \/>\n<\/td><td class=\"column-2\"><\/td>\n<\/tr>\n<tr class=\"row-20\">\n\t<td class=\"column-1\">EMC<\/td><td class=\"column-2\">EN 55022, EN 55024, EN 61000, MIL-STD-461E<br \/>\n<\/td>\n<\/tr>\n<tr class=\"row-21\">\n\t<td class=\"column-1\">Shock &amp; Vibration<\/td><td class=\"column-2\">EN 60068<br \/>\n<\/td>\n<\/tr>\n<tr class=\"row-22\">\n\t<td class=\"column-1\">Environmental &amp; Safety<\/td><td class=\"column-2\">EN 50155, MIL-STD-810-F, EN 60601, EN 60950<br \/>\n<\/td>\n<\/tr>\n<tr class=\"row-23\">\n\t<td class=\"column-1\">Approval List<\/td><td class=\"column-2\">CE, IEC 60945, IACS E10<br \/>\n<\/td>\n<\/tr>\n<\/tbody>\n<\/table>\n<!-- #tablepress-139 from cache -->\n<h4>Wersje UNIGET<\/h4>\n\n<table id=\"tablepress-138\" class=\"tablepress tablepress-id-138\">\n<thead>\n<tr class=\"row-1\">\n\t<td class=\"column-1\"><\/td><th class=\"column-2\"><strong>UNIGET-1<\/strong><\/th><th class=\"column-3\"><strong>UNIGET-2<\/strong><\/th><th class=\"column-4\"><strong>UNIGET-3<\/strong><\/th><th class=\"column-5\"><strong>UNIGET-4<\/strong><\/th>\n<\/tr>\n<\/thead>\n<tbody class=\"row-striping row-hover\">\n<tr class=\"row-2\">\n\t<td class=\"column-1\">Ethernet controller<\/td><td class=\"column-2\">4x Intel i210IT<\/td><td class=\"column-3\">4x Intel i210IT<\/td><td class=\"column-4\">4x Intel i210IS<\/td><td class=\"column-5\">2x Intel i210IT<br \/>\n2x Intel i210IS<\/td>\n<\/tr>\n<tr class=\"row-3\">\n\t<td class=\"column-1\">RJ45 connectors<br \/>\n<\/td><td class=\"column-2\">4x<\/td><td class=\"column-3\">-<\/td><td class=\"column-4\">-<\/td><td class=\"column-5\">2x<\/td>\n<\/tr>\n<tr class=\"row-4\">\n\t<td class=\"column-1\">lockable headers<\/td><td class=\"column-2\">-<\/td><td class=\"column-3\">4x<\/td><td class=\"column-4\">-<\/td><td class=\"column-5\">-<\/td>\n<\/tr>\n<tr class=\"row-5\">\n\t<td class=\"column-1\">SFP cages (fiber)<\/td><td class=\"column-2\">-<\/td><td class=\"column-3\">-<\/td><td class=\"column-4\">4x<\/td><td class=\"column-5\">2x<\/td>\n<\/tr>\n<tr class=\"row-6\">\n\t<td class=\"column-1\">PoE<\/td><td class=\"column-2\">+<\/td><td class=\"column-3\">+<\/td><td class=\"column-4\">-<\/td><td class=\"column-5\">-<\/td>\n<\/tr>\n<tr class=\"row-7\">\n\t<td class=\"column-1\">weight<\/td><td class=\"column-2\">90 g<\/td><td class=\"column-3\">70 g<\/td><td class=\"column-4\">100 g<\/td><td class=\"column-5\">95 g<\/td>\n<\/tr>\n<tr class=\"row-8\">\n\t<td class=\"column-1\">footprint (L x W x H)<\/td><td class=\"column-2\">121.2 - 124.6 x 95.9 x 24.4 - 26.0 mm (lenght &amp; height depends on used interface)<\/td><td class=\"column-3\"><\/td><td class=\"column-4\"><\/td><td class=\"column-5\"><\/td>\n<\/tr>\n<\/tbody>\n<\/table>\n<!-- #tablepress-138 from cache -->\n<h4>Wersja rozszerzonej temperatury<\/h4>\n<p><strong>XTEST-1<\/strong> &#8211; Rozszerzony test temperatury, od -40 \u00b0 C do + 85 \u00b0 C<\/p>\n<\/div>\n","protected":false},"excerpt":{"rendered":"<h3>UNIGET<\/h3>\n<p><span lang=\"pl\" tabindex=\"0\">Rodzina UNIGET to uniwersalny modu\u0142 rozszerzaj\u0105cy Gigabit Ethernet oparty na standardzie PCIe \/ 104. Jest przeznaczony do rozbudowy g\u0142\u00f3wnie wytrzyma\u0142ych komputer\u00f3w MPL. Za pomoc\u0105 jednego modu\u0142u UNIGET system mo\u017cna rozszerzy\u0107 o maksymalnie 4 kontrolery Gigabit Ethernet!<\/span><\/p>\n","protected":false},"featured_media":10871,"template":"","meta":{"_acf_changed":false,"inline_featured_image":false,"_monsterinsights_skip_tracking":false,"_monsterinsights_sitenote_active":false,"_monsterinsights_sitenote_note":"","_monsterinsights_sitenote_category":0},"product_brand":[],"product_cat":[359,1587,1606,445],"product_tag":[],"class_list":{"0":"post-4302","1":"product","2":"type-product","3":"status-publish","4":"has-post-thumbnail","6":"product_cat-mpl","7":"product_cat-produkty-sieciowe","8":"product_cat-sieci-przemyslowe-2","9":"product_cat-sieci-przemyslowe","11":"first","12":"instock","13":"shipping-taxable","14":"product-type-simple"},"acf":[],"_links":{"self":[{"href":"https:\/\/quantum.com.pl\/pl\/wp-json\/wp\/v2\/product\/4302","targetHints":{"allow":["GET"]}}],"collection":[{"href":"https:\/\/quantum.com.pl\/pl\/wp-json\/wp\/v2\/product"}],"about":[{"href":"https:\/\/quantum.com.pl\/pl\/wp-json\/wp\/v2\/types\/product"}],"wp:featuredmedia":[{"embeddable":true,"href":"https:\/\/quantum.com.pl\/pl\/wp-json\/wp\/v2\/media\/10871"}],"wp:attachment":[{"href":"https:\/\/quantum.com.pl\/pl\/wp-json\/wp\/v2\/media?parent=4302"}],"wp:term":[{"taxonomy":"product_brand","embeddable":true,"href":"https:\/\/quantum.com.pl\/pl\/wp-json\/wp\/v2\/product_brand?post=4302"},{"taxonomy":"product_cat","embeddable":true,"href":"https:\/\/quantum.com.pl\/pl\/wp-json\/wp\/v2\/product_cat?post=4302"},{"taxonomy":"product_tag","embeddable":true,"href":"https:\/\/quantum.com.pl\/pl\/wp-json\/wp\/v2\/product_tag?post=4302"}],"curies":[{"name":"wp","href":"https:\/\/api.w.org\/{rel}","templated":true}]}}