{"id":4314,"date":"2019-09-13T13:53:05","date_gmt":"2019-09-13T11:53:05","guid":{"rendered":"https:\/\/quantum.com.pl\/?post_type=product&#038;p=4314"},"modified":"2020-09-24T11:07:07","modified_gmt":"2020-09-24T09:07:07","slug":"komputer-panelowy-15-all-in-one-do-montazu","status":"publish","type":"product","link":"https:\/\/quantum.com.pl\/pl\/product\/komputer-panelowy-15-all-in-one-do-montazu\/","title":{"rendered":"Komputer Panelowy 15&#8243; All-In-One do monta\u017cu"},"content":{"rendered":"<p>PANEL15 zosta\u0142 specjalnie zaprojektowany jako interfejs u\u017cytkownika dla wytrzyma\u0142ych, bezpiecznych i szczeg\u00f3lnych \u015brodowisk, w kt\u00f3rych niezawodno\u015b\u0107 i jako\u015b\u0107 s\u0105 kluczowymi kwestiami. PANEL15 rozszerza rodzin\u0119 kompaktowych, \u0142atwych do zintegrowania i wielofunkcyjnych rozwi\u0105za\u0144 All-in-One MPLs Panel-PC. Produkt zosta\u0142 specjalnie zaprojektowany i zbudowany dla standardowego \u015brodowiska. \u0141\u0105czy w sobie 15-calowy wy\u015bwietlacz o doskona\u0142ych parametrach optycznych, opcjonalny ekran dotykowy i pe\u0142n\u0105 gam\u0119 wbudowanych procesor\u00f3w o niskiej mocy.<\/p>\n<p>Prz\u00f3d PANELU15 ma stopie\u0144 ochrony IP65 z ram\u0105 ze stali nierdzewnej. Z ty\u0142u dost\u0119pne s\u0105 r\u00f3\u017cne interfejsy komputera. Podobnie jak wszystkie inne produkty MPL, PANEL15 nie wymaga wentylatora, niezale\u017cnie od tego, czy jest zainstalowany jednordzeniowy Atom, czy czterordzeniowy i7. Rozwi\u0105zanie mo\u017cna \u0142atwo dostosowa\u0107 i rozszerzy\u0107 wed\u0142ug wszelkich potrzeb i wymaga\u0144 klient\u00f3w.<\/p>\n<h4>Kluczowe cechy PANEL15<\/h4>\n<ul>\n<li>Oszcz\u0119dne miejsce, zintegrowane, kompleksowe rozwi\u0105zanie<\/li>\n<li>Projekt typu ,,fanless&#8221;<\/li>\n<li>Do stopnia ochrony IP65 (prz\u00f3d)<\/li>\n<li>Panel przedni ze stali nierdzewnej<\/li>\n<li>Szeroki wyb\u00f3r procesor\u00f3w (od Intel Atom do i7)<\/li>\n<li>Opcjonalnie \u0142atwa obs\u0142uga, nawigacja po ekranie dotykowym<\/li>\n<li>Wyb\u00f3r r\u00f3\u017cnych system\u00f3w operacyjnych<\/li>\n<\/ul>\n<p>Wytrzyma\u0142y panel PANEL15 o stopniu ochrony IP65 jest idealnym rozwi\u0105zaniem jako interfejs do obs\u0142ugi w trudnych zastosowaniach,t. j. transport morski lub w innych \u015brodowiskach, takich jak medycyna czy przemys\u0142 spo\u017cywczy. Ponadto, jako system oszcz\u0119dzaj\u0105cy miejsce, bez wentylatora i bezg\u0142o\u015bny, PANEL15 jest idealnym rozwi\u0105zaniem do zastosowa\u0144 w szafach w telekomunikacji, systemach informatycznych i punktach dost\u0119pu do Internetu.<\/p>\n<h4>Dane techniczne PANEL15<\/h4>\n\n<table id=\"tablepress-142\" class=\"tablepress tablepress-id-142\">\n<thead>\n<tr class=\"row-1\">\n\t<th class=\"column-1\"><strong> P\u0142yty CPU \/ P\u0142yty g\u0142\u00f3wne<\/strong><\/th><td class=\"column-2\"><\/td>\n<\/tr>\n<\/thead>\n<tbody class=\"row-striping row-hover\">\n<tr class=\"row-2\">\n\t<td class=\"column-1\">Skorzystaj z naszych niezawodnych, dost\u0119pnych d\u0142ugoterminowo wbudowanych kart komputerowych z zakresu produkt\u00f3w PIP i CEC. Wszystkie p\u0142yty s\u0105 dobrze wyposa\u017cone i oferuj\u0105 standardowe interfejsy.<\/td><td class=\"column-2\"><\/td>\n<\/tr>\n<tr class=\"row-3\">\n\t<td class=\"column-1\">CPU<\/td><td class=\"column-2\">Rodzina PIP30 do czterordzeniowych procesor\u00f3w Intel i7 lub Rodzina CEC10 do czterordzeniowych Atom<br \/>\n<\/td>\n<\/tr>\n<tr class=\"row-4\">\n\t<td class=\"column-1\">Pami\u0119\u0107<\/td><td class=\"column-2\">Mo\u017cliwa do 16 GB (w zale\u017cno\u015bci od p\u0142yty CPU)<br \/>\n<\/td>\n<\/tr>\n<tr class=\"row-5\">\n\t<td class=\"column-1\">Przechowywanie<\/td><td class=\"column-2\">Dost\u0119pny szeroki wyb\u00f3r dysk\u00f3w twardych lub dysk\u00f3w SSD<br \/>\n<\/td>\n<\/tr>\n<tr class=\"row-6\">\n\t<td class=\"column-1\">I\/Os<\/td><td class=\"column-2\">W zale\u017cno\u015bci od wybranej p\u0142yty CPU;<br \/>\nKonkretne interfejsy, takie jak (Bluetooth, GPS, Fieldbus, LTE, ...) s\u0105 dost\u0119pne na \u017cyczenie klienta<br \/>\n<\/td>\n<\/tr>\n<tr class=\"row-7\">\n\t<td class=\"column-1\">Rozszerzenia<\/td><td class=\"column-2\">W zale\u017cno\u015bci od potrzeb mo\u017cemy zintegrowa\u0107 nawet niestandardowe p\u0142yty<br \/>\n<\/td>\n<\/tr>\n<tr class=\"row-8\">\n\t<td class=\"column-1\"><strong>Cechy LCD<\/strong><\/td><td class=\"column-2\"><\/td>\n<\/tr>\n<tr class=\"row-9\">\n\t<td class=\"column-1\">Nie jeste\u015bmy dostosowani do okre\u015blonego typu wy\u015bwietlacza, dlatego prosimy o kontakt w przypadku konkretnych preferencji. Podane poni\u017cej warto\u015bci pochodz\u0105 z naszego standardowego 18,5-calowego wy\u015bwietlacza LCD opartego na Sharp LQ185M3LW01.<br \/>\n<br \/>\n<\/td><td class=\"column-2\"><\/td>\n<\/tr>\n<tr class=\"row-10\">\n\t<td class=\"column-1\">Rozmiar wy\u015bwietlacza<\/td><td class=\"column-2\">18,5\" TFT LCD z bia\u0142ym pod\u015bwietleniem LED<br \/>\n<\/td>\n<\/tr>\n<tr class=\"row-11\">\n\t<td class=\"column-1\">Aktywny rozmiar wy\u015bwietlacza<br \/>\n<\/td><td class=\"column-2\">409 mm w poziomie \/ 230 mm w pionie<br \/>\n<\/td>\n<\/tr>\n<tr class=\"row-12\">\n\t<td class=\"column-1\">Proporcje obrazu<br \/>\n<\/td><td class=\"column-2\">16:9<\/td>\n<\/tr>\n<tr class=\"row-13\">\n\t<td class=\"column-1\">Rozk\u0142ad<\/td><td class=\"column-2\">FHD 1920 x 1080<br \/>\n<\/td>\n<\/tr>\n<tr class=\"row-14\">\n\t<td class=\"column-1\">G\u0142\u0119bia koloru<\/td><td class=\"column-2\">16.7M<\/td>\n<\/tr>\n<tr class=\"row-15\">\n\t<td class=\"column-1\">Jasno\u015b\u0107<\/td><td class=\"column-2\">400 cd\/m2<br \/>\n<\/td>\n<\/tr>\n<tr class=\"row-16\">\n\t<td class=\"column-1\">Wsp\u00f3\u0142czynnik kontrastu<br \/>\n<\/td><td class=\"column-2\">1500:1<br \/>\n<\/td>\n<\/tr>\n<tr class=\"row-17\">\n\t<td class=\"column-1\">K\u0105t widzenia<br \/>\n<\/td><td class=\"column-2\">poziomo 170\u00b0 \/ pionowo 170\u00b0<br \/>\n<\/td>\n<\/tr>\n<tr class=\"row-18\">\n\t<td class=\"column-1\">D\u0142ugo\u015b\u0107 pod\u015bwietlenia<\/td><td class=\"column-2\">50 000 h<\/td>\n<\/tr>\n<tr class=\"row-19\">\n\t<td class=\"column-1\"><strong>Ekran dotykowy (opcjonalnie)<\/strong><\/td><td class=\"column-2\"><\/td>\n<\/tr>\n<tr class=\"row-20\">\n\t<td class=\"column-1\">Typ<\/td><td class=\"column-2\">Pojemno\u015bciowy ekran dotykowy<br \/>\n<\/td>\n<\/tr>\n<tr class=\"row-21\">\n\t<td class=\"column-1\">Powierzchnia<\/td><td class=\"column-2\">Twarda pow\u0142oka, obr\u00f3bka antyrefleksyjna<br \/>\n<\/td>\n<\/tr>\n<tr class=\"row-22\">\n\t<td class=\"column-1\"><strong>Cechy obudowy<\/strong><\/td><td class=\"column-2\"><\/td>\n<\/tr>\n<tr class=\"row-23\">\n\t<td class=\"column-1\">Przedni panel<br \/>\n<\/td><td class=\"column-2\">Malowana proszkowo rama z frezowanego aluminium z hartowanym szk\u0142em antyrefleksyjnym bez fug<br \/>\n<\/td>\n<\/tr>\n<tr class=\"row-24\">\n\t<td class=\"column-1\">Opcje monta\u017cu<br \/>\n<\/td><td class=\"column-2\">Uchwyt VESA lub panelowy<br \/>\n<\/td>\n<\/tr>\n<tr class=\"row-25\">\n\t<td class=\"column-1\">Klasa ochrony<br \/>\n<\/td><td class=\"column-2\">Przednia ramka zgodna z IP65 \/ NEMA4<br \/>\n<\/td>\n<\/tr>\n<tr class=\"row-26\">\n\t<td class=\"column-1\"><strong>Moc<\/strong><\/td><td class=\"column-2\"><\/td>\n<\/tr>\n<tr class=\"row-27\">\n\t<td class=\"column-1\">Zasilacz<br \/>\n<\/td><td class=\"column-2\">12VDC (opcjonalnie 9-36VDC), mo\u017cliwe jest r\u00f3wnie\u017c ka\u017cde inne napi\u0119cie zasilania (48VDC, 110VDC ..)<br \/>\n<\/td>\n<\/tr>\n<tr class=\"row-28\">\n\t<td class=\"column-1\">Pob\u00f3r mocy<\/td><td class=\"column-2\">Typ wy\u015bwietlacza 21 W + pob\u00f3r mocy p\u0142yty CPU zgodnie z arkuszem danych<br \/>\n<\/td>\n<\/tr>\n<tr class=\"row-29\">\n\t<td class=\"column-1\"><strong>\u015arodowisko<\/strong><\/td><td class=\"column-2\"><\/td>\n<\/tr>\n<tr class=\"row-30\">\n\t<td class=\"column-1\">Temperatura pracy<\/td><td class=\"column-2\">-20\u00b0C do +70\u00b0C (-4\u00b0F do +158\u00b0F)<br \/>\n<\/td>\n<\/tr>\n<tr class=\"row-31\">\n\t<td class=\"column-1\">Temperatura przechowywania<\/td><td class=\"column-2\">-25\u00b0C do +75\u00b0C (-13\u00b0F do +167\u00b0F)<br \/>\n<\/td>\n<\/tr>\n<tr class=\"row-32\">\n\t<td class=\"column-1\">Wzgl\u0119dna wilgotno\u015b\u0107<\/td><td class=\"column-2\">10% do 90% bez kondensacji<br \/>\n<\/td>\n<\/tr>\n<tr class=\"row-33\">\n\t<td class=\"column-1\">Klasa ochrony<\/td><td class=\"column-2\">Przedni IP65 (tylny IP54), w razie w\u0105tpliwo\u015bci skontaktuj si\u0119 z nami<\/td>\n<\/tr>\n<tr class=\"row-34\">\n\t<td class=\"column-1\"><strong>Standardowa zgodno\u015b\u0107<\/strong><\/td><td class=\"column-2\"><\/td>\n<\/tr>\n<tr class=\"row-35\">\n\t<td class=\"column-1\">PANEL18 zosta\u0142 zaprojektowany tak, aby spe\u0142nia\u0107, a nawet przekracza\u0107 najbardziej powszechne standardy. Szczeg\u00f3\u0142owe referencje to:<\/td><td class=\"column-2\"><\/td>\n<\/tr>\n<tr class=\"row-36\">\n\t<td class=\"column-1\">EMC<\/td><td class=\"column-2\">EN 55022, EN 55024, EN 61000, MIL-STD-461E<br \/>\n<\/td>\n<\/tr>\n<tr class=\"row-37\">\n\t<td class=\"column-1\">Wstrz\u0105sy i wibracje<\/td><td class=\"column-2\">EN 60068<br \/>\n<\/td>\n<\/tr>\n<tr class=\"row-38\">\n\t<td class=\"column-1\">Bezpiecze\u0144stwo \u015brodowiska<\/td><td class=\"column-2\">EN 50155, MIL-STD-810-F, EN 60601, EN 60950<br \/>\n<\/td>\n<\/tr>\n<tr class=\"row-39\">\n\t<td class=\"column-1\">Lista zatwierdze\u0144<\/td><td class=\"column-2\">CE, IEC 60945, IACS E10<br \/>\n<\/td>\n<\/tr>\n<\/tbody>\n<\/table>\n<!-- #tablepress-142 from cache -->\n","protected":false},"excerpt":{"rendered":"<h3><strong>PANEL15<\/strong><\/h3>\n<p>PANEL15 zosta\u0142 specjalnie zaprojektowany jako interfejs u\u017cytkownika dla wytrzyma\u0142ych, bezpiecznych i szczeg\u00f3lnych \u015brodowisk, w kt\u00f3rych niezawodno\u015b\u0107 i jako\u015b\u0107 s\u0105 kluczowymi kwestiami. PANEL15 rozszerza rodzin\u0119 kompaktowych, \u0142atwych do zintegrowania i wielofunkcyjnych rozwi\u0105za\u0144 All-in-One MPLs Panel-PC. Produkt zosta\u0142 specjalnie zaprojektowany i zbudowany dla standardowego \u015brodowiska. \u0141\u0105czy w sobie 15-calowy wy\u015bwietlacz o doskona\u0142ych parametrach optycznych, opcjonalny ekran dotykowy i pe\u0142n\u0105 gam\u0119 wbudowanych procesor\u00f3w o niskiej mocy.<\/p>\n","protected":false},"featured_media":10813,"template":"","meta":{"_acf_changed":false,"inline_featured_image":false,"_monsterinsights_skip_tracking":false,"_monsterinsights_sitenote_active":false,"_monsterinsights_sitenote_note":"","_monsterinsights_sitenote_category":0},"product_brand":[],"product_cat":[1590,447,359],"product_tag":[],"class_list":{"0":"post-4314","1":"product","2":"type-product","3":"status-publish","4":"has-post-thumbnail","6":"product_cat-komputery-panelowe","7":"product_cat-komputery-panelowe-fanless","8":"product_cat-mpl","10":"first","11":"instock","12":"shipping-taxable","13":"product-type-simple"},"acf":[],"_links":{"self":[{"href":"https:\/\/quantum.com.pl\/pl\/wp-json\/wp\/v2\/product\/4314","targetHints":{"allow":["GET"]}}],"collection":[{"href":"https:\/\/quantum.com.pl\/pl\/wp-json\/wp\/v2\/product"}],"about":[{"href":"https:\/\/quantum.com.pl\/pl\/wp-json\/wp\/v2\/types\/product"}],"wp:featuredmedia":[{"embeddable":true,"href":"https:\/\/quantum.com.pl\/pl\/wp-json\/wp\/v2\/media\/10813"}],"wp:attachment":[{"href":"https:\/\/quantum.com.pl\/pl\/wp-json\/wp\/v2\/media?parent=4314"}],"wp:term":[{"taxonomy":"product_brand","embeddable":true,"href":"https:\/\/quantum.com.pl\/pl\/wp-json\/wp\/v2\/product_brand?post=4314"},{"taxonomy":"product_cat","embeddable":true,"href":"https:\/\/quantum.com.pl\/pl\/wp-json\/wp\/v2\/product_cat?post=4314"},{"taxonomy":"product_tag","embeddable":true,"href":"https:\/\/quantum.com.pl\/pl\/wp-json\/wp\/v2\/product_tag?post=4314"}],"curies":[{"name":"wp","href":"https:\/\/api.w.org\/{rel}","templated":true}]}}