{"id":4322,"date":"2019-09-16T15:08:25","date_gmt":"2019-09-16T13:08:25","guid":{"rendered":"https:\/\/quantum.com.pl\/?post_type=product&#038;p=4322"},"modified":"2020-09-24T11:09:51","modified_gmt":"2020-09-24T09:09:51","slug":"komputer-panelowy-18-5-do-trudnych-warunkow","status":"publish","type":"product","link":"https:\/\/quantum.com.pl\/pl\/product\/komputer-panelowy-18-5-do-trudnych-warunkow\/","title":{"rendered":"Komputer Panelowy 18,5&#8243; do trudnych warunk\u00f3w"},"content":{"rendered":"<p>Cichy, zajmuj\u0105cy niewiele miejsca PANEL18 zosta\u0142 zaprojektowany jako interfejs front-end dla wytrzyma\u0142ych, bezpiecznych lub wra\u017cliwych \u015brodowisk, w kt\u00f3rych niezawodno\u015b\u0107 i jako\u015b\u0107 s\u0105 kluczowymi kwestiami. PANEL18 rozszerza rodzin\u0119 kompaktowych, \u0142atwych do zintegrowania i wielofunkcyjnych rozwi\u0105za\u0144 All-in-One MPLs Panel-PC. Produkt jest specjalnie zaprojektowany i zmontowany do ka\u017cdego standardowego \u015brodowiska. Obejmuje to mi\u0119dzy innymi spe\u0142nienie norm EN50155, MIL-STD-810 i lub IEC 60945. Komputer panelowy \u201eAll-in-One\u201d \u0142\u0105czy w sobie wytrzyma\u0142y wy\u015bwietlacz 18,5\u201d z doskona\u0142ymi parametrami optycznymi i temperaturowymi, opcjonalnym ekranem dotykowym oraz pe\u0142n\u0105 gam\u0105 wbudowanych komputer\u00f3w jednop\u0142ytkowych o niskiej mocy (PIP i CEC) firmy MPL. W\u0142\u0105czaj\u0105c w to Atom Single Core a\u017c do i7 Quad Core.<\/p>\n<p>Front PANEL18 jest chroniony stopniem ochrony IP65 za pomoc\u0105 bezfugowego i hartowanego szk\u0142a Schroff. Z ty\u0142u dost\u0119pne s\u0105 r\u00f3\u017cne interfejsy PC (konfigurowalne z\u0142\u0105cza). Podobnie jak wszystkie inne produkty MPL, PANEL18 nie wymaga dzia\u0142ania wentylatora. To rozwi\u0105zanie jest bardzo elastyczne i mo\u017cna je rozszerzy\u0107 wed\u0142ug preferencji klienta, niezale\u017cnie od tego, czy jest to GPS, Fieldbus, LTE, Bluetooth czy WLAN.<\/p>\n<h4>Kluczowe cechy PANEL18<\/h4>\n<ul>\n<li>Oszcz\u0119dne miejsce, zintegrowane, kompleksowe rozwi\u0105zanie<\/li>\n<li>Projekt typu ,,fanless&#8221;<\/li>\n<li>Monta\u017c VESA \/ \u015bcienny \/ panelowy<\/li>\n<li>Szeroki wyb\u00f3r procesor\u00f3w (od Intel Atom do i7)<\/li>\n<li>Wy\u015bwietlacz o wysokiej rozdzielczo\u015bci<\/li>\n<li>Dzia\u0142a w temperaturach od -20\u00b0C do +70\u00b0C<\/li>\n<li>Wysoce konfigurowalny i dostosowywany do preferencji klienta<\/li>\n<\/ul>\n<p>Wytrzyma\u0142y PANEL18 i ze stopniem ochrony IP65 jest idealnym rozwi\u0105zaniem jako interfejs front-end do trudnych zastosowa\u0144, np. kolej czy \u017cegluga. Ponadto, poniewa\u017c zajmuje niewiele miejsca, jest bez wentylatora i bezg\u0142o\u015bny, PANEL18 jest idealnym rozwi\u0105zaniem do zastosowa\u0144 w szafach telekomunikacyjnych, kioskowych systemach informatycznych na kolei oraz punktach dost\u0119pu do Internetu.<\/p>\n<h4>Dane techniczne PANEL18<\/h4>\n\n<table id=\"tablepress-144\" class=\"tablepress tablepress-id-144\">\n<thead>\n<tr class=\"row-1\">\n\t<th class=\"column-1\"><strong>P\u0142yty CPU \/ P\u0142yty g\u0142\u00f3wne<\/strong><\/th><td class=\"column-2\"><\/td>\n<\/tr>\n<\/thead>\n<tbody class=\"row-striping row-hover\">\n<tr class=\"row-2\">\n\t<td class=\"column-1\">Skorzystaj z naszych niezawodnych, dost\u0119pnych d\u0142ugoterminowo wbudowanych p\u0142yt komputerowych z zakresu produkt\u00f3w PIP i CEC. Wszystkie p\u0142yty s\u0105 dobrze wyposa\u017cone i oferuj\u0105 standardowe interfejsy na p\u0142ycie.<br \/>\n<br \/>\n<\/td><td class=\"column-2\"><\/td>\n<\/tr>\n<tr class=\"row-3\">\n\t<td class=\"column-1\">CPU<\/td><td class=\"column-2\">Rodzina PIP30 do Intel i7 lub CEC10 do czterordzeniowego Atom<br \/>\n<\/td>\n<\/tr>\n<tr class=\"row-4\">\n\t<td class=\"column-1\">Pami\u0119\u0107<\/td><td class=\"column-2\">Mo\u017cliwa do 16 GB (w zale\u017cno\u015bci od p\u0142yty CPU)<br \/>\n<\/td>\n<\/tr>\n<tr class=\"row-5\">\n\t<td class=\"column-1\">Przechowywanie<\/td><td class=\"column-2\">Dost\u0119pno\u015b\u0107 szerokiego wyboru HDD lub p\u00f3\u0142przewodnikowej pami\u0119ci flash<br \/>\n<\/td>\n<\/tr>\n<tr class=\"row-6\">\n\t<td class=\"column-1\">I\/Os<\/td><td class=\"column-2\">w zale\u017cno\u015bci od wybranej p\u0142yty CPU;<br \/>\nokre\u015blone interfejsy, takie jak (Bluetooth, GPS, Fieldbus, LTE, ...) s\u0105 dost\u0119pne na \u017cyczenie klienta<br \/>\n<\/td>\n<\/tr>\n<tr class=\"row-7\">\n\t<td class=\"column-1\">Rozszerzenia<\/td><td class=\"column-2\">W zale\u017cno\u015bci od potrzeb mo\u017cemy zintegrowa\u0107 nawet niestandardowe p\u0142yty<br \/>\n<\/td>\n<\/tr>\n<tr class=\"row-8\">\n\t<td class=\"column-1\"><strong>Charakterystyka LCD<\/strong><\/td><td class=\"column-2\"><\/td>\n<\/tr>\n<tr class=\"row-9\">\n\t<td class=\"column-1\">Prosimy o kontakt w razie osobistych preferencji. Podane poni\u017cej warto\u015bci pochodz\u0105 z naszego standardowego, 21,5-calowego wy\u015bwietlacza LCD wysokiej jako\u015bci.<br \/>\n<\/td><td class=\"column-2\"><\/td>\n<\/tr>\n<tr class=\"row-10\">\n\t<td class=\"column-1\">Rozmiar wy\u015bwietlacza<\/td><td class=\"column-2\">21.5\" TFT LCD<br \/>\n<\/td>\n<\/tr>\n<tr class=\"row-11\">\n\t<td class=\"column-1\">Rozk\u0142ad<\/td><td class=\"column-2\">Rozdzielczo\u015b\u0107 HD (1920x1080 pikseli)<br \/>\n<\/td>\n<\/tr>\n<tr class=\"row-12\">\n\t<td class=\"column-1\">G\u0142\u0119bia koloru<\/td><td class=\"column-2\">16.7M<\/td>\n<\/tr>\n<tr class=\"row-13\">\n\t<td class=\"column-1\">Jasno\u015b\u0107<\/td><td class=\"column-2\">400 nit\u00f3w<br \/>\n<\/td>\n<\/tr>\n<tr class=\"row-14\">\n\t<td class=\"column-1\">Wsp\u00f3\u0142czynnik kontrastu<br \/>\n<\/td><td class=\"column-2\">1000:1<br \/>\n<\/td>\n<\/tr>\n<tr class=\"row-15\">\n\t<td class=\"column-1\">K\u0105t widzenia<br \/>\n<\/td><td class=\"column-2\">poziomo 170\u00b0 \/ pionowo 160\u00b0<br \/>\n<\/td>\n<\/tr>\n<tr class=\"row-16\">\n\t<td class=\"column-1\">Czas pod\u015bwietlenia<\/td><td class=\"column-2\">40\u0092000 hrs<br \/>\n<\/td>\n<\/tr>\n<tr class=\"row-17\">\n\t<td class=\"column-1\"><strong>Ekran dotykowy (opcjonalnie)<\/strong><\/td><td class=\"column-2\"><\/td>\n<\/tr>\n<tr class=\"row-18\">\n\t<td class=\"column-1\">Typ<\/td><td class=\"column-2\">Analogowy ekran dotykowy<br \/>\n<\/td>\n<\/tr>\n<tr class=\"row-19\">\n\t<td class=\"column-1\">Powierzchnia<\/td><td class=\"column-2\">Twarda pow\u0142oka, obr\u00f3bka antyrefleksyjna<br \/>\n<\/td>\n<\/tr>\n<tr class=\"row-20\">\n\t<td class=\"column-1\"><strong>Cechy obudowy<\/strong><\/td><td class=\"column-2\"><\/td>\n<\/tr>\n<tr class=\"row-21\">\n\t<td class=\"column-1\">Przedni panel<\/td><td class=\"column-2\">Stal nierdzewna<\/td>\n<\/tr>\n<tr class=\"row-22\">\n\t<td class=\"column-1\">Opcje monta\u017cu<\/td><td class=\"column-2\">Monta\u017c na panelu lub VESA<br \/>\n<\/td>\n<\/tr>\n<tr class=\"row-23\">\n\t<td class=\"column-1\">Klasa ochrony<\/td><td class=\"column-2\">Przednia ramka zgodna z IP65 \/ NEMA4<br \/>\n<\/td>\n<\/tr>\n<tr class=\"row-24\">\n\t<td class=\"column-1\"><strong>Moc<\/strong><\/td><td class=\"column-2\"><\/td>\n<\/tr>\n<tr class=\"row-25\">\n\t<td class=\"column-1\">Zasilacz<\/td><td class=\"column-2\">Mo\u017cliwe jest r\u00f3wnie\u017c wej\u015bcie 11\u201332 VDC, ka\u017cde inne napi\u0119cie zasilania (48 V DC, 110 V DC ..)<br \/>\n<\/td>\n<\/tr>\n<tr class=\"row-26\">\n\t<td class=\"column-1\">Pob\u00f3r mocy<\/td><td class=\"column-2\">Typ wy\u015bwietlacza i inwertera. 30W + pob\u00f3r mocy p\u0142yty CPU zgodnie z arkuszem danych<br \/>\n<\/td>\n<\/tr>\n<tr class=\"row-27\">\n\t<td class=\"column-1\"><strong>\u015arodowisko<\/strong><\/td><td class=\"column-2\"><\/td>\n<\/tr>\n<tr class=\"row-28\">\n\t<td class=\"column-1\">Temperatura operacyjna<\/td><td class=\"column-2\">0\u00b0C do +50\u00b0C (32\u00b0F do +122\u00b0F)<br \/>\n<\/td>\n<\/tr>\n<tr class=\"row-29\">\n\t<td class=\"column-1\">Temperatura przechowywania<\/td><td class=\"column-2\">Od -20\u00b0C do +60\u00b0C (od -4\u00b0F do +140\u00b0F)<br \/>\n<\/td>\n<\/tr>\n<tr class=\"row-30\">\n\t<td class=\"column-1\">Wzgl\u0119dna wilgotno\u015b\u0107<\/td><td class=\"column-2\">10% do 90% bez kondensacji<br \/>\n<\/td>\n<\/tr>\n<tr class=\"row-31\">\n\t<td class=\"column-1\"><strong>Standardowa zgodno\u015b\u0107<\/strong><\/td><td class=\"column-2\"><\/td>\n<\/tr>\n<tr class=\"row-32\">\n\t<td class=\"column-1\">PANEL21 jest zaprojektowany tak, aby spe\u0142nia\u0107, a nawet przekracza\u0107 najbardziej powszechne standardy. Cechy szczeg\u00f3lne to:<br \/>\n<\/td><td class=\"column-2\"><\/td>\n<\/tr>\n<tr class=\"row-33\">\n\t<td class=\"column-1\">EMC<\/td><td class=\"column-2\">EN 55022, EN 55024, EN 61000, MIL-STD-461E<br \/>\n<\/td>\n<\/tr>\n<tr class=\"row-34\">\n\t<td class=\"column-1\">Wstrz\u0105sy i wibracje<\/td><td class=\"column-2\">EN 60068<br \/>\n<\/td>\n<\/tr>\n<tr class=\"row-35\">\n\t<td class=\"column-1\">Bezpiecze\u0144stwo \u015brodowiska<\/td><td class=\"column-2\">EN 50155, MIL-STD-810-F, EN 60601, EN 60950<br \/>\n<\/td>\n<\/tr>\n<tr class=\"row-36\">\n\t<td class=\"column-1\">Lista zatwierdze\u0144<\/td><td class=\"column-2\">CE, IEC 60945, IACS E10<br \/>\n<\/td>\n<\/tr>\n<\/tbody>\n<\/table>\n<!-- #tablepress-144 from cache -->\n","protected":false},"excerpt":{"rendered":"<h3><strong>PANEL18<\/strong><\/h3>\n<p>Cichy, zajmuj\u0105cy niewiele miejsca PANEL18 zosta\u0142 zaprojektowany jako interfejs front-end dla wytrzyma\u0142ych, bezpiecznych lub wra\u017cliwych \u015brodowisk, w kt\u00f3rych niezawodno\u015b\u0107 i jako\u015b\u0107 s\u0105 kluczowymi kwestiami. PANEL18 rozszerza rodzin\u0119 kompaktowych, \u0142atwych do zintegrowania i wielofunkcyjnych rozwi\u0105za\u0144 All-in-One MPLs Panel-PC. Produkt jest specjalnie zaprojektowany i zmontowany do ka\u017cdego standardowego \u015brodowiska. Obejmuje to mi\u0119dzy innymi spe\u0142nienie norm EN50155, MIL-STD-810 i lub IEC 60945.<\/p>\n","protected":false},"featured_media":10815,"template":"","meta":{"_acf_changed":false,"inline_featured_image":false,"_monsterinsights_skip_tracking":false,"_monsterinsights_sitenote_active":false,"_monsterinsights_sitenote_note":"","_monsterinsights_sitenote_category":0},"product_brand":[],"product_cat":[1590,447,359],"product_tag":[],"class_list":{"0":"post-4322","1":"product","2":"type-product","3":"status-publish","4":"has-post-thumbnail","6":"product_cat-komputery-panelowe","7":"product_cat-komputery-panelowe-fanless","8":"product_cat-mpl","10":"first","11":"instock","12":"shipping-taxable","13":"product-type-simple"},"acf":[],"_links":{"self":[{"href":"https:\/\/quantum.com.pl\/pl\/wp-json\/wp\/v2\/product\/4322","targetHints":{"allow":["GET"]}}],"collection":[{"href":"https:\/\/quantum.com.pl\/pl\/wp-json\/wp\/v2\/product"}],"about":[{"href":"https:\/\/quantum.com.pl\/pl\/wp-json\/wp\/v2\/types\/product"}],"wp:featuredmedia":[{"embeddable":true,"href":"https:\/\/quantum.com.pl\/pl\/wp-json\/wp\/v2\/media\/10815"}],"wp:attachment":[{"href":"https:\/\/quantum.com.pl\/pl\/wp-json\/wp\/v2\/media?parent=4322"}],"wp:term":[{"taxonomy":"product_brand","embeddable":true,"href":"https:\/\/quantum.com.pl\/pl\/wp-json\/wp\/v2\/product_brand?post=4322"},{"taxonomy":"product_cat","embeddable":true,"href":"https:\/\/quantum.com.pl\/pl\/wp-json\/wp\/v2\/product_cat?post=4322"},{"taxonomy":"product_tag","embeddable":true,"href":"https:\/\/quantum.com.pl\/pl\/wp-json\/wp\/v2\/product_tag?post=4322"}],"curies":[{"name":"wp","href":"https:\/\/api.w.org\/{rel}","templated":true}]}}