{"id":4331,"date":"2019-09-21T18:26:35","date_gmt":"2019-09-21T16:26:35","guid":{"rendered":"https:\/\/quantum.com.pl\/?post_type=product&#038;p=4331"},"modified":"2020-12-28T15:37:00","modified_gmt":"2020-12-28T14:37:00","slug":"komputer-panelowy-all-in-one-typu-rugged","status":"publish","type":"product","link":"https:\/\/quantum.com.pl\/pl\/product\/komputer-panelowy-all-in-one-typu-rugged\/","title":{"rendered":"Komputer Panelowy All-in-One typu ,,rugged&#8221;"},"content":{"rendered":"<p>Cichy, zajmuj\u0105cy niewiele miejsca PANEL21 zosta\u0142 specjalnie zaprojektowany jako interfejs front-end dla wytrzyma\u0142ych oraz specjalnych \u015brodowisk, w kt\u00f3rych niezawodno\u015b\u0107 i jako\u015b\u0107 to g\u0142\u00f3wne cechy. PANEL21 uzupe\u0142nia solidn\u0105, wbudowan\u0105 rodzin\u0119 komputer\u00f3w panelowych \u201eAll-in-One\u201d firmy MPL. Ten produkt jest kompaktowy i \u0142atwy do zintegrowania w nowych lub istniej\u0105cych \u015brodowiskach. Rodzina komputer\u00f3w panelowych \u201eAll-in-One\u201d zosta\u0142a specjalnie zaprojektowana i stworzona dla ka\u017cdego standardowego \u015brodowiska, aby sprosta\u0107 nawet najbardziej surowym warunkom. \u0141\u0105czy w sobie 21,5-calowy wy\u015bwietlacz z doskona\u0142ymi specyfikacjami optycznymi, opcjonalnym ekranem dotykowym i pe\u0142n\u0105 gam\u0105 wbudowanych komputer\u00f3w jednop\u0142ytkowych o niskim zu\u017cyciu energii, zaprojektowanych przez MPL, od 1-rdzeniowych Atom do 4-rdzeniowych i7.<\/p>\n<p>PANEL21 posiada stopie\u0144 ochrony IP65, prz\u00f3d wykonany jest ze stali nierdzewnej. Z ty\u0142u dost\u0119pne s\u0105 wybrane interfejsy. Podobnie jak wszystkie inne produkty MPL, PANEL21 nie wymaga wentylatora, jest wytrzyma\u0142y, niezwykle elastyczny, dlatego mo\u017cna go dostosowywa\u0107 wed\u0142ug preferencji klienta.<\/p>\n<h4>Kluczowe cechy PANEL21<\/h4>\n<ul>\n<li>Oszcz\u0119dno\u015b\u0107 miejsca, zintegrowane, kompleksowe rozwi\u0105zanie<\/li>\n<li>Cicha konstrukcja typu ,,fanless&#8221;<\/li>\n<li>Stopie\u0144 ochrony IP65 (prz\u00f3d)<\/li>\n<li>Panel przedni ze stali nierdzewnej<\/li>\n<li>Monta\u017c na panelu lub VESA<\/li>\n<li>Szeroki wyb\u00f3r procesor\u00f3w (od Intel Atom do i7)<\/li>\n<li>Opcjonalnie \u0142atwa obs\u0142uga, nawigacja po ekranie dotykowym<\/li>\n<li>Wyb\u00f3r r\u00f3\u017cnych system\u00f3w operacyjnych<\/li>\n<\/ul>\n<p>Wytrzyma\u0142a konstrukcja PANELU21 i wysoki stopie\u0144 ochrony IP65 to idealne rozwi\u0105zanie, odpowiednie do trudnych zastosowa\u0144, takich jak transport, transport morski, g\u00f3rnictwo i budownictwo. Ponadto, jako system oszcz\u0119dzaj\u0105cy miejsce, bez wentylatora i bezg\u0142o\u015bny, PANEL21 jest idealnym rozwi\u0105zaniem do zastosowa\u0144 szafowych w telekomunikacji, w systemach informatycznych oraz w punktach dost\u0119pu do Internetu.<\/p>\n<h4>Dane techniczne PANEL21<\/h4>\n\n<table id=\"tablepress-146\" class=\"tablepress tablepress-id-146\">\n<thead>\n<tr class=\"row-1\">\n\t<th class=\"column-1\">Procesor<\/th><th class=\"column-2\">Procesor Intel\u00ae Quad Core @ i7 @ 2,1 Ghz (3,1 Ghz) z pami\u0119ci\u0105 podr\u0119czn\u0105 6 MB lub<br \/>\nDwurdzeniowy procesor Intel\u00ae @ i7 @ 2,5 Ghz (3,2 Ghz) z 4 MB pami\u0119ci podr\u0119cznej lub<br \/>\nDwurdzeniowy procesor Intel\u00ae @ i7 @ 1,7 Ghz (2,8 Ghz) z 4 MB pami\u0119ci podr\u0119cznej<\/th>\n<\/tr>\n<\/thead>\n<tbody class=\"row-striping row-hover\">\n<tr class=\"row-2\">\n\t<td class=\"column-1\">Chipset<\/td><td class=\"column-2\">Intel\u00ae QM77 Panther Point<br \/>\n<\/td>\n<\/tr>\n<tr class=\"row-3\">\n\t<td class=\"column-1\">Grafika<\/td><td class=\"column-2\">Intel HD Graphics 4000, obs\u0142uga wielu wy\u015bwietlaczy<br \/>\n<\/td>\n<\/tr>\n<tr class=\"row-4\">\n\t<td class=\"column-1\">Pami\u0119\u0107<\/td><td class=\"column-2\">Procesor Intel\u00ae Quad Core @ i7 do 16 GB ECCDDR3<br \/>\nDwurdzeniowy procesor Intel\u00ae @ i7 do 12 GB ECCDDR3<\/td>\n<\/tr>\n<tr class=\"row-5\">\n\t<td class=\"column-1\">Przechowywanie<\/td><td class=\"column-2\">128 GB SATA SSD (mo\u017cliwe inne rozmiary)<br \/>\n<\/td>\n<\/tr>\n<tr class=\"row-6\">\n\t<td class=\"column-1\">Audio<\/td><td class=\"column-2\">Wbudowany High Definition Audio Codec<\/td>\n<\/tr>\n<tr class=\"row-7\">\n\t<td class=\"column-1\">Klucze<\/td><td class=\"column-2\">2 x regulacja jasno\u015bci i 1 x przycisk w\u0142\u0105czania \/ wy\u0142\u0105czania zasilania<br \/>\n1 x pod\u015bwietlony pier\u015bcie\u0144 trybu dziennego \/ nocnego Switch przyciskowy<\/td>\n<\/tr>\n<tr class=\"row-8\">\n\t<td class=\"column-1\">Wy\u015bwietlacz 10,4\"<br \/>\n<\/td><td class=\"column-2\">10.4\"1024 X 768 XGA Aktywna matryca Pod\u015bwietlany wy\u015bwietlacz LED,<br \/>\n1000 CD \/ M2 Jasno\u015b\u0107, wsp\u00f3\u0142czynnik kontrastu 600: 1, szeroki k\u0105t widzenia 178\/178<\/td>\n<\/tr>\n<tr class=\"row-9\">\n\t<td class=\"column-1\">Wy\u015bwietlacz 12,1\"<br \/>\n<\/td><td class=\"column-2\">Rezystancyjny ekran dotykowy 12,1 \"1024 X 768 XGA czytelny w s\u0142o\u0144cu, 16,2 mln kolor\u00f3w.<br \/>\nJasno\u015b\u0107 700 CD \/ M2, wsp\u00f3\u0142czynnik kontrastu 700: 1, szeroki k\u0105t widzenia 80\/80\/70\/70<\/td>\n<\/tr>\n<tr class=\"row-10\">\n\t<td class=\"column-1\">Ekran dotykowy<\/td><td class=\"column-2\">Siatka EMI, rezystancyjny ekran dotykowy 5W<br \/>\nObr\u00f3bka powierzchniowa, wi\u0105zanie optyczne<\/td>\n<\/tr>\n<tr class=\"row-11\">\n\t<td class=\"column-1\">Obraz nocny<\/td><td class=\"column-2\">Zatwierdzenie NVG\/NVIS MIL-STD-3009<\/td>\n<\/tr>\n<tr class=\"row-12\">\n\t<td class=\"column-1\">Zintegrowany prze\u0142\u0105cznik Gbit MAGBES<br \/>\n<\/td><td class=\"column-2\">8 port\u00f3w Port 10\/100\/1000 Base-T, zarz\u0105dzalny L2 +, \u0142atwe GUI \/ CLI (opcjonalnie)<br \/>\n<\/td>\n<\/tr>\n<tr class=\"row-13\">\n\t<td class=\"column-1\">Interfejsy MIL-DTL-38999 III<br \/>\n<\/td><td class=\"column-2\">2 x porty szeregowe RS232, 2\/4 x Gigabit Ethernet, 4 x porty USB 2.0<br \/>\n<\/td>\n<\/tr>\n<tr class=\"row-14\">\n\t<td class=\"column-1\">Wn\u0119trze<\/td><td class=\"column-2\">2 x PS \/ 2, 1 X VGA \/ DVI dla zewn\u0119trznego wy\u015bwietlacza<br \/>\n<\/td>\n<\/tr>\n<tr class=\"row-15\">\n\t<td class=\"column-1\">Rozszerzenia<\/td><td class=\"column-2\">2 x MPCIe &amp; 1 x PCIe-104<br \/>\n<\/td>\n<\/tr>\n<tr class=\"row-16\">\n\t<td class=\"column-1\">Wej\u015bcie zasilania<br \/>\n<\/td><td class=\"column-2\">Wej\u015bcie 18\u201336 V DC (typ 28 V), zgodno\u015b\u0107 z MIL-STD-704E<br \/>\n(MIL-HDBK-704-E LCD 105)<\/td>\n<\/tr>\n<tr class=\"row-17\">\n\t<td class=\"column-1\">Pob\u00f3r mocy<\/td><td class=\"column-2\"><75W<br \/>\n<\/td>\n<\/tr>\n<tr class=\"row-18\">\n\t<td class=\"column-1\">Oprogramowanie<\/td><td class=\"column-2\">Windows, Linux lub dowolny system operacyjny kompatybilny z PC \/ AT<br \/>\n<\/td>\n<\/tr>\n<tr class=\"row-19\">\n\t<td class=\"column-1\">Obudowa i wyko\u0144czenie<br \/>\n<\/td><td class=\"column-2\">HE30 (6082) AL. Stop, RAL 7035 Jasnoszary, malowany proszkowo<br \/>\n<\/td>\n<\/tr>\n<tr class=\"row-20\">\n\t<td class=\"column-1\">Wymiary<\/td><td class=\"column-2\">Wy\u015bwietlacz 10,4\" : 306 mm (szer.) X 235 mm (wys.) X 80 mm (g\u0142.)*<br \/>\nWy\u015bwietlacz 12,1\" : 353 mm (szer.) X 256 mm (wys.) X 86 mm (g\u0142.)*<\/td>\n<\/tr>\n<tr class=\"row-21\">\n\t<td class=\"column-1\">Waga<\/td><td class=\"column-2\">Oko\u0142o 5 kg<\/td>\n<\/tr>\n<\/tbody>\n<\/table>\n<!-- #tablepress-146 from cache -->\n<p>&nbsp;<\/p>\n","protected":false},"excerpt":{"rendered":"<h3><strong>PANEL21<\/strong><\/h3>\n<p>Cichy, zajmuj\u0105cy niewiele miejsca PANEL21 zosta\u0142 specjalnie zaprojektowany jako interfejs front-end dla wytrzyma\u0142ych oraz specjalnych \u015brodowisk, w kt\u00f3rych niezawodno\u015b\u0107 i jako\u015b\u0107 to g\u0142\u00f3wne cechy. PANEL21 uzupe\u0142nia solidn\u0105, wbudowan\u0105 rodzin\u0119 komputer\u00f3w panelowych \u201eAll-in-One\u201d firmy MPL. Ten produkt jest kompaktowy i \u0142atwy do zintegrowania w nowych lub istniej\u0105cych \u015brodowiskach.<\/p>\n","protected":false},"featured_media":10819,"template":"","meta":{"_acf_changed":false,"inline_featured_image":false,"_monsterinsights_skip_tracking":false,"_monsterinsights_sitenote_active":false,"_monsterinsights_sitenote_note":"","_monsterinsights_sitenote_category":0},"product_brand":[],"product_cat":[1590,447,359],"product_tag":[],"class_list":{"0":"post-4331","1":"product","2":"type-product","3":"status-publish","4":"has-post-thumbnail","6":"product_cat-komputery-panelowe","7":"product_cat-komputery-panelowe-fanless","8":"product_cat-mpl","10":"first","11":"instock","12":"shipping-taxable","13":"product-type-simple"},"acf":[],"_links":{"self":[{"href":"https:\/\/quantum.com.pl\/pl\/wp-json\/wp\/v2\/product\/4331","targetHints":{"allow":["GET"]}}],"collection":[{"href":"https:\/\/quantum.com.pl\/pl\/wp-json\/wp\/v2\/product"}],"about":[{"href":"https:\/\/quantum.com.pl\/pl\/wp-json\/wp\/v2\/types\/product"}],"wp:featuredmedia":[{"embeddable":true,"href":"https:\/\/quantum.com.pl\/pl\/wp-json\/wp\/v2\/media\/10819"}],"wp:attachment":[{"href":"https:\/\/quantum.com.pl\/pl\/wp-json\/wp\/v2\/media?parent=4331"}],"wp:term":[{"taxonomy":"product_brand","embeddable":true,"href":"https:\/\/quantum.com.pl\/pl\/wp-json\/wp\/v2\/product_brand?post=4331"},{"taxonomy":"product_cat","embeddable":true,"href":"https:\/\/quantum.com.pl\/pl\/wp-json\/wp\/v2\/product_cat?post=4331"},{"taxonomy":"product_tag","embeddable":true,"href":"https:\/\/quantum.com.pl\/pl\/wp-json\/wp\/v2\/product_tag?post=4331"}],"curies":[{"name":"wp","href":"https:\/\/api.w.org\/{rel}","templated":true}]}}