{"id":4339,"date":"2019-10-09T15:44:30","date_gmt":"2019-10-09T13:44:30","guid":{"rendered":"https:\/\/quantum.com.pl\/?post_type=product&#038;p=4339"},"modified":"2021-02-05T13:21:38","modified_gmt":"2021-02-05T12:21:38","slug":"wbudowany-10-4-komputer-panelowy-typu-rugged","status":"publish","type":"product","link":"https:\/\/quantum.com.pl\/pl\/product\/wbudowany-10-4-komputer-panelowy-typu-rugged\/","title":{"rendered":"Wbudowany 10,4\u201d Komputer Panelowy typu &#8222;rugged&#8221;"},"content":{"rendered":"<p>Wbudowany komputer typu ,,rugged&#8221; z serii TRICOR \u0142\u0105czy wbudowany ekran dotykowy dost\u0119pny w r\u00f3\u017cnych przek\u0105tnych (8,4 \/ 10,4 \/ 12\/15 cali i wi\u0119cej) z doskona\u0142ymi parametrami optycznymi; wbudowany w szerok\u0105 gam\u0119 jednop\u0142ytkowych komputer\u00f3w z procesorami Intel o bardzo niskim poborze mocy (rodzina PIP3x). Funkcje s\u0105 elastyczne i mo\u017cna je wybra\u0107 zgodnie z wymaganiami wydajno\u015bci aplikacji z rodzin\u0105 procesor\u00f3w Quad Core i7, pami\u0119ci, wielko\u015bci wy\u015bwietlacza (oznaczenie jako \u201eX\u201d w numerze modelu TRICOR), z ochron\u0105 EMI i innymi dodatkowymi I \/ O . Wszystko to znajduje si\u0119 w niewielkiej odleg\u0142o\u015bci od samodzielnego monitora \/ przeno\u015bnego laptopa, a zatem oszcz\u0119dza miejsce. Cech\u0105 szczeg\u00f3ln\u0105 TRICOR jest to, \u017ce jest dost\u0119pny bez wentylatora czy otwor\u00f3w wentylacyjnych.<\/p>\n<h4>Rozszerzenia I\/O<\/h4>\n<p>Seria TRICOR ma wbudowane rozszerzenie I \/ O na magistrali mPCIe i PCIe-104, pozwalaj\u0105ce na dodanie I \/ O w celu spe\u0142nienia przysz\u0142ych wymaga\u0144.<\/p>\n<h4>Opcje monta\u017cu<\/h4>\n<p>TRICOR posiada elementy do monta\u017cu na \u015bcianie podane z ty\u0142u w ramach wymiar\u00f3w VESA*. Dodatkowe wsporniki mog\u0105 by\u0107 zaprojektowane zgodnie z wymogami monta\u017cowymi. (np. wsporniki L do monta\u017cu w szafie 19 &#8222;itp.).<\/p>\n<h4>Wytrzyma\u0142a konstrukcja<\/h4>\n<p>Model TRICOR jest zbudowany z wojskowej, wysoko wytrzyma\u0142ej i lekkiej obudowy ze stopu aluminium klasy HE30. Jego modu\u0142owa architektura pozwala na \u0142atw\u0105 konfiguracj\u0119 systemu w wielu wariantach. Konstrukcja typu ,,fanless&#8221; pomaga w bezg\u0142o\u015bnej pracy, zwi\u0119ksza niezawodno\u015b\u0107 i daje systemowi d\u0142u\u017cszy MTBF.<\/p>\n<h4>Cechy kluczowe:<\/h4>\n<ul>\n<li>Rozwi\u0105zanie procesora do Quad Core i7<\/li>\n<li>Do 16 GB pami\u0119ci ECC DDR3 1600<\/li>\n<li>Uniwersalny wyb\u00f3r wy\u015bwietlacza (np. rezystancyjny wy\u015bwietlacz dotykowy XGA 12,1&#8243;czytelny w s\u0142o\u0144cu)<\/li>\n<li>Miejsce na wytrzyma\u0142y dysk SSD 2,5&#8243;<\/li>\n<li>Quad Gigabit Ethernet (opcjonalnie)<\/li>\n<li>Konstrukcja typu ,,fanless&#8221;<\/li>\n<li>Wytrzyma\u0142y i lekki<\/li>\n<li>Mo\u017cliwo\u015b\u0107 monta\u017cu na biurku \/ \u015bcianie \/ stela\u017cu<\/li>\n<\/ul>\n<h4>Dane techniczne<\/h4>\n\n<table id=\"tablepress-148\" class=\"tablepress tablepress-id-148\">\n<thead>\n<tr class=\"row-1\">\n\t<th class=\"column-1\">Reference<\/th><th class=\"column-2\">Description<\/th>\n<\/tr>\n<\/thead>\n<tbody class=\"row-striping row-hover\">\n<tr class=\"row-2\">\n\t<td class=\"column-1\">PCCARD-M<\/td><td class=\"column-2\">MPL specific PC\/104-Plus module for the PIP family, offering 2 PC Card slots (externally accessible)<\/td>\n<\/tr>\n<tr class=\"row-3\">\n\t<td class=\"column-1\">PCCARD-P<\/td><td class=\"column-2\">PC\/104-Plus form factor for all PC\/104-Plus compatible PCs, offering 2 PC Card slots<\/td>\n<\/tr>\n<tr class=\"row-4\">\n\t<td class=\"column-1\">PCCARD-Cx<\/td><td class=\"column-2\">Customer specific versions, please contact MPL for details.<\/td>\n<\/tr>\n<\/tbody>\n<\/table>\n<!-- #tablepress-148 from cache -->\n\n<table id=\"tablepress-161\" class=\"tablepress tablepress-id-161\">\n<thead>\n<tr class=\"row-1\">\n\t<th class=\"column-1\"><strong>Model<\/strong><\/th><td class=\"column-2\"><\/td><th class=\"column-3\"><strong>OXY5135B-UT<\/strong><\/th>\n<\/tr>\n<\/thead>\n<tbody class=\"row-striping row-hover\">\n<tr class=\"row-2\">\n\t<td class=\"column-1\">Mechanical and Environment\t<br \/>\n<\/td><td class=\"column-2\">Operating Temp.<\/td><td class=\"column-3\"> -40\u00b0C ~ +85\u00b0C<\/td>\n<\/tr>\n<tr class=\"row-3\">\n\t<td class=\"column-1\">System<\/td><td class=\"column-2\">CPU Type<\/td><td class=\"column-3\">Intel\u00ae Core\u2122 i7\/i5\/i3 processor<br \/>\nCore\u2122 i7 3615QE (4C, 2.3GHz, 45W)<br \/>\nCore\u2122 i7 3612QE (4C, 2.1GHz, 35W)<br \/>\nCore\u2122 i7 3555LE (2C, 2.5GHz, 25W)<br \/>\nCore\u2122 i7 3517UE (2C, 1.7GHz, 17W)<br \/>\nCore\u2122 i5 3610ME (2C, 2.7GHz, 35W)<br \/>\nCore\u2122 i3 3120ME (2C, 2.4GHz, 35W)<br \/>\nCore\u2122 i3 3217UE (2C, 1.6GHz, 17W)<\/td>\n<\/tr>\n<tr class=\"row-4\">\n\t<td class=\"column-1\"><\/td><td class=\"column-2\">Chipset<\/td><td class=\"column-3\">Intel\u00ae QM77<br \/>\n<\/td>\n<\/tr>\n<tr class=\"row-5\">\n\t<td class=\"column-1\"><\/td><td class=\"column-2\">Memory Type<\/td><td class=\"column-3\">Dual channel 4 GB DDR3 1600 MHz memory IC onboard<br \/>\n<\/td>\n<\/tr>\n<tr class=\"row-6\">\n\t<td class=\"column-1\"><\/td><td class=\"column-2\">BIOS<\/td><td class=\"column-3\">AMI\u00ae UEFI BIOS<br \/>\n<\/td>\n<\/tr>\n<tr class=\"row-7\">\n\t<td class=\"column-1\"><\/td><td class=\"column-2\">Watchdog<\/td><td class=\"column-3\">1-255 sec. or 1-255 min. software programmable<br \/>\n<\/td>\n<\/tr>\n<tr class=\"row-8\">\n\t<td class=\"column-1\">Expansion Slot<br \/>\n<\/td><td class=\"column-2\">Mini PCIe<\/td><td class=\"column-3\">1 x PCIe x16 (2 x PCIe x8 or 1 x PCIe x8 + 2 x PCIe x4)<br \/>\n7 x PCIe x1<\/td>\n<\/tr>\n<tr class=\"row-9\">\n\t<td class=\"column-1\">Display<\/td><td class=\"column-2\">Chipset<\/td><td class=\"column-3\">Integrated GFX in Ivy Bridge processor<br \/>\n<\/td>\n<\/tr>\n<tr class=\"row-10\">\n\t<td class=\"column-1\"><\/td><td class=\"column-2\">Resolution<\/td><td class=\"column-3\">Max. resolution 2048 x1536<br \/>\n<\/td>\n<\/tr>\n<tr class=\"row-11\">\n\t<td class=\"column-1\"><\/td><td class=\"column-2\">Display Type<\/td><td class=\"column-3\">Three DDI ports support HDMI\/DP\/SDVO\/DVI<br \/>\n<\/td>\n<\/tr>\n<tr class=\"row-12\">\n\t<td class=\"column-1\">Audio<\/td><td class=\"column-2\">Codec<\/td><td class=\"column-3\">Integrated Intel\u00ae High Definition Audio<br \/>\n<\/td>\n<\/tr>\n<tr class=\"row-13\">\n\t<td class=\"column-1\">Ethernet<\/td><td class=\"column-2\">Chipset<\/td><td class=\"column-3\">1 x Intel\u00ae 82579LM GbE LAN<br \/>\n<\/td>\n<\/tr>\n<tr class=\"row-14\">\n\t<td class=\"column-1\">I\/O Interface<\/td><td class=\"column-2\">SATA<\/td><td class=\"column-3\">2 x SATAIII (6 Gb\/s)<br \/>\n2 x SATAII (3 Gb\/s)<\/td>\n<\/tr>\n<tr class=\"row-15\">\n\t<td class=\"column-1\"><\/td><td class=\"column-2\">USB<\/td><td class=\"column-3\">4 x USB 3.0<br \/>\n8 x USB 2.0<\/td>\n<\/tr>\n<tr class=\"row-16\">\n\t<td class=\"column-1\"><\/td><td class=\"column-2\">LPC bus<\/td><td class=\"column-3\">1<\/td>\n<\/tr>\n<tr class=\"row-17\">\n\t<td class=\"column-1\"><\/td><td class=\"column-2\">SMBus<\/td><td class=\"column-3\">1<\/td>\n<\/tr>\n<tr class=\"row-18\">\n\t<td class=\"column-1\"><\/td><td class=\"column-2\">I\u00b2C<\/td><td class=\"column-3\">1<\/td>\n<\/tr>\n<\/tbody>\n<\/table>\n<!-- #tablepress-161 from cache -->\n<p>&nbsp;<\/p>\n","protected":false},"excerpt":{"rendered":"<h3 class=\"title1\"><strong>TRICOR10NV<\/strong><\/h3>\n<p>Wbudowany komputer typu ,,rugged&#8221; z serii TRICOR \u0142\u0105czy wbudowany ekran dotykowy dost\u0119pny w r\u00f3\u017cnych przek\u0105tnych (8,4 \/ 10,4 \/ 12\/15 cali i wi\u0119cej) z doskona\u0142ymi parametrami optycznymi; wbudowany w szerok\u0105 gam\u0119 jednop\u0142ytkowych komputer\u00f3w z procesorami Intel o bardzo niskim poborze mocy (rodzina PIP3x). Funkcje s\u0105 elastyczne i mo\u017cna je wybra\u0107 zgodnie z wymaganiami wydajno\u015bci aplikacji z rodzin\u0105 procesor\u00f3w Quad Core i7, pami\u0119ci, wielko\u015bci wy\u015bwietlacza (oznaczenie jako \u201eX\u201d w numerze modelu TRICOR), z ochron\u0105 EMI i innymi dodatkowymi I \/ O .<\/p>\n","protected":false},"featured_media":10817,"template":"","meta":{"_acf_changed":false,"inline_featured_image":false,"_monsterinsights_skip_tracking":false,"_monsterinsights_sitenote_active":false,"_monsterinsights_sitenote_note":"","_monsterinsights_sitenote_category":0},"product_brand":[],"product_cat":[1590,447,359,1602],"product_tag":[],"class_list":{"0":"post-4339","1":"product","2":"type-product","3":"status-publish","4":"has-post-thumbnail","6":"product_cat-komputery-panelowe","7":"product_cat-komputery-panelowe-fanless","8":"product_cat-mpl","9":"product_cat-przemysl-wojskowy","11":"first","12":"instock","13":"shipping-taxable","14":"product-type-simple"},"acf":[],"_links":{"self":[{"href":"https:\/\/quantum.com.pl\/pl\/wp-json\/wp\/v2\/product\/4339","targetHints":{"allow":["GET"]}}],"collection":[{"href":"https:\/\/quantum.com.pl\/pl\/wp-json\/wp\/v2\/product"}],"about":[{"href":"https:\/\/quantum.com.pl\/pl\/wp-json\/wp\/v2\/types\/product"}],"wp:featuredmedia":[{"embeddable":true,"href":"https:\/\/quantum.com.pl\/pl\/wp-json\/wp\/v2\/media\/10817"}],"wp:attachment":[{"href":"https:\/\/quantum.com.pl\/pl\/wp-json\/wp\/v2\/media?parent=4339"}],"wp:term":[{"taxonomy":"product_brand","embeddable":true,"href":"https:\/\/quantum.com.pl\/pl\/wp-json\/wp\/v2\/product_brand?post=4339"},{"taxonomy":"product_cat","embeddable":true,"href":"https:\/\/quantum.com.pl\/pl\/wp-json\/wp\/v2\/product_cat?post=4339"},{"taxonomy":"product_tag","embeddable":true,"href":"https:\/\/quantum.com.pl\/pl\/wp-json\/wp\/v2\/product_tag?post=4339"}],"curies":[{"name":"wp","href":"https:\/\/api.w.org\/{rel}","templated":true}]}}