{"id":4342,"date":"2019-10-07T13:33:50","date_gmt":"2019-10-07T11:33:50","guid":{"rendered":"https:\/\/quantum.com.pl\/?post_type=product&#038;p=4342"},"modified":"2020-10-21T15:28:19","modified_gmt":"2020-10-21T13:28:19","slug":"adapter-interfejsu-pc-104-plus","status":"publish","type":"product","link":"https:\/\/quantum.com.pl\/pl\/product\/adapter-interfejsu-pc-104-plus\/","title":{"rendered":"Adapter interfejsu PC\/104-Plus"},"content":{"rendered":"<p>PCCARD jest adapterem interfejsu PC\/104-Plus zapewniaj\u0105cym funkcjonowanie 8\/16 bit PC Card&#x2122; i 32 bit CardBus&#x2122; w twoim systemie.<\/p>\n<p>PCCARD oferuje dwa standardowe i niezale\u017cne gniazda PC Card&#x2122;, kt\u00f3re s\u0105 wstecznie kompatybilne ze standardem PCMCIA. PCCARD daje ci zatem mo\u017cliwo\u015b\u0107 zastosowania CardBus&#x2122;, PC Card&#x2122; lub kart PCMCIA. Dzi\u0119ki ogromnej funkcjonalno\u015bci, karty te oferuj\u0105 wzmocnienie twojego systemu przy jednoczesnej maksymalnej elastyczno\u015bci. PCCARD jest dost\u0119pny jako modu\u0142 PC\/104-Plus lub w specjalnym formacie MPL u\u017cywanym do komputer\u00f3w przemys\u0142owych MPL (PIP).<\/p>\n<h4>Cechy szczeg\u00f3lne PCCard:<\/h4>\n<ul>\n<li>Dwa gniazda PC Card Standard dla podw\u00f3jnych kart typu I\/II lub pojedynczych typu III<\/li>\n<li>Obs\u0142ugiwane karty 3.3V i 5V<\/li>\n<li>32 bitowy interfejs CardBus&#x2122;<\/li>\n<li>8\/16 bitowy interfejs PC Card&#x2122;<\/li>\n<li>Kompatybilny z kartami PCMCIA PC Card&#x2122;<\/li>\n<li>Mo\u017cliwo\u015b\u0107 pod\u0142\u0105czania przy w\u0142\u0105czonym zasilaniu<\/li>\n<li>PC\/104-Plus przez modu\u0142<\/li>\n<li>Dzia\u0142a tylko z zasilaniem wej\u015bciowym 5V<\/li>\n<li>Pasuje do wszystkich komputer\u00f3w PIP<\/li>\n<li>Tolerancja temperatury w zakresie: -40\u00b0C up to +85\u00b0C<\/li>\n<\/ul>\n<p>Te cechy sprawiaj\u0105, \u017ce PCCARD to idealne rozwi\u0105zanie przemys\u0142owe, je\u015bli potrzebujesz rozszerzy\u0107 sw\u00f3j system o kompaktowy, niezawodny interfejs, kt\u00f3ry zapewnia maksymaln\u0105 elastyczno\u015b\u0107. PCCARD \u0142\u0105czy Tw\u00f3j system z dowoln\u0105 dost\u0119pn\u0105 CardBus&#x2122;, PC Card&#x2122; lub PCMCIA-Card. Pozwala to na przyk\u0142ad rozszerzy\u0107 system o pami\u0119\u0107 wymienn\u0105 i\/lub I\/O cards (Flash Disks, Ethernet, FireWire, Modem i inne).<\/p>\n<h4>Dane techniczne:<\/h4>\n\n<table id=\"tablepress-149\" class=\"tablepress tablepress-id-149 tbody-has-connected-cells\">\n<thead>\n<tr class=\"row-1\">\n\t<th colspan=\"3\" class=\"column-1\"><strong>Electrical<\/strong><\/th>\n<\/tr>\n<\/thead>\n<tbody class=\"row-striping row-hover\">\n<tr class=\"row-2\">\n\t<td class=\"column-1\">Ethernet Switch<\/td><td class=\"column-2\">5-port Layer 2 Switch Controller<br \/>\n1.4 Gbps high performance bandwidth<br \/>\nIndependent operation<\/td><td class=\"column-3\">up to two switch controllers<br \/>\neach with 128KB SRAM<br \/>\nautomatic address learning, aging and migration<\/td>\n<\/tr>\n<tr class=\"row-3\">\n\t<td class=\"column-1\">Network Controller<\/td><td class=\"column-2\">PCnetTM-FAST III Ethernet Controller<br \/>\nEach direct connected to one switch<\/td><td class=\"column-3\">up to two Ethernet controllers<\/td>\n<\/tr>\n<tr class=\"row-4\">\n\t<td class=\"column-1\">Physical Interface (PHY)<\/td><td class=\"column-2\">10BASE-T and 100BASE-TX onboard or on external PCB<br \/>\nSupports IEEE 802.3u auto negotiation<\/td><td class=\"column-3\">up to 8 external RJ45 connectors<br \/>\n10\/100Mbps, half\/full-duplex operation<\/td>\n<\/tr>\n<tr class=\"row-5\">\n\t<td class=\"column-1\">Media Independent Interface (MII)<\/td><td class=\"column-2\">Used to connect Ethernet and Switch controller together<\/td><td class=\"column-3\">expanded version uses 1:1 cable<br \/>\ncable length 25 cm<\/td>\n<\/tr>\n<tr class=\"row-6\">\n\t<td class=\"column-1\">Status LED's<\/td><td class=\"column-2\">2 LED s for each channel<\/td><td class=\"column-3\">user configurable<\/td>\n<\/tr>\n<tr class=\"row-7\">\n\t<td class=\"column-1\">Ethernet Host Interface<\/td><td class=\"column-2\">PC\/104-Plus compliant<br \/>\nPCI specification revision 2.2 compliant<\/td><td class=\"column-3\">stack through module<br \/>\nsupports both 5.0V and 3.3V signaling<\/td>\n<\/tr>\n<tr class=\"row-8\">\n\t<td class=\"column-1\">Power<\/td><td class=\"column-2\">Runs with 5V input power only<\/td><td class=\"column-3\">5V\/3.3V converter onboard<\/td>\n<\/tr>\n<tr class=\"row-9\">\n\t<td colspan=\"3\" class=\"column-1\"><strong>Physical\/Power<\/strong><\/td>\n<\/tr>\n<tr class=\"row-10\">\n\t<td class=\"column-1\">Size (length x width x height)<\/td><td class=\"column-2\">90.2 x 95.9 x 11 mm<br \/>\n3,550 x 3,775 x 0,435 inch<\/td><td class=\"column-3\">PC\/104-Plus compliant<br \/>\nstack through module<\/td>\n<\/tr>\n<tr class=\"row-11\">\n\t<td class=\"column-1\">Weight<\/td><td class=\"column-2\">120g \/ 0.265 lbs<\/td><td class=\"column-3\">fully equipped SPIDERLAN-2P<\/td>\n<\/tr>\n<tr class=\"row-12\">\n\t<td class=\"column-1\">Power<\/td><td class=\"column-2\">+5VDC +\/-5%<\/td><td class=\"column-3\">input over PCI connector<\/td>\n<\/tr>\n<tr class=\"row-13\">\n\t<td class=\"column-1\">Power consumption<\/td><td class=\"column-2\">Typically 2.5W<br \/>\nTypically 5W<\/td><td class=\"column-3\">SPIDERLAN-1P\/E (4-port switch)<br \/>\nSPIDERLAN-2P\/E (8-port switch)<\/td>\n<\/tr>\n<tr class=\"row-14\">\n\t<td class=\"column-1\">Temperature Range<\/td><td class=\"column-2\">-20\u00b0C up to 70\u00b0C<\/td><td class=\"column-3\">optional -40\u00b0C up to 75\u00b0C<\/td>\n<\/tr>\n<tr class=\"row-15\">\n\t<td class=\"column-1\">Humidity<\/td><td class=\"column-2\">5% - 95% non condensing<\/td><td class=\"column-3\">optional coating available<\/td>\n<\/tr>\n<tr class=\"row-16\">\n\t<td colspan=\"3\" class=\"column-1\"><strong>Operating Systems<\/strong><\/td>\n<\/tr>\n<tr class=\"row-17\">\n\t<td colspan=\"3\" class=\"column-1\">Compatible with the existing PCnet Family driver and diagnostic software!<br \/>\nMicrosoft Windows NT 3.51, 4.0, 2000<br \/>\nMicrosoft Windows 95, 98, ME, XP<br \/>\nMicrosoft Windows CE<br \/>\nNovel NetWare 3.11, 3.12 &amp; 4.1x, 5 Server<br \/>\nPacket driver for Unix Client, UnixWare 7.0, SCO Unix<br \/>\nLinux (Red Hat, Caldera, SlackWare, S.U.S.E and Debian)<br \/>\nMacintosh Mac OS 8.x\/9.x<\/td>\n<\/tr>\n<\/tbody>\n<\/table>\n<!-- #tablepress-149 from cache -->\n<h4>Wersje PCCARD:<\/h4>\n\n<table id=\"tablepress-150\" class=\"tablepress tablepress-id-150\">\n<thead>\n<tr class=\"row-1\">\n\t<th class=\"column-1\"><strong>Reference<\/strong><\/th><th class=\"column-2\"><strong>Number of Ethernet and Switch controller\t<\/strong><\/th><th class=\"column-3\"><strong>RJ45 Ports on PC\/104-Plus Board\t<\/strong><\/th><th class=\"column-4\"><strong>RJ45 Ports on Expansion Board<\/strong><\/th>\n<\/tr>\n<\/thead>\n<tbody class=\"row-striping row-hover\">\n<tr class=\"row-2\">\n\t<td class=\"column-1\">SPIDERLAN-1P<\/td><td class=\"column-2\">1<\/td><td class=\"column-3\">4 (on one switch)<\/td><td class=\"column-4\">\u2013<\/td>\n<\/tr>\n<tr class=\"row-3\">\n\t<td class=\"column-1\">SPIDERLAN-1E<\/td><td class=\"column-2\">1<\/td><td class=\"column-3\">\u2013<\/td><td class=\"column-4\">4 (on one switch)<\/td>\n<\/tr>\n<tr class=\"row-4\">\n\t<td class=\"column-1\">SPIDERLAN-2P<\/td><td class=\"column-2\">2<\/td><td class=\"column-3\">8 (two switches)<\/td><td class=\"column-4\">\u2013<\/td>\n<\/tr>\n<tr class=\"row-5\">\n\t<td class=\"column-1\">SPIDERLAN-2E<\/td><td class=\"column-2\">2<\/td><td class=\"column-3\">\u2013<\/td><td class=\"column-4\">8 (two switches)<\/td>\n<\/tr>\n<\/tbody>\n<\/table>\n<!-- #tablepress-150 from cache -->\n","protected":false},"excerpt":{"rendered":"<h3>PCCARD<\/h3>\n<p>PCCARD jest adapterem interfejsu PC\/104-Plus zapewniaj\u0105cym funkcjonowanie 8\/16 bit PC Card&#x2122; i 32 bit CardBus&#x2122; w twoim systemie.<\/p>\n","protected":false},"featured_media":10851,"template":"","meta":{"_acf_changed":false,"inline_featured_image":false,"_monsterinsights_skip_tracking":false,"_monsterinsights_sitenote_active":false,"_monsterinsights_sitenote_note":"","_monsterinsights_sitenote_category":0},"product_brand":[],"product_cat":[1613,359,461],"product_tag":[],"class_list":{"0":"post-4342","1":"product","2":"type-product","3":"status-publish","4":"has-post-thumbnail","6":"product_cat-akcesoria-peryferia","7":"product_cat-mpl","8":"product_cat-peryferia","10":"first","11":"instock","12":"shipping-taxable","13":"product-type-simple"},"acf":[],"_links":{"self":[{"href":"https:\/\/quantum.com.pl\/pl\/wp-json\/wp\/v2\/product\/4342","targetHints":{"allow":["GET"]}}],"collection":[{"href":"https:\/\/quantum.com.pl\/pl\/wp-json\/wp\/v2\/product"}],"about":[{"href":"https:\/\/quantum.com.pl\/pl\/wp-json\/wp\/v2\/types\/product"}],"wp:featuredmedia":[{"embeddable":true,"href":"https:\/\/quantum.com.pl\/pl\/wp-json\/wp\/v2\/media\/10851"}],"wp:attachment":[{"href":"https:\/\/quantum.com.pl\/pl\/wp-json\/wp\/v2\/media?parent=4342"}],"wp:term":[{"taxonomy":"product_brand","embeddable":true,"href":"https:\/\/quantum.com.pl\/pl\/wp-json\/wp\/v2\/product_brand?post=4342"},{"taxonomy":"product_cat","embeddable":true,"href":"https:\/\/quantum.com.pl\/pl\/wp-json\/wp\/v2\/product_cat?post=4342"},{"taxonomy":"product_tag","embeddable":true,"href":"https:\/\/quantum.com.pl\/pl\/wp-json\/wp\/v2\/product_tag?post=4342"}],"curies":[{"name":"wp","href":"https:\/\/api.w.org\/{rel}","templated":true}]}}