{"id":4351,"date":"2019-10-07T14:34:47","date_gmt":"2019-10-07T12:34:47","guid":{"rendered":"https:\/\/quantum.com.pl\/?post_type=product&#038;p=4351"},"modified":"2020-12-29T13:20:05","modified_gmt":"2020-12-29T12:20:05","slug":"modul-przelacznika-ethernet-pc-104-plus-z-8-zewnetrznymi-portami","status":"publish","type":"product","link":"https:\/\/quantum.com.pl\/pl\/product\/modul-przelacznika-ethernet-pc-104-plus-z-8-zewnetrznymi-portami\/","title":{"rendered":"Modu\u0142 prze\u0142\u0105cznika Ethernet PC\/104-Plus z 8 zewn\u0119trznymi portami"},"content":{"rendered":"<p>Rodzina SPIDERLAN sk\u0142ada si\u0119 z uniwersalnych wysokowydajnych, kompaktowych i wytrzyma\u0142ych modu\u0142\u00f3w prze\u0142\u0105cznik\u00f3w Ethernet do zastosowa\u0144 przemys\u0142owych.<\/p>\n<p>Za pomoc\u0105 jednego modu\u0142u PC\/104-Plus mo\u017cna rozszerzy\u0107 system o maksymalnie 2 Kontrolery Ethernet, ka\u017cdy w po\u0142\u0105czeniu z 5-portowym prze\u0142\u0105cznikiem Ethernet. P\u0142yta jest wyposa\u017cona w maksymalnie osiem ca\u0142kowicie niezale\u017cnych zewn\u0119trznych port\u00f3w 10\/100BASE-TX, dost\u0119pnych na z\u0142\u0105czach RJ45. Ka\u017cdy prze\u0142\u0105cznik automatycznie okre\u015bla i zapami\u0119tuje, gdzie znajduje si\u0119 urz\u0105dzenie Ethernet i kieruje pakiety tylko do odpowiedniego portu. Minimalizuje to obci\u0105\u017cenie sieci, eliminuje kolizje i umo\u017cliwia rzeczywist\u0105 komunikacj\u0119 przez sie\u0107 Ethernet.<\/p>\n<p>SPIDERLAN jest dost\u0119pny jako kompaktowy pojedynczy modu\u0142 PC\/104-Plus lub jako wersja rozszerzalna do zestaw\u00f3w paneli przednich!<\/p>\n<h4>Cechy szczeg\u00f3lne SPIDERLAN:<\/h4>\n<ul>\n<li>Do dw\u00f3ch 5-portowych warstw z dwoma prze\u0142\u0105cznikami<\/li>\n<li>Do o\u015bmiu port\u00f3w 10\/100BASE-TX<\/li>\n<li>Automatyczne skrzy\u017cowanie MDI\/MDI-X<\/li>\n<li>Do dw\u00f3ch kontroler\u00f3w Fast Ethernet<\/li>\n<li>Wszystko w jednym module PC\/104-Plus<\/li>\n<li>Mo\u017cliwo\u015b\u0107 rozszerzonej wersji do zestawu przedniego panelu<\/li>\n<li>Dzia\u0142a tylko z zasilaniem wej\u015bciowym 5V<\/li>\n<\/ul>\n<h4>Dane techniczne:<\/h4>\n\n<table id=\"tablepress-149\" class=\"tablepress tablepress-id-149 tbody-has-connected-cells\">\n<thead>\n<tr class=\"row-1\">\n\t<th colspan=\"3\" class=\"column-1\"><strong>Electrical<\/strong><\/th>\n<\/tr>\n<\/thead>\n<tbody class=\"row-striping row-hover\">\n<tr class=\"row-2\">\n\t<td class=\"column-1\">Ethernet Switch<\/td><td class=\"column-2\">5-port Layer 2 Switch Controller<br \/>\n1.4 Gbps high performance bandwidth<br \/>\nIndependent operation<\/td><td class=\"column-3\">up to two switch controllers<br \/>\neach with 128KB SRAM<br \/>\nautomatic address learning, aging and migration<\/td>\n<\/tr>\n<tr class=\"row-3\">\n\t<td class=\"column-1\">Network Controller<\/td><td class=\"column-2\">PCnetTM-FAST III Ethernet Controller<br \/>\nEach direct connected to one switch<\/td><td class=\"column-3\">up to two Ethernet controllers<\/td>\n<\/tr>\n<tr class=\"row-4\">\n\t<td class=\"column-1\">Physical Interface (PHY)<\/td><td class=\"column-2\">10BASE-T and 100BASE-TX onboard or on external PCB<br \/>\nSupports IEEE 802.3u auto negotiation<\/td><td class=\"column-3\">up to 8 external RJ45 connectors<br \/>\n10\/100Mbps, half\/full-duplex operation<\/td>\n<\/tr>\n<tr class=\"row-5\">\n\t<td class=\"column-1\">Media Independent Interface (MII)<\/td><td class=\"column-2\">Used to connect Ethernet and Switch controller together<\/td><td class=\"column-3\">expanded version uses 1:1 cable<br \/>\ncable length 25 cm<\/td>\n<\/tr>\n<tr class=\"row-6\">\n\t<td class=\"column-1\">Status LED's<\/td><td class=\"column-2\">2 LED s for each channel<\/td><td class=\"column-3\">user configurable<\/td>\n<\/tr>\n<tr class=\"row-7\">\n\t<td class=\"column-1\">Ethernet Host Interface<\/td><td class=\"column-2\">PC\/104-Plus compliant<br \/>\nPCI specification revision 2.2 compliant<\/td><td class=\"column-3\">stack through module<br \/>\nsupports both 5.0V and 3.3V signaling<\/td>\n<\/tr>\n<tr class=\"row-8\">\n\t<td class=\"column-1\">Power<\/td><td class=\"column-2\">Runs with 5V input power only<\/td><td class=\"column-3\">5V\/3.3V converter onboard<\/td>\n<\/tr>\n<tr class=\"row-9\">\n\t<td colspan=\"3\" class=\"column-1\"><strong>Physical\/Power<\/strong><\/td>\n<\/tr>\n<tr class=\"row-10\">\n\t<td class=\"column-1\">Size (length x width x height)<\/td><td class=\"column-2\">90.2 x 95.9 x 11 mm<br \/>\n3,550 x 3,775 x 0,435 inch<\/td><td class=\"column-3\">PC\/104-Plus compliant<br \/>\nstack through module<\/td>\n<\/tr>\n<tr class=\"row-11\">\n\t<td class=\"column-1\">Weight<\/td><td class=\"column-2\">120g \/ 0.265 lbs<\/td><td class=\"column-3\">fully equipped SPIDERLAN-2P<\/td>\n<\/tr>\n<tr class=\"row-12\">\n\t<td class=\"column-1\">Power<\/td><td class=\"column-2\">+5VDC +\/-5%<\/td><td class=\"column-3\">input over PCI connector<\/td>\n<\/tr>\n<tr class=\"row-13\">\n\t<td class=\"column-1\">Power consumption<\/td><td class=\"column-2\">Typically 2.5W<br \/>\nTypically 5W<\/td><td class=\"column-3\">SPIDERLAN-1P\/E (4-port switch)<br \/>\nSPIDERLAN-2P\/E (8-port switch)<\/td>\n<\/tr>\n<tr class=\"row-14\">\n\t<td class=\"column-1\">Temperature Range<\/td><td class=\"column-2\">-20\u00b0C up to 70\u00b0C<\/td><td class=\"column-3\">optional -40\u00b0C up to 75\u00b0C<\/td>\n<\/tr>\n<tr class=\"row-15\">\n\t<td class=\"column-1\">Humidity<\/td><td class=\"column-2\">5% - 95% non condensing<\/td><td class=\"column-3\">optional coating available<\/td>\n<\/tr>\n<tr class=\"row-16\">\n\t<td colspan=\"3\" class=\"column-1\"><strong>Operating Systems<\/strong><\/td>\n<\/tr>\n<tr class=\"row-17\">\n\t<td colspan=\"3\" class=\"column-1\">Compatible with the existing PCnet Family driver and diagnostic software!<br \/>\nMicrosoft Windows NT 3.51, 4.0, 2000<br \/>\nMicrosoft Windows 95, 98, ME, XP<br \/>\nMicrosoft Windows CE<br \/>\nNovel NetWare 3.11, 3.12 &amp; 4.1x, 5 Server<br \/>\nPacket driver for Unix Client, UnixWare 7.0, SCO Unix<br \/>\nLinux (Red Hat, Caldera, SlackWare, S.U.S.E and Debian)<br \/>\nMacintosh Mac OS 8.x\/9.x<\/td>\n<\/tr>\n<\/tbody>\n<\/table>\n<!-- #tablepress-149 from cache -->\n<h4>Wersje SPIDERLAN:<\/h4>\n\n<table id=\"tablepress-150\" class=\"tablepress tablepress-id-150\">\n<thead>\n<tr class=\"row-1\">\n\t<th class=\"column-1\"><strong>Reference<\/strong><\/th><th class=\"column-2\"><strong>Number of Ethernet and Switch controller\t<\/strong><\/th><th class=\"column-3\"><strong>RJ45 Ports on PC\/104-Plus Board\t<\/strong><\/th><th class=\"column-4\"><strong>RJ45 Ports on Expansion Board<\/strong><\/th>\n<\/tr>\n<\/thead>\n<tbody class=\"row-striping row-hover\">\n<tr class=\"row-2\">\n\t<td class=\"column-1\">SPIDERLAN-1P<\/td><td class=\"column-2\">1<\/td><td class=\"column-3\">4 (on one switch)<\/td><td class=\"column-4\">\u2013<\/td>\n<\/tr>\n<tr class=\"row-3\">\n\t<td class=\"column-1\">SPIDERLAN-1E<\/td><td class=\"column-2\">1<\/td><td class=\"column-3\">\u2013<\/td><td class=\"column-4\">4 (on one switch)<\/td>\n<\/tr>\n<tr class=\"row-4\">\n\t<td class=\"column-1\">SPIDERLAN-2P<\/td><td class=\"column-2\">2<\/td><td class=\"column-3\">8 (two switches)<\/td><td class=\"column-4\">\u2013<\/td>\n<\/tr>\n<tr class=\"row-5\">\n\t<td class=\"column-1\">SPIDERLAN-2E<\/td><td class=\"column-2\">2<\/td><td class=\"column-3\">\u2013<\/td><td class=\"column-4\">8 (two switches)<\/td>\n<\/tr>\n<\/tbody>\n<\/table>\n<!-- #tablepress-150 from cache -->\n","protected":false},"excerpt":{"rendered":"<h3>SPIDERLAN<\/h3>\n<p>Rodzina SPIDERLAN sk\u0142ada si\u0119 z uniwersalnych wysokowydajnych, kompaktowych i wytrzyma\u0142ych modu\u0142\u00f3w prze\u0142\u0105cznik\u00f3w Ethernet do zastosowa\u0144 przemys\u0142owych.<\/p>\n","protected":false},"featured_media":10847,"template":"","meta":{"_acf_changed":false,"inline_featured_image":false,"_monsterinsights_skip_tracking":false,"_monsterinsights_sitenote_active":false,"_monsterinsights_sitenote_note":"","_monsterinsights_sitenote_category":0},"product_brand":[],"product_cat":[1613,359,461],"product_tag":[],"class_list":{"0":"post-4351","1":"product","2":"type-product","3":"status-publish","4":"has-post-thumbnail","6":"product_cat-akcesoria-peryferia","7":"product_cat-mpl","8":"product_cat-peryferia","10":"first","11":"instock","12":"shipping-taxable","13":"product-type-simple"},"acf":[],"_links":{"self":[{"href":"https:\/\/quantum.com.pl\/pl\/wp-json\/wp\/v2\/product\/4351","targetHints":{"allow":["GET"]}}],"collection":[{"href":"https:\/\/quantum.com.pl\/pl\/wp-json\/wp\/v2\/product"}],"about":[{"href":"https:\/\/quantum.com.pl\/pl\/wp-json\/wp\/v2\/types\/product"}],"wp:featuredmedia":[{"embeddable":true,"href":"https:\/\/quantum.com.pl\/pl\/wp-json\/wp\/v2\/media\/10847"}],"wp:attachment":[{"href":"https:\/\/quantum.com.pl\/pl\/wp-json\/wp\/v2\/media?parent=4351"}],"wp:term":[{"taxonomy":"product_brand","embeddable":true,"href":"https:\/\/quantum.com.pl\/pl\/wp-json\/wp\/v2\/product_brand?post=4351"},{"taxonomy":"product_cat","embeddable":true,"href":"https:\/\/quantum.com.pl\/pl\/wp-json\/wp\/v2\/product_cat?post=4351"},{"taxonomy":"product_tag","embeddable":true,"href":"https:\/\/quantum.com.pl\/pl\/wp-json\/wp\/v2\/product_tag?post=4351"}],"curies":[{"name":"wp","href":"https:\/\/api.w.org\/{rel}","templated":true}]}}