{"id":4360,"date":"2019-10-07T15:20:15","date_gmt":"2019-10-07T13:20:15","guid":{"rendered":"https:\/\/quantum.com.pl\/?post_type=product&#038;p=4360"},"modified":"2020-12-29T13:14:23","modified_gmt":"2020-12-29T12:14:23","slug":"kontroler-gigabit-ethernet-typu-rugged","status":"publish","type":"product","link":"https:\/\/quantum.com.pl\/pl\/product\/kontroler-gigabit-ethernet-typu-rugged\/","title":{"rendered":"Kontroler Gigabit Ethernet typu &#8222;rugged&#8221;"},"content":{"rendered":"<p>Rodzina TRIGET sk\u0142ada si\u0119 z wysoce zintegrowanych, elastycznych, wytrzyma\u0142ych, zgodnych ze standardem PC\/104-Plus modu\u0142\u00f3w Ethernet do zastosowa\u0144 przemys\u0142owych.<\/p>\n<p>Za pomoc\u0105 jednego modu\u0142u PC\/104-Plus mo\u017cna rozszerzy\u0107 system o maksymalnie trzy kontrolery Gigabit Ethernet! Dzi\u0119ki u\u017cyciu mostka pomi\u0119dzy PCI, TRIGET wymaga tylko jednego gniazda na stosie PC\/104-Plus. W zwi\u0105zku z tym stos nadal mo\u017cna rozszerzy\u0107 o maksymalnie 3 inne karty PC\/104-Plus.<\/p>\n<p>Aby dopasowa\u0107 r\u00f3\u017cne wymagania systemowe, dost\u0119pne s\u0105 r\u00f3\u017cne interfejsy i wersje mechaniczne. Wybierz pomi\u0119dzy RJ45 lub 2 mm lockable headers oraz pomi\u0119dzy dwoma rozmiarami mechanicznymi.<\/p>\n<p>TRIGET dzia\u0142a na p\u0142ytach hosta PCI 5V i 3.3V. Ponadto obs\u0142uguje operacje PCI do 66MHz.<\/p>\n<h4>Cechy szczeg\u00f3lne TRIGET:<\/h4>\n<ul>\n<li>Do trzech kontroler\u00f3w Gigabit Ethernet<\/li>\n<li>U\u017cywany jest tylko jeden slot PC\/104-Plus<\/li>\n<li>Diody LED stanu<\/li>\n<li>Ethernet RJ45 lub 2 mm lockable headers<\/li>\n<li>Zasilanie pojedyncze 5V<\/li>\n<li>Tolerancja 5V i 3.3V PCI host boards<\/li>\n<li>Tolerancja temperatury w zakresie -40\u00b0C up to +85\u00b0C<\/li>\n<\/ul>\n<p>Funkcje te sprawiaj\u0105, \u017ce TRIGET idealnie nadaje si\u0119 do zastosowa\u0144 sieciowych, kt\u00f3re wymagaj\u0105 wielu niezale\u017cnych szybkich interfejs\u00f3w. Dzi\u0119ki solidnej i elastycznej konstrukcji produkty mog\u0105 by\u0107 dobrze wykorzystane w ka\u017cdym wbudowanym systemie.<\/p>\n<h4>Dane techniczne TRIGET:<\/h4>\n\n<table id=\"tablepress-151\" class=\"tablepress tablepress-id-151 tbody-has-connected-cells\">\n<thead>\n<tr class=\"row-1\">\n\t<th colspan=\"3\" class=\"column-1\"><strong>Board Key Data<\/strong><\/th>\n<\/tr>\n<\/thead>\n<tbody class=\"row-striping row-hover\">\n<tr class=\"row-2\">\n\t<td class=\"column-1\">Network Controller<\/td><td class=\"column-2\">Intel 82541PI<\/td><td class=\"column-3\">up to three controllers onboard<\/td>\n<\/tr>\n<tr class=\"row-3\">\n\t<td class=\"column-1\">Physical Interface<\/td><td class=\"column-2\">RJ45 or 10-pin 2mm lockable header<\/td><td class=\"column-3\">supports auto crossover (Auto MDI\/MDIX)<\/td>\n<\/tr>\n<tr class=\"row-4\">\n\t<td class=\"column-1\">Status LEDs<\/td><td class=\"column-2\">2 LEDs for each port<\/td><td class=\"column-3\">Link\/Activity and Speed<\/td>\n<\/tr>\n<tr class=\"row-5\">\n\t<td class=\"column-1\">Host Interface<\/td><td class=\"column-2\">PC\/104-Plus compliant<br \/>\nPCI specification revision 2.3 compliant<\/td><td class=\"column-3\">stackthrough module, up to 66MHz<br \/>\nsupports both 5.0V and 3.3V signaling<\/td>\n<\/tr>\n<tr class=\"row-6\">\n\t<td colspan=\"3\" class=\"column-1\"><strong>Physical\/Power<\/strong><\/td>\n<\/tr>\n<tr class=\"row-7\">\n\t<td class=\"column-1\">Size (length x width x height)<\/td><td class=\"column-2\">92.4 x 95.9 x 11.1 mm<br \/>\n90.7 x 95.9 x 13.9 mm<br \/>\n122.2 x 95.9 x 13.9 mm<\/td><td class=\"column-3\">2mm header version (-xH)<br \/>\nRJ45 version (-xS)<br \/>\nPIP built-in version (-xM)<\/td>\n<\/tr>\n<tr class=\"row-8\">\n\t<td class=\"column-1\">Weight<\/td><td class=\"column-2\">Typically 120g \/ 0.26 lbs<\/td><td class=\"column-3\">fully equipped TRIGET-3S<\/td>\n<\/tr>\n<tr class=\"row-9\">\n\t<td class=\"column-1\">Power<\/td><td class=\"column-2\">+5 VDC \u00b1 5%<\/td><td class=\"column-3\">input over PCI connector<\/td>\n<\/tr>\n<tr class=\"row-10\">\n\t<td class=\"column-1\">Power consumption<\/td><td class=\"column-2\">Typically 4W<\/td><td class=\"column-3\">with 3x Gigabit links<\/td>\n<\/tr>\n<tr class=\"row-11\">\n\t<td class=\"column-1\">Temperature range<\/td><td class=\"column-2\">-20\u00b0C up to 60\u00b0C<\/td><td class=\"column-3\">optional -40\u00b0C up to +85\u00b0C<\/td>\n<\/tr>\n<tr class=\"row-12\">\n\t<td class=\"column-1\">Humidity<\/td><td class=\"column-2\">5% - 95% non condensing<\/td><td class=\"column-3\">optional coating available<\/td>\n<\/tr>\n<tr class=\"row-13\">\n\t<td colspan=\"3\" class=\"column-1\"><strong>Operating Systems<\/strong><\/td>\n<\/tr>\n<tr class=\"row-14\">\n\t<td colspan=\"3\" class=\"column-1\">Compatible with the existing Intel 82541 PI driver software!<br \/>\nMicrosoft Windows Server 2003 \/ 2008<br \/>\nMicrosoft Windows XP Professional<br \/>\nMicrosoft Windows Vista<br \/>\nDOS<br \/>\nLinux<\/td>\n<\/tr>\n<\/tbody>\n<\/table>\n<!-- #tablepress-151 from cache -->\n<h4>Wersje TRIGET:<\/h4>\n\n<table id=\"tablepress-152\" class=\"tablepress tablepress-id-152\">\n<thead>\n<tr class=\"row-1\">\n\t<th class=\"column-1\">Reference<\/th><th class=\"column-2\">Function<\/th>\n<\/tr>\n<\/thead>\n<tbody class=\"row-striping row-hover\">\n<tr class=\"row-2\">\n\t<td class=\"column-1\">TRIGET-3S<\/td><td class=\"column-2\">3 Gigabit Ethernet controller on standard PC\/104-Plus module, interfaces RJ45 connectors.<\/td>\n<\/tr>\n<tr class=\"row-3\">\n\t<td class=\"column-1\">TRIGET-2S<\/td><td class=\"column-2\">2 Gigabit Ethernet controller on standard PC\/104-Plus module, interfaces RJ45 connectors.<\/td>\n<\/tr>\n<tr class=\"row-4\">\n\t<td class=\"column-1\">TRIGET-1S<\/td><td class=\"column-2\">1 Gigabit Ethernet controller on standard PC\/104-Plus module, interface RJ45 connector.<\/td>\n<\/tr>\n<tr class=\"row-5\">\n\t<td class=\"column-1\">TRIGET-3H<\/td><td class=\"column-2\">3 Gigabit Ethernet controller on standard PC\/104-Plus module, interfaces 2mm lockable headers.<\/td>\n<\/tr>\n<tr class=\"row-6\">\n\t<td class=\"column-1\">TRIGET-2H<\/td><td class=\"column-2\">2 Gigabit Ethernet controller on standard PC\/104-Plus module, interfaces 2mm lockable headers.<\/td>\n<\/tr>\n<tr class=\"row-7\">\n\t<td class=\"column-1\">TRIGET-1H<\/td><td class=\"column-2\">1 Gigabit Ethernet controller on standard PC\/104-Plus module, interface 2mm lockable header.<\/td>\n<\/tr>\n<tr class=\"row-8\">\n\t<td class=\"column-1\">TRIGET-3M<\/td><td class=\"column-2\">3 Gigabit Ethernet controller on PIP built-in PC\/104-Plus module, interfaces RJ45 connectors (available on PIP front)<\/td>\n<\/tr>\n<tr class=\"row-9\">\n\t<td class=\"column-1\">TRIGET-2M<\/td><td class=\"column-2\">2 Gigabit Ethernet controller on PIP built-in PC\/104-Plus module, interfaces RJ45 connectors (available on PIP front)<\/td>\n<\/tr>\n<tr class=\"row-10\">\n\t<td class=\"column-1\">TRIGET-1M<\/td><td class=\"column-2\">1 Gigabit Ethernet controller on PIP built-in PC\/104-Plus module, interface RJ45 connector (available on PIP front)<\/td>\n<\/tr>\n<tr class=\"row-11\">\n\t<td class=\"column-1\">TRIGET-3HKIT<\/td><td class=\"column-2\">Cable and connector kit for TRIGET-3H.<br \/>\nSmall PCB with 3 Ethernet interfaces over RJ45 connectors (cable length 300mm).<\/td>\n<\/tr>\n<tr class=\"row-12\">\n\t<td class=\"column-1\">TRIGET-1HKIT1<\/td><td class=\"column-2\">Cable and RJ45 adapter PCB for TRIGET-xH (cable length 300mm) - no status LEDs.<\/td>\n<\/tr>\n<tr class=\"row-13\">\n\t<td class=\"column-1\">TRIGET-1HKIT2<\/td><td class=\"column-2\">Ethernet cable 300mm long, 10 pin 2mm lockable socket to RJ45 connector.<\/td>\n<\/tr>\n<tr class=\"row-14\">\n\t<td class=\"column-1\">TRIGET-Cx<\/td><td class=\"column-2\">Custom specific version with 1-3 Gigabit Ethernet controller and required Ethernet interfaces.<br \/>\nPlease talk to us.<\/td>\n<\/tr>\n<\/tbody>\n<\/table>\n<!-- #tablepress-152 from cache -->\n","protected":false},"excerpt":{"rendered":"<h3>TRIGET<\/h3>\n<p>Rodzina TRIGET sk\u0142ada si\u0119 z wysoce zintegrowanych, elastycznych, wytrzyma\u0142ych, zgodnych ze standardem PC\/104-Plus modu\u0142\u00f3w Ethernet do zastosowa\u0144 przemys\u0142owych.<\/p>\n","protected":false},"featured_media":10849,"template":"","meta":{"_acf_changed":false,"inline_featured_image":false,"_monsterinsights_skip_tracking":false,"_monsterinsights_sitenote_active":false,"_monsterinsights_sitenote_note":"","_monsterinsights_sitenote_category":0},"product_brand":[],"product_cat":[359,461,1587],"product_tag":[],"class_list":{"0":"post-4360","1":"product","2":"type-product","3":"status-publish","4":"has-post-thumbnail","6":"product_cat-mpl","7":"product_cat-peryferia","8":"product_cat-produkty-sieciowe","10":"first","11":"instock","12":"shipping-taxable","13":"product-type-simple"},"acf":[],"_links":{"self":[{"href":"https:\/\/quantum.com.pl\/pl\/wp-json\/wp\/v2\/product\/4360","targetHints":{"allow":["GET"]}}],"collection":[{"href":"https:\/\/quantum.com.pl\/pl\/wp-json\/wp\/v2\/product"}],"about":[{"href":"https:\/\/quantum.com.pl\/pl\/wp-json\/wp\/v2\/types\/product"}],"wp:featuredmedia":[{"embeddable":true,"href":"https:\/\/quantum.com.pl\/pl\/wp-json\/wp\/v2\/media\/10849"}],"wp:attachment":[{"href":"https:\/\/quantum.com.pl\/pl\/wp-json\/wp\/v2\/media?parent=4360"}],"wp:term":[{"taxonomy":"product_brand","embeddable":true,"href":"https:\/\/quantum.com.pl\/pl\/wp-json\/wp\/v2\/product_brand?post=4360"},{"taxonomy":"product_cat","embeddable":true,"href":"https:\/\/quantum.com.pl\/pl\/wp-json\/wp\/v2\/product_cat?post=4360"},{"taxonomy":"product_tag","embeddable":true,"href":"https:\/\/quantum.com.pl\/pl\/wp-json\/wp\/v2\/product_tag?post=4360"}],"curies":[{"name":"wp","href":"https:\/\/api.w.org\/{rel}","templated":true}]}}