{"id":4369,"date":"2019-10-09T10:29:17","date_gmt":"2019-10-09T08:29:17","guid":{"rendered":"https:\/\/quantum.com.pl\/?post_type=product&#038;p=4369"},"modified":"2020-10-21T14:31:20","modified_gmt":"2020-10-21T12:31:20","slug":"adapter-kart-compactflash","status":"publish","type":"product","link":"https:\/\/quantum.com.pl\/pl\/product\/adapter-kart-compactflash\/","title":{"rendered":"Adapter kart CompactFlash"},"content":{"rendered":"<p>Adaptery IDE2CF s\u0105 niezwykle efektywne i \u0142atwe w u\u017cyciu przy pod\u0142\u0105czaniu kart CompactFlash do standardowego portu IDE twojego systemu.<\/p>\n<p>Adaptery cechuje obudowa PC\/104 dla \u0142atwego mocowania mechanicznego. Opcjonalnie dost\u0119pna jest r\u00f3wnie\u017c mo\u017cliwo\u015b\u0107 instalowania dodatkowych kart PC\/104 za po\u015brednictwem z\u0142\u0105cza PC\/104.<\/p>\n<p>Adaptery s\u0105 elektrycznie po\u0142\u0105czone z portem IDE za pomoc\u0105 standardowego przewodu IDE albo przez 44-pin 2 mm pitch lub 40-pin 2.54 mm pitch header. Adapter IDE2CF ma 1 gniazdo CompactFlash, dopasowane do karty typu I i II, zatem mo\u017cna na nim u\u017cy\u0107 dowolnej karty CompactFlash Storage.<\/p>\n<p>Z adapterem IDE2CF karty pami\u0119ci s\u0105 u\u017cywane jak dyski twarde IDE, przy czym nie jest mo\u017cliwe po\u0142\u0105czenie hot plug. Je\u015bli wymagana jest obs\u0142uga pod\u0142\u0105czania przy w\u0142\u0105czonym zasilaniu, nale\u017cy u\u017cy\u0107 modu\u0142u PCCARD MPL AG.<\/p>\n<h4>Cechy szczeg\u00f3lne IDE2CF:<\/h4>\n<ul>\n<li>Bootable storage interfaces<\/li>\n<li>Wyb\u00f3r: Master\/Slave<\/li>\n<li>Interfejs IDE 44 lub 40-pin<\/li>\n<li>Obudowa PC\/104<\/li>\n<li>Karty CompactFlash typu I i II<\/li>\n<li>Tolerancja temperatury: -40\u00b0C up to +85\u00b0C<\/li>\n<\/ul>\n<h4>Dane techniczne IDE2CF:<\/h4>\n\n<table id=\"tablepress-155\" class=\"tablepress tablepress-id-155 tbody-has-connected-cells\">\n<thead>\n<tr class=\"row-1\">\n\t<th colspan=\"3\" class=\"column-1\"><strong>PC Card Interface<\/strong><\/th>\n<\/tr>\n<\/thead>\n<tbody class=\"row-striping row-hover\">\n<tr class=\"row-2\">\n\t<td class=\"column-1\">Card Types supported<\/td><td class=\"column-2\">Only PCMCIA PC Cards with a true IDE interface<\/td><td class=\"column-3\">Use the PCCARD Module for other card types!<\/td>\n<\/tr>\n<tr class=\"row-3\">\n\t<td class=\"column-1\">Interface Voltage<\/td><td class=\"column-2\">5V only<\/td><td class=\"column-3\">via 44-pin IDE connector or through PC\/104 connector<\/td>\n<\/tr>\n<tr class=\"row-4\">\n\t<td colspan=\"3\" class=\"column-1\"><strong>Physical\/Power<\/strong><\/td>\n<\/tr>\n<tr class=\"row-5\">\n\t<td class=\"column-1\">Power<\/td><td class=\"column-2\">+5VDC +\/-5%<\/td><td class=\"column-3\"><\/td>\n<\/tr>\n<tr class=\"row-6\">\n\t<td class=\"column-1\">Temperature Range<\/td><td class=\"column-2\">-20\u00b0C up to 70\u00b0C<\/td><td class=\"column-3\"><\/td>\n<\/tr>\n<tr class=\"row-7\">\n\t<td class=\"column-1\">Humidity<\/td><td class=\"column-2\">5% - 95% non condensing<\/td><td class=\"column-3\"><\/td>\n<\/tr>\n<tr class=\"row-8\">\n\t<td colspan=\"3\" class=\"column-1\"><strong>Operating Systems<\/strong><\/td>\n<\/tr>\n<tr class=\"row-9\">\n\t<td colspan=\"3\" class=\"column-1\">All Operating Systems that support IDE media will work with the IDE2PCC. However, please note that Hot-Plug support for standard IDE media is not supported by most operating systems.<\/td>\n<\/tr>\n<\/tbody>\n<\/table>\n<!-- #tablepress-155 from cache -->\n<h4>Wersje IDE2CF:<\/h4>\n\n<table id=\"tablepress-156\" class=\"tablepress tablepress-id-156 tbody-has-connected-cells\">\n<thead>\n<tr class=\"row-1\">\n\t<th colspan=\"2\" class=\"column-1\"><strong>IDE2PCC-[Slots][PC\/104 Connector][IDE Connector]<\/strong><\/th>\n<\/tr>\n<\/thead>\n<tbody class=\"row-striping row-hover\">\n<tr class=\"row-2\">\n\t<td colspan=\"2\" class=\"column-1\"><strong>Slots:<\/strong><\/td>\n<\/tr>\n<tr class=\"row-3\">\n\t<td class=\"column-1\">1<\/td><td class=\"column-2\">Single PC Card Slot<\/td>\n<\/tr>\n<tr class=\"row-4\">\n\t<td class=\"column-1\">2<\/td><td class=\"column-2\">Dual PC Card Slot<\/td>\n<\/tr>\n<tr class=\"row-5\">\n\t<td colspan=\"2\" class=\"column-1\"><strong>PC\/104 Connector:<\/strong><\/td>\n<\/tr>\n<tr class=\"row-6\">\n\t<td class=\"column-1\">A<\/td><td class=\"column-2\">PC\/104 stack-through connector assembled<\/td>\n<\/tr>\n<tr class=\"row-7\">\n\t<td class=\"column-1\">N<\/td><td class=\"column-2\">No PC\/104 stack-through connector<\/td>\n<\/tr>\n<tr class=\"row-8\">\n\t<td colspan=\"2\" class=\"column-1\"><strong>IDE Connector:<\/strong><\/td>\n<\/tr>\n<tr class=\"row-9\">\n\t<td class=\"column-1\">40<\/td><td class=\"column-2\">40-pin, 2.54 mm pitch IDE connector assembled<\/td>\n<\/tr>\n<tr class=\"row-10\">\n\t<td class=\"column-1\">44<\/td><td class=\"column-2\">44-pin, 2 mm pitch IDE connector assembled<\/td>\n<\/tr>\n<tr class=\"row-11\">\n\t<td colspan=\"2\" class=\"column-1\">Example: <strong>IDE2PCC-1N40<\/strong><\/td>\n<\/tr>\n<tr class=\"row-12\">\n\t<td colspan=\"2\" class=\"column-1\">Single Slot<br \/>\nNo PC\/104 connector<br \/>\n40-pin IDE connector<\/td>\n<\/tr>\n<\/tbody>\n<\/table>\n<!-- #tablepress-156 from cache -->\n","protected":false},"excerpt":{"rendered":"<h3>IDE2CF<\/h3>\n<p>Adaptery IDE2CF s\u0105 niezwykle efektywne i \u0142atwe w u\u017cyciu przy pod\u0142\u0105czaniu kart CompactFlash do standardowego portu IDE twojego systemu.<\/p>\n","protected":false},"featured_media":10841,"template":"","meta":{"_acf_changed":false,"inline_featured_image":false,"_monsterinsights_skip_tracking":false,"_monsterinsights_sitenote_active":false,"_monsterinsights_sitenote_note":"","_monsterinsights_sitenote_category":0},"product_brand":[],"product_cat":[1613,359,461],"product_tag":[],"class_list":{"0":"post-4369","1":"product","2":"type-product","3":"status-publish","4":"has-post-thumbnail","6":"product_cat-akcesoria-peryferia","7":"product_cat-mpl","8":"product_cat-peryferia","10":"first","11":"instock","12":"shipping-taxable","13":"product-type-simple"},"acf":[],"_links":{"self":[{"href":"https:\/\/quantum.com.pl\/pl\/wp-json\/wp\/v2\/product\/4369","targetHints":{"allow":["GET"]}}],"collection":[{"href":"https:\/\/quantum.com.pl\/pl\/wp-json\/wp\/v2\/product"}],"about":[{"href":"https:\/\/quantum.com.pl\/pl\/wp-json\/wp\/v2\/types\/product"}],"wp:featuredmedia":[{"embeddable":true,"href":"https:\/\/quantum.com.pl\/pl\/wp-json\/wp\/v2\/media\/10841"}],"wp:attachment":[{"href":"https:\/\/quantum.com.pl\/pl\/wp-json\/wp\/v2\/media?parent=4369"}],"wp:term":[{"taxonomy":"product_brand","embeddable":true,"href":"https:\/\/quantum.com.pl\/pl\/wp-json\/wp\/v2\/product_brand?post=4369"},{"taxonomy":"product_cat","embeddable":true,"href":"https:\/\/quantum.com.pl\/pl\/wp-json\/wp\/v2\/product_cat?post=4369"},{"taxonomy":"product_tag","embeddable":true,"href":"https:\/\/quantum.com.pl\/pl\/wp-json\/wp\/v2\/product_tag?post=4369"}],"curies":[{"name":"wp","href":"https:\/\/api.w.org\/{rel}","templated":true}]}}