{"id":4383,"date":"2019-10-09T11:47:18","date_gmt":"2019-10-09T09:47:18","guid":{"rendered":"https:\/\/quantum.com.pl\/?post_type=product&#038;p=4383"},"modified":"2020-10-21T14:38:26","modified_gmt":"2020-10-21T12:38:26","slug":"ata-pc-card-adapter","status":"publish","type":"product","link":"https:\/\/quantum.com.pl\/pl\/product\/ata-pc-card-adapter\/","title":{"rendered":"ATA PC-Card Adapter"},"content":{"rendered":"<p>IDE2PCC jest tanim i \u0142atwym w u\u017cyciu adapterem do pod\u0142\u0105czenia PCMCIA PC Cards ATA z interfejsem IDE (PC Cards) do standardowego portu IDE komputera jednop\u0142ytkowego (SBC) od MPL lub innych producent\u00f3w. Adapter IDE2PCC ma do dw\u00f3ch gniazd PC Card Standard dla kart typu I, II lub III. Umo\u017cliwia on korzystanie z dowolnej karty 5V PC Card ATA lub PCMCIA ATA.<\/p>\n<p>W celu mocowania mechanicznego w rodzinie PIP firmy MPL, IDE2PCC mo\u017cna pod\u0142\u0105czy\u0107 do gniazda PC\/104. Gniazdo PC Card znajduje si\u0119 po prawej stronie obudowy PIP. Do monta\u017cu na innych SBC, dost\u0119pne s\u0105 otwory monta\u017cowe zdefiniowane w specyfikacji PC\/104.<\/p>\n<p>Sygna\u0142y IDE s\u0105 pod\u0142\u0105czone do IDE2PCC za pomoc\u0105 standardowego kabla IDE 40 lub 44-pin. Zasilanie jest rozprowadzane za pomoc\u0105 przewodu IDE 44-pin lub z\u0142\u0105cza PC\/104.<\/p>\n<p>Z adapterem IDE2PCC karty pami\u0119ci s\u0105 u\u017cywane jak dyski twarde IDE, przy czym nie jest mo\u017cliwe po\u0142\u0105czenie hot plug IDE2PCC. Je\u015bli wymagana jest obs\u0142uga pod\u0142\u0105czania przy w\u0142\u0105czonym zasilaniu, nale\u017cy u\u017cy\u0107 modu\u0142u PCCARD MPL AG.<\/p>\n<h4>Cechy szczeg\u00f3lne IDE2PCC:<\/h4>\n<ul>\n<li>Bootable storage interfaces<\/li>\n<li>Wyb\u00f3r: Master\/Slave<\/li>\n<li>\u0141atwy w u\u017cyciu oraz tani<\/li>\n<li>Forma PC\/104<\/li>\n<li>Do dw\u00f3ch gniazd PC Card Standard dla kart typu I\/II\/III<\/li>\n<li>Opcjonalne oddzielne z\u0142\u0105cze zasilania<\/li>\n<li>Z\u0142\u0105cze IDE 44-pin (opcjonalnie 40-pin)<\/li>\n<li>Tolerancja temperatury w zakresie -40\u00b0C up to +85\u00b0C<\/li>\n<\/ul>\n<p>Funkcje te sprawiaj\u0105, \u017ce adaptery IDE2PCC to niedrogie, idealne rozwi\u0105zanie, je\u015bli potrzebujesz \u0142atwego no\u015bnika wymiany pami\u0119ci. Adaptery umo\u017cliwiaj\u0105 rozruch z tego urz\u0105dzenia i zapewniaj\u0105 wi\u0119ksz\u0105 elastyczno\u015b\u0107 twojego systemu. Ponadto, obudowa PC\/104 u\u0142atwia mechaniczn\u0105 instalacj\u0119.<\/p>\n<h4>Dane techniczne IDE2PCC:<\/h4>\n\n<table id=\"tablepress-157\" class=\"tablepress tablepress-id-157\">\n<thead>\n<tr class=\"row-1\">\n\t<th colspan=\"2\" class=\"column-1\"><strong style=\"display: block; text-align: center;\">Technical Features<\/strong><\/th>\n<\/tr>\n<\/thead>\n<tbody class=\"row-striping row-hover\">\n<tr class=\"row-2\">\n\t<td class=\"column-1\">Processor<\/td><td class=\"column-2\">Intel\u00ae Quad Core@ i7 CPU @ 2.1Ghz (3.1Ghz) speed with 6MB cache memory or<br \/>\nIntel\u00ae Dual Core@ i7 CPU @ 2.5Ghz (3.2Ghz) speed with 4MB cache memory or<br \/>\nIntel\u00ae Dual Core@ i7 CPU @ 1.7Ghz (2.8Ghz) speed with 4MB cache memory<\/td>\n<\/tr>\n<tr class=\"row-3\">\n\t<td class=\"column-1\">Chipset<\/td><td class=\"column-2\">Intel\u00ae QM77 Panther Point<\/td>\n<\/tr>\n<tr class=\"row-4\">\n\t<td class=\"column-1\">Graphics<\/td><td class=\"column-2\">Intel HD Graphics 4000, multi display support<\/td>\n<\/tr>\n<tr class=\"row-5\">\n\t<td class=\"column-1\">Memory<\/td><td class=\"column-2\">Intel\u00ae Quad Core@ i7 CPU up to 16GB ECCDDR3<br \/>\nIntel\u00ae Dual Core@ i7 CPU up to 12 GB ECCDDR3<\/td>\n<\/tr>\n<tr class=\"row-6\">\n\t<td class=\"column-1\">Storage<\/td><td class=\"column-2\">128GB SATA SSD (other sizes possible)<\/td>\n<\/tr>\n<tr class=\"row-7\">\n\t<td class=\"column-1\">Audio<\/td><td class=\"column-2\">Inbuilt High Definition Audio Codec<\/td>\n<\/tr>\n<tr class=\"row-8\">\n\t<td class=\"column-1\">Keys<\/td><td class=\"column-2\">2 x brightness adjust &amp; 1 x power On\/Off button<br \/>\n1 x day\/night mode ring illuminated Push Button Switch<\/td>\n<\/tr>\n<tr class=\"row-9\">\n\t<td class=\"column-1\">Display 10.4\"\t<\/td><td class=\"column-2\">10.4\" 1024 X 768 XGA Active Matrix LED Backlighted Display,<br \/>\n1000 CD\/M2 Brightness, 600:1 Contrast Ratio, 178\/178 Wide Viewing Angle<\/td>\n<\/tr>\n<tr class=\"row-10\">\n\t<td class=\"column-1\">Display 12.1\"<\/td><td class=\"column-2\">12.1\" 1024 X 768 XGA Sunlight readable resistive Touch Screen, 16.2M colors.<br \/>\n700 CD\/M2 Brightness, 700:1 Contrast Ratio, 80\/80\/70\/70 Wide Viewing Angle<\/td>\n<\/tr>\n<tr class=\"row-11\">\n\t<td class=\"column-1\">Touch Screen<\/td><td class=\"column-2\">EMI mesh 5W Resistive Touch Screen<br \/>\nSurface Protection Treatment, Optical Bonding<\/td>\n<\/tr>\n<tr class=\"row-12\">\n\t<td class=\"column-1\">Night Vision<\/td><td class=\"column-2\">NVG\/NVIS MIL-STD-3009 Complaint<\/td>\n<\/tr>\n<tr class=\"row-13\">\n\t<td class=\"column-1\">Integrated MAGBES Gbit Switch<\/td><td class=\"column-2\">8-Port 10\/100\/1000 Base-T ports, L2+ manageable, easy GUI \/ CLI (optional)<\/td>\n<\/tr>\n<tr class=\"row-14\">\n\t<td class=\"column-1\">Interfaces MIL-DTL-38999 III<\/td><td class=\"column-2\">2 x RS232 Serial ports, 2\/4 x Gigabit Ethernet, 4 x USB2.0 ports<\/td>\n<\/tr>\n<tr class=\"row-15\">\n\t<td class=\"column-1\">Internal<\/td><td class=\"column-2\">2 x PS\/2, 1 X VGA\/DVI for external Display<\/td>\n<\/tr>\n<tr class=\"row-16\">\n\t<td class=\"column-1\">Expansion<\/td><td class=\"column-2\">2 x MPCIe &amp; 1 x PCIe-104<\/td>\n<\/tr>\n<tr class=\"row-17\">\n\t<td class=\"column-1\">Power Input<\/td><td class=\"column-2\">18-36V DC Input (28V Typ.), MIL-STD-704E Compliant<br \/>\n(MIL-HDBK-704-E LCD 105)<\/td>\n<\/tr>\n<tr class=\"row-18\">\n\t<td class=\"column-1\">Power Consumption<\/td><td class=\"column-2\"><75W<\/td>\n<\/tr>\n<tr class=\"row-19\">\n\t<td class=\"column-1\">Software<\/td><td class=\"column-2\">Windows, Linux or any PC\/AT compatible OS<\/td>\n<\/tr>\n<tr class=\"row-20\">\n\t<td class=\"column-1\">Windows, Linux or any PC\/AT compatible OS<\/td><td class=\"column-2\">HE30 (6082) AL. Alloy, RAL 7035 Light Grey Powder Coated<\/td>\n<\/tr>\n<tr class=\"row-21\">\n\t<td class=\"column-1\">Dimensions<\/td><td class=\"column-2\">10.4\" display: 306mm (W) x 235mm (H) x 80mm (D)*<br \/>\n12.1\" display: 353mm (W) x 256mm (H) x 86mm (D)*<\/td>\n<\/tr>\n<tr class=\"row-22\">\n\t<td class=\"column-1\">Weight<\/td><td class=\"column-2\">5Kg approx.<\/td>\n<\/tr>\n<\/tbody>\n<\/table>\n<!-- #tablepress-157 from cache -->\n<h4>Wersje IDE2PCC:<\/h4>\n\n<table id=\"tablepress-158\" class=\"tablepress tablepress-id-158\">\n<thead>\n<tr class=\"row-1\">\n\t<th colspan=\"2\" class=\"column-1\"><strong style=\"display: block; text-align: center;\">Environmental<\/strong><\/th>\n<\/tr>\n<\/thead>\n<tbody class=\"row-striping row-hover\">\n<tr class=\"row-2\">\n\t<td class=\"column-1\">Operating Temperature<\/td><td class=\"column-2\">-20\u00b0C to +60\u00b0C, MIL-STD-810G, method 501.5 &amp; 502.5 procedure-I &amp; II<\/td>\n<\/tr>\n<tr class=\"row-3\">\n\t<td class=\"column-1\">Storage Temperature<\/td><td class=\"column-2\">-40\u00b0C to +75\u00b0C, MIL-STD-810G, method 501.5 &amp; 502.5 procedure-I &amp; II<\/td>\n<\/tr>\n<tr class=\"row-4\">\n\t<td class=\"column-1\">Functional Shock<\/td><td class=\"column-2\">20G peak Saw Tooth @ 11ms, MIL-STD-810G, method 516.6 procedure-I<\/td>\n<\/tr>\n<tr class=\"row-5\">\n\t<td class=\"column-1\">Crash Safety<\/td><td class=\"column-2\">40G peak Saw Tooth @ 11ms MIL-STD-810G, method 516.6 procedure-V<br \/>\n<\/td>\n<\/tr>\n<tr class=\"row-6\">\n\t<td class=\"column-1\">Transit Drop<\/td><td class=\"column-2\">26drops @ 122cm height, MIL-STD-810G, method 516.6 procedure-IV<\/td>\n<\/tr>\n<tr class=\"row-7\">\n\t<td class=\"column-1\">Vibration<\/td><td class=\"column-2\">MIL-STD-810G, method 514.6 procedure-I, Category-13 Propeller Aircraft<br \/>\nRandom over Random Vibration Exposure<\/td>\n<\/tr>\n<tr class=\"row-8\">\n\t<td class=\"column-1\">Acceleration - Operational<\/td><td class=\"column-2\">Fore - 2G | Aft - 6G | Up - 9G | Dwn - 3G | Left - 4G | Right - 4G, 1min. @<br \/>\nSpecified \u0091G\u0092 level. MIL-STD-810G, method 513.6 procedure II<\/td>\n<\/tr>\n<tr class=\"row-9\">\n\t<td class=\"column-1\">Acceleration - Structural<\/td><td class=\"column-2\">Fore - 3G | Aft - 9G | Up - 13.5G | Dwn - 4.5G | Left - 6G | Right - 6G<br \/>\nMIL-STD-810G, method 513.6 procedure I<\/td>\n<\/tr>\n<tr class=\"row-10\">\n\t<td class=\"column-1\">Altitude<\/td><td class=\"column-2\">32808ft, MIL-STD-810G, method 500.5 procedure-I &amp; Procedure-II<\/td>\n<\/tr>\n<tr class=\"row-11\">\n\t<td class=\"column-1\">Rapid Decompression<\/td><td class=\"column-2\">8000ft to 347008ft In 12sec @ 10min duration<br \/>\nMIL-STD-810G, method 500.5 procedure-III<\/td>\n<\/tr>\n<tr class=\"row-12\">\n\t<td class=\"column-1\">Humidity<\/td><td class=\"column-2\">95% rh @ 10cycles, MIL-STD-810G, method 507.5 procedure-II<\/td>\n<\/tr>\n<tr class=\"row-13\">\n\t<td class=\"column-1\">Fungus<\/td><td class=\"column-2\">MIL-STD-810G, method 508.6, procedure I<\/td>\n<\/tr>\n<tr class=\"row-14\">\n\t<td class=\"column-1\">Salt Fog<\/td><td class=\"column-2\">4cycles of 2wet &amp; 2dry, MIL-STD-810G, method 509.5, procedure I<\/td>\n<\/tr>\n<tr class=\"row-15\">\n\t<td class=\"column-1\">Dust<\/td><td class=\"column-2\">LP5X Dust Ingress protection, IS-LEC60529-2001, table-7 &amp; section-13.4, 13.5<\/td>\n<\/tr>\n<tr class=\"row-16\">\n\t<td class=\"column-1\">Water<\/td><td class=\"column-2\">LPX4 Water Ingress protection, IS-LEC60529-2001, table-8 &amp; section-14.2.4<\/td>\n<\/tr>\n<tr class=\"row-17\">\n\t<td class=\"column-1\">EMI\/RFI<\/td><td class=\"column-2\">MIL-STD-461E, CE102, RE102, CS101, CS114, CS115, CS116 and RS103<\/td>\n<\/tr>\n<\/tbody>\n<\/table>\n<!-- #tablepress-158 from cache -->\n","protected":false},"excerpt":{"rendered":"<h3>IDE2PCC<\/h3>\n<p>IDE2PCC jest tanim i \u0142atwym w u\u017cyciu adapterem do pod\u0142\u0105czenia PCMCIA PC Cards ATA z interfejsem IDE (PC Cards) do standardowego portu IDE komputera jednop\u0142ytkowego (SBC) od MPL lub innych producent\u00f3w. Adapter IDE2PCC ma do dw\u00f3ch gniazd PC Card Standard dla kart typu I, II lub III. Umo\u017cliwia on korzystanie z dowolnej karty 5V PC Card ATA lub PCMCIA ATA.<\/p>\n","protected":false},"featured_media":10843,"template":"","meta":{"_acf_changed":false,"inline_featured_image":false,"_monsterinsights_skip_tracking":false,"_monsterinsights_sitenote_active":false,"_monsterinsights_sitenote_note":"","_monsterinsights_sitenote_category":0},"product_brand":[],"product_cat":[1613,359,461],"product_tag":[],"class_list":{"0":"post-4383","1":"product","2":"type-product","3":"status-publish","4":"has-post-thumbnail","6":"product_cat-akcesoria-peryferia","7":"product_cat-mpl","8":"product_cat-peryferia","10":"first","11":"instock","12":"shipping-taxable","13":"product-type-simple"},"acf":[],"_links":{"self":[{"href":"https:\/\/quantum.com.pl\/pl\/wp-json\/wp\/v2\/product\/4383","targetHints":{"allow":["GET"]}}],"collection":[{"href":"https:\/\/quantum.com.pl\/pl\/wp-json\/wp\/v2\/product"}],"about":[{"href":"https:\/\/quantum.com.pl\/pl\/wp-json\/wp\/v2\/types\/product"}],"wp:featuredmedia":[{"embeddable":true,"href":"https:\/\/quantum.com.pl\/pl\/wp-json\/wp\/v2\/media\/10843"}],"wp:attachment":[{"href":"https:\/\/quantum.com.pl\/pl\/wp-json\/wp\/v2\/media?parent=4383"}],"wp:term":[{"taxonomy":"product_brand","embeddable":true,"href":"https:\/\/quantum.com.pl\/pl\/wp-json\/wp\/v2\/product_brand?post=4383"},{"taxonomy":"product_cat","embeddable":true,"href":"https:\/\/quantum.com.pl\/pl\/wp-json\/wp\/v2\/product_cat?post=4383"},{"taxonomy":"product_tag","embeddable":true,"href":"https:\/\/quantum.com.pl\/pl\/wp-json\/wp\/v2\/product_tag?post=4383"}],"curies":[{"name":"wp","href":"https:\/\/api.w.org\/{rel}","templated":true}]}}