{"id":4405,"date":"2019-10-09T17:53:31","date_gmt":"2019-10-09T15:53:31","guid":{"rendered":"https:\/\/quantum.com.pl\/?post_type=product&#038;p=4405"},"modified":"2021-02-05T13:02:31","modified_gmt":"2021-02-05T12:02:31","slug":"wbudowane-rozwiazanie-komputerowe-rugged-pip39-2","status":"publish","type":"product","link":"https:\/\/quantum.com.pl\/pl\/product\/wbudowane-rozwiazanie-komputerowe-rugged-pip39-2\/","title":{"rendered":"Komputer ,,rugged&#8221; PIP39"},"content":{"rendered":"<h4>Wbudowane rozwi\u0105zanie komputerowe ,,rugged&#8221; | PIP39 | bez wentylatora z procesorem Intel\u00ae Quad Core &#x2122; i7<\/h4>\n<p>PIP39 to wysokowydajny, energooszcz\u0119dny i wysoce zintegrowany komputer wbudowany, zbudowany w specjalnie zaprojektowanej obudowie aluminiowej lub MIL IP67.\u00a0 To zapewnia doskona\u0142\u0105 prac\u0119 komputera w umiarkowanym czy trudnym otoczeniu bez wentylatora lub otwor\u00f3w wentylacyjnych. Konstrukcja zawiera standardowe z\u0142\u0105cza w celu \u0142atwego pod\u0142\u0105czenia lub blokowane g\u0142owice, w zale\u017cno\u015bci od wyboru obudowy. Dlatego p\u0142yt\u0119 PIP39 mo\u017cna stosowa\u0107 w dowolnej aplikacji x86, w kt\u00f3rej potrzebne jest kompletne rozwi\u0105zanie.<\/p>\n<h4>Najwa\u017cniejsze cechy PIP39<\/h4>\n<p>Obudowy PIP oferuj\u0105 miejsce na maksymalnie dwa 2,5-calowe dyski twarde \/ SSD. Dzi\u0119ki zintegrowanemu interfejsowi PCI \/ 104-Express i dw\u00f3m gniazdom kart PCI-Express Mini dost\u0119pne s\u0105 elastyczne mo\u017cliwo\u015bci rozbudowy. Podj\u0119to szczeg\u00f3lne \u015brodki ostro\u017cno\u015bci, aby EMC ca\u0142ego systemu mie\u015bci\u0142o si\u0119 w granicach CE i FCC.<\/p>\n<h4>Kluczowe cechy PIP39<\/h4>\n<ul>\n<li>Pami\u0119\u0107 RAM DDR3 ECC do 16 GB<\/li>\n<li>2 porty Gigabit Ethernet<\/li>\n<li>Praca bez wentylatora<\/li>\n<li>Dost\u0119pno\u015b\u0107 d\u0142ugoterminowa*<\/li>\n<li>Rozszerzenie PCIe x16<\/li>\n<\/ul>\n<p><em>* Zazwyczaj 10 lat lub wi\u0119cej, ponad 20 lat mo\u017cliwo\u015bci naprawy<\/em><\/p>\n<p>PIP39 zosta\u0142 zaprojektowany do pracy w trudnych warunkach i ekstremalnych temperaturach. Wytrzyma\u0142a konstrukcja w po\u0142\u0105czeniu z najlepszymi komponentami przemys\u0142owymi zapewnia wysok\u0105 niezawodno\u015b\u0107 i d\u0142ugoterminow\u0105 wydajno\u015b\u0107.<\/p>\n<p>PIP39 jest dost\u0119pny dla r\u00f3\u017cnych bran\u017c i jest idealnym wbudowanym rozwi\u0105zaniem komputerowym do \u015brodowisk przemys\u0142owych, aplikacji kolejowych, MIL \/ COTS, aplikacji SWaP-C lub zawsze, gdy potrzebny jest wytrzyma\u0142y komputer na d\u0142ugi okres czasu.<\/p>\n<h4>Dane techniczne<\/h4>\n\n<table id=\"tablepress-87\" class=\"tablepress tablepress-id-87 tbody-has-connected-cells\">\n<tbody class=\"row-striping row-hover\">\n<tr class=\"row-1\">\n\t<td colspan=\"2\" class=\"column-1\"><strong style=\"display: block; text-align: center;\">Dane og\u00f3lne<\/strong><\/td>\n<\/tr>\n<tr class=\"row-2\">\n\t<td class=\"column-1\"><\/td><td class=\"column-2\"><strong style=\"display: block; text-align: center;\">PIP39<\/strong><\/td>\n<\/tr>\n<tr class=\"row-3\">\n\t<td class=\"column-1\">Procesor<\/td><td class=\"column-2\">Intel i7-3612QE<br \/>\n<\/td>\n<\/tr>\n<tr class=\"row-4\">\n\t<td class=\"column-1\">Liczba rdzeni \/ gwint\u00f3w<br \/>\n<\/td><td class=\"column-2\">4 \/ 8<\/td>\n<\/tr>\n<tr class=\"row-5\">\n\t<td class=\"column-1\">Szybko\u015b\u0107 zegara<\/td><td class=\"column-2\">2.1 \/ 3.1 GHz<br \/>\n<\/td>\n<\/tr>\n<tr class=\"row-6\">\n\t<td class=\"column-1\">Pami\u0119\u0107 podr\u0119czna L2<\/td><td class=\"column-2\">6 MB<\/td>\n<\/tr>\n<tr class=\"row-7\">\n\t<td class=\"column-1\">Passmark (wszystkie rdzenie)<br \/>\n<\/td><td class=\"column-2\">6665<br \/>\n<\/td>\n<\/tr>\n<tr class=\"row-8\">\n\t<td class=\"column-1\">Procesor<\/td><td class=\"column-2\">Intel Core i7-3612QE 2.1 \/ 3.1GHz, architektura Intel 64, ulepszony Intel SpeedStep, czterordzeniowy<br \/>\n<\/td>\n<\/tr>\n<tr class=\"row-9\">\n\t<td class=\"column-1\">Chipset<\/td><td class=\"column-2\">Intel QM77, obs\u0142uguje stany zasilania ACPI S1, S4 i S5, USB 3.0<br \/>\n<\/td>\n<\/tr>\n<tr class=\"row-10\">\n\t<td class=\"column-1\">Pami\u0119\u0107 podr\u0119czna<\/td><td class=\"column-2\">6 MB<\/td>\n<\/tr>\n<tr class=\"row-11\">\n\t<td class=\"column-1\">Pami\u0119\u0107<\/td><td class=\"column-2\">Do 16 GB pami\u0119ci DDR3-1600 ECC w dw\u00f3ch gniazdach SO-DIMM<br \/>\n<\/td>\n<\/tr>\n<tr class=\"row-12\">\n\t<td class=\"column-1\">BIOS<\/td><td class=\"column-2\">Wbudowany lutowany Flash 8 MB, opracowany przez MPL BIOS (SecureCore firmy Phoenix), konfigurowalny<br \/>\n<\/td>\n<\/tr>\n<tr class=\"row-13\">\n\t<td class=\"column-1\">TPM<\/td><td class=\"column-2\">Modu\u0142 Trusted Platform Module 1.2 (Atmel AT97SC3204) przylutowany na p\u0142ytce<br \/>\n<\/td>\n<\/tr>\n<tr class=\"row-14\">\n\t<td class=\"column-1\">Zegar nadzoruj\u0105cy<\/td><td class=\"column-2\">Konfigurowalna ziarnisto\u015b\u0107 1-255 sek. lub 1-255 min.<br \/>\n<\/td>\n<\/tr>\n<tr class=\"row-15\">\n\t<td class=\"column-1\">Wska\u017aniki LED<\/td><td class=\"column-2\">Diody LED zasilania, resetowania, HDD LAN i Wi-Fi, 2 diody LED programowalne przez u\u017cytkownika<br \/>\n<\/td>\n<\/tr>\n<tr class=\"row-16\">\n\t<td colspan=\"2\" class=\"column-1\"><strong style=\"display: block; text-align: center;\">Pami\u0119\u0107<\/strong masowa><\/td>\n<\/tr>\n<tr class=\"row-17\">\n\t<td class=\"column-1\">SATA<\/td><td class=\"column-2\">2 porty SATA 3.0,<br \/>\n2 porty SATA 2.0 - wszystkie chronione przed ESD<br \/>\nObs\u0142uga RAID 0\/1\/5\/10<\/td>\n<\/tr>\n<tr class=\"row-18\">\n\t<td class=\"column-1\">mSATA<\/td><td class=\"column-2\">1x gniazdo combo mSATA Full-Mini Card w SATA 2.0 i USB 2.0<br \/>\n<\/td>\n<\/tr>\n<tr class=\"row-19\">\n\t<td colspan=\"2\" class=\"column-1\"><strong style=\"display: block; text-align: center;\">Interfejsy<\/strong><\/td>\n<\/tr>\n<tr class=\"row-20\">\n\t<td class=\"column-1\">Interfejsy graficzne<br \/>\n<\/td><td class=\"column-2\">Interfejs DP, DVI-I i 24-bitowy LVDS, chroniony przed wy\u0142adowaniami elektrostatycznymi (DVI-I i port wy\u015bwietlacza);<br \/>\ndo 2560x1600 (DP) Obs\u0142uga dw\u00f3ch wy\u015bwietlaczy<br \/>\n<\/td>\n<\/tr>\n<tr class=\"row-21\">\n\t<td class=\"column-1\">USB<\/td><td class=\"column-2\">4 porty USB 3.0, 7 port\u00f3w USB 2.0, obs\u0142uguje klawiatury i myszy USB jako starsze urz\u0105dzenia<br \/>\n<\/td>\n<\/tr>\n<tr class=\"row-22\">\n\t<td class=\"column-1\">LAN<\/td><td class=\"column-2\">2 porty GbE (Intel 82574IT), z\u0142\u0105cza chronione przed ESD, obs\u0142uga WOL, ochrona przed ESD<br \/>\n<\/td>\n<\/tr>\n<tr class=\"row-23\">\n\t<td class=\"column-1\">PS\/2<\/td><td class=\"column-2\">Do klawiatury i myszy, 1x 6-stykowe z\u0142\u0105cze Mini-DIN, chronione przed wy\u0142adowaniami elektrostatycznymi<br \/>\n<\/td>\n<\/tr>\n<tr class=\"row-24\">\n\t<td class=\"column-1\">Porty szeregowe<br \/>\n<\/td><td class=\"column-2\">2 pe\u0142ne porty modemowe RS232, zewn\u0119trzne z\u0142\u0105cza DB9 chronione przed ESD<br \/>\n2x RS232 \/ 485 opcjonalny<\/td>\n<\/tr>\n<tr class=\"row-25\">\n\t<td class=\"column-1\">HDAudio<\/td><td class=\"column-2\">Sygna\u0142y Intel HDAudio, dost\u0119pne w nag\u0142\u00f3wku 1 mm, karta d\u017awi\u0119kowa (HDSOUND-1) jest dost\u0119pna<br \/>\n<\/td>\n<\/tr>\n<tr class=\"row-26\">\n\t<td colspan=\"2\" class=\"column-1\"><strong style=\"display: block; text-align: center;\">Rozszerzenia<\/strong><\/td>\n<\/tr>\n<tr class=\"row-27\">\n\t<td class=\"column-1\">mPCIe<\/td><td class=\"column-2\">1x mPCIe PCI Express Gen2 x1 linia i USB 2.0<br \/>\n<\/td>\n<\/tr>\n<tr class=\"row-28\">\n\t<td class=\"column-1\">PCI\/104-Express<\/td><td class=\"column-2\">1x PCIe x16, 4x PCIe x1 linia, 2x USB 2.0 (dost\u0119pne PCI \/ 104-Express na PCIe x16)<br \/>\n<\/td>\n<\/tr>\n<tr class=\"row-29\">\n\t<td colspan=\"2\" class=\"column-1\"><strong style=\"display: block; text-align: center;\">Moc<\/strong><\/td>\n<\/tr>\n<tr class=\"row-30\">\n\t<td class=\"column-1\">Napi\u0119cie wej\u015bciowe<\/td><td class=\"column-2\">Napi\u0119cie wej\u015bciowe 10 VDC - zakres wej\u015bciowy 36 VDC, moc wej\u015bciowa zabezpieczona przed wy\u0142adowaniami elektrostatycznymi i EMC;<br \/>\nochrona przed odwrotn\u0105 polaryzacj\u0105 do -36VDC;<br \/>\nochrona przed zrzutem obci\u0105\u017cenia do 150 V;<br \/>\nPrzycisk resetowania i zasilania*;<br \/>\nWej\u015bcie zap\u0142onu specjalnie dla pojazd\u00f3w* (*dost\u0119pne r\u00f3wnie\u017c na 4-pinowym z\u0142\u0105czu Mini-DIN)<\/td>\n<\/tr>\n<tr class=\"row-31\">\n\t<td class=\"column-1\">Pob\u00f3r mocy<\/td><td class=\"column-2\">17 - 46 W, ulepszona technologia Intel Speed \u200b\u200bStep<br \/>\n<\/td>\n<\/tr>\n<tr class=\"row-32\">\n\t<td colspan=\"2\" class=\"column-1\"><strong style=\"display: block; text-align: center;\">\u015arodowisko<\/strong><\/td>\n<\/tr>\n<tr class=\"row-33\">\n\t<td class=\"column-1\">Temperatura przechowywania<\/td><td class=\"column-2\">-45\u00b0C do +85\u00b0C (-49\u00b0F do +185\u00b0F)<br \/>\n<\/td>\n<\/tr>\n<tr class=\"row-34\">\n\t<td class=\"column-1\">Temperatura operacyjna<\/td><td class=\"column-2\">Od -20\u00b0C do +60\u00b0C (od -4\u00b0F do +140\u00b0F), przy pe\u0142nym wykorzystaniu procesora, wideo 3D i pami\u0119ci, bez wentylatora;<br \/>\nDost\u0119pny rozszerzony zakres temperatur pracy, roztw\u00f3r MIL ma rozszerzon\u0105 temperatur\u0119 - rozszerzony zakres temperatur zale\u017cy od zdolno\u015bci ch\u0142odzenia zastosowanej obudowy<\/td>\n<\/tr>\n<tr class=\"row-35\">\n\t<td class=\"column-1\">Wzgl\u0119dna wilgotno\u015b\u0107<\/td><td class=\"column-2\">5% do 95% bez kondensacji, dost\u0119pna opcjonalna pow\u0142oka<br \/>\n<\/td>\n<\/tr>\n<tr class=\"row-36\">\n\t<td colspan=\"2\" class=\"column-1\"><strong style=\"display: block; text-align: center;\">Standardowa zgodno\u015b\u0107<\/strong><\/td>\n<\/tr>\n<tr class=\"row-37\">\n\t<td class=\"column-1\">EMC<\/td><td class=\"column-2\">EN 55022, EN 55024, EN 61000, MIL-STD-461E<br \/>\n<\/td>\n<\/tr>\n<tr class=\"row-38\">\n\t<td class=\"column-1\">Wstrz\u0105sy i wibracje<\/td><td class=\"column-2\">EN 60068<br \/>\n<\/td>\n<\/tr>\n<tr class=\"row-39\">\n\t<td class=\"column-1\">Bezpiecze\u0144stwo \u015brodowiska<\/td><td class=\"column-2\">EN 50155, MIL-STD-810F, EN 60601, EN 60950<br \/>\n<\/td>\n<\/tr>\n<tr class=\"row-40\">\n\t<td class=\"column-1\">Lista zatwierdze\u0144<\/td><td class=\"column-2\">CE, IEC 60945, IACS E10<br \/>\n<\/td>\n<\/tr>\n<tr class=\"row-41\">\n\t<td class=\"column-1\">Certyfikaty<\/td><td class=\"column-2\">EN50155 Klasa Tx (od -40\u00b0C do +70\/85\u00b0C)<br \/>\nIEC 60945 \/ IACS E10 (PIP39-M)<\/td>\n<\/tr>\n<\/tbody>\n<\/table>\n<!-- #tablepress-87 from cache -->\n<h4>Obudowy<\/h4>\n\n<table id=\"tablepress-88\" class=\"tablepress tablepress-id-88 tbody-has-connected-cells\">\n<tbody class=\"row-striping row-hover\">\n<tr class=\"row-1\">\n\t<td class=\"column-1\"><strong>Wersja obudowy<\/strong><\/td><td class=\"column-2\"><strong>d\u0142ugo\u015b\u0107 x szeroko\u015b\u0107 x wysoko\u015b\u0107<\/strong><\/td><td class=\"column-3\"><strong>waga<\/strong><\/td><td class=\"column-4\"><\/td>\n<\/tr>\n<tr class=\"row-2\">\n\t<td class=\"column-1\">DIN-Rail<\/td><td class=\"column-2\">270 x 162 x 83\/120mm<\/td><td class=\"column-3\">2.2 kg<\/td><td class=\"column-4\">(dost\u0119pny niestandardowy kolor lub folia)<br \/>\n<\/td>\n<\/tr>\n<tr class=\"row-3\">\n\t<td class=\"column-1\">Ko\u0142nierz<\/td><td class=\"column-2\">312 x 162 x 83\/120mm<\/td><td class=\"column-3\">2.2 kg<\/td><td class=\"column-4\">(dost\u0119pny niestandardowy kolor lub folia)<br \/>\n<\/td>\n<\/tr>\n<tr class=\"row-4\">\n\t<td class=\"column-1\">Open Frame<\/td><td class=\"column-2\">218 x 154 x 43mm (min.)<\/td><td class=\"column-3\">1.5 kg<\/td><td class=\"column-4\">(dost\u0119pne s\u0105 niestandardowe p\u0142yty ch\u0142odz\u0105ce)<\/td>\n<\/tr>\n<tr class=\"row-5\">\n\t<td class=\"column-1\">IP67 MIL<\/td><td class=\"column-2\">304 x 234 x 75\/95mm<\/td><td class=\"column-3\">3.6 kg<\/td><td class=\"column-4\">(dost\u0119pne niestandardowe obudowy i z\u0142\u0105cza)<br \/>\n<\/td>\n<\/tr>\n<tr class=\"row-6\">\n\t<td colspan=\"4\" class=\"column-1\"><span style=\"font-weight: normal;\">Aluminiowe obudowy s\u0105 wewn\u0119trznie chromowane, zewn\u0119trznie malowane proszkowo lub anodowane, bez otwor\u00f3w wentylacyjnych.<br \/>\nP\u0142yta ch\u0142odz\u0105ca dla wersji Open Frame jest chromowana.<\/span><\/td>\n<\/tr>\n<\/tbody>\n<\/table>\n<!-- #tablepress-88 from cache -->\n","protected":false},"excerpt":{"rendered":"<p>PIP39 to wysokowydajny, energooszcz\u0119dny i wysoce zintegrowany komputer wbudowany, zbudowany w specjalnie zaprojektowanej obudowie aluminiowej lub MIL IP67. To zapewnia doskona\u0142\u0105 prac\u0119 komputera w umiarkowanym czy trudnym otoczeniu bez wentylatora lub otwor\u00f3w wentylacyjnych. Konstrukcja zawiera standardowe z\u0142\u0105cza w celu \u0142atwego pod\u0142\u0105czenia lub blokowane g\u0142owice, w zale\u017cno\u015bci od wyboru obudowy.<\/p>\n","protected":false},"featured_media":10791,"template":"","meta":{"_acf_changed":false,"inline_featured_image":false,"_monsterinsights_skip_tracking":false,"_monsterinsights_sitenote_active":false,"_monsterinsights_sitenote_note":"","_monsterinsights_sitenote_category":0},"product_brand":[],"product_cat":[1607,1603,383,505,405,1591,359,360],"product_tag":[],"class_list":{"0":"post-4405","1":"product","2":"type-product","3":"status-publish","4":"has-post-thumbnail","6":"product_cat-energetyka","7":"product_cat-kolejnictwo-i-transport","8":"product_cat-komputery-kolejnictwo-en50155","9":"product_cat-komputery-jednoplytkowe-sbc","10":"product_cat-komputery-przemyslowe-rugged","11":"product_cat-komputery-rugged","12":"product_cat-mpl","13":"product_cat-rozwiazania-norma-en50155","15":"first","16":"instock","17":"shipping-taxable","18":"product-type-simple"},"acf":[],"_links":{"self":[{"href":"https:\/\/quantum.com.pl\/pl\/wp-json\/wp\/v2\/product\/4405","targetHints":{"allow":["GET"]}}],"collection":[{"href":"https:\/\/quantum.com.pl\/pl\/wp-json\/wp\/v2\/product"}],"about":[{"href":"https:\/\/quantum.com.pl\/pl\/wp-json\/wp\/v2\/types\/product"}],"wp:featuredmedia":[{"embeddable":true,"href":"https:\/\/quantum.com.pl\/pl\/wp-json\/wp\/v2\/media\/10791"}],"wp:attachment":[{"href":"https:\/\/quantum.com.pl\/pl\/wp-json\/wp\/v2\/media?parent=4405"}],"wp:term":[{"taxonomy":"product_brand","embeddable":true,"href":"https:\/\/quantum.com.pl\/pl\/wp-json\/wp\/v2\/product_brand?post=4405"},{"taxonomy":"product_cat","embeddable":true,"href":"https:\/\/quantum.com.pl\/pl\/wp-json\/wp\/v2\/product_cat?post=4405"},{"taxonomy":"product_tag","embeddable":true,"href":"https:\/\/quantum.com.pl\/pl\/wp-json\/wp\/v2\/product_tag?post=4405"}],"curies":[{"name":"wp","href":"https:\/\/api.w.org\/{rel}","templated":true}]}}