{"id":4407,"date":"2019-10-09T18:02:26","date_gmt":"2019-10-09T16:02:26","guid":{"rendered":"https:\/\/quantum.com.pl\/?post_type=product&#038;p=4407"},"modified":"2020-12-03T15:18:52","modified_gmt":"2020-12-03T14:18:52","slug":"wbudowane-rozwiazania-komputerowe-typu-rugged","status":"publish","type":"product","link":"https:\/\/quantum.com.pl\/pl\/product\/wbudowane-rozwiazania-komputerowe-typu-rugged\/","title":{"rendered":"Wbudowane rozwi\u0105zania komputerowe typu ,,rugged&#8221;"},"content":{"rendered":"<h4>Wbudowane rozwi\u0105zanie komputerowe ,,rugged&#8221; z p<span lang=\"pl\" tabindex=\"0\">rocesorem Intel\u00ae Core&#x2122; i7 i Celeron\u00ae | <\/span>Rodzina PIP30 (PIP31 &#8211; PIP38)<\/h4>\n<p>Rodzina produkt\u00f3w PIP30 to wysokowydajne, energooszcz\u0119dne i wysoce zintegrowane wbudowane komputery ,,rugged&#8221;. Produkty s\u0105 dost\u0119pne w kompaktowej aluminiowej obudowie z szyn\u0105 DIN lub ko\u0142nierzem, w wytrzyma\u0142ej obudowie MIL IP67 lub w otwartej ramie z p\u0142yt\u0105 ch\u0142odz\u0105c\u0105, konfigurowaln\u0105 w zale\u017cno\u015bci od zastosowania. Unikalne rozwi\u0105zania obudowy pozwalaj\u0105 na obs\u0142ug\u0119 asortymentu PIP30 zar\u00f3wno w umiarkowanym, jak i trudnym otoczeniu, bez potrzeby stosowania wentylatora lub otwor\u00f3w wentylacyjnych.<\/p>\n<h4>Najwa\u017cniejsze cechy Rodziny PIP-30<\/h4>\n<p>Obudowy PIP oferuj\u0105 wystarczaj\u0105c\u0105 ilo\u015b\u0107 miejsca na 2,5-calowy dysk SSD lub inne rozszerzenia, takie jak UPS, RAID. 2 gniazda mPCIe i 3 gniazda m.2 pozwalaj\u0105 na \u0142atw\u0105 rozbudow\u0119 systemu. Wewn\u0119trzna magistrala rozszerze\u0144 pozwala na integracj\u0119 kart PCIe \/ 104 lub PCIe. Te mo\u017cliwo\u015bci rozbudowy daj\u0105 maksymalne mo\u017cliwo\u015bci dostosowania dla dodatkowych interfejs\u00f3w i funkcji. Podczas projektowania uwzgl\u0119dniono szczeg\u00f3lne \u015brodki ostro\u017cno\u015bci, aby EMC ca\u0142ego systemu mie\u015bci\u0142a si\u0119 w granicach CE i FCC, a normy takie jak EN50155, IEC 60945 lub MIL-STD-810 mog\u0142y zosta\u0107 spe\u0142nione.<\/p>\n<h4>Kluczowe cechy PIP-30<\/h4>\n<ul>\n<li>Wbudowany lutowany DDR3 ECC RAM do 4 GB (Do 12 GB przez gniazdo SO-DIMM)<\/li>\n<li>4 porty GigE na RJ45 (opcjonalnie na M12 lub \u015bwiat\u0142owodzie)<\/li>\n<li>Praca bez wentylatora, r\u00f3wnie\u017c w temperaturach od -40\u00b0C do 75\u00b0C<\/li>\n<li>Dost\u0119pno\u015b\u0107 d\u0142ugoterminowa*<\/li>\n<li>Niezwykle elastyczny<\/li>\n<\/ul>\n<p><em>*zazwyczaj 10 lat lub wi\u0119cej, naprawa ponad 20 lat<\/em><\/p>\n<p>Rodzina PIP-30 zosta\u0142a zaprojektowana do pracy w trudnych warunkach i ekstremalnych temperaturach. Wytrzyma\u0142a konstrukcja w po\u0142\u0105czeniu z najlepszymi komponentami przemys\u0142owymi zapewnia wysok\u0105 niezawodno\u015b\u0107 i d\u0142ugoterminow\u0105 wydajno\u015b\u0107.<\/p>\n<p>Rodzina PIP30 jest dost\u0119pna dla r\u00f3\u017cnych bran\u017c i jest idealnym wbudowanym rozwi\u0105zaniem komputerowym do \u015brodowisk przemys\u0142owych, aplikacji kolejowych, MIL \/ COTS i zawsze, gdy potrzebny jest wytrzyma\u0142y komputer na d\u0142ugi okres czasu.<\/p>\n<h4>Dane techniczne<\/h4>\n\n<table id=\"tablepress-94\" class=\"tablepress tablepress-id-94\">\n<thead>\n<tr class=\"row-1\">\n\t<th class=\"column-1\"><strong>Referencje<\/strong><\/th><th class=\"column-2\"><strong>Opis<\/strong><\/th>\n<\/tr>\n<\/thead>\n<tbody class=\"row-striping row-hover\">\n<tr class=\"row-2\">\n\t<td class=\"column-1\">PIP23-1<\/td><td class=\"column-2\">Wbudowany rdze\u0144 Low 2 Duo T7400 o niskiej mocy 2,74 GHz z 4 MB pami\u0119ci podr\u0119cznej L2, 1 GB pami\u0119ci RAM na p\u0142ycie, dodatkowe gniazdo pami\u0119ci DDR2 (maks. Modu\u0142 2 GB), 2x GigaBit Ethernet, grafika 3D (DVI-I), 4x USB 2.0, FireWire, 2x RS232, PC \/ 104<br \/>\n<\/td>\n<\/tr>\n<tr class=\"row-3\">\n\t<td class=\"column-1\">PIP22-1<\/td><td class=\"column-2\">Wbudowany rdze\u0144 Low 2 Duo L7400 o niskiej mocy 1,5 GHz z 4 MB pami\u0119ci podr\u0119cznej L2, 1 GB pami\u0119ci RAM na p\u0142ycie, dodatkowe gniazdo pami\u0119ci DDR2 (maks. Modu\u0142 2 GB), 2x GigaBit Ethernet, grafika 3D (DVI-I), 4x USB 2.0, FireWire, 2x RS232, PC \/ 104<br \/>\n<\/td>\n<\/tr>\n<tr class=\"row-4\">\n\t<td class=\"column-1\">PIP19-1<\/td><td class=\"column-2\">Celeron M 423 1,06 GHz o niskiej mocy z 1 MB pami\u0119ci podr\u0119cznej L2, 1 GB pami\u0119ci RAM na p\u0142ycie, dodatkowe gniazdo pami\u0119ci DDR2 (maks. Modu\u0142 2 GB), 2x GigaBit Ethernet, grafika 3D (DVI-I), 4x USB 2.0, FireWire, 2x RS232 , PC \/ 104<br \/>\n<\/td>\n<\/tr>\n<tr class=\"row-5\">\n\t<td class=\"column-1\">PIP22-Cx<\/td><td class=\"column-2\">Rozwi\u0105zanie PIP zmontowane zgodnie z potrzebami i wymaganiami klienta (np. Z obudow\u0105 lub bez, bez okre\u015blonych cz\u0119\u015bci, instalacja okre\u015blonych z\u0142\u0105cz, instalacja aplikacji klienta itp.)<br \/>\n<\/td>\n<\/tr>\n<\/tbody>\n<\/table>\n<!-- #tablepress-94 from cache -->\n<h4>Wymiary<\/h4>\n\n<table id=\"tablepress-69\" class=\"tablepress tablepress-id-69\">\n<thead>\n<tr class=\"row-1\">\n\t<th class=\"column-1\">Processor<\/th><th class=\"column-2\">Intel i7-3555LU<br \/>\n<\/th>\n<\/tr>\n<\/thead>\n<tbody class=\"row-striping row-hover\">\n<tr class=\"row-2\">\n\t<td class=\"column-1\"># of cores \/ threads<\/td><td class=\"column-2\">2 \/ 4<\/td>\n<\/tr>\n<tr class=\"row-3\">\n\t<td class=\"column-1\">Clock speed<\/td><td class=\"column-2\">2.5 \/ 3.1 GHz<br \/>\n<\/td>\n<\/tr>\n<tr class=\"row-4\">\n\t<td class=\"column-1\">L2 Cache<\/td><td class=\"column-2\">4 MB<\/td>\n<\/tr>\n<tr class=\"row-5\">\n\t<td class=\"column-1\">Passmark (all cores)<\/td><td class=\"column-2\">4080<br \/>\n<\/td>\n<\/tr>\n<tr class=\"row-6\">\n\t<td class=\"column-1\">Chipset<\/td><td class=\"column-2\">Intel QM77 (Panther Point), supports ACPI power states S1, S4, and S5, USB 3.0...<br \/>\n<\/td>\n<\/tr>\n<tr class=\"row-7\">\n\t<td class=\"column-1\">Memory<\/td><td class=\"column-2\">4GB DDR3 on-board soldered ECC RAM<br \/>\n1x 204-pin dual-channel DDR3 SODIMM slot, supports up to 8GB modules (total board memory 12GB)<\/td>\n<\/tr>\n<tr class=\"row-8\">\n\t<td class=\"column-1\">BIOS<\/td><td class=\"column-2\">On-board soldered 8MB Flash, MPL engineered BIOS (SecureCore by Phoenix), customizable<br \/>\n<\/td>\n<\/tr>\n<tr class=\"row-9\">\n\t<td class=\"column-1\">TPM<\/td><td class=\"column-2\">Trusted Platform Support<br \/>\n<\/td>\n<\/tr>\n<tr class=\"row-10\">\n\t<td class=\"column-1\">Watchdog Timer<\/td><td class=\"column-2\">Configurable granularity 1-255 sec. or 1-255 min.<br \/>\n<\/td>\n<\/tr>\n<tr class=\"row-11\">\n\t<td class=\"column-1\">Indicator LEDs<\/td><td class=\"column-2\">Power, Reset, HDD LAN, and Wi-Fi LEDs, 2 user programmable LEDs<br \/>\n<\/td>\n<\/tr>\n<tr class=\"row-12\">\n\t<td class=\"column-1\"><strong>Mass Storage<\/strong><br \/>\n<\/td><td class=\"column-2\"><\/td>\n<\/tr>\n<tr class=\"row-13\">\n\t<td class=\"column-1\">SATA<\/td><td class=\"column-2\">2x SATA 3.0 ports and 2x SATA 2.0 ports, RAID 0\/1\/5\/10 support<br \/>\n<\/td>\n<\/tr>\n<tr class=\"row-14\">\n\t<td class=\"column-1\">mSATA<\/td><td class=\"column-2\">1x mSATA Full-Mini Card combo socket with SATA 2.0 &amp; USB 2.0<br \/>\n<\/td>\n<\/tr>\n<tr class=\"row-15\">\n\t<td class=\"column-1\">eSATAp<\/td><td class=\"column-2\">Powered external SATA port with SATA 2.0 and USB 2.0, ESD protected connector<br \/>\n<\/td>\n<\/tr>\n<tr class=\"row-16\">\n\t<td class=\"column-1\"><strong>Interfaces<\/strong><br \/>\n<\/td><td class=\"column-2\"><\/td>\n<\/tr>\n<tr class=\"row-17\">\n\t<td class=\"column-1\">Graphics Interfaces<\/td><td class=\"column-2\">Display Port (DP) up to 2560x1600 (DP) and DVI-I and 24-bit LVDS up to 1920 x 1200<br \/>\nDual display capable, ESD protected. Gen3 PCIe port x16 (PEG) for graphic card.<\/td>\n<\/tr>\n<tr class=\"row-18\">\n\t<td class=\"column-1\">USB<\/td><td class=\"column-2\">4x USB 3.0 ports, 2x USB 2.0 ports, supports USB keyboards and mice as legacy devices<br \/>\n3x additional internal USB2.0 ports<\/td>\n<\/tr>\n<tr class=\"row-19\">\n\t<td class=\"column-1\">LAN<\/td><td class=\"column-2\">4x GbE ports (Intel 82574IT) on RJ45 , ESD protected connectors, Wake on LAN support<br \/>\n<\/td>\n<\/tr>\n<tr class=\"row-20\">\n\t<td class=\"column-1\">Serial Ports<\/td><td class=\"column-2\">2x full modem RS232 ports, ESD protected external DB9 connectors<br \/>\n2x additional RS232\/485 ports (optional)<\/td>\n<\/tr>\n<tr class=\"row-21\">\n\t<td class=\"column-1\">PS\/2<\/td><td class=\"column-2\">For keyboard and mouse, 1x 6-pin Mini-DIN connector, ESD protected<br \/>\n<\/td>\n<\/tr>\n<tr class=\"row-22\">\n\t<td class=\"column-1\">HDAudio<\/td><td class=\"column-2\">Intel HDAudio signals, available on a 1 mm header, sound card (HDSOUND-1) is available<br \/>\n<\/td>\n<\/tr>\n<tr class=\"row-23\">\n\t<td class=\"column-1\"><strong>Expansions<\/strong><br \/>\n<\/td><td class=\"column-2\"><\/td>\n<\/tr>\n<tr class=\"row-24\">\n\t<td class=\"column-1\">mPCIe<\/td><td class=\"column-2\">2x mPCIe PCI Express Gen2, x1 lane &amp; USB 2.0 (1 combined with mSATA)<br \/>\n<\/td>\n<\/tr>\n<tr class=\"row-25\">\n\t<td class=\"column-1\">ePCIe<\/td><td class=\"column-2\">1x external PCI Express Gen2, x1 lane port with 500 MB\/s, ESD protected connector<br \/>\n<\/td>\n<\/tr>\n<tr class=\"row-26\">\n\t<td class=\"column-1\">PCI\/104-Express<\/td><td class=\"column-2\">1x PCIe\/104 slot (4x PCIe x1 lane, 2x USB 2.0), PCI\/104 slot (33 or 66 MHz PCI bus)<br \/>\n<\/td>\n<\/tr>\n<tr class=\"row-27\">\n\t<td class=\"column-1\"><strong>Power<\/strong><br \/>\n<\/td><td class=\"column-2\"><\/td>\n<\/tr>\n<tr class=\"row-28\">\n\t<td class=\"column-1\">Input Voltage<\/td><td class=\"column-2\">8 - 36 VDC input range, ESD and EMC protected power input (optionally up to 110VDC)<br \/>\nProtection against: up to -36 VDC over voltage , reverse polarity, up to 150V load dump<br \/>\nReset &amp; Power button*<br \/>\nIgnition input specifically for vehicles* (*also available on a 4-pin Mini-DIN connector)<\/td>\n<\/tr>\n<tr class=\"row-29\">\n\t<td class=\"column-1\">Power consumption<\/td><td class=\"column-2\">PIP31: 11-17 Watt \/ PIP32: 11-19 Watt \/ PIP37: 11-33 Watt \/ PIP38: 11-36 Watt<br \/>\n(Enhanced Intel Speed Step Technology, all LANs operational)<\/td>\n<\/tr>\n<tr class=\"row-30\">\n\t<td class=\"column-1\"><strong>Environment<\/strong><\/td><td class=\"column-2\"><\/td>\n<\/tr>\n<tr class=\"row-31\">\n\t<td class=\"column-1\">Storage Temperature<\/td><td class=\"column-2\">-45\u00b0C up to +85\u00b0C (-49\u00b0F to +185\u00b0F)<br \/>\n<\/td>\n<\/tr>\n<tr class=\"row-32\">\n\t<td class=\"column-1\">Operating Temperature<br \/>\n<\/td><td class=\"column-2\">-20\u00b0C to +60\u00b0C (-4\u00b0F to +140\u00b0F), with full CPU, 3D video and memory usage, fanless<br \/>\n<\/td>\n<\/tr>\n<tr class=\"row-33\">\n\t<td class=\"column-1\">Ext. Temp. (optional)<\/td><td class=\"column-2\">-40\u00b0C to +75\u00b0C (-40\u00b0F to +167\u00b0F), fanless , final test in climate chamber with test protocol<br \/>\n<\/td>\n<\/tr>\n<tr class=\"row-34\">\n\t<td class=\"column-1\">Relative Humidity<\/td><td class=\"column-2\">5% to 95% non condensing, optional coating available<br \/>\n<\/td>\n<\/tr>\n<tr class=\"row-35\">\n\t<td class=\"column-1\"><strong>Standard Compliance<\/strong><br \/>\n<\/td><td class=\"column-2\"><\/td>\n<\/tr>\n<tr class=\"row-36\">\n\t<td class=\"column-1\">EMC<\/td><td class=\"column-2\">EN 55022, EN 55024, EN 61000, MIL-STD-461E<br \/>\n<\/td>\n<\/tr>\n<tr class=\"row-37\">\n\t<td class=\"column-1\">Shock &amp; Vibration<\/td><td class=\"column-2\">EN 60068<br \/>\n<\/td>\n<\/tr>\n<tr class=\"row-38\">\n\t<td class=\"column-1\">Environmental &amp; Safety<\/td><td class=\"column-2\">EN 50155, MIL-STD-810G, EN 60601, EN 60950<br \/>\n<\/td>\n<\/tr>\n<tr class=\"row-39\">\n\t<td class=\"column-1\">Approval List<\/td><td class=\"column-2\">CE, IEC 60945, IACS E10<br \/>\n<\/td>\n<\/tr>\n<tr class=\"row-40\">\n\t<td class=\"column-1\">Certification<\/td><td class=\"column-2\">EN 50155 Class Tx<br \/>\n<\/td>\n<\/tr>\n<\/tbody>\n<\/table>\n<!-- #tablepress-69 from cache -->\n","protected":false},"excerpt":{"rendered":"<h3>Rodzina PIP30<\/h3>\n<p>Rodzina produkt\u00f3w PIP30 to wysokowydajne, energooszcz\u0119dne i wysoce zintegrowane wbudowane komputery ,,rugged&#8221;. Produkty s\u0105 dost\u0119pne w kompaktowej aluminiowej obudowie z szyn\u0105 DIN lub ko\u0142nierzem, w wytrzyma\u0142ej obudowie MIL IP67 lub w otwartej ramie z p\u0142yt\u0105 ch\u0142odz\u0105c\u0105, konfigurowaln\u0105 w zale\u017cno\u015bci od zastosowania. Unikalne rozwi\u0105zania obudowy pozwalaj\u0105 na obs\u0142ug\u0119 asortymentu PIP30 zar\u00f3wno w umiarkowanym, jak i trudnym otoczeniu, bez potrzeby stosowania wentylatora lub otwor\u00f3w wentylacyjnych.<\/p>\n","protected":false},"featured_media":10793,"template":"","meta":{"_acf_changed":false,"inline_featured_image":false,"_monsterinsights_skip_tracking":false,"_monsterinsights_sitenote_active":false,"_monsterinsights_sitenote_note":"","_monsterinsights_sitenote_category":0},"product_brand":[],"product_cat":[405,1591,359],"product_tag":[],"class_list":{"0":"post-4407","1":"product","2":"type-product","3":"status-publish","4":"has-post-thumbnail","6":"product_cat-komputery-przemyslowe-rugged","7":"product_cat-komputery-rugged","8":"product_cat-mpl","10":"first","11":"instock","12":"shipping-taxable","13":"product-type-simple"},"acf":[],"_links":{"self":[{"href":"https:\/\/quantum.com.pl\/pl\/wp-json\/wp\/v2\/product\/4407","targetHints":{"allow":["GET"]}}],"collection":[{"href":"https:\/\/quantum.com.pl\/pl\/wp-json\/wp\/v2\/product"}],"about":[{"href":"https:\/\/quantum.com.pl\/pl\/wp-json\/wp\/v2\/types\/product"}],"wp:featuredmedia":[{"embeddable":true,"href":"https:\/\/quantum.com.pl\/pl\/wp-json\/wp\/v2\/media\/10793"}],"wp:attachment":[{"href":"https:\/\/quantum.com.pl\/pl\/wp-json\/wp\/v2\/media?parent=4407"}],"wp:term":[{"taxonomy":"product_brand","embeddable":true,"href":"https:\/\/quantum.com.pl\/pl\/wp-json\/wp\/v2\/product_brand?post=4407"},{"taxonomy":"product_cat","embeddable":true,"href":"https:\/\/quantum.com.pl\/pl\/wp-json\/wp\/v2\/product_cat?post=4407"},{"taxonomy":"product_tag","embeddable":true,"href":"https:\/\/quantum.com.pl\/pl\/wp-json\/wp\/v2\/product_tag?post=4407"}],"curies":[{"name":"wp","href":"https:\/\/api.w.org\/{rel}","templated":true}]}}