{"id":4442,"date":"2019-10-14T19:30:39","date_gmt":"2019-10-14T17:30:39","guid":{"rendered":"https:\/\/quantum.com.pl\/?post_type=product&#038;p=4442"},"modified":"2020-08-25T23:00:00","modified_gmt":"2020-08-25T21:00:00","slug":"sk505","status":"publish","type":"product","link":"https:\/\/quantum.com.pl\/pl\/product\/sk505\/","title":{"rendered":"SK505"},"content":{"rendered":"<h4>Referencyjna p\u0142yta operatorska COM Express\u00ae typu 6 w formacie ATX<\/h4>\n<h4>Cechy produktu<\/h4>\n<ul>\n<li>Obs\u0142uguje 3 interfejsy wy\u015bwietlacza cyfrowego (DDI) z HDMI \/ DVI<\/li>\n<li>DisplayPort out put<\/li>\n<li>Super I \/ O oparte na LPC<\/li>\n<li>Podw\u00f3jne BIOS (SPI i LPC)<\/li>\n<li>Pinout PICMG COM typu 6<\/li>\n<li>Obs\u0142uga modu\u0142\u00f3w COM Express Basic, Compact i Mini<\/li>\n<\/ul>\n<p>&nbsp;<\/p>\n","protected":false},"excerpt":{"rendered":"<p>Referencyjna p\u0142yta operatorska COM Express\u00ae typu 6 w formacie ATX<\/p>\n","protected":false},"featured_media":11064,"template":"","meta":{"_acf_changed":false,"inline_featured_image":false,"_monsterinsights_skip_tracking":false,"_monsterinsights_sitenote_active":false,"_monsterinsights_sitenote_note":"","_monsterinsights_sitenote_category":0},"product_brand":[],"product_cat":[513,1584,511,509],"product_tag":[],"class_list":{"0":"post-4442","1":"product","2":"type-product","3":"status-publish","4":"has-post-thumbnail","6":"product_cat-com-express","7":"product_cat-komputery-jednoplytkowe-sbc-2","8":"product_cat-komputery-jednoplytkowe-perfectron","9":"product_cat-perfectron","11":"first","12":"instock","13":"shipping-taxable","14":"product-type-simple"},"acf":[],"_links":{"self":[{"href":"https:\/\/quantum.com.pl\/pl\/wp-json\/wp\/v2\/product\/4442","targetHints":{"allow":["GET"]}}],"collection":[{"href":"https:\/\/quantum.com.pl\/pl\/wp-json\/wp\/v2\/product"}],"about":[{"href":"https:\/\/quantum.com.pl\/pl\/wp-json\/wp\/v2\/types\/product"}],"wp:featuredmedia":[{"embeddable":true,"href":"https:\/\/quantum.com.pl\/pl\/wp-json\/wp\/v2\/media\/11064"}],"wp:attachment":[{"href":"https:\/\/quantum.com.pl\/pl\/wp-json\/wp\/v2\/media?parent=4442"}],"wp:term":[{"taxonomy":"product_brand","embeddable":true,"href":"https:\/\/quantum.com.pl\/pl\/wp-json\/wp\/v2\/product_brand?post=4442"},{"taxonomy":"product_cat","embeddable":true,"href":"https:\/\/quantum.com.pl\/pl\/wp-json\/wp\/v2\/product_cat?post=4442"},{"taxonomy":"product_tag","embeddable":true,"href":"https:\/\/quantum.com.pl\/pl\/wp-json\/wp\/v2\/product_tag?post=4442"}],"curies":[{"name":"wp","href":"https:\/\/api.w.org\/{rel}","templated":true}]}}