{"id":4453,"date":"2019-10-14T20:14:35","date_gmt":"2019-10-14T18:14:35","guid":{"rendered":"https:\/\/quantum.com.pl\/?post_type=product&#038;p=4453"},"modified":"2022-03-29T15:09:32","modified_gmt":"2022-03-29T13:09:32","slug":"oxy5413a","status":"publish","type":"product","link":"https:\/\/quantum.com.pl\/pl\/product\/oxy5413a\/","title":{"rendered":"OXY5413A"},"content":{"rendered":"<h4>Modu\u0142 Intel\u00ae Pineview D525 PC\/104+, zakres temperatury od -40\u00b0C do 85\u00b0C<\/h4>\n<p>OXY5413A to jednop\u0142ytkowy komputer SBC typu ,,rugged&#8221;. Stacjonarny PC\/104+ zasilany przez wbudowany dwurdzeniowy procesor Intel \u00ae Atom&#x2122; D525 i mikrouk\u0142ad ICH8M. Zawiera samozaciskaj\u0105ce si\u0119 gniazda rozszerze\u0144 PC\/104 i PCI-104 dla bezpiecznych po\u0142\u0105cze\u0144 i niezawodnego pozyskiwania danych w ekstremalnych warunkach. OXY5413A obs\u0142uguje podw\u00f3jne wy\u015bwietlanie przez gniazda VGA, LVDS i SATA, CFast. Dzi\u0119ki ma\u0142emu rozmiarowi 96 x 115 mm (3,8 &#8221; x 4,5&#8243;), niskiemu zu\u017cyciu energii i szerokiemu zakresowi temperatury (od -40\u00b0C do 85\u00b0C), OXY5413A jest doskona\u0142ym wyborem dla wojska, pojazd\u00f3w, fabryk, laboratori\u00f3w i zak\u0142ad\u00f3w przetw\u00f3rczych itp.<\/p>\n<h4>Cechy produktu<\/h4>\n<ul>\n<li>Obs\u0142uguje wbudowany procesor Intel\u00ae Atom&#x2122; D525<\/li>\n<li>Podw\u00f3jny wy\u015bwietlacz VGA\/LVDS<\/li>\n<li>Gniazdo SATA i CFast<\/li>\n<li>Podw\u00f3jna sie\u0107 LAN GbE<\/li>\n<li>PCI-104 i PC\/104<\/li>\n<li>Szeroki zakres temperatury operacyjnej (-40\u00b0C do 85\u00b0C)<\/li>\n<\/ul>\n\n<table id=\"tablepress-164\" class=\"tablepress tablepress-id-164\">\n<thead>\n<tr class=\"row-1\">\n\t<th class=\"column-1\"><strong>Model<\/strong><\/th><td class=\"column-2\"><\/td><th class=\"column-3\"><strong>OXY5413A-ET<\/strong><br \/>\n<\/th>\n<\/tr>\n<\/thead>\n<tbody class=\"row-striping row-hover\">\n<tr class=\"row-2\">\n\t<td class=\"column-1\">Mechanika i \u015brodowisko<br \/>\n<\/td><td class=\"column-2\">Temperatura operacyjna<\/td><td class=\"column-3\">-40\u00b0C ~ +85\u00b0C<br \/>\n<\/td>\n<\/tr>\n<tr class=\"row-3\">\n\t<td class=\"column-1\">System<\/td><td class=\"column-2\">Typ CPU<\/td><td class=\"column-3\">Wbudowany procesor Intel\u00ae Atom\u2122 D525 1,66 GHz<br \/>\n<\/td>\n<\/tr>\n<tr class=\"row-4\">\n\t<td class=\"column-1\"><\/td><td class=\"column-2\">Chipset<\/td><td class=\"column-3\">Intel\u00ae ICH8M<br \/>\n<\/td>\n<\/tr>\n<tr class=\"row-5\">\n\t<td class=\"column-1\"><\/td><td class=\"column-2\">Typ pami\u0119ci<\/td><td class=\"column-3\">1 x 204-pinowy SO-DIMM DDR3 800 do 2 GB<br \/>\n<\/td>\n<\/tr>\n<tr class=\"row-6\">\n\t<td class=\"column-1\"><\/td><td class=\"column-2\">BIOS<\/td><td class=\"column-3\">AMI\u00ae BIOS<br \/>\n<\/td>\n<\/tr>\n<tr class=\"row-7\">\n\t<td class=\"column-1\"><\/td><td class=\"column-2\">Zegar nadzoruj\u0105cy<\/td><td class=\"column-3\">1-255 sek. lub 1-255 min. programowalny software<br \/>\n<\/td>\n<\/tr>\n<tr class=\"row-8\">\n\t<td class=\"column-1\">Gniazdo rozszerze\u0144<\/td><td class=\"column-2\">PC\/104<\/td><td class=\"column-3\">1<\/td>\n<\/tr>\n<tr class=\"row-9\">\n\t<td class=\"column-1\">Obraz<\/td><td class=\"column-2\">Chipset<\/td><td class=\"column-3\">Zintegrowany rdze\u0144 renderuj\u0105cy Intel\u00ae GMA3150 GFX<br \/>\n<\/td>\n<\/tr>\n<tr class=\"row-10\">\n\t<td class=\"column-1\"><\/td><td class=\"column-2\">Rozdzielczo\u015b\u0107<\/td><td class=\"column-3\">maksymalna rozdzielczo\u015b\u0107 2048 x 1536<\/td>\n<\/tr>\n<tr class=\"row-11\">\n\t<td class=\"column-1\"><\/td><td class=\"column-2\">Typ obrazu<\/td><td class=\"column-3\">LVDS + VGA<br \/>\n<\/td>\n<\/tr>\n<tr class=\"row-12\">\n\t<td class=\"column-1\">Audio<\/td><td class=\"column-2\">Codec<\/td><td class=\"column-3\">Realtek ALC269 High Definition Audio Codec<br \/>\n<\/td>\n<\/tr>\n<tr class=\"row-13\">\n\t<td class=\"column-1\">Ethernet<\/td><td class=\"column-2\">Chipset<\/td><td class=\"column-3\">2 x RTL8111E GbE LAN<br \/>\n<\/td>\n<\/tr>\n<tr class=\"row-14\">\n\t<td class=\"column-1\">Wewn\u0119trzne I\/O<br \/>\n<\/td><td class=\"column-2\">SATA<\/td><td class=\"column-3\">1<\/td>\n<\/tr>\n<tr class=\"row-15\">\n\t<td class=\"column-1\"><\/td><td class=\"column-2\">SSD<\/td><td class=\"column-3\">1 x CFast Socket<br \/>\n<\/td>\n<\/tr>\n<tr class=\"row-16\">\n\t<td class=\"column-1\"><\/td><td class=\"column-2\">COM<\/td><td class=\"column-3\">2<\/td>\n<\/tr>\n<tr class=\"row-17\">\n\t<td class=\"column-1\"><\/td><td class=\"column-2\">USB<\/td><td class=\"column-3\">4<\/td>\n<\/tr>\n<tr class=\"row-18\">\n\t<td class=\"column-1\"><\/td><td class=\"column-2\">LVDS<\/td><td class=\"column-3\">Tak<\/td>\n<\/tr>\n<tr class=\"row-19\">\n\t<td class=\"column-1\"><\/td><td class=\"column-2\">VGA<\/td><td class=\"column-3\">2 x 8-pinowe z\u0142\u0105cze<br \/>\n<\/td>\n<\/tr>\n<tr class=\"row-20\">\n\t<td class=\"column-1\"><\/td><td class=\"column-2\">LAN<\/td><td class=\"column-3\">2 x 15-pinowe z\u0142\u0105cze<br \/>\n<\/td>\n<\/tr>\n<\/tbody>\n<\/table>\n<!-- #tablepress-164 from cache -->\n<p>&nbsp;<\/p>\n","protected":false},"excerpt":{"rendered":"<p>Modu\u0142 Intel\u00ae Pineview D525 PC\/104+, zakres temperatury od -40\u00b0C do 85\u00b0C<\/p>\n","protected":false},"featured_media":11048,"template":"","meta":{"_acf_changed":false,"inline_featured_image":false,"_monsterinsights_skip_tracking":false,"_monsterinsights_sitenote_active":false,"_monsterinsights_sitenote_note":"","_monsterinsights_sitenote_category":0},"product_brand":[],"product_cat":[1584,511,523,509],"product_tag":[],"class_list":{"0":"post-4453","1":"product","2":"type-product","3":"status-publish","4":"has-post-thumbnail","6":"product_cat-komputery-jednoplytkowe-sbc-2","7":"product_cat-komputery-jednoplytkowe-perfectron","8":"product_cat-pc-104","9":"product_cat-perfectron","11":"first","12":"instock","13":"shipping-taxable","14":"product-type-simple"},"acf":[],"_links":{"self":[{"href":"https:\/\/quantum.com.pl\/pl\/wp-json\/wp\/v2\/product\/4453","targetHints":{"allow":["GET"]}}],"collection":[{"href":"https:\/\/quantum.com.pl\/pl\/wp-json\/wp\/v2\/product"}],"about":[{"href":"https:\/\/quantum.com.pl\/pl\/wp-json\/wp\/v2\/types\/product"}],"wp:featuredmedia":[{"embeddable":true,"href":"https:\/\/quantum.com.pl\/pl\/wp-json\/wp\/v2\/media\/11048"}],"wp:attachment":[{"href":"https:\/\/quantum.com.pl\/pl\/wp-json\/wp\/v2\/media?parent=4453"}],"wp:term":[{"taxonomy":"product_brand","embeddable":true,"href":"https:\/\/quantum.com.pl\/pl\/wp-json\/wp\/v2\/product_brand?post=4453"},{"taxonomy":"product_cat","embeddable":true,"href":"https:\/\/quantum.com.pl\/pl\/wp-json\/wp\/v2\/product_cat?post=4453"},{"taxonomy":"product_tag","embeddable":true,"href":"https:\/\/quantum.com.pl\/pl\/wp-json\/wp\/v2\/product_tag?post=4453"}],"curies":[{"name":"wp","href":"https:\/\/api.w.org\/{rel}","templated":true}]}}