{"id":4496,"date":"2019-10-16T13:31:58","date_gmt":"2019-10-16T11:31:58","guid":{"rendered":"https:\/\/quantum.com.pl\/?post_type=product&#038;p=4496"},"modified":"2022-03-29T15:14:32","modified_gmt":"2022-03-29T13:14:32","slug":"oxy5535b","status":"publish","type":"product","link":"https:\/\/quantum.com.pl\/pl\/product\/oxy5535b\/","title":{"rendered":"OXY5535B"},"content":{"rendered":"<h4>Intel\u00ae Ivy Bridge Core&#x2122; i7 StackPC (PCIe\/104) z mikrouk\u0142adem QM77, z zakresem rozszerzonej temperatury (od -40\u00b0C do 85\u00b0C)<\/h4>\n<ul>\n<li>Obs\u0142uguje procesor Intel\u00ae Ivy Bridge<\/li>\n<li>Modu\u0142 procesora StackPC-FPE, kolejna generacja PCIe\/104<\/li>\n<li>1 x StackPC, 1 x FPE<\/li>\n<li>Obs\u0142uguje 1 x PCIe_16, 1 x PCIe_4, 4 x PCIe, 4 x USB, 2 x GbE<\/li>\n<li>VGA, DVI-D, 24-bit LVDS<\/li>\n<li>Wbudowany dysk SATA NAND do 32 GB (MLC)<\/li>\n<li>Wytrzyma\u0142a obs\u0142uga XR-DIMM DDR3 1600 do 8 GB z ECC<\/li>\n<li>12V DC-in<\/li>\n<li>Rozszerzony zakres temperatury operacyjnej (-40\u00b0C do 85\u00b0C)<\/li>\n<\/ul>\n<p>StackPC to nowa era wbudowanego systemu. OXY5535B prezentuje nowe podej\u015bcie do projektowania i rozwoju systemu na zasadzie ,,stackable&#8221;. Bezkonkurencyjn\u0105 zalet\u0105 z\u0142\u0105cza StackPC to po\u0142\u0105czenie najpopularniejszych interfejs\u00f3w o niskiej pr\u0119dko\u015bci, takich jak USB, COM, CAN, SPI, LPC i szybkich SATA, Gigabit Ethernet i PCI-Express x1, x4 w ramach jednego z\u0142\u0105cza rozszerzenia ,,stackable&#8221;. Taka budowa z\u0142\u0105cza pozwala zminimalizowa\u0107 liczb\u0119 po\u0142\u0105cze\u0144 przewodowych wewn\u0105trz obudowy systemu ,,stackable&#8221; i zapewnia wi\u0119ksz\u0105 elastyczno\u015b\u0107 projektowania i produkcji. Modu\u0142y StackPC s\u0105 znacznie \u0142atwiejsze do zaprojektowania ze wzgl\u0119du na konsekwentny rozw\u00f3j tylko system\u00f3w ,,stackable&#8221;. Takie podej\u015bcie nie wymaga umieszczania prze\u0142\u0105cznik\u00f3w sygna\u0142\u00f3w wysokiej i niskiej pr\u0119dko\u015bci. Kierunek systemu ,,stackable&#8221; okre\u015bla cz\u0119\u015b\u0107 mechaniczn\u0105 na ho\u015bcie i modu\u0142ach peryferyjnych, co czyni je op\u0142acalnymi &#8211; s\u0105 tak\u017ce \u0142atwe do zaprojektowania, weryfikacji i u\u017cytkowania. Ujednolicone podej\u015bcie do systemu ,,stackable&#8221; wyj\u015bciowego zasilania i interfejs\u00f3w komunikacyjnych ma na celu zwi\u0119kszenie kompatybilno\u015bci produkt\u00f3w r\u00f3\u017cnych dostawc\u00f3w.<\/p>\n<h4>Korzy\u015bci z StackPC &#8211; z\u0142\u0105cze rozszerze\u0144<\/h4>\n<p>Specyfikacja StackPC okre\u015bla nowe podej\u015bcie do projektowania i rozwoju system\u00f3w, kt\u00f3re mo\u017cna ustawia\u0107 jeden na drugim. Specyfikacja obejmuje wszystkie zalety standardu PC\/104 oraz nowe funkcje z\u0142\u0105cza StackPC.<\/p>\n<p>Bezkonkurencyjne z\u0142\u0105cza StackPC to po\u0142\u0105czenie najpopularniejszych interfejs\u00f3w o niskiej pr\u0119dko\u015bci, takich jak USB, COM, CAN, SPI, LPC i szybkich SATA, Gigabit Ethernet i PCI-Express x1, x4 w ramach jednego z\u0142\u0105cza rozszerzenia typu ,,stackable&#8221;.<\/p>\n<p>Wymiary i styki z\u0142\u0105cza StackPC s\u0105 takie same jak z\u0142\u0105cza PCIe\/104.<\/p>\n<ul>\n<li>Kompatybilno\u015b\u0107 z PCIe\/104<\/li>\n<li>Taki sam BANK1<\/li>\n<li>Modu\u0142y PCIe x4 StackPC mo\u017cna umie\u015bci\u0107 w systemie ,,stackable&#8221; PCIe\/104 na G\u00d3RZE<\/li>\n<li>Taki sam mechanizm ochronny jak w Type1 \/ Type2<\/li>\n<li>Taki sam BANK1 jak PCIe\/104 Type2<\/li>\n<li>Uniwersalne modu\u0142y &#8211; w pe\u0142ni kompatybilne<\/li>\n<li>Elastyczno\u015b\u0107 w dostosowaniu do najpopularniejszych form<\/li>\n<li>Maksymalna kompatybilno\u015b\u0107 z najpopularniejszymi modu\u0142ami PCIe\/104<\/li>\n<li>Wi\u0119cej funkcji z rozszerzeniem FPE do PCIe_16<\/li>\n<li>Modu\u0142 no\u015bny EPIC SBC SK507<\/li>\n<li>Modu\u0142 no\u015bny StackPC-FPE w formacie EPIC<\/li>\n<li>2 x mPCIe<\/li>\n<li>\u00a01 x VGA, 1 x DP<\/li>\n<li>\u00a04 x USB3.0<\/li>\n<li>\u00a02 x GbE<\/li>\n<li>\u00a02 x RS485<\/li>\n<li>\u00a01 x SATA, 1 x CFast<\/li>\n<\/ul>\n\n<table id=\"tablepress-176\" class=\"tablepress tablepress-id-176 tbody-has-connected-cells\">\n<thead>\n<tr class=\"row-1\">\n\t<th class=\"column-1\"><strong>General information<\/strong><\/th><th class=\"column-2\">Model<\/th><th class=\"column-3\">F1<\/th>\n<\/tr>\n<\/thead>\n<tbody class=\"row-striping row-hover\">\n<tr class=\"row-2\">\n\t<td rowspan=\"3\" class=\"column-1\"><\/td><td class=\"column-2\">CPU Type<\/td><td class=\"column-3\">Intel\u00ae 3rd generation Core\u2122 i7 Processor<\/td>\n<\/tr>\n<tr class=\"row-3\">\n\t<td class=\"column-2\">System Chipset<\/td><td class=\"column-3\">Intel\u00ae QM77<\/td>\n<\/tr>\n<tr class=\"row-4\">\n\t<td class=\"column-2\">Memory type<\/td><td class=\"column-3\">1 x DDR3 1333\/1600MHz XR-DIMM 8 GB<\/td>\n<\/tr>\n<tr class=\"row-5\">\n\t<td rowspan=\"2\" class=\"column-1\"><strong>Storage<\/strong><\/td><td rowspan=\"2\" class=\"column-2\">HDD\/SDD support<\/td><td class=\"column-3\">1 x 2.5\u201d SSD<\/td>\n<\/tr>\n<tr class=\"row-6\">\n\t<td class=\"column-3\">1 x mSATA SSD backup storage<\/td>\n<\/tr>\n<tr class=\"row-7\">\n\t<td rowspan=\"8\" class=\"column-1\"><strong>I\/O connectors<\/strong><\/td><td class=\"column-2\">Power button<\/td><td class=\"column-3\">1<\/td>\n<\/tr>\n<tr class=\"row-8\">\n\t<td class=\"column-2\">VGA<\/td><td class=\"column-3\">1 with M12<\/td>\n<\/tr>\n<tr class=\"row-9\">\n\t<td class=\"column-2\">DVI<\/td><td class=\"column-3\">1 with M12<\/td>\n<\/tr>\n<tr class=\"row-10\">\n\t<td class=\"column-2\">Ethernet<\/td><td class=\"column-3\">2 with M12<\/td>\n<\/tr>\n<tr class=\"row-11\">\n\t<td class=\"column-2\">Audio<\/td><td class=\"column-3\">1 with M12<\/td>\n<\/tr>\n<tr class=\"row-12\">\n\t<td class=\"column-2\">COM<\/td><td class=\"column-3\">2 with M12<\/td>\n<\/tr>\n<tr class=\"row-13\">\n\t<td class=\"column-2\">USB<\/td><td class=\"column-3\">2 with M12<br \/>\n<\/td>\n<\/tr>\n<tr class=\"row-14\">\n\t<td class=\"column-2\">DC-in<\/td><td class=\"column-3\">1 with M12<\/td>\n<\/tr>\n<tr class=\"row-15\">\n\t<td rowspan=\"3\" class=\"column-1\"><strong>Mechanical<\/strong><\/td><td class=\"column-2\">Housing<\/td><td class=\"column-3\">Aluminum<\/td>\n<\/tr>\n<tr class=\"row-16\">\n\t<td class=\"column-2\">Weight<\/td><td class=\"column-3\">9Kg (19.84 lb)<\/td>\n<\/tr>\n<tr class=\"row-17\">\n\t<td class=\"column-2\">Dimension (W x H x D)<\/td><td class=\"column-3\">147 x 172 x 268 mm<\/td>\n<\/tr>\n<tr class=\"row-18\">\n\t<td class=\"column-1\"><strong>Power Requirement<\/strong><\/td><td class=\"column-2\">Input Voltage<\/td><td class=\"column-3\">9 to 36 VDC<br \/>\n(Compliant with 28 VDC transient protections)<\/td>\n<\/tr>\n<tr class=\"row-19\">\n\t<td rowspan=\"4\" class=\"column-1\"><strong>Environment Limits<\/strong><\/td><td class=\"column-2\">Operating temperature<\/td><td class=\"column-3\">-40 to 75\u00b0C (-40 to 158\u00b0F)<\/td>\n<\/tr>\n<tr class=\"row-20\">\n\t<td class=\"column-2\">Storage temperature<\/td><td class=\"column-3\">-40 to 85\u00b0C (-40 to 185\u00b0F) *without HDD installed<\/td>\n<\/tr>\n<tr class=\"row-21\">\n\t<td class=\"column-2\">Relative Humidity<\/td><td class=\"column-3\">Up to 95%RH @40\u00b0C, non-condensing<\/td>\n<\/tr>\n<tr class=\"row-22\">\n\t<td class=\"column-2\">Ingress Protection<\/td><td class=\"column-3\">Designed for compliance to IP65, MIL-STD-810G<\/td>\n<\/tr>\n<tr class=\"row-23\">\n\t<td rowspan=\"3\" class=\"column-1\"><strong>TEST STANDARD<\/strong><\/td><td class=\"column-2\">EMI\/EMC<\/td><td class=\"column-3\">Designed with 28 VDC transient protections<\/td>\n<\/tr>\n<tr class=\"row-24\">\n\t<td class=\"column-2\">Military<\/td><td class=\"column-3\">Designed to meet MIL-STD-810G<\/td>\n<\/tr>\n<tr class=\"row-25\">\n\t<td class=\"column-2\">Vibration &amp; Shock<\/td><td class=\"column-3\">Designed to meet MIL-STD-810G<\/td>\n<\/tr>\n<\/tbody>\n<\/table>\n<!-- #tablepress-176 from cache -->\n<p>OXY5535B oferuje wysoce efektywne rozwi\u0105zania termoprzewodz\u0105ce i konwekcyjne, aby sprosta\u0107 wysokim wymaganiom stawianym przez klienta. Rozwi\u0105zania przewodz\u0105ce ciep\u0142o wykorzystuj\u0105 aluminiow\u0105 p\u0142ask\u0105 mas\u0119 do bezpo\u015bredniego kontaktu z procesorem i mikrouk\u0142adem, a ciep\u0142o z chip\u00f3w przenosi je do obudowy systemu. Ponadto konwekcyjne rozwi\u0105zania termiczne wprowadzaj\u0105 przep\u0142yw powietrza ukierunkowany na przemieszczanie si\u0119 po powierzchni radiatora w stylu p\u0142etwy umieszczonego na g\u00f3rze procesora i mikrouk\u0142adu. Jest to mo\u017cliwe za pomoc\u0105 odpowiednio dobranego wentylatora umieszczonego w g\u00f3rnej cz\u0119\u015bci radiatora. Alternatywnie przep\u0142yw powietrza w obudowie mo\u017ce by\u0107 kierowany tak, aby przep\u0142ywa\u0142 przez radiator.<\/p>\n<h4>Wyniki test\u00f3w<\/h4>\n\n<table id=\"tablepress-177\" class=\"tablepress tablepress-id-177\">\n<thead>\n<tr class=\"row-1\">\n\t<th class=\"column-1\"><strong>Model<\/strong><\/th><td class=\"column-2\"><\/td><th class=\"column-3\"><strong>OXY5535B-UT<\/strong><br \/>\n<\/th>\n<\/tr>\n<\/thead>\n<tbody class=\"row-striping row-hover\">\n<tr class=\"row-2\">\n\t<td class=\"column-1\">Operating Temp.<\/td><td class=\"column-2\"><\/td><td class=\"column-3\">-40\u00b0C ~ +85\u00b0C<br \/>\n<\/td>\n<\/tr>\n<tr class=\"row-3\">\n\t<td class=\"column-1\">System<\/td><td class=\"column-2\">CPU Type<\/td><td class=\"column-3\">Intel\u00ae Ivy Bridge, typ FCBGA1023 <br \/>\nCore\u2122 i3 3217UE (2C x 1.6GHz), 3M L2 cache (17W)<br \/>\nCore\u2122 i7 3517UE (2C x 1.7GHz), 4M L2 cashe (17W)<br \/>\nCeleron 1047UE (1.4GHz), 2M L2 cache (17W)<\/td>\n<\/tr>\n<tr class=\"row-4\">\n\t<td class=\"column-1\"><\/td><td class=\"column-2\">Chipset<\/td><td class=\"column-3\">Intel\u00ae QM77<br \/>\n<\/td>\n<\/tr>\n<tr class=\"row-5\">\n\t<td class=\"column-1\"><\/td><td class=\"column-2\">Memory Type<\/td><td class=\"column-3\">1 x DDR3 1333\/1600 MHz XR-DIMM z ECC to 8 GB<\/td>\n<\/tr>\n<tr class=\"row-6\">\n\t<td class=\"column-1\"><\/td><td class=\"column-2\">BIOS<\/td><td class=\"column-3\">AMI\u00ae UEFI BIOS<br \/>\n<\/td>\n<\/tr>\n<tr class=\"row-7\">\n\t<td class=\"column-1\"><\/td><td class=\"column-2\">Watchdog<\/td><td class=\"column-3\">1-255 sec. or 1-255 min. software programmable<br \/>\n<\/td>\n<\/tr>\n<tr class=\"row-8\">\n\t<td class=\"column-1\">Expansion Slot<\/td><td class=\"column-2\">StackPC<\/td><td class=\"column-3\">1<\/td>\n<\/tr>\n<tr class=\"row-9\">\n\t<td class=\"column-1\"><\/td><td class=\"column-2\">FPE<\/td><td class=\"column-3\">1<\/td>\n<\/tr>\n<tr class=\"row-10\">\n\t<td class=\"column-1\">Display<\/td><td class=\"column-2\">Chipset<\/td><td class=\"column-3\">Integrated GFX in Ivy Bridge processor<br \/>\n<\/td>\n<\/tr>\n<tr class=\"row-11\">\n\t<td class=\"column-1\"><\/td><td class=\"column-2\">VGA<\/td><td class=\"column-3\">1<\/td>\n<\/tr>\n<tr class=\"row-12\">\n\t<td class=\"column-1\"><\/td><td class=\"column-2\">DVI-D<\/td><td class=\"column-3\">1<\/td>\n<\/tr>\n<tr class=\"row-13\">\n\t<td class=\"column-1\"><\/td><td class=\"column-2\">LVDS<\/td><td class=\"column-3\">Dual channel 24-bit LVDS<br \/>\n<\/td>\n<\/tr>\n<tr class=\"row-14\">\n\t<td class=\"column-1\"><\/td><td class=\"column-2\">Display Type <\/td><td class=\"column-3\">VGA + LVDS<br \/>\n<\/td>\n<\/tr>\n<tr class=\"row-15\">\n\t<td class=\"column-1\">Audio<\/td><td class=\"column-2\">Codec<\/td><td class=\"column-3\">Realtek ALC887 High Definition Audio Codec<br \/>\n<\/td>\n<\/tr>\n<tr class=\"row-16\">\n\t<td class=\"column-1\">Ethernet<\/td><td class=\"column-2\">Chipset<\/td><td class=\"column-3\">Intel\u00ae 82579LM &amp; 82574IT GbE<br \/>\n<\/td>\n<\/tr>\n<tr class=\"row-17\">\n\t<td class=\"column-1\">Internal I\/O<\/td><td class=\"column-2\">SATA<\/td><td class=\"column-3\">2 x SATAIII (6 Gb\/s)<br \/>\n<\/td>\n<\/tr>\n<tr class=\"row-18\">\n\t<td class=\"column-1\"><\/td><td class=\"column-2\">NAND Flash Drive<\/td><td class=\"column-3\">Onbaord 32 GB MLC<br \/>\n<\/td>\n<\/tr>\n<tr class=\"row-19\">\n\t<td class=\"column-1\"><\/td><td class=\"column-2\">USB 2.0<\/td><td class=\"column-3\">4<\/td>\n<\/tr>\n<tr class=\"row-20\">\n\t<td class=\"column-1\"><\/td><td class=\"column-2\">COM<\/td><td class=\"column-3\">4 (2x RS232, 2x RS422\/485)<br \/>\n<\/td>\n<\/tr>\n<tr class=\"row-21\">\n\t<td class=\"column-1\"><\/td><td class=\"column-2\">VGA<\/td><td class=\"column-3\">1 by 1 x 10-pin connector (Max Res. SXGA 2048 x 1536 @ 60HZ)<br \/>\n<\/td>\n<\/tr>\n<tr class=\"row-22\">\n\t<td class=\"column-1\"><\/td><td class=\"column-2\">LVDS<\/td><td class=\"column-3\">1 by 1 x 30-pin connector<br \/>\n<\/td>\n<\/tr>\n<tr class=\"row-23\">\n\t<td class=\"column-1\"><\/td><td class=\"column-2\">Inverter<\/td><td class=\"column-3\">1 by 1 x 5-pin connector\u3000<br \/>\n<\/td>\n<\/tr>\n<tr class=\"row-24\">\n\t<td class=\"column-1\"><\/td><td class=\"column-2\">DVI-D<\/td><td class=\"column-3\">1 by 1 x 30-pin connector (Max. Res. 1920 x 1080)<br \/>\n<\/td>\n<\/tr>\n<tr class=\"row-25\">\n\t<td class=\"column-1\"><\/td><td class=\"column-2\">DIO<\/td><td class=\"column-3\">8-bit (4 in\/4 out w\/isolation)<br \/>\n<\/td>\n<\/tr>\n<tr class=\"row-26\">\n\t<td class=\"column-1\"><\/td><td class=\"column-2\">PS\/2<\/td><td class=\"column-3\">1 by 1 x 6-pin connector<br \/>\n<\/td>\n<\/tr>\n<tr class=\"row-27\">\n\t<td class=\"column-1\"><\/td><td class=\"column-2\">FAN<\/td><td class=\"column-3\">1<\/td>\n<\/tr>\n<tr class=\"row-28\">\n\t<td class=\"column-1\"><\/td><td class=\"column-2\"><strong>Mechanical and Environment<br \/>\n<\/strong><\/td><td class=\"column-3\"><\/td>\n<\/tr>\n<tr class=\"row-29\">\n\t<td class=\"column-1\">Form Factor<br \/>\n<\/td><td class=\"column-2\"><\/td><td class=\"column-3\">PCIe\/104 (StackPC)<br \/>\n<\/td>\n<\/tr>\n<tr class=\"row-30\">\n\t<td class=\"column-1\">Power Type<\/td><td class=\"column-2\"><\/td><td class=\"column-3\">12V DC-in, 4-pin ATX power connector, AT\/ATX mode support<br \/>\n<\/td>\n<\/tr>\n<tr class=\"row-31\">\n\t<td class=\"column-1\">Dimensions<\/td><td class=\"column-2\"><\/td><td class=\"column-3\">95.89 x 115.57 mm (3.8\" x 4.6\")<br \/>\n<\/td>\n<\/tr>\n<tr class=\"row-32\">\n\t<td class=\"column-1\">Operating Temp.<\/td><td class=\"column-2\"><\/td><td class=\"column-3\">-40\u00b0C to 85\u00b0C<br \/>\n<\/td>\n<\/tr>\n<tr class=\"row-33\">\n\t<td class=\"column-1\">Storage Temp.<\/td><td class=\"column-2\"><\/td><td class=\"column-3\">-40\u00b0C to 85\u00b0C<br \/>\n<\/td>\n<\/tr>\n<tr class=\"row-34\">\n\t<td class=\"column-1\">Relative Humidity<\/td><td class=\"column-2\"><\/td><td class=\"column-3\">10% to 90%, non-condensing<br \/>\n<\/td>\n<\/tr>\n<tr class=\"row-35\">\n\t<td class=\"column-1\"><\/td><td class=\"column-2\"><strong>TEST STANDARD<br \/>\n<\/strong><\/td><td class=\"column-3\"><\/td>\n<\/tr>\n<tr class=\"row-36\">\n\t<td class=\"column-1\"><\/td><td class=\"column-2\">Temperature Shock<\/td><td class=\"column-3\">MIL-STD-810G Test Method 503.5 Temperature Shock Procedure I-C \/ Storage (Multi-cycle shocks from constant extreme temperature, Form 85\u2103 to -40\u2103, Three cycle)<\/td>\n<\/tr>\n<tr class=\"row-37\">\n\t<td class=\"column-1\">MIL-STD-810G<\/td><td class=\"column-2\">High Temperature<\/td><td class=\"column-3\">MIL-STD-810G Test Method 501.5 high Temp ( 96 hours @75\u2103 non-operating + 72 hours @ 75\u2103 operating )<\/td>\n<\/tr>\n<tr class=\"row-38\">\n\t<td class=\"column-1\"><\/td><td class=\"column-2\">Low Temperature<\/td><td class=\"column-3\">MIL-STD-810G Test Method 502.5 Low Temp ( 96 hours @ -40\u2103 non-operating +72 hours @ -40\u2103 operating )<\/td>\n<\/tr>\n<\/tbody>\n<\/table>\n<!-- #tablepress-177 from cache -->\n<h4>Test konfiguracji<\/h4>\n\n<table id=\"tablepress-178\" class=\"tablepress tablepress-id-178\">\n<thead>\n<tr class=\"row-1\">\n\t<th class=\"column-1\">Device Model<\/th><th class=\"column-2\">OXY5535B<\/th><th class=\"column-3\">Test Result<\/th><td class=\"column-4\"><\/td><th class=\"column-5\">Pass<\/th>\n<\/tr>\n<\/thead>\n<tbody class=\"row-striping row-hover\">\n<tr class=\"row-2\">\n\t<td class=\"column-1\">Tester<\/td><td class=\"column-2\">Ian Huang<br \/>\n<\/td><td class=\"column-3\"><\/td><td class=\"column-4\"><\/td><td class=\"column-5\"><\/td>\n<\/tr>\n<tr class=\"row-3\">\n\t<td class=\"column-1\"><\/td><td class=\"column-2\"><\/td><td class=\"column-3\">Test Temperature<\/td><td class=\"column-4\"><\/td><td class=\"column-5\">Test Time<br \/>\n<\/td>\n<\/tr>\n<tr class=\"row-4\">\n\t<td class=\"column-1\"><\/td><td class=\"column-2\"><\/td><td class=\"column-3\">High<\/td><td class=\"column-4\">0~85\u00b0C<\/td><td class=\"column-5\">5 hours<\/td>\n<\/tr>\n<tr class=\"row-5\">\n\t<td class=\"column-1\"><\/td><td class=\"column-2\"><\/td><td class=\"column-3\">Low<\/td><td class=\"column-4\">-40~0\u00b0C<\/td><td class=\"column-5\">2 hours<\/td>\n<\/tr>\n<tr class=\"row-6\">\n\t<td class=\"column-1\"><\/td><td class=\"column-2\"><\/td><td class=\"column-3\">Test Standard<\/td><td class=\"column-4\">Reference IEC60068-2<br \/>\n<\/td><td class=\"column-5\"><\/td>\n<\/tr>\n<tr class=\"row-7\">\n\t<td class=\"column-1\"><\/td><td class=\"column-2\"><\/td><td class=\"column-3\">Test Software<\/td><td class=\"column-4\">Burnin test v7.1\u3001<br \/>\n\u3000Crystal DiskMARK3.03,<br \/>\n\u3000Intel Extreme Tuning Utility<\/td><td class=\"column-5\"><\/td>\n<\/tr>\n<tr class=\"row-8\">\n\t<td class=\"column-1\"><\/td><td class=\"column-2\"><\/td><td class=\"column-3\">Criteria<\/td><td class=\"column-4\">After testing, system can\u2019t halt.<br \/>\n<\/td><td class=\"column-5\"><\/td>\n<\/tr>\n<\/tbody>\n<\/table>\n<!-- #tablepress-178 from cache -->\n<h4>Pomiar termiczny<\/h4>\n<p>PERFECTRON dostarcza rzeczywiste dane z test\u00f3w laboratoryjnych, aby pokaza\u0107 wydajno\u015b\u0107 procesora z ka\u017cdym zestawem termicznym dostosowanym do indywidualnych potrzeb. W przypadku integracji systemu, kluczowym wyzwaniem jest wysoka wydajno\u015b\u0107 pracy w szerokim zakresie temperatur, dlatego PERFECTRON przeprowadza d\u0142ugotrwa\u0142e eksperymenty, aby zapewni\u0107 najwy\u017cszy poziom wynik\u00f3w test\u00f3w dla wszystkich krytycznych zastosowa\u0144. Odczytuj\u0105c temperatur\u0119 na z\u0142\u0105czu T procesora, matrycy procesora i radiatorze, PERFECTRON jest w stanie przeanalizowa\u0107 zaprojektowane przez nas rozwi\u0105zanie termiczne, osi\u0105gaj\u0105c maksymaln\u0105 skuteczno\u015b\u0107 i obserwuj\u0105c wydajno\u015b\u0107 procesora. Badanie w wysokiej temperaturze zajmuje 5 godzin, kt\u00f3re w ka\u017cdym punkcie temperatury spalamy w F1 przez jedn\u0105 godzin\u0119, od -40\u00b0C do +85\u00b0C.<\/p>\n<ul>\n<li>Wytrzyma\u0142y komputer COTS z procesorem Core-i7 trzeciej generacji Intel\u00ae<\/li>\n<li>NVIDIA\u00ae GPU GT730M obs\u0142uguje niezale\u017cne wy\u015bwietlacze CUDA 384 o rozdzielczo\u015bci 4 x DP<\/li>\n<li>Modu\u0142owa, wytrzyma\u0142a obudowa z mo\u017cliwo\u015bci\u0105 rozszerzenia karty PCIe \/ 104 \/ I\/O<\/li>\n<li>28 V DC MIL-STD-1275\/704 \/ DO-160 Zasilacz z ochron\u0105 przeciwprzepi\u0119ciow\u0105<\/li>\n<li>Konstrukcja zapewniaj\u0105ca niezawodno\u015b\u0107 w wymagaj\u0105cych warunkach MIL-STD-810G \/ DO-160 \/ MIL-461F Szok termiczny, wibracje, wilgotno\u015b\u0107 \/ EMI \/ EMC<\/li>\n<li>Aluminiowa obudowa typu ,,rugged&#8221; IP67 ze z\u0142\u0105czami MIL-DTL-38999<\/li>\n<li>Z\u0142\u0105cze wojskowe z kodowaniem X M12<\/li>\n<li>Zakres temperatury operacyjnej: od -40\u00b0C do 85\u00b0C<\/li>\n<\/ul>\n<p>&nbsp;<\/p>\n<p>Kiedy StackPC spe\u0142nia struktur\u0119 ATR\u2026<\/p>\n<p>ATR, kt\u00f3ry oznacza Air Transport Rack, jest uniwersalnym standardem, kt\u00f3ry okre\u015bla wymiar i funkcj\u0119 wytrzyma\u0142ego systemu specjalnie przeznaczonego do zastosowa\u0144 w lotnictwie.<\/p>\n<h4>Unikalne rozwi\u0105zanie PERFECTRON<\/h4>\n<p>Podczas gdy zwyk\u0142a struktura ATR zawiera formaty oparte na PCI, VPX i VME, ch\u0142odzony przez przewodzenie ATR OXY5535B-30 firmy PERFECTRON jest zasilany przez ma\u0142e modu\u0142y PCIe104. PCIe104 &#8211; Architektura StackPC zapewnia jeszcze wi\u0119ksz\u0105 elastyczno\u015b\u0107 w projektowaniu wytrzyma\u0142ych komputer\u00f3w COTS. Znany r\u00f3wnie\u017c jako ARINC, koncepcja ta by\u0142a powszechnie stosowana nie tylko w lotnictwie, ale tak\u017ce w pojazdach z ko\u0142ami.<\/p>\n<h4>Moc ch\u0142odzenia przewodz\u0105cego<\/h4>\n<p>PERFECTRON, b\u0119d\u0105c mistrzem projektowania termicznego, po raz kolejny wyprodukowa\u0142 model typu ,,fanless&#8221; za pomoc\u0105 metody ch\u0142odzenia przewodz\u0105cego. Ka\u017cda warstwa ma p\u0142yt\u0119 grzewcz\u0105, kt\u00f3ra bezpo\u015brednio dotyka nagrzanych cz\u0119\u015bci, a wydajno\u015b\u0107 termiczna jest na najwy\u017cszym poziomie. G\u00f3rna cz\u0119\u015b\u0107, kt\u00f3ra jest oznaczona jako dostosowany interfejs I \/ O, jest wyposa\u017cona w wodoodporne \/ py\u0142oszczelne z\u0142\u0105cza MIL-STD M12 (ulepszone D38999 na \u017cyczenie klienta).<\/p>\n<h4>CALMARK Wedge-Lok<\/h4>\n<p>Aby zapewni\u0107 maksymaln\u0105 niezawodno\u015b\u0107 w trudnych, silnych wstrz\u0105sach i terenach o wysokiej wibracji, Wedge-loks firmy CALMARK mog\u0105 zapewni\u0107 satysfakcjonuj\u0105ce wyniki produktu. Dzi\u0119ki 5 segmentom, przesuni\u0119tej konstrukcji, kliny Wedge pomagaj\u0105 r\u00f3wnie\u017c przenosi\u0107 ciep\u0142o i zapewniaj\u0105 najlepsze przewodnictwo obci\u0105\u017cenia cieplnego. Wielosegmentowy projekt podkre\u015bla jego zdolno\u015b\u0107 do wytrzymywania pot\u0119\u017cnych wibracji i wstrz\u0105s\u00f3w, zapewniaj\u0105c jeszcze wi\u0119ksz\u0105 trwa\u0142o\u015b\u0107 dzi\u0119ki konstrukcji ograniczaj\u0105cej moment obrotowy.<\/p>\n<h4>Modu\u0142y ch\u0142odzenia przewodz\u0105cego dla niskiej \/ \u015bredniej \/ wysokiej mocy<\/h4>\n<p>Sta\u0142y materia\u0142, kt\u00f3ry mo\u017ce skutecznie przewodzi\u0107 ciep\u0142o, s\u0142u\u017cy do przenoszenia ciep\u0142a do obudowy systemu i rozpraszany do \u015brodowiska zewn\u0119trznego. Ch\u0142odz\u0105ce p\u0142yty miedziane pasuj\u0105ce do uk\u0142adu komponent\u00f3w s\u0105 umieszczane mi\u0119dzy ka\u017cd\u0105 warstw\u0105; ciep\u0142o jest odprowadzane do kraw\u0119dzi, gdzie mechanizm ,,wedge lok&#8221; zabezpiecza podwozie tworz\u0105c interfejs termiczny.<\/p>\n<h4>Platforma obudowy ch\u0142odzona przewodz\u0105co do 10 gniazd<\/h4>\n<p>Rozwi\u0105zanie ATR PERFECTRON jest dostarczane z obudow\u0105 typu \u201ewszystko w jednym\u201d; ka\u017cde gniazdo mo\u017ce bezpiecznie zmie\u015bci\u0107 CALMARK wedge-lok, a ka\u017cda warstwa jest wyposa\u017cona w mocno przymocowan\u0105, bezpo\u015brednio umiejscowion\u0105 miedzian\u0105 p\u0142yt\u0119 grzewcz\u0105, aby skutecznie sch\u0142odzi\u0107 wewn\u0119trzn\u0105 cz\u0119\u015b\u0107. \u200b\u200bMetoda ch\u0142odzenia przewodz\u0105cego jest tak praktyczna, ze wzgl\u0119du na brak ruchomych cz\u0119\u015bci. Mo\u017cna stosowa\u0107 t\u0119 metod\u0119 na du\u017cych wysoko\u015bciach i pod wod\u0105.<\/p>\n","protected":false},"excerpt":{"rendered":"<p>StackPC to nowa era wbudowanego systemu. OXY5535B prezentuje nowe podej\u015bcie do projektowania i rozwoju systemu na zasadzie ,,stackable&#8221;. Bezkonkurencyjn\u0105 zalet\u0105 z\u0142\u0105cza StackPC to po\u0142\u0105czenie najpopularniejszych interfejs\u00f3w o niskiej pr\u0119dko\u015bci, takich jak USB, COM, CAN, SPI, LPC i szybkich SATA, Gigabit Ethernet i PCI-Express x1, x4 w ramach jednego z\u0142\u0105cza rozszerzenia ,,stackable&#8221;.<\/p>\n","protected":false},"featured_media":11050,"template":"","meta":{"_acf_changed":false,"inline_featured_image":false,"_monsterinsights_skip_tracking":false,"_monsterinsights_sitenote_active":false,"_monsterinsights_sitenote_note":"","_monsterinsights_sitenote_category":0},"product_brand":[],"product_cat":[1584,511,523,509],"product_tag":[],"class_list":{"0":"post-4496","1":"product","2":"type-product","3":"status-publish","4":"has-post-thumbnail","6":"product_cat-komputery-jednoplytkowe-sbc-2","7":"product_cat-komputery-jednoplytkowe-perfectron","8":"product_cat-pc-104","9":"product_cat-perfectron","11":"first","12":"instock","13":"shipping-taxable","14":"product-type-simple"},"acf":[],"_links":{"self":[{"href":"https:\/\/quantum.com.pl\/pl\/wp-json\/wp\/v2\/product\/4496","targetHints":{"allow":["GET"]}}],"collection":[{"href":"https:\/\/quantum.com.pl\/pl\/wp-json\/wp\/v2\/product"}],"about":[{"href":"https:\/\/quantum.com.pl\/pl\/wp-json\/wp\/v2\/types\/product"}],"wp:featuredmedia":[{"embeddable":true,"href":"https:\/\/quantum.com.pl\/pl\/wp-json\/wp\/v2\/media\/11050"}],"wp:attachment":[{"href":"https:\/\/quantum.com.pl\/pl\/wp-json\/wp\/v2\/media?parent=4496"}],"wp:term":[{"taxonomy":"product_brand","embeddable":true,"href":"https:\/\/quantum.com.pl\/pl\/wp-json\/wp\/v2\/product_brand?post=4496"},{"taxonomy":"product_cat","embeddable":true,"href":"https:\/\/quantum.com.pl\/pl\/wp-json\/wp\/v2\/product_cat?post=4496"},{"taxonomy":"product_tag","embeddable":true,"href":"https:\/\/quantum.com.pl\/pl\/wp-json\/wp\/v2\/product_tag?post=4496"}],"curies":[{"name":"wp","href":"https:\/\/api.w.org\/{rel}","templated":true}]}}